{"id":39,"date":"2019-01-16T21:05:17","date_gmt":"2019-01-16T20:05:17","guid":{"rendered":"http:\/\/ifrath.fr\/jcjc2025\/?page_id=39"},"modified":"2024-11-19T21:04:43","modified_gmt":"2024-11-19T20:04:43","slug":"accueil","status":"publish","type":"page","link":"https:\/\/ifrath.fr\/jcjc2025\/","title":{"rendered":"Accueil"},"content":{"rendered":"\r\n<p>L\u2019IFRATH, Institut F\u00e9d\u00e9ratif de Recherche sur les Aides Techniques pour personnes Handicap\u00e9es, organise le septi\u00e8me colloque de Jeunes Chercheuses Jeunes Chercheurs le 10 juin 2025 au centre de Colloques sur le Campus Condorcet.<\/p>\r\n<p>Adresse : Centre de colloques \u2013 Campus Condorcet, Place du Front populaire, 93300 Aubervilliers, arr\u00eat de m\u00e9tro : Front Populaire (ligne 12).<\/p>\r\n\r\n\r\n\r\n<p>Ce colloque s\u2019adresse aux jeunes chercheuses et chercheurs qui travaillent dans le domaine des technologies d\u2019assistance aux personnes handicap\u00e9es et vieillissantes et pour leur autonomie. Il peut aussi int\u00e9resser des \u00e9tudiants en Master d\u00e9sireux de faire de la recherche dans ces domaines.<\/p>\r\n\r\n\r\n\r\n<p>Ce colloque constitue un important lieu d\u2019\u00e9changes scientifiques pour les \u00e9tudiants et jeunes chercheurs dans le champ des Aides Techniques. Les objectifs sont de :<\/p>\r\n\r\n\r\n\r\n<ul class=\"wp-block-list\">\r\n<li>permettre aux jeunes chercheurs de pr\u00e9senter l\u2019\u00e9tat de leurs travaux \u00e0 un panel de chercheurs exp\u00e9riment\u00e9s, afin de recevoir leurs critiques constructives ainsi que celles de leurs coll\u00e8gues ;<\/li>\r\n<li>discuter de l\u2019\u00e9volution du domaine des Aides Techniques, au niveau national et International ;<\/li>\r\n<li>animer cette communaut\u00e9 scientifique, et en particulier de favoriser les rencontres entre les acteurs d\u2019aujourd\u2019hui et de demain, et d\u2019encourager le dialogue interdisciplinaire au sein de ce domaine ;<\/li>\r\n<li>inciter les jeunes chercheurs \u00e0 pr\u00e9senter leurs travaux au prix de th\u00e8se de l\u2019IFRATH ;<\/li>\r\n<li>promouvoir la recherche dans le domaine des Aides Techniques.<\/li>\r\n<\/ul>\r\n\r\n\r\n\r\n<p>Les articles retenus par le comit\u00e9 scientifique feront l\u2019objet d\u2019une publication.<\/p>\r\n","protected":false},"excerpt":{"rendered":"<p>L\u2019IFRATH, Institut F\u00e9d\u00e9ratif de Recherche sur les Aides Techniques pour personnes Handicap\u00e9es, organise le septi\u00e8me colloque de Jeunes Chercheuses Jeunes Chercheurs le 10 juin 2025 au centre de Colloques sur le Campus Condorcet. Adresse : Centre de colloques \u2013 Campus Condorcet, Place du Front populaire, 93300 Aubervilliers, arr\u00eat de m\u00e9tro : Front Populaire (ligne 12). &hellip; <\/p>\n<p><a class=\"more-link btn\" href=\"https:\/\/ifrath.fr\/jcjc2025\/\">Lire la suite<\/a><\/p>\n","protected":false},"author":23,"featured_media":0,"parent":0,"menu_order":0,"comment_status":"closed","ping_status":"closed","template":"","meta":{"ngg_post_thumbnail":0,"footnotes":""},"class_list":["post-39","page","type-page","status-publish","hentry","nodate","item-wrap"],"_links":{"self":[{"href":"https:\/\/ifrath.fr\/jcjc2025\/wp-json\/wp\/v2\/pages\/39","targetHints":{"allow":["GET"]}}],"collection":[{"href":"https:\/\/ifrath.fr\/jcjc2025\/wp-json\/wp\/v2\/pages"}],"about":[{"href":"https:\/\/ifrath.fr\/jcjc2025\/wp-json\/wp\/v2\/types\/page"}],"author":[{"embeddable":true,"href":"https:\/\/ifrath.fr\/jcjc2025\/wp-json\/wp\/v2\/users\/23"}],"replies":[{"embeddable":true,"href":"https:\/\/ifrath.fr\/jcjc2025\/wp-json\/wp\/v2\/comments?post=39"}],"version-history":[{"count":8,"href":"https:\/\/ifrath.fr\/jcjc2025\/wp-json\/wp\/v2\/pages\/39\/revisions"}],"predecessor-version":[{"id":202,"href":"https:\/\/ifrath.fr\/jcjc2025\/wp-json\/wp\/v2\/pages\/39\/revisions\/202"}],"wp:attachment":[{"href":"https:\/\/ifrath.fr\/jcjc2025\/wp-json\/wp\/v2\/media?parent=39"}],"curies":[{"name":"wp","href":"https:\/\/api.w.org\/{rel}","templated":true}]}}