{"id":31,"date":"2019-01-16T20:53:52","date_gmt":"2019-01-16T19:53:52","guid":{"rendered":"http:\/\/ifrath.fr\/jcjc2025\/?page_id=31"},"modified":"2025-01-14T17:46:20","modified_gmt":"2025-01-14T16:46:20","slug":"soumissions","status":"publish","type":"page","link":"https:\/\/ifrath.fr\/jcjc2025\/soumissions\/","title":{"rendered":"Soumissions"},"content":{"rendered":"\r\n<p>Les candidats sont invit\u00e9s \u00e0 soumettre un article, de 4 \u00e0 6 pages maximum (r\u00e9f\u00e9rences incluses), dont la th\u00e9matique doit \u00eatre au moins l\u2019une de celles du colloque.<\/p>\r\n<p>La langue du colloque est le fran\u00e7ais, toutefois les r\u00e9sum\u00e9s et articles en anglais seront admis.<\/p>\r\n\r\n\r\n\r\n\r\n\r\n<p>Les contributions seront sujettes \u00e0 une r\u00e9vision \u2018en aveugle\u2019 par au minimum deux experts ind\u00e9pendants du domaine.<\/p>\r\n<p>Les soumissions sont \u00e0 envoyer sur le site : <a href=\"https:\/\/jcjc2025.sciencesconf.org\/\">https:\/\/jcjc2025.sciencesconf.org\/<\/a><\/p>\r\n\r\n\r\n\r\n\r\n\r\n<p>Les articles soumis doivent utiliser l&rsquo;un des mod\u00e8les ci-dessous :<\/p>\r\n<ul>\r\n<li>Mod\u00e8le LaTeX : <a href=\"http:\/\/ifrath.fr\/jcjc2025\/wp-content\/uploads\/sites\/15\/2025\/01\/jcjc2025_LaTeX_OverleafPackage.zip\">jcjc2025_LaTeX_OverleafPackage<\/a><\/li>\r\n<li>Mod\u00e8le Word : <a href=\"http:\/\/ifrath.fr\/jcjc2025\/wp-content\/uploads\/sites\/15\/2025\/01\/Modele_JCJC_IEEEconf_template_1.docx\">Modele_JCJC_IEEEconf_template_1<\/a><\/li>\r\n<\/ul>\r\n","protected":false},"excerpt":{"rendered":"<p>Les candidats sont invit\u00e9s \u00e0 soumettre un article, de 4 \u00e0 6 pages maximum (r\u00e9f\u00e9rences incluses), dont la th\u00e9matique doit \u00eatre au moins l\u2019une de celles du colloque. La langue du colloque est le fran\u00e7ais, toutefois les r\u00e9sum\u00e9s et articles en anglais seront admis. Les contributions seront sujettes \u00e0 une r\u00e9vision \u2018en aveugle\u2019 par au &hellip; <\/p>\n<p><a class=\"more-link btn\" href=\"https:\/\/ifrath.fr\/jcjc2025\/soumissions\/\">Lire la suite<\/a><\/p>\n","protected":false},"author":23,"featured_media":0,"parent":0,"menu_order":0,"comment_status":"closed","ping_status":"closed","template":"","meta":{"ngg_post_thumbnail":0,"footnotes":""},"class_list":["post-31","page","type-page","status-publish","hentry","nodate","item-wrap"],"_links":{"self":[{"href":"https:\/\/ifrath.fr\/jcjc2025\/wp-json\/wp\/v2\/pages\/31","targetHints":{"allow":["GET"]}}],"collection":[{"href":"https:\/\/ifrath.fr\/jcjc2025\/wp-json\/wp\/v2\/pages"}],"about":[{"href":"https:\/\/ifrath.fr\/jcjc2025\/wp-json\/wp\/v2\/types\/page"}],"author":[{"embeddable":true,"href":"https:\/\/ifrath.fr\/jcjc2025\/wp-json\/wp\/v2\/users\/23"}],"replies":[{"embeddable":true,"href":"https:\/\/ifrath.fr\/jcjc2025\/wp-json\/wp\/v2\/comments?post=31"}],"version-history":[{"count":10,"href":"https:\/\/ifrath.fr\/jcjc2025\/wp-json\/wp\/v2\/pages\/31\/revisions"}],"predecessor-version":[{"id":234,"href":"https:\/\/ifrath.fr\/jcjc2025\/wp-json\/wp\/v2\/pages\/31\/revisions\/234"}],"wp:attachment":[{"href":"https:\/\/ifrath.fr\/jcjc2025\/wp-json\/wp\/v2\/media?parent=31"}],"curies":[{"name":"wp","href":"https:\/\/api.w.org\/{rel}","templated":true}]}}