{"id":278,"date":"2025-09-16T10:05:23","date_gmt":"2025-09-16T08:05:23","guid":{"rendered":"https:\/\/ifrath.fr\/jcjc2025\/?page_id=278"},"modified":"2025-09-16T10:05:23","modified_gmt":"2025-09-16T08:05:23","slug":"les-actes","status":"publish","type":"page","link":"https:\/\/ifrath.fr\/jcjc2025\/les-actes\/","title":{"rendered":"Les Actes"},"content":{"rendered":"<h1>T\u00e9l\u00e9chargement<\/h1>\n<p>Les actes de la conf\u00e9rence JCJC 2025 au format PDF<\/p>\n<div class=\"wp-block-image\"><a href=\"http:\/\/ifrath.fr\/jcjc2025\/wp-content\/uploads\/sites\/15\/2025\/09\/actes_jcjc2025.pdf\" target=\"_blank\" rel=\"noopener\"><img loading=\"lazy\" decoding=\"async\" class=\"wpa-warning wpa-image-missing-alt alignnone wp-image-279 size-medium\" src=\"http:\/\/ifrath.fr\/jcjc2025\/wp-content\/uploads\/sites\/15\/2025\/09\/Capture-decran-du-2025-09-16-09-59-36-246x300.png\" alt=\"Image lien Actes JCJC 2025\" width=\"246\" height=\"300\" data-warning=\"Missing alt text\" srcset=\"https:\/\/ifrath.fr\/jcjc2025\/wp-content\/uploads\/sites\/15\/2025\/09\/Capture-decran-du-2025-09-16-09-59-36-246x300.png 246w, https:\/\/ifrath.fr\/jcjc2025\/wp-content\/uploads\/sites\/15\/2025\/09\/Capture-decran-du-2025-09-16-09-59-36.png 677w\" sizes=\"auto, (max-width: 246px) 100vw, 246px\" \/><\/a><\/div>\n","protected":false},"excerpt":{"rendered":"<p>T\u00e9l\u00e9chargement Les actes de la conf\u00e9rence JCJC 2025 au format PDF<\/p>\n","protected":false},"author":22,"featured_media":0,"parent":0,"menu_order":0,"comment_status":"closed","ping_status":"closed","template":"","meta":{"ngg_post_thumbnail":0,"footnotes":""},"class_list":["post-278","page","type-page","status-publish","hentry","nodate","item-wrap"],"_links":{"self":[{"href":"https:\/\/ifrath.fr\/jcjc2025\/wp-json\/wp\/v2\/pages\/278","targetHints":{"allow":["GET"]}}],"collection":[{"href":"https:\/\/ifrath.fr\/jcjc2025\/wp-json\/wp\/v2\/pages"}],"about":[{"href":"https:\/\/ifrath.fr\/jcjc2025\/wp-json\/wp\/v2\/types\/page"}],"author":[{"embeddable":true,"href":"https:\/\/ifrath.fr\/jcjc2025\/wp-json\/wp\/v2\/users\/22"}],"replies":[{"embeddable":true,"href":"https:\/\/ifrath.fr\/jcjc2025\/wp-json\/wp\/v2\/comments?post=278"}],"version-history":[{"count":1,"href":"https:\/\/ifrath.fr\/jcjc2025\/wp-json\/wp\/v2\/pages\/278\/revisions"}],"predecessor-version":[{"id":281,"href":"https:\/\/ifrath.fr\/jcjc2025\/wp-json\/wp\/v2\/pages\/278\/revisions\/281"}],"wp:attachment":[{"href":"https:\/\/ifrath.fr\/jcjc2025\/wp-json\/wp\/v2\/media?parent=278"}],"curies":[{"name":"wp","href":"https:\/\/api.w.org\/{rel}","templated":true}]}}