{"id":34,"date":"2019-01-16T21:04:09","date_gmt":"2019-01-16T20:04:09","guid":{"rendered":"http:\/\/ifrath.fr\/jcjc2021\/?page_id=34"},"modified":"2021-10-04T13:58:42","modified_gmt":"2021-10-04T11:58:42","slug":"acces","status":"publish","type":"page","link":"https:\/\/ifrath.fr\/jcjc2021\/acces\/","title":{"rendered":"Acc\u00e8s"},"content":{"rendered":"\r\n<h2>Maison de l&rsquo;Innovation et de l&rsquo;Entrepreneuriat Etudiant<\/h2>\r\n<p><iframe loading=\"lazy\" style=\"border: 0;\" src=\"https:\/\/www.google.com\/maps\/embed?pb=!1m18!1m12!1m3!1d159.09306595416274!2d2.449655070942842!3d48.787641896731536!2m3!1f0!2f39.436888691720945!3f0!3m2!1i1024!2i768!4f35!3m3!1m2!1s0x47e6734b5c74cb0b%3A0x2359d4c6276395d0!2sMIEE%20-%20Maison%20de%20l'Innovation%20et%20de%20l'Entrepreneuriat%20Etudiant!5e1!3m2!1sfr!2sfr!4v1633348737907!5m2!1sfr!2sfr\" width=\"600\" height=\"450\" allowfullscreen=\"allowfullscreen\"><\/iframe><\/p>\r\n<p>Adresse :&nbsp;<strong>MIEE, rue Po\u00e8te et Sellier, 94000 Cr\u00e9teil, arr\u00eat de m\u00e9tro : Cr\u00e9teil-Universit\u00e9<\/strong><\/p>\r\n<h2>Itin\u00e9raires<\/h2>\r\n<p>Depuis la Gare de Lyon<\/p>\r\n<p><iframe loading=\"lazy\" style=\"border: 0;\" src=\"https:\/\/www.google.com\/maps\/embed?pb=!1m28!1m12!1m3!1d53087.96039700561!2d2.387929892382459!3d48.819428570496925!2m3!1f0!2f0!3f0!3m2!1i1024!2i768!4f13.1!4m13!3e3!4m5!1s0x47e6721b2000bf4b%3A0x3ca1c23108bb64!2sParis%20Gare%20de%20Lyon%2C%20Pl.%20Louis-Armand%2C%2075012%20Paris!3m2!1d48.8443038!2d2.3743773!4m5!1s0x47e6734b5c74cb0b%3A0x2359d4c6276395d0!2sMIEE%20-%20Maison%20de%20l'Innovation%20et%20de%20l'Entrepreneuriat%20Etudiant%2C%20Rue%20Po%C3%A8te%20et%20Sellier%2C%2094000%20Cr%C3%A9teil!3m2!1d48.7890168!2d2.4501174999999997!5e1!3m2!1sfr!2sfr!4v1633348646894!5m2!1sfr!2sfr\" width=\"600\" height=\"450\" allowfullscreen=\"allowfullscreen\"><\/iframe><\/p>\r\n<p>Depuis la Gare du Nord<\/p>\r\n<p><iframe loading=\"lazy\" style=\"border: 0;\" src=\"https:\/\/www.google.com\/maps\/embed?pb=!1m28!1m12!1m3!1d53071.51441910129!2d2.3742412924949847!3d48.83495462088515!2m3!1f0!2f0!3f0!3m2!1i1024!2i768!4f13.1!4m13!3e3!4m5!1s0x47e66e6bfc58a37f%3A0x4fb63768d2dd790c!2sGare%20du%20Nord%2C%2018%20Rue%20de%20Dunkerque%2C%2075010%20Paris!3m2!1d48.8809481!2d2.3553137!4m5!1s0x47e6734b5c74cb0b%3A0x2359d4c6276395d0!2sMIEE%20-%20Maison%20de%20l'Innovation%20et%20de%20l'Entrepreneuriat%20Etudiant%2C%20Rue%20Po%C3%A8te%20et%20Sellier%2C%2094000%20Cr%C3%A9teil!3m2!1d48.7890168!2d2.4501174999999997!5e1!3m2!1sfr!2sfr!4v1633348418190!5m2!1sfr!2sfr\" width=\"600\" height=\"450\" allowfullscreen=\"allowfullscreen\"><\/iframe><\/p>\r\n<p>Depuis la gare de l&rsquo;Est<\/p>\r\n<p><iframe loading=\"lazy\" style=\"border: 0;\" src=\"https:\/\/www.google.com\/maps\/embed?pb=!1m28!1m12!1m3!1d53073.418356726754!2d2.356262392481958!3d48.833157370840105!2m3!1f0!2f0!3f0!3m2!1i1024!2i768!4f13.1!4m13!3e3!4m5!1s0x47e66e72ebc10f6f%3A0xae5593252035142c!2sGare%20de%20l'Est%2C%20Rue%20du%208%20Mai%201945%2C%20Paris!3m2!1d48.876790299999996!2d2.3592250999999997!4m5!1s0x47e6734b5c74cb0b%3A0x2359d4c6276395d0!2sMIEE%20-%20Maison%20de%20l'Innovation%20et%20de%20l'Entrepreneuriat%20Etudiant%2C%20Rue%20Po%C3%A8te%20et%20Sellier%2C%2094000%20Cr%C3%A9teil!3m2!1d48.7890168!2d2.4501174999999997!5e1!3m2!1sfr!2sfr!4v1633348576735!5m2!1sfr!2sfr\" width=\"600\" height=\"450\" allowfullscreen=\"allowfullscreen\"><\/iframe><\/p>\r\n","protected":false},"excerpt":{"rendered":"<p>Maison de l&rsquo;Innovation et de l&rsquo;Entrepreneuriat Etudiant Adresse :&nbsp;MIEE, rue Po\u00e8te et Sellier, 94000 Cr\u00e9teil, arr\u00eat de m\u00e9tro : Cr\u00e9teil-Universit\u00e9 Itin\u00e9raires Depuis la Gare de Lyon Depuis la Gare du Nord Depuis la gare de l&rsquo;Est<\/p>\n","protected":false},"author":23,"featured_media":0,"parent":0,"menu_order":0,"comment_status":"closed","ping_status":"closed","template":"","meta":{"ngg_post_thumbnail":0,"footnotes":""},"class_list":["post-34","page","type-page","status-publish","hentry","nodate","item-wrap"],"_links":{"self":[{"href":"https:\/\/ifrath.fr\/jcjc2021\/wp-json\/wp\/v2\/pages\/34","targetHints":{"allow":["GET"]}}],"collection":[{"href":"https:\/\/ifrath.fr\/jcjc2021\/wp-json\/wp\/v2\/pages"}],"about":[{"href":"https:\/\/ifrath.fr\/jcjc2021\/wp-json\/wp\/v2\/types\/page"}],"author":[{"embeddable":true,"href":"https:\/\/ifrath.fr\/jcjc2021\/wp-json\/wp\/v2\/users\/23"}],"replies":[{"embeddable":true,"href":"https:\/\/ifrath.fr\/jcjc2021\/wp-json\/wp\/v2\/comments?post=34"}],"version-history":[{"count":9,"href":"https:\/\/ifrath.fr\/jcjc2021\/wp-json\/wp\/v2\/pages\/34\/revisions"}],"predecessor-version":[{"id":161,"href":"https:\/\/ifrath.fr\/jcjc2021\/wp-json\/wp\/v2\/pages\/34\/revisions\/161"}],"wp:attachment":[{"href":"https:\/\/ifrath.fr\/jcjc2021\/wp-json\/wp\/v2\/media?parent=34"}],"curies":[{"name":"wp","href":"https:\/\/api.w.org\/{rel}","templated":true}]}}