{"id":29,"date":"2019-01-16T20:37:21","date_gmt":"2019-01-16T19:37:21","guid":{"rendered":"http:\/\/ifrath.fr\/jcjc2021\/?page_id=29"},"modified":"2021-10-18T16:14:24","modified_gmt":"2021-10-18T14:14:24","slug":"programme","status":"publish","type":"page","link":"https:\/\/ifrath.fr\/jcjc2021\/programme\/","title":{"rendered":"Programme"},"content":{"rendered":"\r\n<p>Le colloque JCJC2021 se d\u00e9roule \u00e0 l&rsquo;Universit\u00e9 Paris-Est Cr\u00e9teil Maison de l&rsquo;Innovation et de l&rsquo;Entrepreneuriat \u00c9tudiant (MIEE) Amphith\u00e9\u00e2tre rez-de-chauss\u00e9e &#8211; Rue Po\u00e8te et Sellier, 94000 Cr\u00e9teil (M\u00e9tro ligne 8. Arr\u00eat Cr\u00e9teil Universit\u00e9). Voir <a href=\"https:\/\/ifrath.fr\/jcjc2019\/acces\/\">Acc\u00e8s<\/a>.<\/p>\r\n<p><strong>Programme en version PDF : <a href=\"http:\/\/ifrath.fr\/jcjc2021\/wp-content\/uploads\/sites\/12\/2021\/10\/programme-JCJC-2021.-IFRATH-UPEC.pdf\">programme JCJC 2021<\/a><\/strong><\/p>\r\n\r\n\r\n\r\n<table><colgroup> <col style=\"width: 20%;\"> <col style=\"width: 80%;\"> <\/colgroup>\r\n<tbody>\r\n<tr>\r\n<td><b>9 :30 \u2013 10 :00<\/b><\/td>\r\n<td><i>Accueil &#8212; Caf\u00e9<\/i><\/td>\r\n<\/tr>\r\n<tr>\r\n<td colspan=\"2\">&nbsp;<\/td>\r\n<\/tr>\r\n<tr>\r\n<td><b>10:00 &#8211; 10:10<\/b><\/td>\r\n<td><i>Introduction<\/i><\/td>\r\n<\/tr>\r\n<tr>\r\n<td colspan=\"2\">\r\n<p>&nbsp;<\/p>\r\n<h3 class=\"western\" lang=\"es-ES\" align=\"justify\"><span style=\"font-family: Calibri, serif;\"><span lang=\"fr-FR\"><b>S\u00e9ance 1 : Du muscle d\u00e9faillant \u00e0 la locomotion<\/b><\/span><\/span><\/h3>\r\n<p class=\"western\" lang=\"es-ES\" align=\"justify\"><span style=\"font-family: Calibri, serif;\"><span lang=\"fr-FR\"><i>Mod\u00e9rateur : Karine Gros<\/i><\/span><\/span><\/p>\r\n<\/td>\r\n<\/tr>\r\n<tr>\r\n<td><b>10:10 &#8211; 10:30<\/b><\/td>\r\n<td>\r\n<p class=\"western\" lang=\"es-ES\" align=\"justify\"><span style=\"font-family: Calibri, serif;\"><span lang=\"fr-FR\"><i>Cl\u00e9mence Drouot et Nathana\u00ebl Jarrass\u00e9<\/i><\/span><\/span><\/p>\r\n<\/td>\r\n<\/tr>\r\n<tr>\r\n<td colspan=\"2\">\r\n<p class=\"western\" lang=\"es-ES\" align=\"justify\"><span style=\"font-family: Calibri, serif;\"><span lang=\"fr-FR\">Caract\u00e9risation de l&rsquo;effondrement durant la marche des patients atteints de myosite \u00e0 inclusions : analyse pr\u00e9liminaire<\/span><\/span><\/p>\r\n<\/td>\r\n<\/tr>\r\n<tr>\r\n<td colspan=\"2\">&nbsp;<\/td>\r\n<\/tr>\r\n<tr>\r\n<td><b>10:30 &#8211; 10:50<\/b><\/td>\r\n<td>\r\n<p class=\"western\" lang=\"es-ES\" align=\"justify\"><span style=\"font-family: Calibri, serif;\"><span lang=\"fr-FR\"><i>Maud Pradines, Fran\u00e7ois Jabouille, Wa\u00ebl Maktouf et Jean-Michel Gracies<\/i><\/span><\/span><\/p>\r\n<\/td>\r\n<\/tr>\r\n<tr>\r\n<td colspan=\"2\">\r\n<p class=\"western\" lang=\"es-ES\" align=\"justify\"><span style=\"font-family: Calibri, serif;\"><span lang=\"fr-FR\">Les propri\u00e9t\u00e9s structurelles du gastrocn\u00e9mien m\u00e9dial influencent-elles la vitesse de d\u00e9ambulation dans l\u2019h\u00e9mipar\u00e9sie chronique ?<\/span><\/span><\/p>\r\n<\/td>\r\n<\/tr>\r\n<tr>\r\n<td colspan=\"2\">\r\n<p>&nbsp;<\/p>\r\n<h3 class=\"western\" lang=\"es-ES\" align=\"justify\"><span style=\"font-family: Calibri, serif;\"><span lang=\"fr-FR\"><b>S\u00e9ance 2 : Mod\u00e9lisation des interactions et interfaces associ\u00e9es<\/b><\/span><\/span><\/h3>\r\n<p class=\"western\" lang=\"es-ES\" align=\"justify\"><span style=\"font-family: Calibri, serif;\"><span lang=\"fr-FR\"><i>Mod\u00e9rateur : &nbsp;Guillaume Thomann<\/i><\/span><\/span><\/p>\r\n<\/td>\r\n<\/tr>\r\n<tr>\r\n<td><b>10:50 &#8211; 11:10<\/b><\/td>\r\n<td>\r\n<p class=\"western\" lang=\"es-ES\" align=\"justify\"><span style=\"font-family: Calibri, serif;\"><span lang=\"fr-FR\"><i>Justin Debloos, C\u00e9line Jost, Brigitte Le P\u00e9v\u00e9dic et G\u00e9rard Uzan<\/i><\/span><\/span><\/p>\r\n<\/td>\r\n<\/tr>\r\n<tr>\r\n<td colspan=\"2\">\r\n<p class=\"western\" lang=\"es-ES\" align=\"justify\"><span style=\"font-family: Calibri, serif;\"><span lang=\"fr-FR\">Cr\u00e9ation de sc\u00e9nagramme : crit\u00e8res d\u2019un logiciel \u00ab id\u00e9al \u00bb utilisable par des non informaticiens<\/span><\/span><\/p>\r\n<\/td>\r\n<\/tr>\r\n<tr>\r\n<td colspan=\"2\">&nbsp;<\/td>\r\n<\/tr>\r\n<tr>\r\n<td><b>11:10 &#8211; 11:30<\/b><\/td>\r\n<td>\r\n<p class=\"western\" lang=\"es-ES\" align=\"justify\"><span style=\"font-family: Calibri, serif;\"><span lang=\"fr-FR\"><i>Mohammed Hanine, Susana Herrera, Denis Ch\u00eane et G\u00e9rard Uzan<\/i><\/span><\/span><\/p>\r\n<\/td>\r\n<\/tr>\r\n<tr>\r\n<td colspan=\"2\">\r\n<p class=\"western\" lang=\"es-ES\" align=\"justify\"><span style=\"font-family: Calibri, serif;\"><span lang=\"fr-FR\">Agent virtuel pour l\u2019utilisation effective du web par des aveugles<\/span><\/span><\/p>\r\n<\/td>\r\n<\/tr>\r\n<tr>\r\n<td colspan=\"2\">&nbsp;<\/td>\r\n<\/tr>\r\n<tr>\r\n<td><b>11:30 &#8211; 11:50<\/b><\/td>\r\n<td><i>Pause<\/i><\/td>\r\n<\/tr>\r\n<tr>\r\n<td colspan=\"2\">&nbsp;<\/td>\r\n<\/tr>\r\n<tr>\r\n<td><b>11:35 &#8211; 13:00<\/b><\/td>\r\n<td><i>Remise des Prix de th\u00e8se 2020 \u00e0 Julie Golliot et Sandra Bardot<\/i><\/td>\r\n<\/tr>\r\n<tr>\r\n<td colspan=\"2\">&nbsp;<\/td>\r\n<\/tr>\r\n<tr>\r\n<td><b>11:35 &#8211; 13:00<\/b><\/td>\r\n<td><i>Buffet\/ pause m\u00e9ridienne<\/i><\/td>\r\n<\/tr>\r\n<tr>\r\n<td colspan=\"2\">&nbsp;<\/td>\r\n<\/tr>\r\n<tr>\r\n<td><b>14:00 &#8211; 14:50<\/b><\/td>\r\n<td><i><strong>Conf\u00e9rencier Invit\u00e9 :<\/strong> Jaime Lopez-Krahe, Professeur \u00e9m\u00e9rite des Universit\u00e9s<\/i><\/td>\r\n<\/tr>\r\n<tr>\r\n<td colspan=\"2\">Le master MIASHS : \u00ab Technologie et Handicap \u00bb.<br>Vingt ans d\u00e9j\u00e0 : une p\u00e9dagogie de stimulation de la cr\u00e9ativit\u00e9 et une multitude d\u2019innovations.<\/td>\r\n<\/tr>\r\n<tr>\r\n<td colspan=\"2\">&nbsp;<\/td>\r\n<\/tr>\r\n<tr>\r\n<td colspan=\"2\">\r\n<h3 class=\"western\" lang=\"es-ES\" align=\"justify\"><span style=\"font-family: Calibri, serif;\"><span lang=\"fr-FR\"><b>S\u00e9ance 3 : De la caract\u00e9risation \u00e0 la r\u00e9\u00e9ducation innovante des troubles du mouvement dans la maladie de Parkinson<\/b><\/span><\/span><\/h3>\r\n<p class=\"western\" lang=\"es-ES\" align=\"justify\"><span style=\"font-family: Calibri, serif;\"><span lang=\"fr-FR\"><i>Mod\u00e9rateur : Maud Pradines<\/i><\/span><\/span><\/p>\r\n<\/td>\r\n<\/tr>\r\n<tr>\r\n<td><b>14:50 &#8211; 15:10<\/b><\/td>\r\n<td><i>Clara Michallet et \u00c9milie Hutin<\/i><\/td>\r\n<\/tr>\r\n<tr>\r\n<td colspan=\"2\">Analyse cin\u00e9matique de mouvements amples et rapides de flexion d\u2019\u00e9paule dans la maladie de Parkinson<\/td>\r\n<\/tr>\r\n<tr>\r\n<td colspan=\"2\">&nbsp;<\/td>\r\n<\/tr>\r\n<tr>\r\n<td><b>15:10 &#8211; 15:30<\/b><\/td>\r\n<td><i>Luanne Cardoso Mendes, Isabela Marques, Angela Abreu Rosa de S\u00e1, Camille Alves,<br>Rodrigo Rosa, Kennedy Rodrigues Lima, Adriano Alves Pereira, Eduardo Naves, Edgard Lamounier, F\u00e1bio Henrique Oliveira, Marcus Vieira, Guy Bourhis, Pierre Pino, Yann Mor\u00e8re, Cristiane Ramos de Morais et Adriano Andrade<\/i><\/td>\r\n<\/tr>\r\n<tr>\r\n<td colspan=\"2\">RehaBEElitation : Un Jeu S\u00e9rieux pour la R\u00e9\u00e9ducation des Membres Sup\u00e9rieurs des Personnes Atteintes de la Maladie de Parkinson<\/td>\r\n<\/tr>\r\n<tr>\r\n<td colspan=\"2\">&nbsp;<\/td>\r\n<\/tr>\r\n<tr>\r\n<td><b>15:30 &#8211; 15:50<\/b><\/td>\r\n<td><i>Camille Alves, Andressa Rezende, Isabela Marques, Luanne Mendes, \u00c2ngela de S\u00e1, Rodrigo<br>Rosa, Kennedy Lima, F\u00e1bio Henrique Oliveira, Adriano Pereira, Edgard Lamounier, Marcus Vieira, Guy Bourhis, Pierre Pino, Adriano de Oliveira Andrade, Yann Morere et Eduardo Naves<\/i><\/td>\r\n<\/tr>\r\n<tr>\r\n<td colspan=\"2\">Proposition d&rsquo;une nouvelle m\u00e9thode d&rsquo;analyse quantitative de la rigidit\u00e9 du poignet dans la maladie de<br>Parkinson<\/td>\r\n<\/tr>\r\n<tr>\r\n<td colspan=\"2\">&nbsp;<\/td>\r\n<\/tr>\r\n<tr>\r\n<td><b>15:50 &#8211; 16:10<\/b><\/td>\r\n<td><i>Pause<\/i><\/td>\r\n<\/tr>\r\n<tr>\r\n<td colspan=\"2\">&nbsp;<\/td>\r\n<\/tr>\r\n<tr>\r\n<td colspan=\"2\">\r\n<h3 class=\"western\" lang=\"es-ES\" align=\"justify\"><span style=\"font-family: Calibri, serif;\"><span lang=\"fr-FR\"><b>S\u00e9ance 4 : Les outils pour le diagnostic et sa mod\u00e9lisation<\/b><\/span><\/span><\/h3>\r\n<p class=\"western\" lang=\"es-ES\" align=\"justify\"><span style=\"font-family: Calibri, serif;\"><span lang=\"fr-FR\"><i>Mod\u00e9rateur : Yann Mor\u00e8re<\/i><\/span><\/span><\/p>\r\n<\/td>\r\n<\/tr>\r\n<tr>\r\n<td><b>16:10 &#8211; 16:30<\/b><\/td>\r\n<td><i>Hugo Villi, Guillaume Thomann et Nicolas Pinsault<\/i><\/td>\r\n<\/tr>\r\n<tr>\r\n<td colspan=\"2\">Technologies d\u2019aide au d\u00e9pistage des pathologies du rachis avec une Kinect<\/td>\r\n<\/tr>\r\n<tr>\r\n<td colspan=\"2\">&nbsp;<\/td>\r\n<\/tr>\r\n<tr>\r\n<td><b>16:30 &#8211; 16:50<\/b><\/td>\r\n<td><i>Mar\u00eda de Los \u00c1ngeles Vald\u00e9z, Paola D. Bud\u00e1n et Maximiliano C. D Bud\u00e1nause<\/i><\/td>\r\n<\/tr>\r\n<tr>\r\n<td colspan=\"2\">AInTEA: An Intelligent Analyzer of Autism Spectrum Disorder Levels<\/td>\r\n<\/tr>\r\n<tr>\r\n<td colspan=\"2\">&nbsp;<\/td>\r\n<\/tr>\r\n<tr>\r\n<td><b>16:50 &#8211; 17:10<\/b><\/td>\r\n<td><i>Yassine Ouzar, Fr\u00e9d\u00e9ric Bousefsaf et Choubeila Maaoui<\/i><\/td>\r\n<\/tr>\r\n<tr>\r\n<td colspan=\"2\">Mesure sans contact de la fr\u00e9quence par cam\u00e9ra bas\u00e9e sur l\u2019apprentissage profond<\/td>\r\n<\/tr>\r\n<tr>\r\n<td colspan=\"2\">&nbsp;<\/td>\r\n<\/tr>\r\n<tr>\r\n<td><b>17:10 &#8211; 17:30<\/b><\/td>\r\n<td><i><strong>Conclusion et remerciements :<\/strong> G\u00e9rard Uzan, Pr\u00e9sident de l\u2019IFRATH<\/i><\/td>\r\n<\/tr>\r\n<\/tbody>\r\n<\/table>\r\n\r\n\r\n\r\n<p>T\u00e9l\u00e9chargez <a href=\"http:\/\/ifrath.fr\/jcjc2021\/wp-content\/uploads\/sites\/12\/2021\/10\/programme-JCJC-2021.-IFRATH-UPEC.pdf\">une version PDF du programme de JCJC 2021<\/a>.<\/p>\r\n","protected":false},"excerpt":{"rendered":"<p>Le colloque JCJC2021 se d\u00e9roule \u00e0 l&rsquo;Universit\u00e9 Paris-Est Cr\u00e9teil Maison de l&rsquo;Innovation et de l&rsquo;Entrepreneuriat \u00c9tudiant (MIEE) Amphith\u00e9\u00e2tre rez-de-chauss\u00e9e &#8211; Rue Po\u00e8te et Sellier, 94000 Cr\u00e9teil (M\u00e9tro ligne 8. Arr\u00eat Cr\u00e9teil Universit\u00e9). Voir Acc\u00e8s. Programme en version PDF : programme JCJC 2021 9 :30 \u2013 10 :00 Accueil &#8212; Caf\u00e9 &nbsp; 10:00 &#8211; 10:10 Introduction &hellip; <\/p>\n<p><a class=\"more-link btn\" href=\"https:\/\/ifrath.fr\/jcjc2021\/programme\/\">Lire la suite<\/a><\/p>\n","protected":false},"author":23,"featured_media":0,"parent":0,"menu_order":0,"comment_status":"closed","ping_status":"closed","template":"","meta":{"ngg_post_thumbnail":0,"footnotes":""},"class_list":["post-29","page","type-page","status-publish","hentry","nodate","item-wrap"],"_links":{"self":[{"href":"https:\/\/ifrath.fr\/jcjc2021\/wp-json\/wp\/v2\/pages\/29","targetHints":{"allow":["GET"]}}],"collection":[{"href":"https:\/\/ifrath.fr\/jcjc2021\/wp-json\/wp\/v2\/pages"}],"about":[{"href":"https:\/\/ifrath.fr\/jcjc2021\/wp-json\/wp\/v2\/types\/page"}],"author":[{"embeddable":true,"href":"https:\/\/ifrath.fr\/jcjc2021\/wp-json\/wp\/v2\/users\/23"}],"replies":[{"embeddable":true,"href":"https:\/\/ifrath.fr\/jcjc2021\/wp-json\/wp\/v2\/comments?post=29"}],"version-history":[{"count":26,"href":"https:\/\/ifrath.fr\/jcjc2021\/wp-json\/wp\/v2\/pages\/29\/revisions"}],"predecessor-version":[{"id":165,"href":"https:\/\/ifrath.fr\/jcjc2021\/wp-json\/wp\/v2\/pages\/29\/revisions\/165"}],"wp:attachment":[{"href":"https:\/\/ifrath.fr\/jcjc2021\/wp-json\/wp\/v2\/media?parent=29"}],"curies":[{"name":"wp","href":"https:\/\/api.w.org\/{rel}","templated":true}]}}