{"id":48,"date":"2019-01-16T21:15:14","date_gmt":"2019-01-16T20:15:14","guid":{"rendered":"http:\/\/ifrath.fr\/jcjc2019\/?page_id=48"},"modified":"2019-01-16T21:15:15","modified_gmt":"2019-01-16T20:15:15","slug":"themes","status":"publish","type":"page","link":"https:\/\/ifrath.fr\/jcjc2019\/themes\/","title":{"rendered":"Th\u00e8mes"},"content":{"rendered":"\n<p>Les th\u00e8mes abord\u00e9s par\nJCJC 2019 concernent les technologies pour l\u2019autonomie et la sant\u00e9 des\npersonnes handicap\u00e9es et vieillissantes, afin d\u2019aborder la probl\u00e9matique de la\nperte d\u2019autonomie dans toutes ses dimensions, humaines,\nm\u00e9dicales, scientifiques techniques, sociales, culturelles et \u00e9conomiques.<\/p>\n\n\n\n<p>La liste et la\nstructuration des th\u00e8mes ne sont qu\u2019indicatives, la plupart des travaux\ns\u2019inscrivant dans l\u2019interdisciplinarit\u00e9 et la transversalit\u00e9 des approches.<\/p>\n\n\n\n<ul class=\"wp-block-list\"><li>Caract\u00e9risation et mod\u00e9lisation des situations de perte\nd\u2019autonomie<\/li><li>Handicaps cognitifs<\/li><li>Handicap perceptif : transmodalit\u00e9, multimodalit\u00e9<\/li><li>Handicap moteur<\/li><li>Effets du Vieillissement<\/li><li>Pathologies chroniques invalidantes : Maladie\nd\u2019Alzheimer,&#8230;<\/li><li>Polyhandicap<\/li><li>Technologies pour l\u2019autonomie et la sant\u00e9<\/li><li>Technologies pour l\u2019insertion et la scolarisation des\n\u00e9l\u00e8ves et \u00e9tudiants handicap\u00e9s (de l\u2019\u00e9cole \u00e0 l\u2019universit\u00e9)<\/li><li>Technologies d\u2019assistance \u00e0 la perception<\/li><li>Technologies d\u2019assistance \u00e0 la communication<\/li><li>Technologies d\u2019assistance \u00e0 la r\u00e9\u00e9ducation, \u00e0 la\nstimulation<\/li><li>Robotique d\u2019assistance au d\u00e9placement, \u00e0 la pr\u00e9hension, \u00e0\nla r\u00e9\u00e9ducation<\/li><li>Orth\u00e8se, proth\u00e8se, neuroproth\u00e8se<\/li><li>Interface cerveau machine<\/li><li>Intelligence ambiante, maison intelligente, syst\u00e8mes\nembarqu\u00e9s<\/li><li>E-service : t\u00e9l\u00e9assistance, t\u00e9l\u00e9vigilance,\nt\u00e9l\u00e9diagnostic, t\u00e9l\u00e9r\u00e9habilitation, e-accessibilit\u00e9<\/li><li>R\u00e9alit\u00e9 virtuelle pour l\u2019\u00e9valuation et la r\u00e9\u00e9ducation des\ntroubles cognitifs et moteurs<\/li><li>Int\u00e9gration de solutions technologiques communicantes et\ninterop\u00e9rables au service de la personne ou facilitant la t\u00e2che de l\u2019aidant ou\ndu professionnel de sant\u00e9<\/li><li>Autonomie des personnes \u00e2g\u00e9es, maintien \u00e0 domicile<\/li><li>M\u00e9thodologies<\/li><li>R\u00e9\u00e9ducation, stimulation, apprentissage<\/li><li>Conception de l\u2019assistance prenant en compte les\ndimensions humaine et soci\u00e9tale<\/li><li>\u00c9valuation des technologies dans leur environnement\nd\u2019usage<\/li><li>Psychologie, ergonomie et neurosciences<\/li><li>Ergonomie des syst\u00e8mes d\u2019assistance<\/li><li>Mod\u00e9lisation, simulation de l\u2019humain : aspects cognitifs,\npsychophysiques, psychologiques<\/li><li>Interactions homme-syst\u00e8me d\u2019assistance<\/li><li>Sociologie<\/li><li>\u00c9tude des usages des technologies<\/li><li>\u00c9thique<\/li><li>Dimension sociale : vie publique et priv\u00e9e, handicap et\nint\u00e9gration sociale, handicap et vie relationnelle, int\u00e9gration scolaire, etc.<\/li><\/ul>\n","protected":false},"excerpt":{"rendered":"<p>Les th\u00e8mes abord\u00e9s par JCJC 2019 concernent les technologies pour l\u2019autonomie et la sant\u00e9 des personnes handicap\u00e9es et vieillissantes, afin d\u2019aborder la probl\u00e9matique de la perte d\u2019autonomie dans toutes ses dimensions, humaines, m\u00e9dicales, scientifiques techniques, sociales, culturelles et \u00e9conomiques. La liste et la structuration des th\u00e8mes ne sont qu\u2019indicatives, la plupart des travaux s\u2019inscrivant dans &hellip; <\/p>\n<p><a class=\"more-link btn\" href=\"https:\/\/ifrath.fr\/jcjc2019\/themes\/\">Lire la suite<\/a><\/p>\n","protected":false},"author":23,"featured_media":0,"parent":0,"menu_order":0,"comment_status":"closed","ping_status":"closed","template":"","meta":{"ngg_post_thumbnail":0,"footnotes":""},"class_list":["post-48","page","type-page","status-publish","hentry","nodate","item-wrap"],"_links":{"self":[{"href":"https:\/\/ifrath.fr\/jcjc2019\/wp-json\/wp\/v2\/pages\/48","targetHints":{"allow":["GET"]}}],"collection":[{"href":"https:\/\/ifrath.fr\/jcjc2019\/wp-json\/wp\/v2\/pages"}],"about":[{"href":"https:\/\/ifrath.fr\/jcjc2019\/wp-json\/wp\/v2\/types\/page"}],"author":[{"embeddable":true,"href":"https:\/\/ifrath.fr\/jcjc2019\/wp-json\/wp\/v2\/users\/23"}],"replies":[{"embeddable":true,"href":"https:\/\/ifrath.fr\/jcjc2019\/wp-json\/wp\/v2\/comments?post=48"}],"version-history":[{"count":1,"href":"https:\/\/ifrath.fr\/jcjc2019\/wp-json\/wp\/v2\/pages\/48\/revisions"}],"predecessor-version":[{"id":49,"href":"https:\/\/ifrath.fr\/jcjc2019\/wp-json\/wp\/v2\/pages\/48\/revisions\/49"}],"wp:attachment":[{"href":"https:\/\/ifrath.fr\/jcjc2019\/wp-json\/wp\/v2\/media?parent=48"}],"curies":[{"name":"wp","href":"https:\/\/api.w.org\/{rel}","templated":true}]}}