{"id":39,"date":"2019-01-16T21:05:17","date_gmt":"2019-01-16T20:05:17","guid":{"rendered":"http:\/\/ifrath.fr\/jcjc2019\/?page_id=39"},"modified":"2019-01-16T21:05:18","modified_gmt":"2019-01-16T20:05:18","slug":"accueil","status":"publish","type":"page","link":"https:\/\/ifrath.fr\/jcjc2019\/","title":{"rendered":"Accueil"},"content":{"rendered":"\n<p>L\u2019IFRATH, Institut F\u00e9d\u00e9ratif de Recherche sur les Aides Techniques pour\npersonnes handicap\u00e9es, organise le cinqui\u00e8me colloque de Jeunes Chercheurs le 13\njuin 2019 \u00e0 l&rsquo;Universit\u00e9 Paris 8.<\/p>\n\n\n\n<p>Ce colloque\ns\u2019adresse aux jeunes chercheuses et chercheurs qui travaillent dans le domaine\ndes technologies d\u2019assistance aux personnes handicap\u00e9es et vieillissantes et\npour leur autonomie. Il peut aussi int\u00e9resser des \u00e9tudiants en Master d\u00e9sireux\nde faire de la recherche dans ces domaines.<\/p>\n\n\n\n<p>Ce colloque\nconstitue un important lieu d\u2019\u00e9changes scientifiques pour les \u00e9tudiants et\njeunes chercheurs dans le champ des Aides Techniques. Les objectifs sont de :<\/p>\n\n\n\n<ul class=\"wp-block-list\"><li>permettre aux jeunes chercheurs de pr\u00e9senter l\u2019\u00e9tat de\nleurs travaux \u00e0 un panel de chercheurs exp\u00e9riment\u00e9s, afin de recevoir leurs\ncritiques constructives ainsi que celles de leurs coll\u00e8gues ;<\/li><li>discuter de l\u2019\u00e9volution du domaine des Aides Techniques,\nau niveau national et International ;<\/li><li>animer cette communaut\u00e9 scientifique, et en particulier\nde favoriser les rencontres entre les acteurs d\u2019aujourd\u2019hui et de demain, et\nd\u2019encourager le dialogue interdisciplinaire au sein de ce domaine ;<\/li><li>inciter les jeunes chercheurs \u00e0 pr\u00e9senter leurs travaux\nau prix de th\u00e8se de l\u2019IFRATH 2019 ;<\/li><li>promouvoir la recherche dans le domaine des Aides\nTechniques.<\/li><\/ul>\n\n\n\n<p>Les articles retenus par\nle comit\u00e9 scientifique feront l\u2019objet d\u2019une publication.<\/p>\n","protected":false},"excerpt":{"rendered":"<p>L\u2019IFRATH, Institut F\u00e9d\u00e9ratif de Recherche sur les Aides Techniques pour personnes handicap\u00e9es, organise le cinqui\u00e8me colloque de Jeunes Chercheurs le 13 juin 2019 \u00e0 l&rsquo;Universit\u00e9 Paris 8. Ce colloque s\u2019adresse aux jeunes chercheuses et chercheurs qui travaillent dans le domaine des technologies d\u2019assistance aux personnes handicap\u00e9es et vieillissantes et pour leur autonomie. Il peut aussi &hellip; <\/p>\n<p><a class=\"more-link btn\" href=\"https:\/\/ifrath.fr\/jcjc2019\/\">Lire la suite<\/a><\/p>\n","protected":false},"author":23,"featured_media":0,"parent":0,"menu_order":0,"comment_status":"closed","ping_status":"closed","template":"","meta":{"ngg_post_thumbnail":0,"footnotes":""},"class_list":["post-39","page","type-page","status-publish","hentry","nodate","item-wrap"],"_links":{"self":[{"href":"https:\/\/ifrath.fr\/jcjc2019\/wp-json\/wp\/v2\/pages\/39","targetHints":{"allow":["GET"]}}],"collection":[{"href":"https:\/\/ifrath.fr\/jcjc2019\/wp-json\/wp\/v2\/pages"}],"about":[{"href":"https:\/\/ifrath.fr\/jcjc2019\/wp-json\/wp\/v2\/types\/page"}],"author":[{"embeddable":true,"href":"https:\/\/ifrath.fr\/jcjc2019\/wp-json\/wp\/v2\/users\/23"}],"replies":[{"embeddable":true,"href":"https:\/\/ifrath.fr\/jcjc2019\/wp-json\/wp\/v2\/comments?post=39"}],"version-history":[{"count":1,"href":"https:\/\/ifrath.fr\/jcjc2019\/wp-json\/wp\/v2\/pages\/39\/revisions"}],"predecessor-version":[{"id":40,"href":"https:\/\/ifrath.fr\/jcjc2019\/wp-json\/wp\/v2\/pages\/39\/revisions\/40"}],"wp:attachment":[{"href":"https:\/\/ifrath.fr\/jcjc2019\/wp-json\/wp\/v2\/media?parent=39"}],"curies":[{"name":"wp","href":"https:\/\/api.w.org\/{rel}","templated":true}]}}