{"id":31,"date":"2019-01-16T20:53:52","date_gmt":"2019-01-16T19:53:52","guid":{"rendered":"http:\/\/ifrath.fr\/jcjc2019\/?page_id=31"},"modified":"2019-01-16T20:53:53","modified_gmt":"2019-01-16T19:53:53","slug":"soumissions","status":"publish","type":"page","link":"https:\/\/ifrath.fr\/jcjc2019\/soumissions\/","title":{"rendered":"Soumissions"},"content":{"rendered":"\n<p>Les candidats sont invit\u00e9s \u00e0 soumettre un article de 6 pages maximum dont la th\u00e9matique doit \u00eatre au moins l\u2019une de celles du colloque. La langue du colloque est le fran\u00e7ais, toutefois les r\u00e9sum\u00e9s et articles en anglais seront admis.<\/p>\n\n\n\n<p>Les soumissions sont \u00e0 envoyer via le site easychair : <a href=\"https:\/\/easychair.org\/conferences\/?conf=jcjc2019\">https:\/\/easychair.org\/conferences\/?conf=jcjc2019<\/a><\/p>\n\n\n\n<p>Les contributions seront sujettes \u00e0 une r\u00e9vision \u2018en aveugle\u2019 par au minimum deux experts ind\u00e9pendants du domaine.<\/p>\n\n\n\n<p>Les articles doivent \u00eatre envoy\u00e9s en format PDF accessibles. Les mod\u00e8les sont fournis \u00e0 l\u2019adresse <a href=\"https:\/\/easychair.org\/publications\/for_authors\">https:\/\/easychair.org\/publications\/for_authors<\/a> (pour Microsoft Word, Libre Office et LaTeX).<\/p>\n","protected":false},"excerpt":{"rendered":"<p>Les candidats sont invit\u00e9s \u00e0 soumettre un article de 6 pages maximum dont la th\u00e9matique doit \u00eatre au moins l\u2019une de celles du colloque. La langue du colloque est le fran\u00e7ais, toutefois les r\u00e9sum\u00e9s et articles en anglais seront admis. Les soumissions sont \u00e0 envoyer via le site easychair : https:\/\/easychair.org\/conferences\/?conf=jcjc2019 Les contributions seront sujettes &hellip; <\/p>\n<p><a class=\"more-link btn\" href=\"https:\/\/ifrath.fr\/jcjc2019\/soumissions\/\">Lire la suite<\/a><\/p>\n","protected":false},"author":23,"featured_media":0,"parent":0,"menu_order":0,"comment_status":"closed","ping_status":"closed","template":"","meta":{"ngg_post_thumbnail":0,"footnotes":""},"class_list":["post-31","page","type-page","status-publish","hentry","nodate","item-wrap"],"_links":{"self":[{"href":"https:\/\/ifrath.fr\/jcjc2019\/wp-json\/wp\/v2\/pages\/31","targetHints":{"allow":["GET"]}}],"collection":[{"href":"https:\/\/ifrath.fr\/jcjc2019\/wp-json\/wp\/v2\/pages"}],"about":[{"href":"https:\/\/ifrath.fr\/jcjc2019\/wp-json\/wp\/v2\/types\/page"}],"author":[{"embeddable":true,"href":"https:\/\/ifrath.fr\/jcjc2019\/wp-json\/wp\/v2\/users\/23"}],"replies":[{"embeddable":true,"href":"https:\/\/ifrath.fr\/jcjc2019\/wp-json\/wp\/v2\/comments?post=31"}],"version-history":[{"count":2,"href":"https:\/\/ifrath.fr\/jcjc2019\/wp-json\/wp\/v2\/pages\/31\/revisions"}],"predecessor-version":[{"id":47,"href":"https:\/\/ifrath.fr\/jcjc2019\/wp-json\/wp\/v2\/pages\/31\/revisions\/47"}],"wp:attachment":[{"href":"https:\/\/ifrath.fr\/jcjc2019\/wp-json\/wp\/v2\/media?parent=31"}],"curies":[{"name":"wp","href":"https:\/\/api.w.org\/{rel}","templated":true}]}}