{"id":29,"date":"2019-01-16T20:37:21","date_gmt":"2019-01-16T19:37:21","guid":{"rendered":"http:\/\/ifrath.fr\/jcjc2019\/?page_id=29"},"modified":"2019-06-12T12:10:07","modified_gmt":"2019-06-12T10:10:07","slug":"programme","status":"publish","type":"page","link":"https:\/\/ifrath.fr\/jcjc2019\/programme\/","title":{"rendered":"Programme"},"content":{"rendered":"\n<p>Le colloque JCJC\u201919 se d\u00e9roule au premier \u00e9tage du b\u00e2timent B &#8211; Amphi B106. Voir <a href=\"https:\/\/ifrath.fr\/jcjc2019\/acces\/\">Acc\u00e8s<\/a>.<\/p>\n\n\n\n<table>\n<colgroup>\n<col style=\"width: 20%\">\n<col style=\"width: 80%\">\n<\/colgroup>\n  <tr>\n    <td><b>9 :30 \u2013 10 :00<\/b><\/td>\n    <td><i>Accueil<\/i><\/td>\n  <\/tr>\n  <tr>\n    <td colspan=\"2\"><\/i><\/td>\n  <\/tr>\n  <tr>\n    <td><b>10:00 &#8211; 10:05<\/b><\/td>\n    <td><i>Introduction<\/i><\/td>\n  <\/tr>\n  <tr>\n    <td colspan=\"2\"><\/i><\/td>\n  <\/tr>\n  <tr>\n    <td><b>10:05 &#8211; 10:50<\/b><\/td>\n    <td><i>Conf\u00e9rencier Invit\u00e9 : Wafa Tigra<\/i><\/td>\n  <\/tr>\n  <tr>\n    <td colspan=\"2\">Stimulation \u00e9lectrique nerveuse implant\u00e9e et signaux sEMG sus-l\u00e9sionnels pour la restauration s\u00e9lective et le contr\u00f4le de mouvements de main et d\u2019avant-bras chez des patients pr\u00e9sentant une t\u00e9trapl\u00e9gie compl\u00e9t\u00e9<\/i><\/td>\n  <\/tr>\n  <tr>\n    <td colspan=\"2\"><\/i><\/td>\n  <\/tr>\n  <tr>\n    <td><b>10:50 &#8211; 11:10<\/b><\/td>\n    <td><i>Johana Bodard<\/i><\/td>\n  <\/tr>\n  <tr>\n    <td colspan=\"2\">Un comparateur phon\u00e9tique dissym\u00e9trique pour la correction orthographique \u00e0 destination des dyslexiques<\/i><\/td>\n  <\/tr>\n  <tr>\n    <td colspan=\"2\"><\/i><\/td>\n  <\/tr>\n  <tr>\n    <td><b>11:10 &#8211; 11:30<\/b><\/td>\n    <td><i>Pause<\/i><\/td>\n  <\/tr>\n  <tr>\n    <td colspan=\"2\"><\/i><\/td>\n  <\/tr>\n  <tr>\n    <td><b>11:30 &#8211; 11:50<\/b><\/td>\n    <td><i>Guillaume Vailland, Fabien Grzeskowiak, Louise Devigne, Yoren Gaffary, Bastien Fraudet, Emilie Leblong, Florian Nouviale, Fran\u00e7ois Pasteau, Ronan Le Breton, Sylvain Gu\u00e9gan, Val\u00e9rie Gouranton, Bruno Arnaldi, Marie Babel<\/i><\/td>\n  <\/tr>\n  <tr>\n    <td colspan=\"2\">Un simulateur multisensoriel de fauteuil roulant \u00e9lectrique<\/i><\/td>\n  <\/tr>\n  <tr>\n    <td colspan=\"2\"><\/i><\/td>\n  <\/tr>\n  <tr>\n    <td><b>11:50 &#8211; 12:10<\/b><\/td>\n    <td><i>Pierre-Antoine Cucis, Christian Berger-Vachon, Hung Tha\u00ef-Van, Ruben Hermann, St\u00e9phane Gallego, Eric Truy<\/i><\/td>\n  <\/tr>\n  <tr>\n    <td colspan=\"2\">Mise en place d\u2019une m\u00e9thode de mesure de l\u2019acuit\u00e9 fr\u00e9quentielle pour le r\u00e9glage des implants cochl\u00e9aires : \u00e9tude pilote chez le normoentendant<\/i><\/td>\n  <\/tr>\n  <tr>\n    <td colspan=\"2\"><\/i><\/td>\n  <\/tr>\n  <tr>\n    <td><b>12:10 &#8211; 12:30<\/b><\/td>\n    <td><i>Adriana Gomes L. de Souza, Martin Brunotte, Dominique Vincent-Genod, Carole Vuillerot, Guillaume Thomann<\/i><\/td>\n  <\/tr>\n  <tr>\n    <td colspan=\"2\">Design of Game Scenario Applicable to the Assessment of motor function based on MFM<\/i><\/td>\n  <\/tr>\n  <tr>\n    <td colspan=\"2\"><\/i><\/td>\n  <\/tr>\n  <tr>\n    <td><b>13:00 &#8211; 14:30<\/b><\/td>\n    <td><i>Buffet et session posters \u00e0 la Coupole \u2013 Maison de l\u2019\u00e9tudiant<\/i><\/td>\n  <\/tr>\n  <tr>\n    <td colspan=\"2\"><\/i><\/td>\n  <\/tr>\n  <tr>\n    <td><b>14:30 &#8211; 15:15<\/b><\/td>\n    <td><i>Conf\u00e9rencier Invit\u00e9 : Silvio Pagliara<\/i><\/td>\n  <\/tr>\n  <tr>\n    <td colspan=\"2\">Scenarios and perspectives of development of AT-ICT<\/i><\/td>\n  <\/tr>\n  <tr>\n    <td colspan=\"2\"><\/i><\/td>\n  <\/tr>\n  <tr>\n    <td><b>15:15 &#8211; 15:35<\/b><\/td>\n    <td><i>Yeser Meziani, Amine Hadj Abdelkader, Yann Mor\u00e8re, Guy Bourhis, Meryem Karaouz\u00e8ne, Mohammed Benmansour<\/i><\/td>\n  <\/tr>\n  <tr>\n    <td colspan=\"2\">In Search of a Quantiable Shoulder Rehabilitation Measure : Evaluating Movement Kinematics Using an Orthotic Exoskeleton &#8211; Case Study<\/i><\/td>\n  <\/tr>\n  <tr>\n    <td colspan=\"2\"><\/i><\/td>\n  <\/tr>\n  <tr>\n    <td><b>15:35 &#8211; 15:55<\/b><\/td>\n    <td><i>Claire Danet<\/i><\/td>\n  <\/tr>\n  <tr>\n    <td colspan=\"2\">Scripturalit\u00e9 des langues des signes. Point de vue du locuteur<\/i><\/td>\n  <\/tr>\n  <tr>\n    <td colspan=\"2\"><\/i><\/td>\n  <\/tr>\n  <tr>\n    <td><b>15:55 &#8211; 16:15<\/b><\/td>\n    <td><i>Pause<\/i><\/td>\n  <\/tr>\n  <tr>\n    <td colspan=\"2\"><\/i><\/td>\n  <\/tr>\n  <tr>\n    <td><b>16:15 &#8211; 16:35<\/b><\/td>\n    <td><i>Cl\u00e9mence Chassan, Marc S\u00e9v\u00e8ne, Olivier Cras, Dominique Archambault<\/i><\/td>\n  <\/tr>\n  <tr>\n    <td colspan=\"2\">Application Smartphone, scl\u00e9rose en plaques et auto-r\u00e9\u00e9ducation<\/i><\/td>\n  <\/tr>\n  <tr>\n    <td colspan=\"2\"><\/i><\/td>\n  <\/tr>\n  <tr>\n    <td><b>16:35 &#8211; 16:55<\/b><\/td>\n    <td><i>Aya Dernayka, Michel-Ange Amorim, Roger Leroux, Aziz Zogaghi et Ren\u00e9 Farcy<\/i><\/td>\n  <\/tr>\n  <tr>\n    <td colspan=\"2\">Etude pr\u00e9liminaire d&rsquo;un test de mesure de la capacit\u00e9 d&rsquo;une personne \u00e0 franchir un passage sans perception visuelle<\/i><\/td>\n  <\/tr>\n  <tr>\n    <td colspan=\"2\"><\/i><\/td>\n  <\/tr>\n  <tr>\n    <td><b>16:55 &#8211; 17:15<\/b><\/td>\n    <td><i>Corentin Voiseux, Jean-Philippe Mengual<\/i><\/td>\n  <\/tr>\n  <tr>\n    <td colspan=\"2\">L\u2019ordinateur peut-il endosser un r\u00f4le r\u00e9adaptatif pour des personnes \u00e2g\u00e9es devenant d\u00e9ficientes visuelles?<\/i><\/td>\n  <\/tr>\n  <tr>\n    <td colspan=\"2\"><\/i><\/td>\n  <\/tr>\n  <tr>\n    <td><b>17:15 &#8211; 17:30<\/b><\/td>\n    <td><i>Fin de la conf\u00e9rence et remerciements<\/i><\/td>\n  <\/tr>\n<\/table>\n\n\n\n<p>T\u00e9l\u00e9chargez <a href=\"http:\/\/ifrath.fr\/jcjc2019\/wp-content\/uploads\/sites\/9\/2019\/06\/programme.pdf\" target=\"_blank\" rel=\"noreferrer noopener\" aria-label=\"une version PDF du programme (s\u2019ouvre dans un nouvel onglet)\">une version PDF du programme<\/a>.<\/p>\n","protected":false},"excerpt":{"rendered":"<p>Le colloque JCJC\u201919 se d\u00e9roule au premier \u00e9tage du b\u00e2timent B &#8211; Amphi B106. Voir Acc\u00e8s. 9 :30 \u2013 10 :00 Accueil 10:00 &#8211; 10:05 Introduction 10:05 &#8211; 10:50 Conf\u00e9rencier Invit\u00e9 : Wafa Tigra Stimulation \u00e9lectrique nerveuse implant\u00e9e et signaux sEMG sus-l\u00e9sionnels pour la restauration s\u00e9lective et le contr\u00f4le de mouvements de main et d\u2019avant-bras &hellip; <\/p>\n<p><a class=\"more-link btn\" href=\"https:\/\/ifrath.fr\/jcjc2019\/programme\/\">Lire la suite<\/a><\/p>\n","protected":false},"author":23,"featured_media":0,"parent":0,"menu_order":0,"comment_status":"closed","ping_status":"closed","template":"","meta":{"ngg_post_thumbnail":0,"footnotes":""},"class_list":["post-29","page","type-page","status-publish","hentry","nodate","item-wrap"],"_links":{"self":[{"href":"https:\/\/ifrath.fr\/jcjc2019\/wp-json\/wp\/v2\/pages\/29","targetHints":{"allow":["GET"]}}],"collection":[{"href":"https:\/\/ifrath.fr\/jcjc2019\/wp-json\/wp\/v2\/pages"}],"about":[{"href":"https:\/\/ifrath.fr\/jcjc2019\/wp-json\/wp\/v2\/types\/page"}],"author":[{"embeddable":true,"href":"https:\/\/ifrath.fr\/jcjc2019\/wp-json\/wp\/v2\/users\/23"}],"replies":[{"embeddable":true,"href":"https:\/\/ifrath.fr\/jcjc2019\/wp-json\/wp\/v2\/comments?post=29"}],"version-history":[{"count":17,"href":"https:\/\/ifrath.fr\/jcjc2019\/wp-json\/wp\/v2\/pages\/29\/revisions"}],"predecessor-version":[{"id":119,"href":"https:\/\/ifrath.fr\/jcjc2019\/wp-json\/wp\/v2\/pages\/29\/revisions\/119"}],"wp:attachment":[{"href":"https:\/\/ifrath.fr\/jcjc2019\/wp-json\/wp\/v2\/media?parent=29"}],"curies":[{"name":"wp","href":"https:\/\/api.w.org\/{rel}","templated":true}]}}