{"id":25,"date":"2019-01-16T20:36:22","date_gmt":"2019-01-16T19:36:22","guid":{"rendered":"http:\/\/ifrath.fr\/jcjc2019\/?page_id=25"},"modified":"2019-02-05T10:26:58","modified_gmt":"2019-02-05T09:26:58","slug":"comites","status":"publish","type":"page","link":"https:\/\/ifrath.fr\/jcjc2019\/comites\/","title":{"rendered":"Comit\u00e9s"},"content":{"rendered":"\n<p><\/p>\n\n\n\n<p><strong>Comit\u00e9 Scientifique<br><\/strong><\/p>\n\n\n\n<p> G\u00e9rard UZAN (Universit\u00e9 Paris 8), Pr\u00e9sident de l\u2019IFRATH <br> Salvatore ANZALONE (Universit\u00e9 Paris 8)<br> Dominique ARCHAMBAULT (Universit\u00e9 Paris 8)<br> Farah ARAB (Universit\u00e9 Paris 8)<br> Christian BERGER-VACHON (Universit\u00e9 Lyon 1)<br> Fr\u00e9d\u00e9ric BOUSEFSAF (Universit\u00e9 de Lorraine)<br> Guy BOURHIS (Universit\u00e9 de Lorraine)<br> Fran\u00e7ois CABESTAING (Universit\u00e9 Lille 1)<br> Etienne COLLE (Universit\u00e9 Evry)<br> Beno\u00eet ENCELLE (Universit\u00e9 Lyon 1)<br> Pierre GAUCHER (Universit\u00e9 de Tours)<br> Karine GROS (UPEC)<br> C\u00e9line JOST (Universit\u00e9 Paris 8)<br> Christophe JOUFFRAIS (CNRS-IRIT)<br> Jaime LOPEZ-KRAHE (Universit\u00e9 Paris 8)<br> Yann MORERE (Universit\u00e9 de Lorraine)<br> Antonio PINTI (Universit\u00e9 Valenciennes)<br> Alain PRUSKI (Universit\u00e9 de Lorraine)<br> Karim SEHABA (LIRIS-CNRS)<br> Mohand SLIMANE (Universit\u00e9 de Tours)<br> Guillaume THOMANN (INP Grenoble)<br> Isis TRUCK (Universit\u00e9 Paris 8)<br><\/p>\n\n\n\n<p><strong>Comit\u00e9 d\u2019Organisation (Universit\u00e9 Paris 8)<\/strong><br> Salvatore M. ANZALONE<br> Dominique ARCHAMBAULT<br> Johana BODARD<br> C\u00e9line JOST<br> Isis TRUCK<br> G\u00e9rard UZAN <\/p>\n","protected":false},"excerpt":{"rendered":"<p>Comit\u00e9 Scientifique G\u00e9rard UZAN (Universit\u00e9 Paris 8), Pr\u00e9sident de l\u2019IFRATH Salvatore ANZALONE (Universit\u00e9 Paris 8) Dominique ARCHAMBAULT (Universit\u00e9 Paris 8) Farah ARAB (Universit\u00e9 Paris 8) Christian BERGER-VACHON (Universit\u00e9 Lyon 1) Fr\u00e9d\u00e9ric BOUSEFSAF (Universit\u00e9 de Lorraine) Guy BOURHIS (Universit\u00e9 de Lorraine) Fran\u00e7ois CABESTAING (Universit\u00e9 Lille 1) Etienne COLLE (Universit\u00e9 Evry) Beno\u00eet ENCELLE (Universit\u00e9 Lyon 1) Pierre &hellip; <\/p>\n<p><a class=\"more-link btn\" href=\"https:\/\/ifrath.fr\/jcjc2019\/comites\/\">Lire la suite<\/a><\/p>\n","protected":false},"author":23,"featured_media":0,"parent":0,"menu_order":0,"comment_status":"closed","ping_status":"closed","template":"","meta":{"ngg_post_thumbnail":0,"footnotes":""},"class_list":["post-25","page","type-page","status-publish","hentry","nodate","item-wrap"],"_links":{"self":[{"href":"https:\/\/ifrath.fr\/jcjc2019\/wp-json\/wp\/v2\/pages\/25","targetHints":{"allow":["GET"]}}],"collection":[{"href":"https:\/\/ifrath.fr\/jcjc2019\/wp-json\/wp\/v2\/pages"}],"about":[{"href":"https:\/\/ifrath.fr\/jcjc2019\/wp-json\/wp\/v2\/types\/page"}],"author":[{"embeddable":true,"href":"https:\/\/ifrath.fr\/jcjc2019\/wp-json\/wp\/v2\/users\/23"}],"replies":[{"embeddable":true,"href":"https:\/\/ifrath.fr\/jcjc2019\/wp-json\/wp\/v2\/comments?post=25"}],"version-history":[{"count":5,"href":"https:\/\/ifrath.fr\/jcjc2019\/wp-json\/wp\/v2\/pages\/25\/revisions"}],"predecessor-version":[{"id":77,"href":"https:\/\/ifrath.fr\/jcjc2019\/wp-json\/wp\/v2\/pages\/25\/revisions\/77"}],"wp:attachment":[{"href":"https:\/\/ifrath.fr\/jcjc2019\/wp-json\/wp\/v2\/media?parent=25"}],"curies":[{"name":"wp","href":"https:\/\/api.w.org\/{rel}","templated":true}]}}