{"id":32,"date":"2016-10-12T10:32:33","date_gmt":"2016-10-12T08:32:33","guid":{"rendered":"http:\/\/ifrath.fr\/jcjc2017\/?page_id=32"},"modified":"2017-06-02T17:28:43","modified_gmt":"2017-06-02T15:28:43","slug":"programme-de-la-journee","status":"publish","type":"page","link":"https:\/\/ifrath.fr\/jcjc2017\/programme-de-la-journee\/","title":{"rendered":"Programme de la journ\u00e9e"},"content":{"rendered":"<p><span style=\"color: #6fc600;font-weight: bold;font-size: 1.5em\">Jeudi 8\u00a0juin 2017 (B\u00e2timent D, Amphi D003)<br \/>\n<\/span><\/p>\n<div><\/div>\n<p><em>Les inscriptions sont gratuites jusqu&rsquo;\u00e0 5 participants par institution. Au del\u00e0 de 5 participants, il sera demand\u00e9 une participation financi\u00e8re de 50 euros par participant pour couvrir les frais d&rsquo;alimentation.<\/em><\/p>\n<p>&nbsp;<\/p>\n<p>9h00 &#8211; Accueil des participants (inscriptions, caf\u00e9 d&rsquo;accueil)<\/p>\n<p>10h00 &#8211; Ouverture du colloque JCJC 2017<\/p>\n<p>&nbsp;<\/p>\n<p>10h15 &#8211; <strong>Conf\u00e9rence invit\u00e9e 1.<\/strong> Nicolas Monmarch\u00e9, Universit\u00e9 de Tours \u00ab\u00a0Voyage chez les fourmis artificielles\u00a0\u00bb<\/p>\n<p><i>Mod\u00e9rateur: <\/i><i>Jaime Lopez-<\/i><i>Krahe<\/i> <i>(Universit\u00e9 Paris 8)<\/i><\/p>\n<p>&nbsp;<\/p>\n<p>10h45 &#8211; <strong>Session 1: Processus handicapants et antidotes<\/strong><\/p>\n<p><i>Mod\u00e9rateur: <\/i><i>Alain <\/i><i>Pruski<\/i> <i>(Universit\u00e9 de Lorraine)<\/i><\/p>\n<ul>\n<li><i>Ir\u00e9n\u00e9 Lopez-Fontana, Carole <\/i><i>Castanier<\/i><i>, Christine Le <\/i><i>Scanff<\/i><i>, Alexandra Perrot &#8211; <\/i>Impact de l&rsquo;activit\u00e9 physique r\u00e9cente et \u00e0 long terme sur le d\u00e9clin cognitif li\u00e9 \u00e0 l&rsquo;\u00e2ge et effet mod\u00e9rateur du sexe<\/li>\n<li><i>Julie <\/i><i>Golliot<\/i><i>, Alexandre <\/i><i>Abellard<\/i><i>, Michel <\/i><i>Durampart<\/i><i>, Cathy Herrera, Elodie <\/i><i>Fontugne<\/i><i>, Mich\u00e8le <\/i><i>Timsit<\/i><i> &#8211; <\/i>Un Serious Game Comme Nouvel Outil de R\u00e9\u00e9ducation du Syndrome Dysex\u00e9cutif<\/li>\n<li><i>Yingying<\/i><i> Ge &#8211; <\/i>Langues alphab\u00e9tiques et logographiques: tous \u00e9gaux face \u00e0 la dyslexie\u00a0?<\/li>\n<\/ul>\n<p>&nbsp;<\/p>\n<p>11h45 &#8211; <strong>Conf\u00e9rence invit\u00e9e 2.<\/strong> Coralie Villa. Laur\u00e9ate du Prix de th\u00e8se <i>ex aequo <\/i>IFRATH 2015<\/p>\n<p><i>Mod\u00e9rateur: <\/i><i>Alain <\/i><i>Pruski<\/i> <i>(Universit\u00e9 de Lorraine)<\/i><\/p>\n<p>&nbsp;<\/p>\n<p>12h15 &#8211; Repas-Buffet <span style=\"color: #99cc00\">(B\u00e2timent C, Salle C102bis)<\/span><\/p>\n<p>&nbsp;<\/p>\n<p>13h45 &#8211; <strong>Conf\u00e9rence invit\u00e9e 3.<\/strong> Yoann Bonavero. Laur\u00e9at du Prix de th\u00e8se <i>ex aequo <\/i>IFRATH 2015<\/p>\n<p><i>Mod\u00e9rateur: <\/i><i>Christian<\/i><i> Berger-Vachon<\/i> <i>(Universit\u00e9 Claude Bernard-Lyon<\/i><i> 1<\/i><i>)<\/i><\/p>\n<p>&nbsp;<\/p>\n<p>14h15 &#8211; <strong>Session 2: Acc\u00e8s \u00e0 l\u2019information complexe<\/strong><\/p>\n<p><i>Mod\u00e9rateur: <\/i><b><i>Christian<\/i><\/b><b><i> Berger-Vachon<\/i><\/b> <i>(Universit\u00e9 Claude Bernard-Lyon<\/i><i> 1<\/i><i>)<\/i><\/p>\n<ul>\n<li><i>Adrien Morel de <\/i><i>Villepoix<\/i><i> &#8211;<\/i> Les \u00e9toiles entre nos mains\u00a0: une innovation d\u2019accessibilit\u00e9 handicap dans les champs associatifs et d&rsquo;\u00e9ducation populaire\u00a0?<\/li>\n<li><i>Andr\u00e9 <\/i><i>Kiener<\/i><i>, Patrick <\/i><i>Abellard<\/i><i>, Michel Garnier &#8211; <\/i>Interface de Lecture de Cartes pour Joueur Malvoyant<\/li>\n<li><i>Let\u00edcia<\/i> <i>Seixas<\/i><i> Pereira, Dominique Archambault &#8211; <\/i>Diff\u00e9rences d\u2019acc\u00e8s des widgets web rencontr\u00e9es par des personnes ayant diff\u00e9rents types de handicap<\/li>\n<\/ul>\n<p>&nbsp;<\/p>\n<p>15h15 &#8211; Pause<\/p>\n<p>&nbsp;<\/p>\n<p>15h30 &#8211; <b>Session 3: <\/b><b>Granularit\u00e9s technologiques\u00a0: \u00e9lectrodes, logiciels et simulateurs<\/b><\/p>\n<p><i>Mod\u00e9rateur: <\/i><i>Mohamed Slimane <\/i><i>(Pr\u00e9sident<\/i><i> de l\u2019IFRATH \u2013 Universit\u00e9 de Tours<\/i><i>)<\/i><\/p>\n<ul>\n<li><i>Pierre-Antoine <\/i><i>Cucis<\/i><i>, Christian Berger-Vachon, <\/i><i>Eric<\/i> <i>Truy<\/i><i>, St\u00e9phane <\/i><i>Gallego<\/i> &#8211; Implant Cochl\u00e9aire : Codage et Interaction de Voisinage entre les Electrodes<\/li>\n<li><i>Nicoleta<\/i> <i>Petroiu<\/i><i>, Serge <\/i><i>Portalier<\/i> &#8211; Implantation des nouvelles m\u00e9thodes et techniques dans l\u2019apprentissage des \u00e9l\u00e8ves sourds et malentendants<\/li>\n<li><i>Louise <\/i><i>Devigne<\/i><i>, Marie Babel, Florian <\/i><i>Nouviale<\/i><i>, Fran\u00e7ois <\/i><i>Pasteau<\/i><i>, Aline Baudry, Philippe Gallien <\/i>&#8211; Conception d&rsquo;un simulateur immersif pour la conduite assist\u00e9e de fauteuil roulant \u00e9lectrique<\/li>\n<\/ul>\n<p>&nbsp;<\/p>\n<p>16h30 &#8211; Remise du prix IFRATH-KAELIS 2016 et cl\u00f4ture de la conf\u00e9rence JCJC<\/p>\n<p>17h00 &#8211; Visite de la Basilique-Cath\u00e9drale de Saint-Denis<\/p>\n<p>19h00: D\u00eener (\u00e0 proximit\u00e9 de la Basilique)<\/p>\n<p>&nbsp;<\/p>\n<p><i>Le colloque JCJC 2017 se d\u00e9roule en parall\u00e8le du 9<\/i><i>\u00e8me<\/i><i> Challenge Handicap et <\/i><i>Technologies (CHT\u201917). <\/i>Plus d&rsquo;informations sur le CHT&rsquo;17 \u00e0 l&rsquo;adresse suivante: <a href=\"http:\/\/ifrath.fr\/challengeht\/\">http:\/\/ifrath.fr\/challengeht\/<\/a><\/p>\n<p><i> <\/i>T\u00e9l\u00e9chargez le programme d\u00e9taill\u00e9 du colloque JCJC&rsquo;17 et du CHT&rsquo;17 <a href=\"http:\/\/ifrath.fr\/jcjc2017\/wp-content\/uploads\/sites\/7\/2017\/06\/Programme-JCJC-et-CHT-2017.pdf\">ici<\/a>.<\/p>\n","protected":false},"excerpt":{"rendered":"<p>Jeudi 8\u00a0juin 2017 (B\u00e2timent D, Amphi D003) Les inscriptions sont gratuites jusqu&rsquo;\u00e0 5 participants par institution. Au del\u00e0 de 5 participants, il sera demand\u00e9 une participation financi\u00e8re de 50 euros par participant pour couvrir les frais d&rsquo;alimentation. &nbsp; 9h00 &#8211; Accueil des participants (inscriptions, caf\u00e9 d&rsquo;accueil) 10h00 &#8211; Ouverture du colloque JCJC 2017 &nbsp; 10h15 &hellip; <\/p>\n<p><a class=\"more-link btn\" href=\"https:\/\/ifrath.fr\/jcjc2017\/programme-de-la-journee\/\">Lire la suite<\/a><\/p>\n","protected":false},"author":11,"featured_media":0,"parent":0,"menu_order":5,"comment_status":"closed","ping_status":"closed","template":"","meta":{"footnotes":""},"class_list":["post-32","page","type-page","status-publish","hentry","nodate","item-wrap"],"_links":{"self":[{"href":"https:\/\/ifrath.fr\/jcjc2017\/wp-json\/wp\/v2\/pages\/32","targetHints":{"allow":["GET"]}}],"collection":[{"href":"https:\/\/ifrath.fr\/jcjc2017\/wp-json\/wp\/v2\/pages"}],"about":[{"href":"https:\/\/ifrath.fr\/jcjc2017\/wp-json\/wp\/v2\/types\/page"}],"author":[{"embeddable":true,"href":"https:\/\/ifrath.fr\/jcjc2017\/wp-json\/wp\/v2\/users\/11"}],"replies":[{"embeddable":true,"href":"https:\/\/ifrath.fr\/jcjc2017\/wp-json\/wp\/v2\/comments?post=32"}],"version-history":[{"count":17,"href":"https:\/\/ifrath.fr\/jcjc2017\/wp-json\/wp\/v2\/pages\/32\/revisions"}],"predecessor-version":[{"id":159,"href":"https:\/\/ifrath.fr\/jcjc2017\/wp-json\/wp\/v2\/pages\/32\/revisions\/159"}],"wp:attachment":[{"href":"https:\/\/ifrath.fr\/jcjc2017\/wp-json\/wp\/v2\/media?parent=32"}],"curies":[{"name":"wp","href":"https:\/\/api.w.org\/{rel}","templated":true}]}}