{"id":30,"date":"2016-10-12T10:32:21","date_gmt":"2016-10-12T08:32:21","guid":{"rendered":"http:\/\/ifrath.fr\/jcjc2017\/?page_id=30"},"modified":"2017-06-02T18:06:25","modified_gmt":"2017-06-02T16:06:25","slug":"acces","status":"publish","type":"page","link":"https:\/\/ifrath.fr\/jcjc2017\/acces\/","title":{"rendered":"Acc\u00e8s"},"content":{"rendered":"<p><span class=\"spiptmceInsert\">Le site principal de l\u2019universit\u00e9 Paris 8 est situ\u00e9 \u00e0 Saint-Denis.<\/span><\/p>\n<ul>\n<li>Entr\u00e9e de l\u2019Universit\u00e9\u00a0: rue Guynemer (face au m\u00e9tro Ligne 13, Station \u00ab\u00a0Saint-Denis Universit\u00e9)<\/li>\n<li>Adresse postale\u00a0: 2 rue de la Libert\u00e9 &#8211; 93526 Saint-Denis cedex<\/li>\n<\/ul>\n<p>Le colloque JCJC&rsquo;17 se d\u00e9roule au <span style=\"color: #99cc00\">rez-de-chauss\u00e9e du b\u00e2timent D (Amphi D003)<\/span>.<\/p>\n<p><a href=\"http:\/\/ifrath.fr\/jcjc2015\/wp-content\/uploads\/sites\/4\/2015\/06\/jpg_plan-batiments-paris8.jpg\"><img loading=\"lazy\" decoding=\"async\" class=\"alignnone size-medium wp-image-119\" src=\"http:\/\/ifrath.fr\/jcjc2015\/wp-content\/uploads\/sites\/4\/2015\/06\/jpg_plan-batiments-paris8-300x146.jpg\" alt=\"Plan des b\u00e2timents de l'universit\u00e9 Paris 8\" width=\"300\" height=\"146\" \/><\/a><em>\u00a0 <\/em><\/p>\n<p><em>(Cliquez sur l&rsquo;image pour l&rsquo;agrandir)<\/em><\/p>\n<h3>Moyens d\u2019acc\u00e8s au site principal de l\u2019universit\u00e9<\/h3>\n<h4><span style=\"color: #00ff00\"><strong><span style=\"color: #99cc00\">Par le m\u00e9tro<\/span> <\/strong><\/span><\/h4>\n<ul>\n<li><strong>Ligne 13<\/strong>, Ch\u00e2tillon Montrouge &#8211; Saint-Denis Universit\u00e9, arr\u00eat Saint-Denis Universit\u00e9. Attention, deux directions sont possibles (1 m\u00e9tro sur 2 va \u00e0 Saint-Denis Universit\u00e9). Il suffit ensuite de descendre au terminus.<br \/>\nL&rsquo;entr\u00e9e de l&rsquo;universit\u00e9 est en face de la sortie du m\u00e9tro.<\/li>\n<\/ul>\n<h4><strong><span style=\"color: #99cc00\">Par le tramway<\/span> <\/strong><\/h4>\n<ul>\n<li><strong>Ligne 1<\/strong>, St-Denis RER\/SNCF &#8211; Noisy-le-Sec RER, arr\u00eat March\u00e9 de Saint-Denis puis bus 255, arr\u00eat Saint-Denis Universit\u00e9 ou arr\u00eat Saint-Denis Basilique, puis m\u00e9tro ligne 13, arr\u00eat Saint-Denis Universit\u00e9<\/li>\n<li><strong>Ligne 5<\/strong>, Garges-Sarcelles RER\/SNCF &#8211; March\u00e9 de Saint-Denis, arr\u00eat Guynemer, puis prendre rue Guynemer \u00e0 pied pendant 5 min<\/li>\n<\/ul>\n<h4><strong><span style=\"color: #99cc00\">Par le train et le RER<\/span> <\/strong><\/h4>\n<ul>\n<li>Ligne de <strong>Paris-Nord<\/strong>, arr\u00eat Gare de Saint-Denis, correspondance avec la ligne d\u2019autobus 255, arr\u00eat Saint-Denis Universit\u00e9<\/li>\n<li><strong>RER D<\/strong>, Melun\/Malesherbes &#8211; Orry-la-Ville, arr\u00eat Gare de St-Denis, correspondance avec la ligne d\u2019autobus 255, arr\u00eat Saint-Denis Universit\u00e9<\/li>\n<\/ul>\n<h4><strong><span style=\"color: #99cc00\">Par la route<\/span> <\/strong><\/h4>\n<ul>\n<li><strong>De Paris<\/strong>\u00a0: autoroute A1 (dite du Nord) \u00e0 la Porte de la Chapelle, sortie n\u00b0\u00a03 direction Saint-Denis Universit\u00e9s &#8211; Pierrefitte\u00a0; apr\u00e8s le 4<sup class=\"typo_exposants\">e<\/sup> feu tricolore, prendre la bretelle \u00e0 droite direction Stains &#8211; Saint-Denis Universit\u00e9s &#8211; V\u00e9lodrome<\/li>\n<li><strong>De Lille <\/strong>\u00a0: autoroute A1, sortie Saint-Denis, puis sortie St-Denis Universit\u00e9s &#8211; Pierrefitte &#8211; Villetaneuse<\/li>\n<li><strong>De Beauvais<\/strong>\u00a0: Nationale 1, sortie Saint-Denis Universit\u00e9s<\/li>\n<\/ul>\n<h4><strong><span style=\"color: #99cc00\">Par l\u2019autobus<\/span> <\/strong><\/h4>\n<ul>\n<li>Arr\u00eat Saint-Denis Universit\u00e9\n<ul>\n<li>ligne 11 (CIF), Goussainville &#8211; St-Denis Porte de Paris<\/li>\n<li>ligne 253, Mairie de Stains &#8211; La Plaine &#8211; Stade de France<\/li>\n<li>ligne 254, Mairie de Montmagny &#8211; Porte de Paris M\u00e9tro<\/li>\n<li>ligne 255, Porte de Clignancourt &#8211; Stains les Pr\u00e9voyants<\/li>\n<li>ligne 256, Gare d\u2019Enghien &#8211; St-Denis Universit\u00e9<\/li>\n<li>ligne 268, Villiers-le-Bel RER &#8211; St-Denis Universit\u00e9<\/li>\n<li>ligne 356, Deuil-la-Barre Les Mortefontaines &#8211; St-Denis Universit\u00e9<\/li>\n<li>ligne 361, Gare d\u2019Argenteuil &#8211; St-Denis Universit\u00e9<\/li>\n<li>ligne 361 N, Gare de St-Denis &#8211; St-Denis Universit\u00e9<\/li>\n<\/ul>\n<\/li>\n<li>Arr\u00eat Roger S\u00e9mat\n<ul>\n<li>ligne 256, Gare d\u2019Enghien &#8211; St-Denis Universit\u00e9<\/li>\n<\/ul>\n<\/li>\n<li>Arr\u00eat Gare de Saint-Denis, correspondance avec le bus 255, arr\u00eat Saint-Denis Universit\u00e9\n<ul>\n<li>ligne 154, Gare d\u2019Enghien-les-Bains &#8211; Saint-Denis Porte de Paris<\/li>\n<\/ul>\n<\/li>\n<\/ul>\n","protected":false},"excerpt":{"rendered":"<p>Le site principal de l\u2019universit\u00e9 Paris 8 est situ\u00e9 \u00e0 Saint-Denis. Entr\u00e9e de l\u2019Universit\u00e9\u00a0: rue Guynemer (face au m\u00e9tro Ligne 13, Station \u00ab\u00a0Saint-Denis Universit\u00e9) Adresse postale\u00a0: 2 rue de la Libert\u00e9 &#8211; 93526 Saint-Denis cedex Le colloque JCJC&rsquo;17 se d\u00e9roule au rez-de-chauss\u00e9e du b\u00e2timent D (Amphi D003). \u00a0 (Cliquez sur l&rsquo;image pour l&rsquo;agrandir) Moyens d\u2019acc\u00e8s &hellip; <\/p>\n<p><a class=\"more-link btn\" href=\"https:\/\/ifrath.fr\/jcjc2017\/acces\/\">Lire la suite<\/a><\/p>\n","protected":false},"author":11,"featured_media":0,"parent":0,"menu_order":7,"comment_status":"closed","ping_status":"closed","template":"","meta":{"footnotes":""},"class_list":["post-30","page","type-page","status-publish","hentry","nodate","item-wrap"],"_links":{"self":[{"href":"https:\/\/ifrath.fr\/jcjc2017\/wp-json\/wp\/v2\/pages\/30","targetHints":{"allow":["GET"]}}],"collection":[{"href":"https:\/\/ifrath.fr\/jcjc2017\/wp-json\/wp\/v2\/pages"}],"about":[{"href":"https:\/\/ifrath.fr\/jcjc2017\/wp-json\/wp\/v2\/types\/page"}],"author":[{"embeddable":true,"href":"https:\/\/ifrath.fr\/jcjc2017\/wp-json\/wp\/v2\/users\/11"}],"replies":[{"embeddable":true,"href":"https:\/\/ifrath.fr\/jcjc2017\/wp-json\/wp\/v2\/comments?post=30"}],"version-history":[{"count":13,"href":"https:\/\/ifrath.fr\/jcjc2017\/wp-json\/wp\/v2\/pages\/30\/revisions"}],"predecessor-version":[{"id":162,"href":"https:\/\/ifrath.fr\/jcjc2017\/wp-json\/wp\/v2\/pages\/30\/revisions\/162"}],"wp:attachment":[{"href":"https:\/\/ifrath.fr\/jcjc2017\/wp-json\/wp\/v2\/media?parent=30"}],"curies":[{"name":"wp","href":"https:\/\/api.w.org\/{rel}","templated":true}]}}