{"id":28,"date":"2016-10-12T10:32:09","date_gmt":"2016-10-12T08:32:09","guid":{"rendered":"http:\/\/ifrath.fr\/jcjc2017\/?page_id=28"},"modified":"2017-06-02T15:24:41","modified_gmt":"2017-06-02T13:24:41","slug":"comites","status":"publish","type":"page","link":"https:\/\/ifrath.fr\/jcjc2017\/comites\/","title":{"rendered":"Comit\u00e9s"},"content":{"rendered":"<h2>Comit\u00e9 Scientifique<\/h2>\n<p>Mohamed SLIMANE (Universit\u00e9 de Tours), Pr\u00e9sident de l\u2019IFRATH<br \/>\nSalvatore ANZALONE\u00a0 (Universit\u00e9 Paris 8)<br \/>\nDominique ARCHAMBAULT (Universit\u00e9 Paris 8)<br \/>\nChristian BERGER-VACHON (Universit\u00e9 Lyon 1)<br \/>\nGuy BOURHIS (Universit\u00e9 Metz)<br \/>\nFran\u00e7ois CABESTAING (Universit\u00e9 Lille 1)<br \/>\nEtienne COLLE (Universit\u00e9 Evry)<br \/>\nBeno\u00eet ENCELLE (Universit\u00e9 Lyon 1)<br \/>\nPierre GAUCHER (Universit\u00e9 de Tours)<br \/>\nKarine GROS (UPEC)<br \/>\nC\u00e9line JOST (Universit\u00e9 Paris 8)<br \/>\nChristophe JOUFFRAIS (CNRS-IRIT)<br \/>\nJaime LOPEZ-KRAHE (Universit\u00e9 Paris 8)<br \/>\nAntonio PINTI (Universit\u00e9 Valenciennes)<br \/>\nAlain PRUSKI (Universit\u00e9 Metz)<br \/>\nKarim SEHABA (LIRIS-CNRS)<br \/>\nGuillaume THOMANN (INP Grenoble)<br \/>\nIsis TRUCK (Universit\u00e9 Paris 8)<br \/>\nG\u00e9rard UZAN (Universit\u00e9 Paris 8)<\/p>\n<h2>Comit\u00e9 d\u2019Organisation (Universit\u00e9 Paris 8)<\/h2>\n<p>C\u00e9line JOST (pr\u00e9sidente)<br \/>\nFarah ARAB (co-pr\u00e9sidente)<\/p>\n<p>Dominique ARCHAMBAULT<br \/>\nJohana BODARD<br \/>\nClaire GEERAERTS<br \/>\nSaber HENI<br \/>\nJaime LOPEZ-KRAHE<br \/>\nAdrien MOREL DE VILLEPOIX<br \/>\nElka PARVANOVA<br \/>\nSubha PEROUMAL<br \/>\nRui ROSA<br \/>\nM&rsquo;Ballo SECK<br \/>\nMohamed SLIMANE<br \/>\nIsis TRUCK<br \/>\nG\u00e9rard UZAN<\/p>\n","protected":false},"excerpt":{"rendered":"<p>Comit\u00e9 Scientifique Mohamed SLIMANE (Universit\u00e9 de Tours), Pr\u00e9sident de l\u2019IFRATH Salvatore ANZALONE\u00a0 (Universit\u00e9 Paris 8) Dominique ARCHAMBAULT (Universit\u00e9 Paris 8) Christian BERGER-VACHON (Universit\u00e9 Lyon 1) Guy BOURHIS (Universit\u00e9 Metz) Fran\u00e7ois CABESTAING (Universit\u00e9 Lille 1) Etienne COLLE (Universit\u00e9 Evry) Beno\u00eet ENCELLE (Universit\u00e9 Lyon 1) Pierre GAUCHER (Universit\u00e9 de Tours) Karine GROS (UPEC) C\u00e9line JOST (Universit\u00e9 Paris &hellip; <\/p>\n<p><a class=\"more-link btn\" href=\"https:\/\/ifrath.fr\/jcjc2017\/comites\/\">Lire la suite<\/a><\/p>\n","protected":false},"author":11,"featured_media":0,"parent":0,"menu_order":4,"comment_status":"closed","ping_status":"closed","template":"","meta":{"footnotes":""},"class_list":["post-28","page","type-page","status-publish","hentry","nodate","item-wrap"],"_links":{"self":[{"href":"https:\/\/ifrath.fr\/jcjc2017\/wp-json\/wp\/v2\/pages\/28","targetHints":{"allow":["GET"]}}],"collection":[{"href":"https:\/\/ifrath.fr\/jcjc2017\/wp-json\/wp\/v2\/pages"}],"about":[{"href":"https:\/\/ifrath.fr\/jcjc2017\/wp-json\/wp\/v2\/types\/page"}],"author":[{"embeddable":true,"href":"https:\/\/ifrath.fr\/jcjc2017\/wp-json\/wp\/v2\/users\/11"}],"replies":[{"embeddable":true,"href":"https:\/\/ifrath.fr\/jcjc2017\/wp-json\/wp\/v2\/comments?post=28"}],"version-history":[{"count":9,"href":"https:\/\/ifrath.fr\/jcjc2017\/wp-json\/wp\/v2\/pages\/28\/revisions"}],"predecessor-version":[{"id":105,"href":"https:\/\/ifrath.fr\/jcjc2017\/wp-json\/wp\/v2\/pages\/28\/revisions\/105"}],"wp:attachment":[{"href":"https:\/\/ifrath.fr\/jcjc2017\/wp-json\/wp\/v2\/media?parent=28"}],"curies":[{"name":"wp","href":"https:\/\/api.w.org\/{rel}","templated":true}]}}