{"id":26,"date":"2016-10-12T10:33:14","date_gmt":"2016-10-12T08:33:14","guid":{"rendered":"http:\/\/ifrath.fr\/jcjc2017\/?page_id=26"},"modified":"2017-04-19T18:44:11","modified_gmt":"2017-04-19T16:44:11","slug":"soumissions","status":"publish","type":"page","link":"https:\/\/ifrath.fr\/jcjc2017\/soumissions\/","title":{"rendered":"Soumissions"},"content":{"rendered":"<p>Les candidats sont invit\u00e9s \u00e0 soumettre un article de 6 pages maximum, dont la th\u00e9matique doit \u00eatre dans la liste annonc\u00e9e sur cette <a href=\"http:\/\/ifrath.fr\/jcjc2017\/themes\/\">page<\/a>. La version finale de l&rsquo;article pourra contenir plus de 6 pages.<br \/>\nLa langue du colloque est le fran\u00e7ais, toutefois les r\u00e9sum\u00e9s et articles en anglais sont admis.<\/p>\n<p>Les soumissions sont \u00e0 envoyer via le site easychair :\u00a0<a href=\"https:\/\/easychair.org\/conferences\/?conf=jcjc2017\">https:\/\/easychair.org\/conferences\/?conf=jcjc2017<\/a><\/p>\n<h2>Format des articles, mod\u00e8les \u00e0 t\u00e9l\u00e9charger<\/h2>\n<p>Les articles doivent \u00eatre envoy\u00e9s en format PDF accessibles.<\/p>\n<p>Les mod\u00e8les sont\u00a0fournis \u00e0 l&rsquo;adresse <a href=\"http:\/\/www.easychair.org\/publications\/?page=1594225690\">http:\/\/www.easychair.org\/publications\/?page=1594225690<\/a>\u00a0(pour Microsoft Word, Libre Office et LaTeX).<\/p>\n<p>Concernant le mod\u00e8le LaTeX, il faut partir du fichier <span style=\"color: #fff;font-weight: bold;font-family: monospace\">easychair.tex<\/span> fourni, mais il faut retirer la table des mati\u00e8res de la premi\u00e8re page, c&rsquo;est-\u00e0-dire qu&rsquo;il faut retirer les 3 lignes suivantes :<br \/>\n<span style=\"color: #fff;font-weight: bold;font-family: monospace\">\\setcounter{tocdepth}{2}<br \/>\n{\\small<br \/>\n\\tableofcontents}<\/span><\/p>\n<p>En cas de probl\u00e8me, vous pouvez contacter <span style=\"color: #6fc600;font-weight: bold;font-family: monospace\">celine point jost\u00a0at univ-paris8 point fr<\/span><\/p>\n","protected":false},"excerpt":{"rendered":"<p>Les candidats sont invit\u00e9s \u00e0 soumettre un article de 6 pages maximum, dont la th\u00e9matique doit \u00eatre dans la liste annonc\u00e9e sur cette page. La version finale de l&rsquo;article pourra contenir plus de 6 pages. La langue du colloque est le fran\u00e7ais, toutefois les r\u00e9sum\u00e9s et articles en anglais sont admis. Les soumissions sont \u00e0 &hellip; <\/p>\n<p><a class=\"more-link btn\" href=\"https:\/\/ifrath.fr\/jcjc2017\/soumissions\/\">Lire la suite<\/a><\/p>\n","protected":false},"author":11,"featured_media":0,"parent":0,"menu_order":6,"comment_status":"closed","ping_status":"closed","template":"","meta":{"footnotes":""},"class_list":["post-26","page","type-page","status-publish","hentry","nodate","item-wrap"],"_links":{"self":[{"href":"https:\/\/ifrath.fr\/jcjc2017\/wp-json\/wp\/v2\/pages\/26","targetHints":{"allow":["GET"]}}],"collection":[{"href":"https:\/\/ifrath.fr\/jcjc2017\/wp-json\/wp\/v2\/pages"}],"about":[{"href":"https:\/\/ifrath.fr\/jcjc2017\/wp-json\/wp\/v2\/types\/page"}],"author":[{"embeddable":true,"href":"https:\/\/ifrath.fr\/jcjc2017\/wp-json\/wp\/v2\/users\/11"}],"replies":[{"embeddable":true,"href":"https:\/\/ifrath.fr\/jcjc2017\/wp-json\/wp\/v2\/comments?post=26"}],"version-history":[{"count":6,"href":"https:\/\/ifrath.fr\/jcjc2017\/wp-json\/wp\/v2\/pages\/26\/revisions"}],"predecessor-version":[{"id":64,"href":"https:\/\/ifrath.fr\/jcjc2017\/wp-json\/wp\/v2\/pages\/26\/revisions\/64"}],"wp:attachment":[{"href":"https:\/\/ifrath.fr\/jcjc2017\/wp-json\/wp\/v2\/media?parent=26"}],"curies":[{"name":"wp","href":"https:\/\/api.w.org\/{rel}","templated":true}]}}