{"id":19,"date":"2016-10-12T10:32:50","date_gmt":"2016-10-12T08:32:50","guid":{"rendered":"http:\/\/ifrath.fr\/jcjc2017\/?page_id=19"},"modified":"2017-06-02T16:20:48","modified_gmt":"2017-06-02T14:20:48","slug":"colloques-precedents","status":"publish","type":"page","link":"https:\/\/ifrath.fr\/jcjc2017\/colloques-precedents\/","title":{"rendered":"Ev\u00e9nements pass\u00e9s"},"content":{"rendered":"<p>L\u2019IFRATH (Institut F\u00e9d\u00e9ratif de Recherche sur les Aides Techniques) pour personnes handicap\u00e9es organise tous les deux ans le colloque <em>Jeunes Chercheuses, Jeunes Chercheurs (JCJC)<\/em>.<\/p>\n<p>Vous pouvez consulter les pages des pr\u00e9c\u00e9dents colloques JCJC :<\/p>\n<ul>\n<li><a href=\"http:\/\/ifrath.fr\/jcjc2015\">JCJC 2015<\/a><\/li>\n<li><a href=\"http:\/\/ifrath.fr\/jcjc2013\">JCJC 2013<\/a><\/li>\n<\/ul>\n","protected":false},"excerpt":{"rendered":"<p>L\u2019IFRATH (Institut F\u00e9d\u00e9ratif de Recherche sur les Aides Techniques) pour personnes handicap\u00e9es organise tous les deux ans le colloque Jeunes Chercheuses, Jeunes Chercheurs (JCJC). Vous pouvez consulter les pages des pr\u00e9c\u00e9dents colloques JCJC : JCJC 2015 JCJC 2013<\/p>\n","protected":false},"author":11,"featured_media":0,"parent":0,"menu_order":8,"comment_status":"closed","ping_status":"closed","template":"","meta":{"footnotes":""},"class_list":["post-19","page","type-page","status-publish","hentry","nodate","item-wrap"],"_links":{"self":[{"href":"https:\/\/ifrath.fr\/jcjc2017\/wp-json\/wp\/v2\/pages\/19","targetHints":{"allow":["GET"]}}],"collection":[{"href":"https:\/\/ifrath.fr\/jcjc2017\/wp-json\/wp\/v2\/pages"}],"about":[{"href":"https:\/\/ifrath.fr\/jcjc2017\/wp-json\/wp\/v2\/types\/page"}],"author":[{"embeddable":true,"href":"https:\/\/ifrath.fr\/jcjc2017\/wp-json\/wp\/v2\/users\/11"}],"replies":[{"embeddable":true,"href":"https:\/\/ifrath.fr\/jcjc2017\/wp-json\/wp\/v2\/comments?post=19"}],"version-history":[{"count":4,"href":"https:\/\/ifrath.fr\/jcjc2017\/wp-json\/wp\/v2\/pages\/19\/revisions"}],"predecessor-version":[{"id":149,"href":"https:\/\/ifrath.fr\/jcjc2017\/wp-json\/wp\/v2\/pages\/19\/revisions\/149"}],"wp:attachment":[{"href":"https:\/\/ifrath.fr\/jcjc2017\/wp-json\/wp\/v2\/media?parent=19"}],"curies":[{"name":"wp","href":"https:\/\/api.w.org\/{rel}","templated":true}]}}