{"id":92,"date":"2015-06-04T00:23:08","date_gmt":"2015-06-03T23:23:08","guid":{"rendered":"http:\/\/ifrath.fr\/jcjc2015\/?page_id=92"},"modified":"2016-07-22T18:43:01","modified_gmt":"2016-07-22T17:43:01","slug":"programme-de-la-journee","status":"publish","type":"page","link":"https:\/\/ifrath.fr\/jcjc2015\/programme-de-la-journee\/","title":{"rendered":"Programme de la journ\u00e9e"},"content":{"rendered":"<p><span style=\"color: #6fc600;font-weight: bold;font-size: 1.5em\">Jeudi 11 juin 2015<\/span><\/p>\n<p><span style=\"color: #6fc600;font-weight: bold\">Salle D005, Universit\u00e9 Paris 8<\/span> &nbsp; &nbsp;(<a href=\"http:\/\/ifrath.fr\/jcjc2015\/comment-venir\/\">Comment venir ?<\/a>)<br \/>\n<\/p>\n<ul>\n<li>9h30 : accueil des participants autour d\u2019un caf\u00e9\n<\/li>\n<li>10h \u2013 10h05 : Introduction \u00e0 JCJC 2015, <strong>Isis Truck<\/strong> &amp; <strong>Karine Gros<\/strong>\n<\/li>\n<li>10h05 \u2013 10h50 : Conf\u00e9rence invit\u00e9e 1 : <strong>Christian Berger-Vachon<\/strong>. <em>Handicap Auditif: La solution num\u00e9rique.<\/em><br \/>\n<em>Mod\u00e9rateur<\/em> : <strong>Jaime Lopez-Krahe<\/strong>, Pr\u00e9sident de l&rsquo;IFRATH\n<\/li>\n<li>10h50 \u2013 11h40 : <strong>Session 1<\/strong> : technologies pour la sant\u00e9 :<br \/>\n<em>Mod\u00e9rateur<\/em> : <strong>Alain Pruski<\/strong> (Universit\u00e9 de Lorraine)<\/p>\n<ul>\n<li>10h50 \u2013 11h15 : Souhail Jebali et Godefroy Clair. <em>Conception d\u2019interfaces multimodales pour personnes handicap\u00e9es hospitalis\u00e9es.<\/em><\/li>\n<li>11h15 \u2013 11h40 : Justine Coton, Julien Veytizou, Guillaume Thomann et Fran\u00e7ois Villeneuve. <em>Etude pilote pour l\u2019utilisation de la Kinect V2 pour l\u2019\u00e9valuation motrice des maladies neuromusculaires. Cas de la MFM.<\/em><\/li>\n<\/ul>\n<\/li>\n<li>11h40 \u2013 12h05 : <strong>Session 2<\/strong> : technologies pour l\u2019autonomie<br \/>\nMod\u00e9rateur : <strong>Mohand Slimane<\/strong> (Universit\u00e9 de Tours)<\/p>\n<ul>\n<li>11h40 \u2013 12h05 : Yong Chen et Zehira Haddad. <em>Apport dans la reconnaissance des symboles pour l\u2019acc\u00e8s haptique aux images.<\/em><\/li>\n<li>12h05 \u2013 12h30 : Anke Brock. <em>Design and evaluation of interactive audio-tactile maps for visually impaired people.<\/em><\/li>\n<\/ul>\n<\/li>\n<li> 12h30 \u2013 12h45: remise du <strong>prix de th\u00e8se de l\u2019IFRATH<\/strong> :\n<ul>\n<li>Anke Brock : 1er prix ex aequo\n<\/li>\n<li>Julien Veytizou : 1er prix ex aequo\n<\/li>\n<\/ul>\n<\/li>\n<\/ul>\n<p>&nbsp;<br \/>\n<span style=\"color: #6fc600;font-weight: bold\">Pause<\/span><br \/>\n<br \/>&nbsp;<\/p>\n<ul>\n<li>14h \u2013 14h45 : Conf\u00e9rence invit\u00e9e 2 : <strong>Fr\u00e9d\u00e9ric Bousefsaf<\/strong>. <em>Mesure de signaux physiologiques et estimation du niveau de stress en utilisant des technologies sans contact : r\u00e9sum\u00e9 des travaux issus de la recherche doctorale et postdoctorale.<\/em><br \/>\n<em>Mod\u00e9rateur<\/em> : <strong>Dominique Archambault<\/strong> (Universit\u00e9 Paris 8)\n<\/li>\n<li><strong>Session 3<\/strong> : technologies pour le bien-\u00eatre<br \/>\n<em>Mod\u00e9rateur<\/em> : <strong>Christian Berger Vachon<\/strong> (Universit\u00e9 de Lyon 1)<\/p>\n<ul>\n<li>14h45 \u2013 15h10 : Yahya Bouzoubaa, Christian Minich, Anass Nagih et Alain Pruski. <em>Syste\u0300me informatique d\u2019e\u0301valuation de l\u2019ade\u0301quation d\u2019un logement a\u0300 un futur occupant handicape\u0301.<\/em>\n<\/li>\n<li>15h10 \u2013 15h35 : Julien Veytizou. <em>Conception de syst\u00e8mes personnalisables aux capacit\u00e9s motrices pour la pratique musicale<\/em>.\n<\/li>\n<li>15h35 \u2013 16h : Irene Lopez-Fontana, Carole Castanier, Alexandra Perrot et Christine Le Scanff. <em>A global lifestyle assessment: Psychometric properties of the General Lifestyle Questionnaire<\/em>.\n<\/li>\n<li>16h \u2013 16h25 : Laurie Jacob, Yong Chen et G\u00e9rard Uzan. <em>Correction vocalis\u00e9e et mise en accessibilit\u00e9 de documents num\u00e9ris\u00e9s : l\u2019exemple du projet \u00ab Correct \u00bb<\/em>.\n<\/li>\n<\/ul>\n<\/li>\n<li>16h30 \u2013 17h :   <strong>AGE de l\u2019IFRATH<\/strong> (R\u00e9vision des statuts)<\/li>\n<\/ul>\n","protected":false},"excerpt":{"rendered":"<p>Jeudi 11 juin 2015 Salle D005, Universit\u00e9 Paris 8 &nbsp; &nbsp;(Comment venir ?) 9h30 : accueil des participants autour d\u2019un caf\u00e9 10h \u2013 10h05 : Introduction \u00e0 JCJC 2015, Isis Truck &amp; Karine Gros 10h05 \u2013 10h50 : Conf\u00e9rence invit\u00e9e 1 : Christian Berger-Vachon. Handicap Auditif: La solution num\u00e9rique. Mod\u00e9rateur : Jaime Lopez-Krahe, Pr\u00e9sident de &hellip; <\/p>\n<p><a class=\"more-link btn\" href=\"https:\/\/ifrath.fr\/jcjc2015\/programme-de-la-journee\/\">Lire la suite<\/a><\/p>\n","protected":false},"author":6,"featured_media":0,"parent":0,"menu_order":0,"comment_status":"closed","ping_status":"open","template":"","meta":{"footnotes":""},"class_list":["post-92","page","type-page","status-publish","hentry","nodate","item-wrap"],"_links":{"self":[{"href":"https:\/\/ifrath.fr\/jcjc2015\/wp-json\/wp\/v2\/pages\/92","targetHints":{"allow":["GET"]}}],"collection":[{"href":"https:\/\/ifrath.fr\/jcjc2015\/wp-json\/wp\/v2\/pages"}],"about":[{"href":"https:\/\/ifrath.fr\/jcjc2015\/wp-json\/wp\/v2\/types\/page"}],"author":[{"embeddable":true,"href":"https:\/\/ifrath.fr\/jcjc2015\/wp-json\/wp\/v2\/users\/6"}],"replies":[{"embeddable":true,"href":"https:\/\/ifrath.fr\/jcjc2015\/wp-json\/wp\/v2\/comments?post=92"}],"version-history":[{"count":32,"href":"https:\/\/ifrath.fr\/jcjc2015\/wp-json\/wp\/v2\/pages\/92\/revisions"}],"predecessor-version":[{"id":134,"href":"https:\/\/ifrath.fr\/jcjc2015\/wp-json\/wp\/v2\/pages\/92\/revisions\/134"}],"wp:attachment":[{"href":"https:\/\/ifrath.fr\/jcjc2015\/wp-json\/wp\/v2\/media?parent=92"}],"curies":[{"name":"wp","href":"https:\/\/api.w.org\/{rel}","templated":true}]}}