{"id":70,"date":"2015-03-05T17:24:31","date_gmt":"2015-03-05T16:24:31","guid":{"rendered":"http:\/\/ifrath.fr\/jcjc2015\/?page_id=70"},"modified":"2016-07-22T18:43:01","modified_gmt":"2016-07-22T17:43:01","slug":"comites","status":"publish","type":"page","link":"https:\/\/ifrath.fr\/jcjc2015\/comites\/","title":{"rendered":"Comit\u00e9s"},"content":{"rendered":"<h2>Comit\u00e9 Scientifique<\/h2>\n<p>Jaime LOPEZ-KRAHE (Universit\u00e9 Paris 8), Pr\u00e9sident de l\u2019IFRATH<br \/>\nDominique ARCHAMBAULT (Universit\u00e9 Paris 8)<br \/>\nMichelle BECQUEMIN (UPEC)<br \/>\nChristian BERGER-VACHON (Universit\u00e9 Lyon 1)<br \/>\nGuy BOURHIS (Universit\u00e9 Metz)<br \/>\nFran\u00e7ois CABESTAING (Universit\u00e9 Lille 1)<br \/>\nEtienne COLLE (Universit\u00e9 Evry)<br \/>\nBeno\u00eet ENCELLE (Universit\u00e9 Lyon 1)<br \/>\nPierre GAUCHER (Universit\u00e9 de Tours)<br \/>\nKarine GROS (UPEC)<br \/>\nVincent GROSJEAN (INRS, Centre de Lorraine)<br \/>\nChristophe JOUFFRAIS (CNRS-IRIT)<br \/>\nAntonio PINTI (Universit\u00e9 Valenciennes)<br \/>\nAlain PRUSKI (Universit\u00e9 Metz)<br \/>\nKarim SEHABA (LIRIS-CNRS)<br \/>\nAntonio SERPA (CNRS-IRIT)<br \/>\nMohand SLIMANE (Universit\u00e9 de Tours)<br \/>\nGuillaume THOMANN (INP Grenoble)<br \/>\nIsis TRUCK (Universit\u00e9 Paris 8)<br \/>\nG\u00e9rard UZAN (Universit\u00e9 Paris 8)<br \/>\nJulien VEYTIZOU (G SCOP Grenoble)<\/p>\n<h2>Comit\u00e9 d\u2019Organisation (Universit\u00e9 Paris 8 &amp; Universit\u00e9 Paris-Est-Cr\u00e9teil)<\/h2>\n<p>Johana BODARD<br \/>\nMarie CARPIO<br \/>\nYong CHEN<br \/>\nValeria DESTIN<br \/>\nKarine GROS (co-pr\u00e9sidente)<br \/>\nZehira HADDAD<br \/>\nPierre-Charles HANSE<br \/>\nH\u00e9l\u00e8ne HERNANDEZ<br \/>\nSouhail JEBALI<br \/>\nElie KAHALE<br \/>\nJaime LOPEZ-KRAHE<br \/>\nRafael MASDEU DE PEDRO<br \/>\nPhonevaly SOULIVONG<br \/>\nIsis TRUCK (co-pr\u00e9sidente)<br \/>\nG\u00e9rard UZAN<br \/>\nMohammed ZBAKH<\/p>\n","protected":false},"excerpt":{"rendered":"<p>Comit\u00e9 Scientifique Jaime LOPEZ-KRAHE (Universit\u00e9 Paris 8), Pr\u00e9sident de l\u2019IFRATH Dominique ARCHAMBAULT (Universit\u00e9 Paris 8) Michelle BECQUEMIN (UPEC) Christian BERGER-VACHON (Universit\u00e9 Lyon 1) Guy BOURHIS (Universit\u00e9 Metz) Fran\u00e7ois CABESTAING (Universit\u00e9 Lille 1) Etienne COLLE (Universit\u00e9 Evry) Beno\u00eet ENCELLE (Universit\u00e9 Lyon 1) Pierre GAUCHER (Universit\u00e9 de Tours) Karine GROS (UPEC) Vincent GROSJEAN (INRS, Centre de Lorraine) &hellip; <\/p>\n<p><a class=\"more-link btn\" href=\"https:\/\/ifrath.fr\/jcjc2015\/comites\/\">Lire la suite<\/a><\/p>\n","protected":false},"author":6,"featured_media":0,"parent":0,"menu_order":0,"comment_status":"closed","ping_status":"open","template":"","meta":{"footnotes":""},"class_list":["post-70","page","type-page","status-publish","hentry","nodate","item-wrap"],"_links":{"self":[{"href":"https:\/\/ifrath.fr\/jcjc2015\/wp-json\/wp\/v2\/pages\/70","targetHints":{"allow":["GET"]}}],"collection":[{"href":"https:\/\/ifrath.fr\/jcjc2015\/wp-json\/wp\/v2\/pages"}],"about":[{"href":"https:\/\/ifrath.fr\/jcjc2015\/wp-json\/wp\/v2\/types\/page"}],"author":[{"embeddable":true,"href":"https:\/\/ifrath.fr\/jcjc2015\/wp-json\/wp\/v2\/users\/6"}],"replies":[{"embeddable":true,"href":"https:\/\/ifrath.fr\/jcjc2015\/wp-json\/wp\/v2\/comments?post=70"}],"version-history":[{"count":6,"href":"https:\/\/ifrath.fr\/jcjc2015\/wp-json\/wp\/v2\/pages\/70\/revisions"}],"predecessor-version":[{"id":91,"href":"https:\/\/ifrath.fr\/jcjc2015\/wp-json\/wp\/v2\/pages\/70\/revisions\/91"}],"wp:attachment":[{"href":"https:\/\/ifrath.fr\/jcjc2015\/wp-json\/wp\/v2\/media?parent=70"}],"curies":[{"name":"wp","href":"https:\/\/api.w.org\/{rel}","templated":true}]}}