{"id":17,"date":"2014-11-04T17:53:15","date_gmt":"2014-11-04T16:53:15","guid":{"rendered":"http:\/\/ifrath.fr\/jcjc2015\/?page_id=17"},"modified":"2016-07-22T18:43:01","modified_gmt":"2016-07-22T17:43:01","slug":"appel-a-communications","status":"publish","type":"page","link":"https:\/\/ifrath.fr\/jcjc2015\/appel-a-communications\/","title":{"rendered":"Appel \u00e0 communications"},"content":{"rendered":"<p>Les candidats sont invit\u00e9s \u00e0 soumettre un article de 4 \u00e0 6 pages maximum, dont la th\u00e9matique doit \u00eatre dans la liste annonc\u00e9e sur cette <a href=\"http:\/\/ifrath.fr\/jcjc2015\/themes\/\">page<\/a>.<br \/>\nLa langue du colloque est le fran\u00e7ais, toutefois les r\u00e9sum\u00e9s et articles en anglais sont admis.<br \/>\nMerci d&rsquo;envoyer vos soumissions en vous connectant sur : <a href=\"https:\/\/easychair.org\/conferences\/?conf=jcjc2015\">https:\/\/easychair.org\/conferences\/?conf=jcjc2015<\/a><\/p>\n<h2>Format des articles, mod\u00e8les \u00e0 t\u00e9l\u00e9charger<\/h2>\n<p>Le format des articles \u00e0 envoyer est PDF. Il est fourni, \u00e0 l&rsquo;adresse <a href=\"http:\/\/www.easychair.org\/publications\/?page=1594225690\">http:\/\/www.easychair.org\/publications\/?page=1594225690<\/a> des mod\u00e8les Word, Libre Office et LaTeX.<\/p>\n<p>Concernant le mod\u00e8le LaTeX, il faut partir du fichier <span style=\"color: #000000;font-weight: bold;font-family: monospace\">easychair.tex<\/span> fourni, mais il faut retirer la table des mati\u00e8res de la premi\u00e8re page, c&rsquo;est-\u00e0-dire qu&rsquo;il faut retirer les 3 lignes suivantes :<br \/>\n<span style=\"color: #000000;font-weight: bold;font-family: monospace\">\\setcounter{tocdepth}{2}<br \/>\n{\\small<br \/>\n\\tableofcontents}<\/span><\/p>\n<p>En cas de probl\u00e8me, vous pouvez contacter  <span style=\"color: #6fc600;font-weight: bold;font-family: monospace\">karine point gros at u-pec point fr<\/span> et <span style=\"color: #6fc600;font-weight: bold;font-family: monospace\">isis point truck at univ-paris8 point fr<\/span><\/p>\n<h2>Dates importantes<\/h2>\n<ul>\n<li><strong>Soumissions<\/strong> : <strike>15 avril<\/strike> <span style=\"color: #ff0000\"><strong>22 avril<\/strong><\/span> 2015<\/li>\n<li><strong>Camera ready<\/strong> : 21 mai 2015<\/li>\n<li><strong>Colloque<\/strong> <em>Jeunes Chercheuses, Jeunes Chercheurs<\/em> : 11 juin 2015<\/li>\n<\/ul>\n<p>T\u00e9l\u00e9charger l&rsquo;appel \u00e0 communication en PDF :\u00a0<a href=\"http:\/\/ifrath.fr\/jcjc2015\/wp-content\/uploads\/sites\/4\/2015\/06\/cfp.pdf\">Appel \u00e0 communications JCJC 2015<\/a><\/p>\n","protected":false},"excerpt":{"rendered":"<p>Les candidats sont invit\u00e9s \u00e0 soumettre un article de 4 \u00e0 6 pages maximum, dont la th\u00e9matique doit \u00eatre dans la liste annonc\u00e9e sur cette page. La langue du colloque est le fran\u00e7ais, toutefois les r\u00e9sum\u00e9s et articles en anglais sont admis. Merci d&rsquo;envoyer vos soumissions en vous connectant sur : https:\/\/easychair.org\/conferences\/?conf=jcjc2015 Format des articles, &hellip; <\/p>\n<p><a class=\"more-link btn\" href=\"https:\/\/ifrath.fr\/jcjc2015\/appel-a-communications\/\">Lire la suite<\/a><\/p>\n","protected":false},"author":6,"featured_media":0,"parent":0,"menu_order":0,"comment_status":"closed","ping_status":"open","template":"","meta":{"footnotes":""},"class_list":["post-17","page","type-page","status-publish","hentry","nodate","item-wrap"],"_links":{"self":[{"href":"https:\/\/ifrath.fr\/jcjc2015\/wp-json\/wp\/v2\/pages\/17","targetHints":{"allow":["GET"]}}],"collection":[{"href":"https:\/\/ifrath.fr\/jcjc2015\/wp-json\/wp\/v2\/pages"}],"about":[{"href":"https:\/\/ifrath.fr\/jcjc2015\/wp-json\/wp\/v2\/types\/page"}],"author":[{"embeddable":true,"href":"https:\/\/ifrath.fr\/jcjc2015\/wp-json\/wp\/v2\/users\/6"}],"replies":[{"embeddable":true,"href":"https:\/\/ifrath.fr\/jcjc2015\/wp-json\/wp\/v2\/comments?post=17"}],"version-history":[{"count":21,"href":"https:\/\/ifrath.fr\/jcjc2015\/wp-json\/wp\/v2\/pages\/17\/revisions"}],"predecessor-version":[{"id":89,"href":"https:\/\/ifrath.fr\/jcjc2015\/wp-json\/wp\/v2\/pages\/17\/revisions\/89"}],"wp:attachment":[{"href":"https:\/\/ifrath.fr\/jcjc2015\/wp-json\/wp\/v2\/media?parent=17"}],"curies":[{"name":"wp","href":"https:\/\/api.w.org\/{rel}","templated":true}]}}