{"id":117,"date":"2015-06-06T14:11:57","date_gmt":"2015-06-06T13:11:57","guid":{"rendered":"http:\/\/ifrath.fr\/jcjc2015\/?page_id=117"},"modified":"2016-07-22T18:43:01","modified_gmt":"2016-07-22T17:43:01","slug":"comment-venir","status":"publish","type":"page","link":"https:\/\/ifrath.fr\/jcjc2015\/comment-venir\/","title":{"rendered":"Comment venir ?"},"content":{"rendered":"<p>L&rsquo;Universit\u00e9 Paris 8 se trouve au 2 rue de la Libert\u00e9 \u00e0 Saint-Denis (Seine-Saint-Denis).<\/p>\n<p>En transport en commun (vivement conseill\u00e9 !), il faut prendre le m\u00e9tro ligne 13, direction Saint-Denis Universit\u00e9. Attention, deux directions sont possibles (1 m\u00e9tro sur 2 va \u00e0 Saint-Denis Universit\u00e9) : il faut bien choisir le bon terminus dont la couleur est le bleu.<br \/>\nIl suffit ensuite de descendre au terminus.<br \/>\nL&rsquo;entr\u00e9e de l&rsquo;universit\u00e9 est en face de la sortie du m\u00e9tro.<\/p>\n<p>Plus de d\u00e9tails sur cette <a href=\"http:\/\/www.univ-paris8.fr\/L-universite-site-principal\">page<\/a>.<\/p>\n<p>Une fois \u00e0 l&rsquo;int\u00e9rieur de l&rsquo;enceinte, il faut se diriger vers le b\u00e2timent D se trouvant \u00e0 droite, derri\u00e8re le b\u00e2timent B.<br \/>\nEnfin, l&rsquo;amphi D005 se trouve au rez-de-chauss\u00e9e, en face, vers la droite.<\/p>\n<p><a href=\"http:\/\/ifrath.fr\/jcjc2015\/wp-content\/uploads\/sites\/4\/2015\/06\/jpg_plan-batiments-paris8.jpg\"><img loading=\"lazy\" decoding=\"async\" src=\"http:\/\/ifrath.fr\/jcjc2015\/wp-content\/uploads\/sites\/4\/2015\/06\/jpg_plan-batiments-paris8-300x146.jpg\" alt=\"Plan des b\u00e2timents de l&#039;universit\u00e9 Paris 8\" width=\"300\" height=\"146\" class=\"alignnone size-medium wp-image-119\" srcset=\"https:\/\/ifrath.fr\/jcjc2015\/wp-content\/uploads\/sites\/4\/2015\/06\/jpg_plan-batiments-paris8-300x146.jpg 300w, https:\/\/ifrath.fr\/jcjc2015\/wp-content\/uploads\/sites\/4\/2015\/06\/jpg_plan-batiments-paris8.jpg 1000w\" sizes=\"auto, (max-width: 300px) 100vw, 300px\" \/><\/a><\/p>\n","protected":false},"excerpt":{"rendered":"<p>L&rsquo;Universit\u00e9 Paris 8 se trouve au 2 rue de la Libert\u00e9 \u00e0 Saint-Denis (Seine-Saint-Denis). En transport en commun (vivement conseill\u00e9 !), il faut prendre le m\u00e9tro ligne 13, direction Saint-Denis Universit\u00e9. Attention, deux directions sont possibles (1 m\u00e9tro sur 2 va \u00e0 Saint-Denis Universit\u00e9) : il faut bien choisir le bon terminus dont la couleur &hellip; <\/p>\n<p><a class=\"more-link btn\" href=\"https:\/\/ifrath.fr\/jcjc2015\/comment-venir\/\">Lire la suite<\/a><\/p>\n","protected":false},"author":6,"featured_media":0,"parent":0,"menu_order":0,"comment_status":"closed","ping_status":"open","template":"","meta":{"footnotes":""},"class_list":["post-117","page","type-page","status-publish","hentry","nodate","item-wrap"],"_links":{"self":[{"href":"https:\/\/ifrath.fr\/jcjc2015\/wp-json\/wp\/v2\/pages\/117","targetHints":{"allow":["GET"]}}],"collection":[{"href":"https:\/\/ifrath.fr\/jcjc2015\/wp-json\/wp\/v2\/pages"}],"about":[{"href":"https:\/\/ifrath.fr\/jcjc2015\/wp-json\/wp\/v2\/types\/page"}],"author":[{"embeddable":true,"href":"https:\/\/ifrath.fr\/jcjc2015\/wp-json\/wp\/v2\/users\/6"}],"replies":[{"embeddable":true,"href":"https:\/\/ifrath.fr\/jcjc2015\/wp-json\/wp\/v2\/comments?post=117"}],"version-history":[{"count":4,"href":"https:\/\/ifrath.fr\/jcjc2015\/wp-json\/wp\/v2\/pages\/117\/revisions"}],"predecessor-version":[{"id":122,"href":"https:\/\/ifrath.fr\/jcjc2015\/wp-json\/wp\/v2\/pages\/117\/revisions\/122"}],"wp:attachment":[{"href":"https:\/\/ifrath.fr\/jcjc2015\/wp-json\/wp\/v2\/media?parent=117"}],"curies":[{"name":"wp","href":"https:\/\/api.w.org\/{rel}","templated":true}]}}