{"id":5,"date":"2013-02-08T10:31:07","date_gmt":"2013-02-08T09:31:07","guid":{"rendered":"http:\/\/ifrath.fr\/jcjc2013\/?page_id=5"},"modified":"2016-07-22T18:40:25","modified_gmt":"2016-07-22T17:40:25","slug":"hom","status":"publish","type":"page","link":"https:\/\/ifrath.fr\/jcjc2013\/","title":{"rendered":"JCJC&rsquo;2013"},"content":{"rendered":"<p>L\u2019IFRATH, Institut F\u00e9d\u00e9ratif de Recherche sur les Aides Techniques pour personnes handicap\u00e9es\u00a0organise le <em>deuxi\u00e8me colloque de Jeunes Chercheurs<\/em> le 13 juin 2013 en parall\u00e8le avec le <em>cinqui\u00e8me Challenge\u00a0Handicap et Technologie<\/em> les 13 et 14 juin \u00e0 L\u2019universit\u00e9 Paris 8<\/p>\n<p>Ce colloque s\u2019adresse aux doctorants et jeunes docteurs qui travaillent dans le domaine des technologies\u00a0d\u2019assistance aux personnes handicap\u00e9es et vieillissantes et pour leur autonomie. Il peut aussi int\u00e9resser des \u00e9tudiants en Master d\u00e9sireux de faire de la recherche dans ces domaines.\u00a0Ce colloque constitue un important lieu d\u2019\u00e9changes scientifiques pour les \u00e9tudiants et jeunes chercheurs\u00a0dans le champ des Aides Techniques. Les objectifs sont de :<\/p>\n<ul>\n<li>permettre aux jeunes chercheurs de pr\u00e9senter l\u2019\u00e9tat de leurs travaux \u00e0 un panel de chercheurs\u00a0exp\u00e9riment\u00e9s, afin de recevoir leurs critiques constructives ainsi que celles de leurs coll\u00e8gues ;<\/li>\n<li>discuter de l\u2019\u00e9volution du domaine des Aides Techniques, au niveau national et International ;<\/li>\n<li>animer cette communaut\u00e9 scientifique, et en particulier de favoriser les rencontres entre les acteurs\u00a0d\u2019aujourd\u2019hui et de demain, et d\u2019encourager le dialogue interdisciplinaire au sein de ce domaine ;<\/li>\n<li>inciter les jeunes chercheurs \u00e0 pr\u00e9senter leurs travaux au prix de th\u00e8se de l\u2019IFRATH 2013 ;<\/li>\n<li>promouvoir la recherche dans le domaine des Aides Techniques.<\/li>\n<\/ul>\n<p>Les articles retenus par le comit\u00e9 scientifique feront l\u2019objet d\u2019une publication.<\/p>\n<p>Contact <span style=\"color: #6fc600;font-weight: bold; font-family: monospace;\">CHT2013 at univ-paris8 point fr<\/span><\/p>\n","protected":false},"excerpt":{"rendered":"<p>L\u2019IFRATH, Institut F\u00e9d\u00e9ratif de Recherche sur les Aides Techniques pour personnes handicap\u00e9es\u00a0organise le deuxi\u00e8me colloque de Jeunes Chercheurs le 13 juin 2013 en parall\u00e8le avec le cinqui\u00e8me Challenge\u00a0Handicap et Technologie les 13 et 14 juin \u00e0 L\u2019universit\u00e9 Paris 8 Ce colloque s\u2019adresse aux doctorants et jeunes docteurs qui travaillent dans le domaine des technologies\u00a0d\u2019assistance aux &hellip; <\/p>\n<p><a class=\"more-link btn\" href=\"https:\/\/ifrath.fr\/jcjc2013\/\">Lire la suite<\/a><\/p>\n","protected":false},"author":1,"featured_media":0,"parent":0,"menu_order":0,"comment_status":"closed","ping_status":"closed","template":"","meta":{"footnotes":""},"class_list":["post-5","page","type-page","status-publish","hentry","nodate","item-wrap"],"_links":{"self":[{"href":"https:\/\/ifrath.fr\/jcjc2013\/wp-json\/wp\/v2\/pages\/5","targetHints":{"allow":["GET"]}}],"collection":[{"href":"https:\/\/ifrath.fr\/jcjc2013\/wp-json\/wp\/v2\/pages"}],"about":[{"href":"https:\/\/ifrath.fr\/jcjc2013\/wp-json\/wp\/v2\/types\/page"}],"author":[{"embeddable":true,"href":"https:\/\/ifrath.fr\/jcjc2013\/wp-json\/wp\/v2\/users\/1"}],"replies":[{"embeddable":true,"href":"https:\/\/ifrath.fr\/jcjc2013\/wp-json\/wp\/v2\/comments?post=5"}],"version-history":[{"count":9,"href":"https:\/\/ifrath.fr\/jcjc2013\/wp-json\/wp\/v2\/pages\/5\/revisions"}],"predecessor-version":[{"id":96,"href":"https:\/\/ifrath.fr\/jcjc2013\/wp-json\/wp\/v2\/pages\/5\/revisions\/96"}],"wp:attachment":[{"href":"https:\/\/ifrath.fr\/jcjc2013\/wp-json\/wp\/v2\/media?parent=5"}],"curies":[{"name":"wp","href":"https:\/\/api.w.org\/{rel}","templated":true}]}}