{"id":25,"date":"2013-02-08T10:49:00","date_gmt":"2013-02-08T09:49:00","guid":{"rendered":"http:\/\/ifrath.fr\/jcjc2013\/?page_id=25"},"modified":"2016-07-22T18:40:25","modified_gmt":"2016-07-22T17:40:25","slug":"comite-scientifique","status":"publish","type":"page","link":"https:\/\/ifrath.fr\/jcjc2013\/comites\/comite-scientifique\/","title":{"rendered":"Comit\u00e9 Scientifique"},"content":{"rendered":"<ul>\n<li>Jaime LOPEZ KRAHE (Universit\u00e9 Paris 8), <strong>Pr\u00e9sident<\/strong><\/li>\n<li>Maryvonne ABRAHAM (ENST Bretagne)<\/li>\n<li>Christian BERGER-VACHON (Universit\u00e9 Lyon 1)<\/li>\n<li>Dominique ARCHAMBAULT (Universit\u00e9 Paris8)<\/li>\n<li>Guy BOURHIS (Universit\u00e9 Metz)<\/li>\n<li>Fran\u00e7ois CABESTAING (Universit\u00e9 Lille 1)<\/li>\n<li>Etienne COLLE (Universit\u00e9 Evry)<\/li>\n<li>Jacques DUCHENE (UT Troyes)<\/li>\n<li>J\u00e9r\u00f4me DUPIRE (CNAM)<\/li>\n<li>Pierre GAUCHER (Universit\u00e9 de Tours)<\/li>\n<li>Antonio PINTI (Universit\u00e9 Valenciennes)<\/li>\n<li>Alain PRUSKI (Universit\u00e9 Metz)<\/li>\n<li>Anne Catherine SCHERLEN (Essilor)<\/li>\n<li>Mohand SLIMANE (Universit\u00e9 de Tours)<\/li>\n<li>Guillaume THOMANN (INP Grenoble)<\/li>\n<li>G\u00e9rard UZAN (THIM UP8)<\/li>\n<\/ul>\n","protected":false},"excerpt":{"rendered":"<p>Jaime LOPEZ KRAHE (Universit\u00e9 Paris 8), Pr\u00e9sident Maryvonne ABRAHAM (ENST Bretagne) Christian BERGER-VACHON (Universit\u00e9 Lyon 1) Dominique ARCHAMBAULT (Universit\u00e9 Paris8) Guy BOURHIS (Universit\u00e9 Metz) Fran\u00e7ois CABESTAING (Universit\u00e9 Lille 1) Etienne COLLE (Universit\u00e9 Evry) Jacques DUCHENE (UT Troyes) J\u00e9r\u00f4me DUPIRE (CNAM) Pierre GAUCHER (Universit\u00e9 de Tours) Antonio PINTI (Universit\u00e9 Valenciennes) Alain PRUSKI (Universit\u00e9 Metz) Anne Catherine &hellip; <\/p>\n<p><a class=\"more-link btn\" href=\"https:\/\/ifrath.fr\/jcjc2013\/comites\/comite-scientifique\/\">Lire la suite<\/a><\/p>\n","protected":false},"author":1,"featured_media":0,"parent":31,"menu_order":0,"comment_status":"closed","ping_status":"closed","template":"","meta":{"footnotes":""},"class_list":["post-25","page","type-page","status-publish","hentry","nodate","item-wrap"],"_links":{"self":[{"href":"https:\/\/ifrath.fr\/jcjc2013\/wp-json\/wp\/v2\/pages\/25","targetHints":{"allow":["GET"]}}],"collection":[{"href":"https:\/\/ifrath.fr\/jcjc2013\/wp-json\/wp\/v2\/pages"}],"about":[{"href":"https:\/\/ifrath.fr\/jcjc2013\/wp-json\/wp\/v2\/types\/page"}],"author":[{"embeddable":true,"href":"https:\/\/ifrath.fr\/jcjc2013\/wp-json\/wp\/v2\/users\/1"}],"replies":[{"embeddable":true,"href":"https:\/\/ifrath.fr\/jcjc2013\/wp-json\/wp\/v2\/comments?post=25"}],"version-history":[{"count":2,"href":"https:\/\/ifrath.fr\/jcjc2013\/wp-json\/wp\/v2\/pages\/25\/revisions"}],"predecessor-version":[{"id":33,"href":"https:\/\/ifrath.fr\/jcjc2013\/wp-json\/wp\/v2\/pages\/25\/revisions\/33"}],"up":[{"embeddable":true,"href":"https:\/\/ifrath.fr\/jcjc2013\/wp-json\/wp\/v2\/pages\/31"}],"wp:attachment":[{"href":"https:\/\/ifrath.fr\/jcjc2013\/wp-json\/wp\/v2\/media?parent=25"}],"curies":[{"name":"wp","href":"https:\/\/api.w.org\/{rel}","templated":true}]}}