{"id":797,"date":"2025-11-25T16:20:13","date_gmt":"2025-11-25T15:20:13","guid":{"rendered":"https:\/\/ifrath.fr\/handicap2026\/?page_id=797"},"modified":"2026-01-16T11:53:01","modified_gmt":"2026-01-16T10:53:01","slug":"instructions-aux-auteurs","status":"publish","type":"page","link":"https:\/\/ifrath.fr\/handicap2026\/instructions-aux-auteurs\/","title":{"rendered":"Instructions aux Auteurs"},"content":{"rendered":"<h2 style=\"text-align: center;\"><span style=\"color: #ff0000;\"><strong>Extension des soumissions jusqu&rsquo;au 23 f\u00e9vrier 2026<\/strong><\/span><\/h2>\r\n<h4>Format des soumissions<\/h4>\r\n<!-- \/wp:post-content -->\r\n\r\n<!-- wp:paragraph -->\r\n<p>Les articles soumis devront respecter le format et les styles utilis\u00e9s dans le mod\u00e8le disponible ci-dessous :<\/p>\r\n<!-- \/wp:paragraph -->\r\n\r\n<!-- wp:list -->\r\n<ul>\r\n<li>Archive du Template LaTeX\/Overleaf <a href=\"http:\/\/ifrath.fr\/handicap2026\/wp-content\/uploads\/sites\/16\/2025\/11\/H2026-LaTeX-OverleafPackage.zip\">H2026-LaTeX-OverleafPackage<\/a>\u00a0(mod\u00e8le bas\u00e9 sur ceux des conf\u00e9rences IEEE)<\/li>\r\n<li><a href=\"http:\/\/ifrath.fr\/handicap2026\/wp-content\/uploads\/sites\/16\/2025\/11\/Modele_Handicap-2026_IEEEconf-template12.docx\">Mode\u0300le_Handicap-2026_IEEEconf-template<\/a>\u00a0(mod\u00e8le bas\u00e9 sur ceux des conf\u00e9rences IEEE).<\/li>\r\n<\/ul>\r\n<p><span style=\"color: #ff0000;\"><strong>Si le simple clic ne fonctionne pas pour le t\u00e9l\u00e9chargement, faites un clic droit puis choisir \u00ab\u00a0enregistrer la <\/strong><\/span><span style=\"color: #ff0000;\"><strong>cible du lien sous\u00a0\u00bb.<\/strong><\/span><\/p>\r\n<!-- \/wp:list -->\r\n\r\n<!-- wp:paragraph \/-->\r\n\r\n<!-- wp:paragraph -->\r\n<p>La limite maximum de longueur est de <strong>6 pages<\/strong> dans le format pr\u00e9c\u00e9demment d\u00e9crit (figures et bibliographie incluses, annexes en sus). Les soumissions doivent \u00eatre r\u00e9dig\u00e9es en fran\u00e7ais. De mani\u00e8re exceptionnelle, une soumission r\u00e9dig\u00e9e en anglais, si le premier auteur n\u2019est pas francophone, pourra \u00eatre autoris\u00e9e.<\/p>\r\n<h4>Prix du meilleur article<\/h4>\r\n<p>Un prix de 2000\u20ac sera accord\u00e9 \u00e0 la meilleure communication pr\u00e9sent\u00e9e dans la conf\u00e9rence Handicap 2026. Le Comit\u00e9 Editorial (CA de l\u2019IFRATH) ayant les fonctions de jury.<\/p>\r\n<h4>Meilleurs Articles<\/h4>\r\n<p>Une s\u00e9lection des meilleurs articles (apr\u00e8s traduction en anglais par les auteurs) sera soumise dans la revue <a href=\"https:\/\/journals.sagepub.com\/home\/tad\" target=\"_blank\" rel=\"noopener\">Technology and Disability<\/a> (IF 0.7)<\/p>\r\n<h4>Proc\u00e9dure de soumission et r\u00e8gle de publications<\/h4>\r\n<p><!-- \/wp:paragraph --><\/p>\r\n<p><!-- wp:paragraph --><\/p>\r\n<p>Les soumissions d\u2019articles se feront uniquement par voie \u00e9lectronique, sur SciencesConf, \u00e0 l\u2019adresse suivante :<\/p>\r\n<h3><a href=\"https:\/\/handicap2026.sciencesconf.org\">https:\/\/handicap2026.sciencesconf.org<\/a><\/h3>\r\n<p>La publication dans les actes d\u2019un article accept\u00e9 est subordonn\u00e9e \u00e0 l\u2019inscription d\u2019au moins un de ses auteurs \u00e0 la conf\u00e9rence Handicap 2026 et \u00e0 sa pr\u00e9sentation, selon la programmation \u00e9tablie.<\/p>\r\n<!-- \/wp:paragraph -->\r\n\r\n","protected":false},"excerpt":{"rendered":"<p>Extension des soumissions jusqu&rsquo;au 23 f\u00e9vrier 2026 Format des soumissions Les articles soumis devront respecter le format et les styles utilis\u00e9s dans le mod\u00e8le disponible ci-dessous : Archive du Template LaTeX\/Overleaf H2026-LaTeX-OverleafPackage\u00a0(mod\u00e8le bas\u00e9 sur ceux des conf\u00e9rences IEEE) Mode\u0300le_Handicap-2026_IEEEconf-template\u00a0(mod\u00e8le bas\u00e9 sur ceux des conf\u00e9rences IEEE). Si le simple clic ne fonctionne pas pour le t\u00e9l\u00e9chargement, &hellip; <\/p>\n<p><a class=\"more-link btn\" href=\"https:\/\/ifrath.fr\/handicap2026\/instructions-aux-auteurs\/\">Lire la suite<\/a><\/p>\n","protected":false},"author":22,"featured_media":0,"parent":0,"menu_order":0,"comment_status":"closed","ping_status":"closed","template":"","meta":{"footnotes":""},"class_list":["post-797","page","type-page","status-publish","hentry","nodate","item-wrap"],"_links":{"self":[{"href":"https:\/\/ifrath.fr\/handicap2026\/wp-json\/wp\/v2\/pages\/797","targetHints":{"allow":["GET"]}}],"collection":[{"href":"https:\/\/ifrath.fr\/handicap2026\/wp-json\/wp\/v2\/pages"}],"about":[{"href":"https:\/\/ifrath.fr\/handicap2026\/wp-json\/wp\/v2\/types\/page"}],"author":[{"embeddable":true,"href":"https:\/\/ifrath.fr\/handicap2026\/wp-json\/wp\/v2\/users\/22"}],"replies":[{"embeddable":true,"href":"https:\/\/ifrath.fr\/handicap2026\/wp-json\/wp\/v2\/comments?post=797"}],"version-history":[{"count":11,"href":"https:\/\/ifrath.fr\/handicap2026\/wp-json\/wp\/v2\/pages\/797\/revisions"}],"predecessor-version":[{"id":824,"href":"https:\/\/ifrath.fr\/handicap2026\/wp-json\/wp\/v2\/pages\/797\/revisions\/824"}],"wp:attachment":[{"href":"https:\/\/ifrath.fr\/handicap2026\/wp-json\/wp\/v2\/media?parent=797"}],"curies":[{"name":"wp","href":"https:\/\/api.w.org\/{rel}","templated":true}]}}