{"id":33,"date":"2019-09-20T08:19:53","date_gmt":"2019-09-20T06:19:53","guid":{"rendered":"http:\/\/ifrath.fr\/handicap2026\/?page_id=33"},"modified":"2026-01-16T11:17:01","modified_gmt":"2026-01-16T10:17:01","slug":"dates-importantes","status":"publish","type":"page","link":"https:\/\/ifrath.fr\/handicap2026\/dates-importantes\/","title":{"rendered":"Dates importantes"},"content":{"rendered":"\r\n<figure class=\"wp-block-table\">\r\n<h3>\u00a0<\/h3>\r\n<table>\r\n<tbody>\r\n<tr>\r\n<td><del><span style=\"color: #333300;\"><span class=\"author-a-kfz76zjz86zz80zz88z3u7z66zz80zryz78z2\">19<\/span>\u00a0<span class=\"author-a-kfz76zjz86zz80zz88z3u7z66zz80zryz78z2\">janvier <\/span><span class=\"author-a-a12bk0z122z3z75zsuz73zz80z3z76zz67z\">2026<\/span><\/span><\/del><span style=\"color: #ff0000;\"><strong><span class=\"author-a-a12bk0z122z3z75zsuz73zz80z3z76zz67z\"> 23 f\u00e9vrier 2026<\/span><\/strong><\/span><\/td>\r\n<td><span style=\"color: #333300;\">Date limite de soumission<\/span><\/td>\r\n<\/tr>\r\n<tr>\r\n<td><del><span class=\"author-a-a12bk0z122z3z75zsuz73zz80z3z76zz67z\">2 mars<\/span><span class=\"author-a-a12bk0z122z3z75zsuz73zz80z3z76zz67z\">\u00a0<\/span><\/del><span class=\"author-a-a12bk0z122z3z75zsuz73zz80z3z76zz67z\"><del>2026<\/del> <span style=\"color: #ff0000;\"><strong>30 avril 2026<\/strong><\/span><\/span><\/td>\r\n<td>Date de r\u00e9ponse du Comit\u00e9 de programme<\/td>\r\n<\/tr>\r\n<tr>\r\n<td><del><span class=\"author-a-a12bk0z122z3z75zsuz73zz80z3z76zz67z\">30<\/span><span class=\"author-a-a12bk0z122z3z75zsuz73zz80z3z76zz67z\">\u00a0<\/span><span class=\"author-a-kfz76zjz86zz80zz88z3u7z66zz80zryz78z2\">mars\u00a0<\/span><\/del><span class=\"author-a-a12bk0z122z3z75zsuz73zz80z3z76zz67z\"><del>2026<\/del> <span style=\"color: #ff0000;\"><strong>11 mai 2026<\/strong><\/span><\/span><\/td>\r\n<td>Date limite de remise des versions finales<\/td>\r\n<\/tr>\r\n<tr>\r\n<td><span class=\"author-a-kfz76zjz86zz80zz88z3u7z66zz80zryz78z2\">11<\/span><span class=\"author-a-a12bk0z122z3z75zsuz73zz80z3z76zz67z\">\u00a0<\/span><span class=\"author-a-kfz76zjz86zz80zz88z3u7z66zz80zryz78z2\">mai<\/span><span class=\"author-a-a12bk0z122z3z75zsuz73zz80z3z76zz67z\"> 2026<\/span><\/td>\r\n<td>Date limite des inscriptions au tarif pr\u00e9f\u00e9rentiel<\/td>\r\n<\/tr>\r\n<tr>\r\n<td><span class=\"author-a-a12bk0z122z3z75zsuz73zz80z3z76zz67z\">10-12 <span id=\"OBJ_PREFIX_DWT6910_com_zimbra_date\" class=\"Object\" role=\"link\"><span id=\"OBJ_PREFIX_DWT6942_com_zimbra_date\" class=\"Object\" role=\"link\">juin 2026<\/span><\/span><\/span><\/td>\r\n<td>Conf\u00e9rence<\/td>\r\n<\/tr>\r\n<\/tbody>\r\n<\/table>\r\n<\/figure>\r\n","protected":false},"excerpt":{"rendered":"<p>\u00a0 19\u00a0janvier 2026 23 f\u00e9vrier 2026 Date limite de soumission 2 mars\u00a02026 30 avril 2026 Date de r\u00e9ponse du Comit\u00e9 de programme 30\u00a0mars\u00a02026 11 mai 2026 Date limite de remise des versions finales 11\u00a0mai 2026 Date limite des inscriptions au tarif pr\u00e9f\u00e9rentiel 10-12 juin 2026 Conf\u00e9rence<\/p>\n","protected":false},"author":11,"featured_media":0,"parent":0,"menu_order":0,"comment_status":"closed","ping_status":"closed","template":"","meta":{"footnotes":""},"class_list":["post-33","page","type-page","status-publish","hentry","nodate","item-wrap"],"_links":{"self":[{"href":"https:\/\/ifrath.fr\/handicap2026\/wp-json\/wp\/v2\/pages\/33","targetHints":{"allow":["GET"]}}],"collection":[{"href":"https:\/\/ifrath.fr\/handicap2026\/wp-json\/wp\/v2\/pages"}],"about":[{"href":"https:\/\/ifrath.fr\/handicap2026\/wp-json\/wp\/v2\/types\/page"}],"author":[{"embeddable":true,"href":"https:\/\/ifrath.fr\/handicap2026\/wp-json\/wp\/v2\/users\/11"}],"replies":[{"embeddable":true,"href":"https:\/\/ifrath.fr\/handicap2026\/wp-json\/wp\/v2\/comments?post=33"}],"version-history":[{"count":24,"href":"https:\/\/ifrath.fr\/handicap2026\/wp-json\/wp\/v2\/pages\/33\/revisions"}],"predecessor-version":[{"id":819,"href":"https:\/\/ifrath.fr\/handicap2026\/wp-json\/wp\/v2\/pages\/33\/revisions\/819"}],"wp:attachment":[{"href":"https:\/\/ifrath.fr\/handicap2026\/wp-json\/wp\/v2\/media?parent=33"}],"curies":[{"name":"wp","href":"https:\/\/api.w.org\/{rel}","templated":true}]}}