{"id":615,"date":"2023-12-11T00:15:29","date_gmt":"2023-12-10T23:15:29","guid":{"rendered":"https:\/\/ifrath.fr\/handicap2024\/?page_id=615"},"modified":"2024-07-05T11:04:24","modified_gmt":"2024-07-05T09:04:24","slug":"comites","status":"publish","type":"page","link":"https:\/\/ifrath.fr\/handicap2024\/comites\/","title":{"rendered":"Comit\u00e9s"},"content":{"rendered":"<h2>Comit\u00e9 d\u2019organisation (CO)<\/h2>\n<p><strong>Pr\u00e9sident : Fr\u00e9d\u00e9ric Bousefsaf (Universit\u00e9 de Lorraine)<\/strong><\/p>\n<ul>\n<li>Antonio Pinti (Universit\u00e9 Polytechnique Hauts-de-France)<\/li>\n<li>Choubeila Maaoui (Universit\u00e9 de Lorraine)<\/li>\n<li>Christian Berger-Vachon (Universit\u00e9 de Lyon)<\/li>\n<li>Dominique Archambault (Universit\u00e9 Paris 8 -Vincennes-Saint-Denis)<\/li>\n<li>Fran\u00e7ois Cabestaing (Universit\u00e9 de Lille)<\/li>\n<li>Gaetan Bourmaud (Universit\u00e9 Paris 8 -Vincennes-Saint-Denis)<\/li>\n<li>G\u00e9rard Uzan (Universit\u00e9 Paris 8 -Vincennes-Saint-Denis)<\/li>\n<li>Guillaume Thomann (Grenoble INP \u2013 UGA)<\/li>\n<li>Guy Bourhis (Universit\u00e9 de Lorraine)<\/li>\n<li>Isis Truck (Universit\u00e9 Paris 8 -Vincennes-Saint-Denis)<\/li>\n<li>Karine Gros (Universit\u00e9 Paris-Est Cr\u00e9teil)<\/li>\n<li>Marie-H\u00e9l\u00e8ne Bekaert (Universit\u00e9 de Lille)<\/li>\n<li>Olivier Habert (Universit\u00e9 de Lorraine)<\/li>\n<li>Philippe Pudlo (Universit\u00e9 Polytechnique Hauts-de-France)<\/li>\n<li>Pierre Pino (Universit\u00e9 de Lorraine)<\/li>\n<li>Salvatore Anzalone (Universit\u00e9 Paris 8 -Vincennes-Saint-Denis)<\/li>\n<li>Yann Mor\u00e8re (Universit\u00e9 de Lorraine)<\/li>\n<\/ul>\n<h2>Comit\u00e9 \u00e9ditorial (CE)<\/h2>\n<ul>\n<li>Fr\u00e9d\u00e9ric Bousefsaf (Universit\u00e9 de Lorraine)<\/li>\n<li>Dominique Archambault (Universit\u00e9 Paris 8 -Vincennes-Saint-Denis)<\/li>\n<li>G\u00e9rard Uzan (Universit\u00e9 Paris 8 \u2013 Laboratoire CHArt EA 4004)<\/li>\n<li>Guillaume Thomann (Grenoble INP \u2013 UGA)<\/li>\n<li>Yann Mor\u00e8re (Universit\u00e9 de Lorraine)<\/li>\n<\/ul>\n<h2 class=\"wp-block-heading\">Comit\u00e9 scientifique (CS)<\/h2>\n<p><strong>Pr\u00e9sident : Guillaume Thomann (Grenoble INP \u2013 UGA)<\/strong><\/p>\n<ul>\n<li>Alain Pruski (Universit\u00e9 de Lorraine)<\/li>\n<li>Anis Rojbi (Universit\u00e9 Paris 8 \u2013 Laboratoire CHArt EA 4004)<\/li>\n<li>Beno\u00eet Encelle (Universit\u00e9 de Lyon CNRS Universit\u00e9 Lyon 1 LIRIS UMR5205 F-69622 France)<\/li>\n<li>C\u00e9line Jost (Universit\u00e9 Paris 8 \u2013 Laboratoire CHArt)<\/li>\n<li>Christian Berger Vachon (Universit\u00e9 Lyon I)<\/li>\n<li>Christophe Jouffrais (CNRS &amp; Univ Toulouse \u2013 IRIT)<\/li>\n<li>Dominique Archambault (Universit\u00e9 Paris 8)<\/li>\n<li>Edwige Pissaloux (Sorbonne University \/U. Rouen)<\/li>\n<li>Etienne Colle (Universit\u00e9 Evry)<\/li>\n<li>Fran\u00e7ois Cabestaing (Universit\u00e9 Lille 1)<\/li>\n<li>Fr\u00e9d\u00e9ric Bousefsaf (Universit\u00e9 de Lorraine)<\/li>\n<li>G\u00e9rard Uzan (Universit\u00e9 Paris 8)<\/li>\n<li>Guy Bourhis (Universit\u00e9 de Lorraine),<\/li>\n<li>Jack Sagot (Laboratoire CHArt 4004)<\/li>\n<li>Jaime Lopez-Krahe (Universit\u00e9 Paris 8),<\/li>\n<li>Jan Engelen (Katholieke Universiteit Leuven)<\/li>\n<li>Julie Golliot (Smart Macadam),<\/li>\n<li>Julien Torrent (Fondation pour la Recherche en faveur des personnes Handicap\u00e9es).<\/li>\n<li>Karim Sehaba (LIRIS \u2013 Universit\u00e9 Lumi\u00e8re Lyon 2)<\/li>\n<li>Karine Gros (Universit\u00e9 Paris Est Cr\u00e9teil),<\/li>\n<li>Marie-H\u00e9l\u00e8ne Bekaert (Universit\u00e9 de Lille),<\/li>\n<li>Mathieu Raynal (IRIT \u2013 University of Toulouse)<\/li>\n<li>Mohamed Slimane (Universit\u00e9 de Tours), pr\u00e9c\u00e9dent pr\u00e9sident de l\u2019IFRATH<\/li>\n<li>Nicolas Monmarch\u00e9 (Universite de Tours)<\/li>\n<li>No\u00e9mie Moulin (Fondation pour la Recherche en faveur des personnes Handicap\u00e9es),<\/li>\n<li>St\u00e9phane Jaffard (Universit\u00e9 Paris Est Cr\u00e9teil),<\/li>\n<li>Vincent Meyer (Universit\u00e9 Nice Sophia Antipolis)<\/li>\n<li>Yann Mor\u00e8re (Universit\u00e9 de Lorraine)<\/li>\n<\/ul>\n","protected":false},"excerpt":{"rendered":"<p>Comit\u00e9 d\u2019organisation (CO) Pr\u00e9sident : Fr\u00e9d\u00e9ric Bousefsaf (Universit\u00e9 de Lorraine) Antonio Pinti (Universit\u00e9 Polytechnique Hauts-de-France) Choubeila Maaoui (Universit\u00e9 de Lorraine) Christian Berger-Vachon (Universit\u00e9 de Lyon) Dominique Archambault (Universit\u00e9 Paris 8 -Vincennes-Saint-Denis) Fran\u00e7ois Cabestaing (Universit\u00e9 de Lille) Gaetan Bourmaud (Universit\u00e9 Paris 8 -Vincennes-Saint-Denis) G\u00e9rard Uzan (Universit\u00e9 Paris 8 -Vincennes-Saint-Denis) Guillaume Thomann (Grenoble INP \u2013 UGA) Guy &hellip; <\/p>\n<p><a class=\"more-link btn\" href=\"https:\/\/ifrath.fr\/handicap2024\/comites\/\">Lire la suite<\/a><\/p>\n","protected":false},"author":1,"featured_media":0,"parent":0,"menu_order":0,"comment_status":"closed","ping_status":"closed","template":"","meta":{"ngg_post_thumbnail":0,"footnotes":""},"class_list":["post-615","page","type-page","status-publish","hentry","nodate","item-wrap"],"_links":{"self":[{"href":"https:\/\/ifrath.fr\/handicap2024\/wp-json\/wp\/v2\/pages\/615","targetHints":{"allow":["GET"]}}],"collection":[{"href":"https:\/\/ifrath.fr\/handicap2024\/wp-json\/wp\/v2\/pages"}],"about":[{"href":"https:\/\/ifrath.fr\/handicap2024\/wp-json\/wp\/v2\/types\/page"}],"author":[{"embeddable":true,"href":"https:\/\/ifrath.fr\/handicap2024\/wp-json\/wp\/v2\/users\/1"}],"replies":[{"embeddable":true,"href":"https:\/\/ifrath.fr\/handicap2024\/wp-json\/wp\/v2\/comments?post=615"}],"version-history":[{"count":5,"href":"https:\/\/ifrath.fr\/handicap2024\/wp-json\/wp\/v2\/pages\/615\/revisions"}],"predecessor-version":[{"id":719,"href":"https:\/\/ifrath.fr\/handicap2024\/wp-json\/wp\/v2\/pages\/615\/revisions\/719"}],"wp:attachment":[{"href":"https:\/\/ifrath.fr\/handicap2024\/wp-json\/wp\/v2\/media?parent=615"}],"curies":[{"name":"wp","href":"https:\/\/api.w.org\/{rel}","templated":true}]}}