{"id":47,"date":"2019-09-20T08:28:18","date_gmt":"2019-09-20T06:28:18","guid":{"rendered":"http:\/\/ifrath.fr\/handicap2024\/?page_id=47"},"modified":"2023-10-24T17:00:43","modified_gmt":"2023-10-24T15:00:43","slug":"acces","status":"publish","type":"page","link":"https:\/\/ifrath.fr\/handicap2024\/acces\/","title":{"rendered":"Acc\u00e8s"},"content":{"rendered":"\r\n<p>La conf\u00e9rence Handicap 2024 se d\u00e9roulera au <a href=\"https:\/\/www.campus-condorcet.fr\/\" target=\"_blank\" rel=\"noopener\">Campus Condorcet<\/a><\/p>\r\n\r\n\r\n\r\n<p>Adresse : <a href=\"https:\/\/maps.app.goo.gl\/hSRu47guFLiSjmyB8\" target=\"_blank\" rel=\"noopener\">Place du Front populaire, 93300 Aubervilliers<\/a><\/p>\r\n<p>L\u2019arr\u00eat de m\u00e9tro le plus proche est \u00ab\u00a0Front Populaire\u00a0\u00bb sur la ligne 12<\/p>\r\n\r\n\r\n\r\n<div class=\"wp-block-image\">\r\n<figure><\/figure>\r\n<figure>\r\n<div class=\"wp-block-image\"><a href=\"https:\/\/goo.gl\/maps\/NWtdKMgUD1DTMFkCA\" target=\"_blank\" rel=\"noopener\"><img loading=\"lazy\" decoding=\"async\" class=\"alignnone wp-image-574 size-full\" src=\"http:\/\/ifrath.fr\/handicap2024\/wp-content\/uploads\/sites\/14\/2023\/06\/CampusCondorcet.png\" alt=\"\" width=\"1182\" height=\"850\" srcset=\"https:\/\/ifrath.fr\/handicap2024\/wp-content\/uploads\/sites\/14\/2023\/06\/CampusCondorcet.png 1182w, https:\/\/ifrath.fr\/handicap2024\/wp-content\/uploads\/sites\/14\/2023\/06\/CampusCondorcet-300x216.png 300w, https:\/\/ifrath.fr\/handicap2024\/wp-content\/uploads\/sites\/14\/2023\/06\/CampusCondorcet-1024x736.png 1024w, https:\/\/ifrath.fr\/handicap2024\/wp-content\/uploads\/sites\/14\/2023\/06\/CampusCondorcet-768x552.png 768w, https:\/\/ifrath.fr\/handicap2024\/wp-content\/uploads\/sites\/14\/2023\/06\/CampusCondorcet-847x609.png 847w\" sizes=\"auto, (max-width: 1182px) 100vw, 1182px\" \/><\/a><\/div>\r\n<\/figure>\r\n<figure class=\"aligncenter\">\r\n<figcaption>Image situant le campus Condorcet.<\/figcaption>\r\n<\/figure>\r\n<\/div>\r\n\r\n\r\n\r\n<h2 class=\"wp-block-heading\"><strong>Pratiques&#8230;<\/strong><\/h2>\r\n\r\n\r\n\r\n<h3 class=\"wp-block-heading\"><em><strong>Venir \u00e0 Paris en avion<\/strong><\/em><\/h3>\r\n\r\n\r\n\r\n<div class=\"wp-block-image\">\r\n<figure class=\"alignleft\"><img decoding=\"async\" class=\"wp-image-32\" src=\"http:\/\/ifrath.fr\/handicap2018\/wp-content\/uploads\/sites\/8\/2017\/05\/ic_flight_land_black_36dp_2x.png\" alt=\"Avion\" \/><\/figure>\r\n<\/div>\r\n\r\n\r\n\r\n<p>L&rsquo;a\u00e9roport <a href=\"https:\/\/www.parisaeroport.fr\/\">Paris Charles de Gaulle<\/a> se trouve \u00e0 moins d&rsquo;une heure de transport du Campus Condorcet, lieu de la conf\u00e9rence.<\/p>\r\n<p>&nbsp;<\/p>\r\n\r\n\r\n\r\n<h3 class=\"wp-block-heading\"><strong><em>Venir \u00e0 Paris en train<\/em><\/strong><\/h3>\r\n\r\n\r\n\r\n<div class=\"wp-block-image\">\r\n<figure class=\"alignleft\"><img decoding=\"async\" class=\"wp-image-33\" src=\"http:\/\/ifrath.fr\/handicap2018\/wp-content\/uploads\/sites\/8\/2017\/05\/ic_train_black_36dp_2x.png\" alt=\"\" \/><\/figure>\r\n<\/div>\r\n\r\n\r\n\r\n<p>Toutes les gares parisiennes intra-muros sont a moins d&rsquo;une heure de transport du Campus Condorcet. Vous pouvez r\u00e9server vos billets sur la <a href=\"https:\/\/www.sncf-connect.com\/\">boutique en ligne SNCF<\/a><\/p>\r\n<p>&nbsp;<\/p>\r\n\r\n\r\n\r\n<h3 class=\"wp-block-heading\"><em><strong>Se d\u00e9placer \u00e0 Paris<\/strong><\/em><\/h3>\r\n\r\n\r\n\r\n<div class=\"wp-block-image\">\r\n<figure class=\"alignleft\"><img decoding=\"async\" class=\"wp-image-35\" src=\"http:\/\/ifrath.fr\/handicap2018\/wp-content\/uploads\/sites\/8\/2017\/05\/ic_subway_black_36dp_2x.png\" alt=\"M\u00e9tro\" \/><\/figure>\r\n<\/div>\r\n\r\n\r\n\r\n<p>Le r\u00e9seau de transport d&rsquo;Ile de France est particuli\u00e8rement dense, aussi il vous sera tr\u00e8s facile de vous d\u00e9placer dans Paris. Vous pouvez consulter le site de la RATP pour planifier votre trajet : <a href=\"https:\/\/www.ratp.fr\/\">plan interactif<\/a><\/p>\r\n<p>&nbsp;<\/p>\r\n\r\n\r\n\r\n<h3 class=\"wp-block-heading\"><em><strong>R\u00e9server un h\u00f4tel<\/strong><\/em><\/h3>\r\n\r\n\r\n\r\n<div class=\"wp-block-image\">\r\n<figure class=\"alignleft\"><img decoding=\"async\" class=\"wp-image-36\" src=\"http:\/\/ifrath.fr\/handicap2018\/wp-content\/uploads\/sites\/8\/2017\/05\/ic_local_hotel_black_36dp_2x.png\" alt=\"hotels\" \/><\/figure>\r\n<\/div>\r\n\r\n\r\n\r\n<p>La conf\u00e9rence Handicap 2024 se d\u00e9roule au Campus Condorcet, \u00e0 Aubervilliers. Nous recommandons d&rsquo;orienter vos recherches pr\u00e8s des arr\u00eats de m\u00e9tro Lamark-Colaincourt, Abbesses, Pigalle, Notre-Dame-de-Lorette (situ\u00e9s entre 9 \u00e0 13 minutes du Campus Condorcet). L&rsquo;h\u00f4tel <a href=\"https:\/\/www.breakandhome.com\/condorcet\/\">Break &amp; Home<\/a> situ\u00e9 dans le campus Condorcet et disposant de 5 chambres accessibles peut \u00eatre int\u00e9ressant. Un autre h\u00f4tel proche du centre Condorcet est l&rsquo;<a href=\"https:\/\/www.easyhotel.com\/fr\/hotels\/france\/paris\/paris-nord-aubervilliers\">Easy Hotel Aubervilliers<\/a> qui dispose de 180 chambres.<\/p>\r\n","protected":false},"excerpt":{"rendered":"<p>La conf\u00e9rence Handicap 2024 se d\u00e9roulera au Campus Condorcet Adresse : Place du Front populaire, 93300 Aubervilliers L\u2019arr\u00eat de m\u00e9tro le plus proche est \u00ab\u00a0Front Populaire\u00a0\u00bb sur la ligne 12 Pratiques&#8230; Venir \u00e0 Paris en avion L&rsquo;a\u00e9roport Paris Charles de Gaulle se trouve \u00e0 moins d&rsquo;une heure de transport du Campus Condorcet, lieu de la &hellip; <\/p>\n<p><a class=\"more-link btn\" href=\"https:\/\/ifrath.fr\/handicap2024\/acces\/\">Lire la suite<\/a><\/p>\n","protected":false},"author":11,"featured_media":0,"parent":0,"menu_order":0,"comment_status":"closed","ping_status":"closed","template":"","meta":{"ngg_post_thumbnail":0,"footnotes":""},"class_list":["post-47","page","type-page","status-publish","hentry","nodate","item-wrap"],"_links":{"self":[{"href":"https:\/\/ifrath.fr\/handicap2024\/wp-json\/wp\/v2\/pages\/47","targetHints":{"allow":["GET"]}}],"collection":[{"href":"https:\/\/ifrath.fr\/handicap2024\/wp-json\/wp\/v2\/pages"}],"about":[{"href":"https:\/\/ifrath.fr\/handicap2024\/wp-json\/wp\/v2\/types\/page"}],"author":[{"embeddable":true,"href":"https:\/\/ifrath.fr\/handicap2024\/wp-json\/wp\/v2\/users\/11"}],"replies":[{"embeddable":true,"href":"https:\/\/ifrath.fr\/handicap2024\/wp-json\/wp\/v2\/comments?post=47"}],"version-history":[{"count":14,"href":"https:\/\/ifrath.fr\/handicap2024\/wp-json\/wp\/v2\/pages\/47\/revisions"}],"predecessor-version":[{"id":598,"href":"https:\/\/ifrath.fr\/handicap2024\/wp-json\/wp\/v2\/pages\/47\/revisions\/598"}],"wp:attachment":[{"href":"https:\/\/ifrath.fr\/handicap2024\/wp-json\/wp\/v2\/media?parent=47"}],"curies":[{"name":"wp","href":"https:\/\/api.w.org\/{rel}","templated":true}]}}