{"id":41,"date":"2019-09-20T08:22:45","date_gmt":"2019-09-20T06:22:45","guid":{"rendered":"http:\/\/ifrath.fr\/handicap2024\/?page_id=41"},"modified":"2024-01-15T08:53:37","modified_gmt":"2024-01-15T07:53:37","slug":"soumissions","status":"publish","type":"page","link":"https:\/\/ifrath.fr\/handicap2024\/soumissions\/","title":{"rendered":"Soumissions"},"content":{"rendered":"\r\n<h2 class=\"wp-block-heading\" style=\"text-align: center;\"><span style=\"color: #ff0000;\"><strong>Extension des soumissions jusqu&rsquo;au 31 janvier 2024<\/strong><\/span><\/h2>\r\n<h4>Format des soumissions<\/h4>\r\n\r\n\r\n\r\n<p>Les articles soumis devront respecter le format et les styles utilis\u00e9s dans le mod\u00e8le disponible ci-dessous :<\/p>\r\n\r\n\r\n\r\n<ul class=\"wp-block-list\">\r\n<li>Archive du Template LaTeX\/Overleaf <a href=\"http:\/\/ifrath.fr\/handicap2024\/wp-content\/uploads\/sites\/14\/2023\/11\/H2024-LaTeX-OverleafPackage.zip\" target=\"_blank\" rel=\"noopener\">Handicap2024LaTeXOverleafPackage<\/a> (mod\u00e8le bas\u00e9 sur ceux des conf\u00e9rences IEEE)<\/li>\r\n<li><a href=\"http:\/\/ifrath.fr\/handicap2024\/wp-content\/uploads\/sites\/10\/2019\/12\/Mode\u0300le_Handicap-2020_IEEEconf-template12.docx\">Mod\u00e8le_Handicap-2024_IEEEconf-template.docx<\/a> (mod\u00e8le bas\u00e9 sur ceux des conf\u00e9rences IEEE).<\/li>\r\n<\/ul>\r\n<p><span style=\"color: #ff0000;\"><strong>Si le simple clic ne fonctionne pas pour le t\u00e9l\u00e9chargement, faites un clic droit puis choisir \u00ab\u00a0enregistrer la <\/strong><\/span><span style=\"color: #ff0000;\"><strong>cible du lien sous\u00a0\u00bb.<\/strong><\/span><\/p>\r\n\r\n\r\n\r\n\r\n\r\n<p>La limite maximum de longueur est de 6 pages dans le format pr\u00e9c\u00e9demment d\u00e9crit. Les soumissions doivent<\/p>\r\n<p>\u00eatre r\u00e9dig\u00e9es en fran\u00e7ais. De mani\u00e8re exceptionnelle, une soumission r\u00e9dig\u00e9e en anglais, si le premier auteur n\u2019est pas francophone, pourra \u00eatre autoris\u00e9e.<\/p>\r\n\r\n\r\n\r\n<h4 class=\"wp-block-heading\">Proc\u00e9dure de soumission et r\u00e8gle de publications<\/h4>\r\n\r\n<p><!--StartFragment--><\/p>\r\n\r\n<p>Les soumissions d\u2019articles se feront uniquement par voie \u00e9lectronique, sur SciencesConf, \u00e0 l\u2019adresse suivante :<\/p>\r\n<h3><a href=\"https:\/\/handicap2024.sciencesconf.org\">https:\/\/handicap2024.sciencesconf.org<\/a><\/h3>\r\n<p>La publication dans les actes d\u2019un article accept\u00e9 est subordonn\u00e9e \u00e0 l\u2019inscription d\u2019au moins un de ses auteurs \u00e0 la conf\u00e9rence Handicap 2024 et \u00e0 sa pr\u00e9sentation, selon la programmation \u00e9tablie.<\/p>\r\n\r\n<p><!--StartFragment--><\/p>\r\n<p><!--EndFragment--><\/p>\r\n<p><!--EndFragment--><\/p>\r\n<p><!--StartFragment--><\/p>","protected":false},"excerpt":{"rendered":"<p>Extension des soumissions jusqu&rsquo;au 31 janvier 2024 Format des soumissions Les articles soumis devront respecter le format et les styles utilis\u00e9s dans le mod\u00e8le disponible ci-dessous : Archive du Template LaTeX\/Overleaf Handicap2024LaTeXOverleafPackage (mod\u00e8le bas\u00e9 sur ceux des conf\u00e9rences IEEE) Mod\u00e8le_Handicap-2024_IEEEconf-template.docx (mod\u00e8le bas\u00e9 sur ceux des conf\u00e9rences IEEE). Si le simple clic ne fonctionne pas pour &hellip; <\/p>\n<p><a class=\"more-link btn\" href=\"https:\/\/ifrath.fr\/handicap2024\/soumissions\/\">Lire la suite<\/a><\/p>\n","protected":false},"author":11,"featured_media":0,"parent":0,"menu_order":0,"comment_status":"closed","ping_status":"closed","template":"","meta":{"ngg_post_thumbnail":0,"footnotes":""},"class_list":["post-41","page","type-page","status-publish","hentry","nodate","item-wrap"],"_links":{"self":[{"href":"https:\/\/ifrath.fr\/handicap2024\/wp-json\/wp\/v2\/pages\/41","targetHints":{"allow":["GET"]}}],"collection":[{"href":"https:\/\/ifrath.fr\/handicap2024\/wp-json\/wp\/v2\/pages"}],"about":[{"href":"https:\/\/ifrath.fr\/handicap2024\/wp-json\/wp\/v2\/types\/page"}],"author":[{"embeddable":true,"href":"https:\/\/ifrath.fr\/handicap2024\/wp-json\/wp\/v2\/users\/11"}],"replies":[{"embeddable":true,"href":"https:\/\/ifrath.fr\/handicap2024\/wp-json\/wp\/v2\/comments?post=41"}],"version-history":[{"count":28,"href":"https:\/\/ifrath.fr\/handicap2024\/wp-json\/wp\/v2\/pages\/41\/revisions"}],"predecessor-version":[{"id":632,"href":"https:\/\/ifrath.fr\/handicap2024\/wp-json\/wp\/v2\/pages\/41\/revisions\/632"}],"wp:attachment":[{"href":"https:\/\/ifrath.fr\/handicap2024\/wp-json\/wp\/v2\/media?parent=41"}],"curies":[{"name":"wp","href":"https:\/\/api.w.org\/{rel}","templated":true}]}}