{"id":39,"date":"2019-09-20T08:22:19","date_gmt":"2019-09-20T06:22:19","guid":{"rendered":"http:\/\/ifrath.fr\/handicap2024\/?page_id=39"},"modified":"2024-05-29T18:49:30","modified_gmt":"2024-05-29T16:49:30","slug":"programme","status":"publish","type":"page","link":"https:\/\/ifrath.fr\/handicap2024\/programme\/","title":{"rendered":"Programme"},"content":{"rendered":"\r\n<p>La conf\u00e9rence Handicap, c&rsquo;est :<\/p>\r\n\r\n\r\n\r\n<ul class=\"wp-block-list\">\r\n<li>3 pr\u00e9sentations invit\u00e9es<\/li>\r\n<li>24 pr\u00e9sentations accept\u00e9es<\/li>\r\n<li>des posters<\/li>\r\n<li>1 prix du meilleur article,\u00a0 1 prix de th\u00e8se<\/li>\r\n<li>1 Assembl\u00e9e G\u00e9n\u00e9rale de l&rsquo;IFRATH<\/li>\r\n<li>1 d\u00eener de gala dans un magnifique cadre<\/li>\r\n<\/ul>\r\n\r\n\r\n\r\n<h1><strong><span style=\"color: #ff0000;\">Le programme d\u00e9taill\u00e9 est disponible en version PDF :<\/span><\/strong>\u00a0 <a href=\"http:\/\/ifrath.fr\/handicap2024\/wp-content\/uploads\/sites\/14\/2024\/05\/ProgrammeDetailleH2024.pdf\" target=\"_blank\" rel=\"noopener\">ProgrammeDetailleH2024<\/a>.<\/h1>\r\n<p>Voici le programme global.<\/p>\r\n<table>\r\n<tbody>\r\n<tr>\r\n<td width=\"214\">\r\n<p><span style=\"color: #000080;\"><strong>Mercredi 5 juin 2024<\/strong><\/span><\/p>\r\n<\/td>\r\n<td width=\"214\">\r\n<p><span style=\"color: #000080;\"><strong>Jeudi 6 juin 2024<\/strong><\/span><\/p>\r\n<\/td>\r\n<td width=\"214\">\r\n<p><span style=\"color: #000080;\"><strong>Vendredi 7 juin 2024<br \/><\/strong><\/span><\/p>\r\n<\/td>\r\n<\/tr>\r\n<tr>\r\n<td width=\"214\">\r\n<table width=\"642\" cellspacing=\"0\" cellpadding=\"7\">\r\n<tbody>\r\n<tr>\r\n<td valign=\"top\" width=\"626\">\r\n<p class=\"western\"><span style=\"font-family: Arial, serif;\"><span style=\"color: #800000;\">09h00 \u2013 10h00\u00a0:<\/span> Inscriptions + buffet d\u2019accueil<\/span><\/p>\r\n<\/td>\r\n<\/tr>\r\n<tr>\r\n<td valign=\"top\" width=\"626\">\r\n<p class=\"western\"><span style=\"font-family: Arial, serif;\"><span style=\"color: #800000;\">10h \u2013 10h15 :<\/span> Ouverture de la conf\u00e9rence<\/span><\/p>\r\n<\/td>\r\n<\/tr>\r\n<\/tbody>\r\n<\/table>\r\n<\/td>\r\n<td width=\"214\">\r\n<p><span style=\"color: #800000;\">9h10 \u2013 10h10 :<\/span> <span class=\"author-a-h2z75zz74zv8kz68zcz88zz83zz88z82vk\">Session Assistance \u00e0 la Mobilit\u00e9 (1\/1)<\/span><span class=\"author-a-qz73zrnfz85z9z90zz87zmz72zoz82z3z84z3\">\u00a0\u00a0<\/span><span class=\"author-a-qz73zrnfz85z9z90zz87zmz72zoz82z3z84z3 b i u\"><b><i><u>(<\/u><\/i><\/b><\/span><span class=\"author-a-h2z75zz74zv8kz68zcz88zz83zz88z82vk b i u\"><b><i><u>3<\/u><\/i><\/b><\/span><span class=\"author-a-qz73zrnfz85z9z90zz87zmz72zoz82z3z84z3 b i u\"><b><i><u>\u00a0papiers)<\/u><\/i><\/b><\/span><\/p>\r\n<\/td>\r\n<td width=\"214\">\r\n<p><span style=\"color: #800000;\">8h40 \u2013 9h40 :<\/span> Session Innovations technologiques intelligentes et personnalis\u00e9es (1\/1) <strong>(3 papiers)<\/strong><\/p>\r\n<\/td>\r\n<\/tr>\r\n<tr>\r\n<td width=\"214\">\r\n<p><span style=\"color: #800000;\">10h15 \u2013 10h55 :<\/span> S<span class=\"author-a-z65zl1z88zrz76zz71z3z66zngf60hn\">ession\u00a0<\/span><span class=\"author-a-h2z75zz74zv8kz68zcz88zz83zz88z82vk\">Accessibilit\u00e9 aux contenus num\u00e9riques (1\/2)<\/span><span class=\"author-a-qz73zrnfz85z9z90zz87zmz72zoz82z3z84z3\">\u00a0<\/span><span class=\"author-a-qz73zrnfz85z9z90zz87zmz72zoz82z3z84z3 b i u\"><b><i><u>(<\/u><\/i><\/b><\/span><span class=\"author-a-h2z75zz74zv8kz68zcz88zz83zz88z82vk b i u\"><b><i><u>2<\/u><\/i><\/b><\/span><span class=\"author-a-qz73zrnfz85z9z90zz87zmz72zoz82z3z84z3 b i u\"><b><i><u>\u00a0papiers)<\/u><\/i><\/b><\/span><\/p>\r\n<\/td>\r\n<td width=\"214\">\r\n<p><span style=\"color: #339966;\"><strong>10h10 \u2013 10h30 : Pause-caf\u00e9<\/strong><\/span><\/p>\r\n<\/td>\r\n<td width=\"214\">\r\n<p><span style=\"color: #339966;\"><strong>9h40 \u2013 10h : Pause-caf\u00e9<\/strong><\/span><\/p>\r\n<\/td>\r\n<\/tr>\r\n<tr>\r\n<td rowspan=\"2\" width=\"214\">\r\n<p><span style=\"color: #800000;\">10h55 \u2013 12h15 :<\/span> <span class=\"author-a-h2z75zz74zv8kz68zcz88zz83zz88z82vk\">Session Handicap et Soci\u00e9t\u00e9 (1\/1)\u00a0<\/span><span class=\"author-a-h2z75zz74zv8kz68zcz88zz83zz88z82vk b i u\"><b><i><u>(4 papiers)<\/u><\/i><\/b><\/span><\/p>\r\n<\/td>\r\n<td width=\"214\">\r\n<p><span style=\"color: #800000;\">10h30 \u2013 11h15 :<\/span> <strong>Session invit\u00e9e 2<\/strong> : Lucie Dalibert, sociologue : Le mythe de la transparence dans la technologisation des corps<\/p>\r\n<\/td>\r\n<td width=\"214\">\r\n<p><span style=\"color: #800000;\">10h \u2013 10h45 :<\/span> <strong>Session invit\u00e9e 3<\/strong> : Karine GROS, Ma\u00eetre de conf\u00e9rences HDR HC- SHS Handicap et Emploi : Pr\u00e9sentation du Projet CookiNUM<\/p>\r\n<p><span style=\"color: #800000;\">10h45 \u2013 11h45 :<\/span> <span class=\"author-a-h2z75zz74zv8kz68zcz88zz83zz88z82vk\">Session Outils de Communication (1\/1)<\/span><span class=\"author-a-h2z75zz74zv8kz68zcz88zz83zz88z82vk b i u\"><b><i><u>\u00a0<\/u><\/i><\/b><\/span><span class=\"author-a-qz73zrnfz85z9z90zz87zmz72zoz82z3z84z3 b i u\"><b><i><u>(<\/u><\/i><\/b><\/span><span class=\"author-a-h2z75zz74zv8kz68zcz88zz83zz88z82vk b i u\"><b><i><u>3<\/u><\/i><\/b><\/span><span class=\"author-a-qz73zrnfz85z9z90zz87zmz72zoz82z3z84z3 b i u\"><b><i><u>\u00a0papiers)<\/u><\/i><\/b><\/span><\/p>\r\n<\/td>\r\n<\/tr>\r\n<tr>\r\n<td width=\"214\">\r\n<p><span style=\"color: #800000;\">11h15 \u2013 12h15:<\/span> Session Biom\u00e9canique et mod\u00e9lisation : membres inf\u00e9rieurs (1\/2) <strong>(3 papiers)<\/strong><\/p>\r\n<\/td>\r\n<td width=\"214\">\r\n<p><span style=\"color: #800000;\">11h45 \u2013 12h15 :<\/span> Remise prix de th\u00e8se et meilleur article et cl\u00f4ture de la conf\u00e9rence<\/p>\r\n<\/td>\r\n<\/tr>\r\n<tr>\r\n<td width=\"214\">\r\n<p><span style=\"color: #339966;\"><strong>12h30 \u2013 14h : Pause d\u00e9jeuner<\/strong><\/span><\/p>\r\n<\/td>\r\n<td width=\"214\">\r\n<p><span style=\"color: #339966;\"><strong>12h30 \u2013 14h : Pause d\u00e9jeuner<\/strong><\/span><\/p>\r\n<\/td>\r\n<td width=\"214\">\r\n<p><span style=\"color: #339966;\"><strong>12h40 \u2013 14h : Pause d\u00e9jeuner<\/strong><\/span><\/p>\r\n<\/td>\r\n<\/tr>\r\n<tr>\r\n<td width=\"214\">\r\n<p><span style=\"color: #800000;\">14h \u2013 15h\u00a0:<\/span> <strong>Session invit\u00e9e 1<\/strong> : Eric Perera, Directeur de l&rsquo;\u00e9quipe SanT.E.Si.H., Montpellier : La visibilit\u00e9 du handiski en station de ski, entre \u00ab glisse \u00bb et s\u00e9curit\u00e9 : une ethnographie du couple pilote-handiskieur.<\/p>\r\n<\/td>\r\n<td width=\"214\">\r\n<p><span style=\"color: #800000;\">14h15 \u2013 15h :<\/span><\/p>\r\n<p>Session sp\u00e9ciale Fedrha : Des solutions personnalis\u00e9es pour des besoins sp\u00e9cifiques<\/p>\r\n<p>2 pr\u00e9sentations :<\/p>\r\n<p>Jonathan Fabreguettes, CTRDV (Centre Technique R\u00e9gional pour la D\u00e9ficience Visuelle) &#8211; \u00ab Luciole, un outil num\u00e9rique au service des lecteurs d\u00e9ficients visuels \u00bb<\/p>\r\n<p><br \/>Hursula Mengue Topio, Ma\u00eetresse de conf\u00e9rences en psychologie du handicap, Universit\u00e9 de Lille \u00ab Conception d&rsquo;un syst\u00e8me d&rsquo;aide \u00e0 la mobilit\u00e9 des personnes avec d\u00e9ficience intellectuelle \u00bb<\/p>\r\n<\/td>\r\n<td width=\"214\">\r\n<p>&nbsp;<\/p>\r\n<\/td>\r\n<\/tr>\r\n<tr>\r\n<td width=\"214\">\r\n<p><span style=\"color: #800000;\">1505h \u2013 16h05 :<\/span> S<span class=\"author-a-h2z75zz74zv8kz68zcz88zz83zz88z82vk\">session Accessibilit\u00e9 aux contenus num\u00e9riques (2\/2)\u00a0<\/span><span class=\"author-a-h2z75zz74zv8kz68zcz88zz83zz88z82vk b i u\"><b><i><u>(3 papiers)<\/u><\/i><\/b><\/span><\/p>\r\n<\/td>\r\n<td width=\"214\">\r\n<p><span style=\"color: #800000;\">15h \u2013 15h45 :<\/span> Session sp\u00e9ciale FEDRAH &#8211;<\/p>\r\n<p>Table ronde : Des solutions personnalis\u00e9es pour des besoins sp\u00e9cifiques<\/p>\r\n<p>Carolane Mascle, Ma\u00eetresse de conf\u00e9rences en psychologie du d\u00e9veloppement, Universit\u00e9 de Strasbourg ; Danielle Valente, Ma\u00eetresse de conf\u00e9rences en psychologie du d\u00e9veloppement, Universit\u00e9 Lyon 2 &#8211; Recherche et design participatif : Pr\u00e9sentation d\u2019une m\u00e9thodologie pour l\u2019am\u00e9lioration des outils et l\u2019autonomisation des participants<\/p>\r\n<p><br \/>H\u00e9l\u00e8ne Sauz\u00e9on, Professeure de psychologie et de sciences cognitives \u00e0 l&rsquo;Universit\u00e9 de Bordeaux &#8211; \u00ab Les technologies num\u00e9riques au service d&rsquo;un vieillissement en bonne sant\u00e9 : illustration \u00e0 travers l&rsquo;\u00e9tude de deux solutions (une maison intelligente et un syst\u00e8me de tutoring intelligent) \u00bb<\/p>\r\n<\/td>\r\n<td width=\"214\">\r\n<p>&nbsp;<\/p>\r\n<\/td>\r\n<\/tr>\r\n<tr>\r\n<td width=\"214\">\r\n<p><span style=\"color: #339966;\"><strong>1605h \u2013 16h30 : Pause-caf\u00e9<\/strong><\/span><\/p>\r\n<\/td>\r\n<td width=\"214\">\r\n<p><span style=\"color: #339966;\"><strong>15h45h \u2013 16h : Pause-caf\u00e9<\/strong><\/span><\/p>\r\n<\/td>\r\n<td width=\"214\">\r\n<p>&nbsp;<\/p>\r\n<\/td>\r\n<\/tr>\r\n<tr>\r\n<td width=\"214\">\r\n<p><span style=\"color: #800000;\">16h30 \u2013 18h :<\/span> Session posters<\/p>\r\n<\/td>\r\n<td width=\"214\">\r\n<p><span style=\"color: #800000;\">16h \u2013 17h :<\/span> Session Biom\u00e9canique et mod\u00e9lisation : membres sup\u00e9rieurs (2\/2)<strong> (3 papiers)<\/strong><\/p>\r\n<\/td>\r\n<td width=\"214\">\r\n<p>&nbsp;<\/p>\r\n<\/td>\r\n<\/tr>\r\n<tr>\r\n<td width=\"214\">\r\n<p>&nbsp;<\/p>\r\n<\/td>\r\n<td width=\"214\">\r\n<p><span style=\"color: #993300;\"><strong>17h15 \u2013 19h : Assembl\u00e9e G\u00e9n\u00e9rale IFRATH<\/strong><\/span><\/p>\r\n<\/td>\r\n<td width=\"214\">\r\n<p>&nbsp;<\/p>\r\n<\/td>\r\n<\/tr>\r\n<tr>\r\n<td width=\"214\">\r\n<p>&nbsp;<\/p>\r\n<\/td>\r\n<td width=\"214\">\r\n<p><span style=\"color: #800080;\"><strong>20h \u2013 22h30 : Repas de Gala<\/strong><\/span><\/p>\r\n<\/td>\r\n<td width=\"214\">\r\n<p>&nbsp;<\/p>\r\n<\/td>\r\n<\/tr>\r\n<\/tbody>\r\n<\/table>\r\n<p>&nbsp;<\/p>","protected":false},"excerpt":{"rendered":"<p>La conf\u00e9rence Handicap, c&rsquo;est : 3 pr\u00e9sentations invit\u00e9es 24 pr\u00e9sentations accept\u00e9es des posters 1 prix du meilleur article,\u00a0 1 prix de th\u00e8se 1 Assembl\u00e9e G\u00e9n\u00e9rale de l&rsquo;IFRATH 1 d\u00eener de gala dans un magnifique cadre Le programme d\u00e9taill\u00e9 est disponible en version PDF :\u00a0 ProgrammeDetailleH2024. Voici le programme global. Mercredi 5 juin 2024 Jeudi 6 &hellip; <\/p>\n<p><a class=\"more-link btn\" href=\"https:\/\/ifrath.fr\/handicap2024\/programme\/\">Lire la suite<\/a><\/p>\n","protected":false},"author":11,"featured_media":0,"parent":0,"menu_order":0,"comment_status":"closed","ping_status":"closed","template":"","meta":{"ngg_post_thumbnail":0,"footnotes":""},"class_list":["post-39","page","type-page","status-publish","hentry","nodate","item-wrap"],"_links":{"self":[{"href":"https:\/\/ifrath.fr\/handicap2024\/wp-json\/wp\/v2\/pages\/39","targetHints":{"allow":["GET"]}}],"collection":[{"href":"https:\/\/ifrath.fr\/handicap2024\/wp-json\/wp\/v2\/pages"}],"about":[{"href":"https:\/\/ifrath.fr\/handicap2024\/wp-json\/wp\/v2\/types\/page"}],"author":[{"embeddable":true,"href":"https:\/\/ifrath.fr\/handicap2024\/wp-json\/wp\/v2\/users\/11"}],"replies":[{"embeddable":true,"href":"https:\/\/ifrath.fr\/handicap2024\/wp-json\/wp\/v2\/comments?post=39"}],"version-history":[{"count":67,"href":"https:\/\/ifrath.fr\/handicap2024\/wp-json\/wp\/v2\/pages\/39\/revisions"}],"predecessor-version":[{"id":681,"href":"https:\/\/ifrath.fr\/handicap2024\/wp-json\/wp\/v2\/pages\/39\/revisions\/681"}],"wp:attachment":[{"href":"https:\/\/ifrath.fr\/handicap2024\/wp-json\/wp\/v2\/media?parent=39"}],"curies":[{"name":"wp","href":"https:\/\/api.w.org\/{rel}","templated":true}]}}