{"id":35,"date":"2019-09-20T08:21:21","date_gmt":"2019-09-20T06:21:21","guid":{"rendered":"http:\/\/ifrath.fr\/handicap2024\/?page_id=35"},"modified":"2021-12-09T14:41:00","modified_gmt":"2021-12-09T13:41:00","slug":"themes","status":"publish","type":"page","link":"https:\/\/ifrath.fr\/handicap2024\/themes\/","title":{"rendered":"Th\u00e8mes"},"content":{"rendered":"\r\n\r\n\r\n<ul class=\"wp-block-list\">\r\n<li>Caract\u00e9risation et mod\u00e9lisation des situations de perte d\u2019autonomie\r\n<ul>\r\n<li>Troubles physiques<\/li>\r\n<\/ul>\r\n<ul>\r\n<li>Troubles sensoriels<\/li>\r\n<\/ul>\r\n<ul>\r\n<li>Troubles mentaux<\/li>\r\n<\/ul>\r\n<ul>\r\n<li>Troubles cognitifs<\/li>\r\n<\/ul>\r\n<ul>\r\n<li>Troubles psychiques<\/li>\r\n<\/ul>\r\n<ul>\r\n<li>Polyhandicap<\/li>\r\n<\/ul>\r\n<ul>\r\n<li>Troubles de sant\u00e9 invalidante<\/li>\r\n<\/ul>\r\n<ul>\r\n<li>Cons\u00e9quences du vieillissement<\/li>\r\n<\/ul>\r\n<\/li>\r\n<li>Technologies pour l\u2019autonomie et la sant\u00e9\r\n<ul>\r\n<li>Technologies d\u2019assistance \u00e0 la perception, \u00e0 la communication, \u00e0 la r\u00e9\u00e9ducation, \u00e0 la stimulation\u2026<\/li>\r\n<\/ul>\r\n<ul>\r\n<li>Technologies d\u2019assistance pour les \u00abDys\u00bb<\/li>\r\n<\/ul>\r\n<ul>\r\n<li>Technologies pour la rem\u00e9diation cognitive<\/li>\r\n<\/ul>\r\n<ul>\r\n<li>Robotique d\u2019assistance au d\u00e9placement, \u00e0 la pr\u00e9hension, \u00e0 la r\u00e9\u00e9ducation<\/li>\r\n<\/ul>\r\n<ul>\r\n<li>Orth\u00e8ses, proth\u00e8ses, neuroproth\u00e8ses<\/li>\r\n<\/ul>\r\n<ul>\r\n<li>Interfaces cerveau-machine<\/li>\r\n<\/ul>\r\n<ul>\r\n<li>Intelligence ambiante, maison intelligente, syst\u00e8mes embarqu\u00e9s au service de la personne<\/li>\r\n<\/ul>\r\n<ul>\r\n<li>E-service : t\u00e9l\u00e9assistance, t\u00e9l\u00e9m\u00e9decine, t\u00e9l\u00e9vigilance, t\u00e9l\u00e9diagnostic, t\u00e9l\u00e9r\u00e9habilitation, e-accessibilit\u00e9<\/li>\r\n<\/ul>\r\n<ul>\r\n<li>Objets communicants<\/li>\r\n<\/ul>\r\n<ul>\r\n<li>R\u00e9alit\u00e9 virtuelle pour l\u2019\u00e9valuation et la r\u00e9\u00e9ducation des troubles cognitifs et moteurs<\/li>\r\n<\/ul>\r\n<ul>\r\n<li>Jeux vid\u00e9o accessibles, jeux s\u00e9rieux<\/li>\r\n<\/ul>\r\n<ul>\r\n<li>Transmodalit\u00e9, multimodalit\u00e9<\/li>\r\n<\/ul>\r\n<ul>\r\n<li>Interaction Humain-Machine, Collaboration Humain-Machine<\/li>\r\n<\/ul>\r\n<\/li>\r\n<li>M\u00e9thodologies\r\n<ul>\r\n<li>Analyse des besoins<\/li>\r\n<\/ul>\r\n<ul>\r\n<li>R\u00e9\u00e9ducation, stimulation, apprentissage<\/li>\r\n<\/ul>\r\n<ul>\r\n<li>Conception de l\u2019assistance prenant en compte les dimensions humaines et soci\u00e9tales<\/li>\r\n<\/ul>\r\n<ul>\r\n<li>Evaluation des technologies dans leur environnement d\u2019usage<\/li>\r\n<\/ul>\r\n<\/li>\r\n<li>Ergonomie des syst\u00e8mes d\u2019assistance\r\n<ul>\r\n<li>Evaluation<\/li>\r\n<\/ul>\r\n<ul>\r\n<li>Mod\u00e9lisation humain-machine-environnement<\/li>\r\n<\/ul>\r\n<ul>\r\n<li>Mod\u00e9lisation et simulation de l\u2019humain : aspects perceptifs, moteurs et cognitifs<\/li>\r\n<\/ul>\r\n<ul>\r\n<li>Interactions humain-syst\u00e8me d\u2019assistance<\/li>\r\n<\/ul>\r\n<\/li>\r\n<li>Sociologie, p\u00e9dagogie\r\n<ul>\r\n<li>Etude des usages des technologies<\/li>\r\n<\/ul>\r\n<ul>\r\n<li>Ethique<\/li>\r\n<\/ul>\r\n<ul>\r\n<li>Dimension sociale : vie publique et priv\u00e9e, handicap et int\u00e9gration sociale, handicap et vie relationnelle<\/li>\r\n<\/ul>\r\n<ul>\r\n<li>Inclusion scolaire, secondaire et sup\u00e9rieur<\/li>\r\n<\/ul>\r\n<ul>\r\n<li>Adaptation du poste de travail, maintien dans l\u2019emploi<\/li>\r\n<\/ul>\r\n<ul>\r\n<li>Accessibilit\u00e9 \u00e0 la ville, au cadre b\u00e2ti, \u00e0 la culture et aux arts<\/li>\r\n<\/ul>\r\n<\/li>\r\n<\/ul>\r\n","protected":false},"excerpt":{"rendered":"<p>Caract\u00e9risation et mod\u00e9lisation des situations de perte d\u2019autonomie Troubles physiques Troubles sensoriels Troubles mentaux Troubles cognitifs Troubles psychiques Polyhandicap Troubles de sant\u00e9 invalidante Cons\u00e9quences du vieillissement Technologies pour l\u2019autonomie et la sant\u00e9 Technologies d\u2019assistance \u00e0 la perception, \u00e0 la communication, \u00e0 la r\u00e9\u00e9ducation, \u00e0 la stimulation\u2026 Technologies d\u2019assistance pour les \u00abDys\u00bb Technologies pour la rem\u00e9diation &hellip; <\/p>\n<p><a class=\"more-link btn\" href=\"https:\/\/ifrath.fr\/handicap2024\/themes\/\">Lire la suite<\/a><\/p>\n","protected":false},"author":11,"featured_media":0,"parent":0,"menu_order":0,"comment_status":"closed","ping_status":"closed","template":"","meta":{"ngg_post_thumbnail":0,"footnotes":""},"class_list":["post-35","page","type-page","status-publish","hentry","nodate","item-wrap"],"_links":{"self":[{"href":"https:\/\/ifrath.fr\/handicap2024\/wp-json\/wp\/v2\/pages\/35","targetHints":{"allow":["GET"]}}],"collection":[{"href":"https:\/\/ifrath.fr\/handicap2024\/wp-json\/wp\/v2\/pages"}],"about":[{"href":"https:\/\/ifrath.fr\/handicap2024\/wp-json\/wp\/v2\/types\/page"}],"author":[{"embeddable":true,"href":"https:\/\/ifrath.fr\/handicap2024\/wp-json\/wp\/v2\/users\/11"}],"replies":[{"embeddable":true,"href":"https:\/\/ifrath.fr\/handicap2024\/wp-json\/wp\/v2\/comments?post=35"}],"version-history":[{"count":6,"href":"https:\/\/ifrath.fr\/handicap2024\/wp-json\/wp\/v2\/pages\/35\/revisions"}],"predecessor-version":[{"id":338,"href":"https:\/\/ifrath.fr\/handicap2024\/wp-json\/wp\/v2\/pages\/35\/revisions\/338"}],"wp:attachment":[{"href":"https:\/\/ifrath.fr\/handicap2024\/wp-json\/wp\/v2\/media?parent=35"}],"curies":[{"name":"wp","href":"https:\/\/api.w.org\/{rel}","templated":true}]}}