{"id":281,"date":"2020-11-03T19:03:10","date_gmt":"2020-11-03T18:03:10","guid":{"rendered":"http:\/\/ifrath.fr\/handicap2024\/?page_id=281"},"modified":"2024-06-08T18:08:57","modified_gmt":"2024-06-08T16:08:57","slug":"actes","status":"publish","type":"page","link":"https:\/\/ifrath.fr\/handicap2024\/actes\/","title":{"rendered":"Les Actes"},"content":{"rendered":"<h1>T\u00e9l\u00e9chargement<\/h1>\r\n<p>Les actes de la conf\u00e9rence Handicap 2024 au format PDF<\/p>\r\n<p><a href=\"http:\/\/ifrath.fr\/handicap2024\/wp-content\/uploads\/sites\/14\/2024\/06\/proceedings_handicap2024_web.pdf\" target=\"_blank\" rel=\"noopener\"><img loading=\"lazy\" decoding=\"async\" class=\"alignnone wp-image-684 size-medium\" src=\"http:\/\/ifrath.fr\/handicap2024\/wp-content\/uploads\/sites\/14\/2024\/05\/garde2024_v1-212x300.png\" alt=\"Page de Garde Actes Handicap2024\" width=\"212\" height=\"300\" srcset=\"https:\/\/ifrath.fr\/handicap2024\/wp-content\/uploads\/sites\/14\/2024\/05\/garde2024_v1-212x300.png 212w, https:\/\/ifrath.fr\/handicap2024\/wp-content\/uploads\/sites\/14\/2024\/05\/garde2024_v1-724x1024.png 724w, https:\/\/ifrath.fr\/handicap2024\/wp-content\/uploads\/sites\/14\/2024\/05\/garde2024_v1-768x1086.png 768w, https:\/\/ifrath.fr\/handicap2024\/wp-content\/uploads\/sites\/14\/2024\/05\/garde2024_v1-1087x1536.png 1087w, https:\/\/ifrath.fr\/handicap2024\/wp-content\/uploads\/sites\/14\/2024\/05\/garde2024_v1-847x1197.png 847w, https:\/\/ifrath.fr\/handicap2024\/wp-content\/uploads\/sites\/14\/2024\/05\/garde2024_v1.png 1132w\" sizes=\"auto, (max-width: 212px) 100vw, 212px\" \/><\/a><\/p>\r\n<!-- \/wp:post-content -->\r\n\r\n<!-- wp:image {\"id\":282,\"width\":227,\"height\":319,\"sizeSlug\":\"large\"} -->\r\n<p class=\"wp-block-image size-large is-resized\">Cliquez sur l&rsquo;image pour T\u00e9l\u00e9charger<\/p>\r\n<!-- \/wp:image -->\r\n<p>&nbsp;<\/p>","protected":false},"excerpt":{"rendered":"<p>T\u00e9l\u00e9chargement Les actes de la conf\u00e9rence Handicap 2024 au format PDF Cliquez sur l&rsquo;image pour T\u00e9l\u00e9charger &nbsp;<\/p>\n","protected":false},"author":22,"featured_media":0,"parent":0,"menu_order":0,"comment_status":"closed","ping_status":"closed","template":"","meta":{"ngg_post_thumbnail":0,"footnotes":""},"class_list":["post-281","page","type-page","status-publish","hentry","nodate","item-wrap"],"_links":{"self":[{"href":"https:\/\/ifrath.fr\/handicap2024\/wp-json\/wp\/v2\/pages\/281","targetHints":{"allow":["GET"]}}],"collection":[{"href":"https:\/\/ifrath.fr\/handicap2024\/wp-json\/wp\/v2\/pages"}],"about":[{"href":"https:\/\/ifrath.fr\/handicap2024\/wp-json\/wp\/v2\/types\/page"}],"author":[{"embeddable":true,"href":"https:\/\/ifrath.fr\/handicap2024\/wp-json\/wp\/v2\/users\/22"}],"replies":[{"embeddable":true,"href":"https:\/\/ifrath.fr\/handicap2024\/wp-json\/wp\/v2\/comments?post=281"}],"version-history":[{"count":11,"href":"https:\/\/ifrath.fr\/handicap2024\/wp-json\/wp\/v2\/pages\/281\/revisions"}],"predecessor-version":[{"id":713,"href":"https:\/\/ifrath.fr\/handicap2024\/wp-json\/wp\/v2\/pages\/281\/revisions\/713"}],"wp:attachment":[{"href":"https:\/\/ifrath.fr\/handicap2024\/wp-json\/wp\/v2\/media?parent=281"}],"curies":[{"name":"wp","href":"https:\/\/api.w.org\/{rel}","templated":true}]}}