{"id":234,"date":"2020-10-06T20:40:37","date_gmt":"2020-10-06T18:40:37","guid":{"rendered":"http:\/\/ifrath.fr\/handicap2024\/?page_id=234"},"modified":"2024-06-06T10:51:34","modified_gmt":"2024-06-06T08:51:34","slug":"programme-du-jeudi-9-juin-2022","status":"publish","type":"page","link":"https:\/\/ifrath.fr\/handicap2024\/programme-du-jeudi-9-juin-2022\/","title":{"rendered":"Jeudi 6 juin 2024"},"content":{"rendered":"<p align=\"justify\">9h10 \u2013 10h10 : Session Assistance \u00e0 la Mobilit\u00e9 (1\/1) (3 papiers)<\/p>\n<p align=\"justify\"><i><b>Pr\u00e9sident de session\u00a0: Guy Bourhis<\/b><\/i><\/p>\n<ul>\n<li>\n<p align=\"justify\"><b>Handi-Motion : Corpus de Donn\u00e9es de Mouvements Captur\u00e9s en Situation de Handicap, <\/b><i>Mansour\u00a0Tchenegnon, Thibaut\u00a0Le Naour, Willy\u00a0ALLEGRE, Sylvie\u00a0Gibet<\/i><\/p>\n<\/li>\n<li>\n<p align=\"justify\"><b>\u00c9tude d&rsquo;un guidage kinesth\u00e9sique de l&rsquo;orientation portable en temps-r\u00e9el. \\\u00c9valuation d&rsquo;un guidage d&rsquo;\u00e9vitement d&rsquo;obstacle et premi\u00e8re prise en main par une personne aveugle, <\/b><i>Fabien\u00a0V\u00e9rit\u00e9, Axel\u00a0Lansiaux, Elo\u00efse\u00a0Szmatula, Aline\u00a0Baudry, Ludovic\u00a0Saint-Bauzel, S\u00e9bastien\u00a0Hiderer<\/i><\/p>\n<\/li>\n<li>\n<p align=\"justify\"><b>Des itin\u00e9raires, vers un b\u00e2timent ou une salle, adapt\u00e9s aux sp\u00e9cificit\u00e9s des usagers L&rsquo;approche adopt\u00e9e dans l&rsquo;application mobile OPALE, <\/b><i>St\u00e9phanie\u00a0Jean-Daubias, Thierry\u00a0Excoffier, Otman\u00a0Azziz<\/i><\/p>\n<\/li>\n<\/ul>\n<p align=\"justify\">10h10 \u2013 10h30 : Pause-caf\u00e9<\/p>\n<p align=\"justify\">10h30 \u2013 11h15 : <u>Session invit\u00e9e 2<\/u> : Lucie Dalibert, MCF en Philosophie des Techniques<\/p>\n<p align=\"justify\"><b>Une proth\u00e8se adapt\u00e9e ? Une exploration des ajustements entre corps et dispositifs proth\u00e9tiques <\/b><\/p>\n<p align=\"justify\">R\u00e9sum\u00e9\u00a0: Les dispositifs technologiques sont de plus en plus prescrits et utilis\u00e9s pour g\u00e9rer les maladies chroniques, la douleur et\/ou le handicap, que ce soit pour compenser, ralentir ou m\u00eame pr\u00e9venir la perte de capacit\u00e9s ou pour soulager et limiter les sympt\u00f4mes. Des chercheuses et chercheuses \u00e0 la crois\u00e9e des disability studies et de la philosophie des techniques ont critiqu\u00e9 les fondements validistes ou \u00ab technovalidistes \u00bb (Shew, 2023) de ces initiatives, qui consid\u00e8rent les dispositifs technologiques comme des moyens de r\u00e9parer un corps per\u00e7u comme d\u00e9ficient et\/ou de surmonter un handicap. Avec ces critiques en toile de fond, dans cette communication, je propose d\u2019interroger ce qui est entendu, par les usager\u00b7e\u00b7s et les concepteurs\u00b7rices de proth\u00e8ses de membre ainsi que par les professionnel\u00b7le\u00b7s de sant\u00e9, comme une proth\u00e8se \u00ab adapt\u00e9e \u00bb. Pour ce faire, je m\u2019appuie sur un terrain de recherche de type ethnographique et explore les fa\u00e7onnements mutuels et les ajustements qui prennent place entre les corps et les proth\u00e8ses.<\/p>\n<p align=\"justify\">11h15 \u2013 12h15h : session Biom\u00e9canique et mod\u00e9lisation : membres inf\u00e9rieurs (1\/2) (3 papiers)<\/p>\n<p align=\"justify\"><i><b>Pr\u00e9sidente de session\u00a0: C\u00e9line Jost<\/b><\/i><\/p>\n<ul>\n<li>\n<p align=\"justify\"><b>Proprioception supranormale chez les non-voyants avec vision r\u00e9siduelle, <\/b><i>Najib\u00a0Abi Chebel, Florence\u00a0Gaunet, Christine\u00a0Assaiante, Pascale\u00a0Chavet, Christophe\u00a0Bourdin, Fabrice\u00a0Sarlegna<\/i><\/p>\n<\/li>\n<li>\n<p align=\"justify\"><b>Corr\u00e9lation entre l&rsquo;\u00c9valuation de Fugl-Meyer et les donn\u00e9es issues d&rsquo;un jeu en r\u00e9alit\u00e9 virtuelle pour l&rsquo;\u00e9valuation \u00e0 distance de la fonction du membre sup\u00e9rieur dans la r\u00e9\u00e9ducation post-AVC : \u00c9tude de cas, <\/b><i>Julia\u00a0Tannus, Eduardo\u00a0Naves, Gislene\u00a0Diniz, Yann\u00a0Mor\u00e8re, Pierre\u00a0Pino<\/i><\/p>\n<\/li>\n<li>\n<p align=\"justify\"><b>Analyse de l&rsquo;apprentissage de l&rsquo;\u00e9quilibre du 2 roues en fauteuil roulant manuel par ACP, <\/b><i>Antonio\u00a0PINTI<\/i><\/p>\n<\/li>\n<\/ul>\n<p align=\"justify\">12h30 \u2013 14h : Pause d\u00e9jeuner<\/p>\n<p align=\"justify\">14h15 \u2013 15h: S<i>ession sp\u00e9ciale FEDRAH<\/i> &#8211; Des solutions personnalis\u00e9es pour des besoins sp\u00e9cifiques, 2 pr\u00e9sentations :<\/p>\n<ul>\n<li>\n<p align=\"justify\">Jonathan Fabreguettes, CTRDV (Centre Technique R\u00e9gional pour la D\u00e9ficience Visuelle) &#8211; \u00ab Luciole, un outil num\u00e9rique au service des lecteurs d\u00e9ficients visuels \u00bb<\/p>\n<\/li>\n<li>\n<p align=\"justify\">Hursula Mengue Topio, Ma\u00eetresse de conf\u00e9rences en psychologie du handicap, Universit\u00e9 de Lille \u00ab Conception d&rsquo;un syst\u00e8me d&rsquo;aide \u00e0 la mobilit\u00e9 des personnes avec d\u00e9ficience intellectuelle \u00bb 3 pr\u00e9sentations autour de la pluridisciplinarit\u00e9 et du handicap<\/p>\n<\/li>\n<\/ul>\n<p align=\"justify\">15h \u2013 15h45 : S<i>ession sp\u00e9ciale FEDRAH<\/i> &#8211; Table ronde : Des solutions personnalis\u00e9es pour des besoins sp\u00e9cifiques\u00a0:<\/p>\n<p align=\"justify\"><i><b>Pr\u00e9sident de session\u00a0: Ludovic Saint-Bauzel<\/b><\/i><\/p>\n<ul>\n<li>\n<p align=\"justify\">Carolane Mascle, Ma\u00eetresse de conf\u00e9rences en psychologie du d\u00e9veloppement, Universit\u00e9 de Strasbourg ; Danielle Valente, Ma\u00eetresse de conf\u00e9rences en psychologie du d\u00e9veloppement, Universit\u00e9 Lyon 2 &#8211; Recherche et design participatif : Pr\u00e9sentation d\u2019une m\u00e9thodologie pour l\u2019am\u00e9lioration des outils et l\u2019autonomisation des participants<\/p>\n<\/li>\n<li>\n<p align=\"justify\">H\u00e9l\u00e8ne Sauz\u00e9on, Professeure de psychologie et de sciences cognitives \u00e0 l&rsquo;Universit\u00e9 de Bordeaux &#8211; \u00ab Les technologies num\u00e9riques au service d&rsquo;un vieillissement en bonne sant\u00e9 : illustration \u00e0 travers l&rsquo;\u00e9tude de deux solutions (une maison intelligente et un syst\u00e8me de tutoring intelligent) \u00bb 15h45 \u2013 16h : Pause-caf\u00e9<\/p>\n<\/li>\n<\/ul>\n<p align=\"justify\">16h\u2013 17h : Session Biom\u00e9canique et mod\u00e9lisation : membres sup\u00e9rieurs (2\/2) (3 papiers)<\/p>\n<p align=\"justify\"><i><b>Pr\u00e9sident de session\u00a0: Guillaume Thomann<\/b><\/i><\/p>\n<ul>\n<li>\n<p align=\"justify\"><b>Analyse biom\u00e9canique de la propulsion en fauteuil roulant manuel lors de la locomotion sur des pentes dans un environnement simul\u00e9, <\/b><i>Louise\u00a0Demestre, Amel\u00a0Ait Ghezala, Rouvier\u00a0Th\u00e9o, Thierry\u00a0Poulain, G\u00e9rald\u00a0Conreur, Joseph\u00a0Bascou, H\u00e9l\u00e8ne\u00a0Pillet, Chouki\u00a0Sentouh, Charles\u00a0Pontonnier, Christophe\u00a0Sauret<\/i><\/p>\n<\/li>\n<li>\n<p align=\"justify\"><b>Etude de la posture assise chez les sujets parapl\u00e9giques : de la mod\u00e9lisation m\u00e9canique \u00e0 la reconstruction des efforts internes, <\/b><i>Hajer\u00a0SRIHI, Thierry\u00a0Guerra, Philippe\u00a0Pudlo, Antoine\u00a0Dequidt, Anh-Tu\u00a0Nguyen<\/i><\/p>\n<\/li>\n<li>\n<p align=\"justify\"><b>Analyse de la densit\u00e9 spectrale de puissance des signaux \u00e9lectromyographiques pour \u00e9valuer la rigidit\u00e9 dans la maladie de Parkinson, <\/b><i>Camille\u00a0Alves, Luanne\u00a0Cardoso Mendes, Adriano\u00a0De Oliveira Andrade, Eduardo L\u00e1zaro\u00a0Martins Naves, Yann\u00a0Mor\u00e8re<\/i><\/p>\n<\/li>\n<\/ul>\n<p align=\"justify\"><span style=\"color: #ff0000;\"><span style=\"font-size: large;\"><b>17h15 \u2013 18h45 : Assembl\u00e9e G\u00e9n\u00e9rale IFRATH<\/b><\/span><\/span><\/p>\n<p align=\"justify\"><span style=\"color: #0070c0;\"><span style=\"font-size: large;\"><b>20h \u2013 22h30 : repas de Gala<\/b><\/span><\/span><\/p>\n","protected":false},"excerpt":{"rendered":"<p>9h10 \u2013 10h10 : Session Assistance \u00e0 la Mobilit\u00e9 (1\/1) (3 papiers) Pr\u00e9sident de session\u00a0: Guy Bourhis Handi-Motion : Corpus de Donn\u00e9es de Mouvements Captur\u00e9s en Situation de Handicap, Mansour\u00a0Tchenegnon, Thibaut\u00a0Le Naour, Willy\u00a0ALLEGRE, Sylvie\u00a0Gibet \u00c9tude d&rsquo;un guidage kinesth\u00e9sique de l&rsquo;orientation portable en temps-r\u00e9el. \\\u00c9valuation d&rsquo;un guidage d&rsquo;\u00e9vitement d&rsquo;obstacle et premi\u00e8re prise en main par une &hellip; <\/p>\n<p><a class=\"more-link btn\" href=\"https:\/\/ifrath.fr\/handicap2024\/programme-du-jeudi-9-juin-2022\/\">Lire la suite<\/a><\/p>\n","protected":false},"author":11,"featured_media":0,"parent":0,"menu_order":0,"comment_status":"closed","ping_status":"closed","template":"","meta":{"ngg_post_thumbnail":0,"footnotes":""},"class_list":["post-234","page","type-page","status-publish","hentry","nodate","item-wrap"],"_links":{"self":[{"href":"https:\/\/ifrath.fr\/handicap2024\/wp-json\/wp\/v2\/pages\/234","targetHints":{"allow":["GET"]}}],"collection":[{"href":"https:\/\/ifrath.fr\/handicap2024\/wp-json\/wp\/v2\/pages"}],"about":[{"href":"https:\/\/ifrath.fr\/handicap2024\/wp-json\/wp\/v2\/types\/page"}],"author":[{"embeddable":true,"href":"https:\/\/ifrath.fr\/handicap2024\/wp-json\/wp\/v2\/users\/11"}],"replies":[{"embeddable":true,"href":"https:\/\/ifrath.fr\/handicap2024\/wp-json\/wp\/v2\/comments?post=234"}],"version-history":[{"count":15,"href":"https:\/\/ifrath.fr\/handicap2024\/wp-json\/wp\/v2\/pages\/234\/revisions"}],"predecessor-version":[{"id":710,"href":"https:\/\/ifrath.fr\/handicap2024\/wp-json\/wp\/v2\/pages\/234\/revisions\/710"}],"wp:attachment":[{"href":"https:\/\/ifrath.fr\/handicap2024\/wp-json\/wp\/v2\/media?parent=234"}],"curies":[{"name":"wp","href":"https:\/\/api.w.org\/{rel}","templated":true}]}}