{"id":23,"date":"2019-09-12T16:23:51","date_gmt":"2019-09-12T14:23:51","guid":{"rendered":"http:\/\/ifrath.fr\/handicap2024\/?page_id=23"},"modified":"2024-04-19T12:59:39","modified_gmt":"2024-04-19T10:59:39","slug":"accueil","status":"publish","type":"page","link":"https:\/\/ifrath.fr\/handicap2024\/","title":{"rendered":"Accueil"},"content":{"rendered":"\r\n<div class=\"wp-block-image\"><img loading=\"lazy\" decoding=\"async\" class=\"aligncenter wp-image-580 size-full\" src=\"http:\/\/ifrath.fr\/handicap2024\/wp-content\/uploads\/sites\/14\/2023\/07\/LogoH2024.png\" alt=\"Handicap2024\" width=\"2995\" height=\"432\" srcset=\"https:\/\/ifrath.fr\/handicap2024\/wp-content\/uploads\/sites\/14\/2023\/07\/LogoH2024.png 2995w, https:\/\/ifrath.fr\/handicap2024\/wp-content\/uploads\/sites\/14\/2023\/07\/LogoH2024-300x43.png 300w, https:\/\/ifrath.fr\/handicap2024\/wp-content\/uploads\/sites\/14\/2023\/07\/LogoH2024-1024x148.png 1024w, https:\/\/ifrath.fr\/handicap2024\/wp-content\/uploads\/sites\/14\/2023\/07\/LogoH2024-768x111.png 768w, https:\/\/ifrath.fr\/handicap2024\/wp-content\/uploads\/sites\/14\/2023\/07\/LogoH2024-1536x222.png 1536w, https:\/\/ifrath.fr\/handicap2024\/wp-content\/uploads\/sites\/14\/2023\/07\/LogoH2024-2048x295.png 2048w, https:\/\/ifrath.fr\/handicap2024\/wp-content\/uploads\/sites\/14\/2023\/07\/LogoH2024-847x122.png 847w\" sizes=\"auto, (max-width: 2995px) 100vw, 2995px\" \/><\/div>\r\n<h2><span style=\"color: #333399\"><strong>Conf\u00e9rence Handicap 2024 &#8211; 13\u00e8me \u00e9dition<\/strong><\/span><\/h2>\r\n<p><span style=\"color: #333399\"><em>Recherches pluridisciplinaires pour l&rsquo;autonomie des personnes en situation de handicap<\/em><\/span><\/p>\r\n<h3><span style=\"color: #333399\"><strong><span class=\"author-a-kfz76zjz86zz80zz88z3u7z66zz80zryz78z2\">5<\/span><span class=\"author-a-a12bk0z122z3z75zsuz73zz80z3z76zz67z\">&#8211;<\/span><span class=\"author-a-kfz76zjz86zz80zz88z3u7z66zz80zryz78z2\">7<\/span><span class=\"author-a-a12bk0z122z3z75zsuz73zz80z3z76zz67z\">\u00a0<span id=\"OBJ_PREFIX_DWT6910_com_zimbra_date\" class=\"Object\" role=\"link\"><span id=\"OBJ_PREFIX_DWT6942_com_zimbra_date\" class=\"Object\" role=\"link\">juin 202<\/span><\/span><\/span><span class=\"author-a-kfz76zjz86zz80zz88z3u7z66zz80zryz78z2\">4<\/span><span class=\"author-a-a12bk0z122z3z75zsuz73zz80z3z76zz67z\">\u00a0<\/span><\/strong><\/span><\/h3>\r\n<h1><span style=\"color: #333399\"><strong><span class=\"author-a-kfz76zjz86zz80zz88z3u7z66zz80zryz78z2\">Campus Condorcet, <\/span><\/strong><\/span><span style=\"color: #333399\"><strong><span class=\"author-a-a12bk0z122z3z75zsuz73zz80z3z76zz67z\">P<\/span><span class=\"author-a-kfz76zjz86zz80zz88z3u7z66zz80zryz78z2\">aris &#8211; Aubervilliers.<\/span><\/strong><\/span><\/h1>\r\n<h2><strong>Th\u00e8me<\/strong><\/h2>\r\n<div class=\"wp-block-image\">\r\n<p><img loading=\"lazy\" decoding=\"async\" class=\"wp-image-586 size-full\" src=\"http:\/\/ifrath.fr\/handicap2024\/wp-content\/uploads\/sites\/14\/2023\/07\/themeH2024.png\" alt=\"Th\u00e8me : &quot;Des solutions personnalis\u00e9es pour des besoins sp\u00e9cifiques&quot;\" width=\"2542\" height=\"98\" srcset=\"https:\/\/ifrath.fr\/handicap2024\/wp-content\/uploads\/sites\/14\/2023\/07\/themeH2024.png 2542w, https:\/\/ifrath.fr\/handicap2024\/wp-content\/uploads\/sites\/14\/2023\/07\/themeH2024-300x12.png 300w, https:\/\/ifrath.fr\/handicap2024\/wp-content\/uploads\/sites\/14\/2023\/07\/themeH2024-1024x39.png 1024w, https:\/\/ifrath.fr\/handicap2024\/wp-content\/uploads\/sites\/14\/2023\/07\/themeH2024-768x30.png 768w, https:\/\/ifrath.fr\/handicap2024\/wp-content\/uploads\/sites\/14\/2023\/07\/themeH2024-1536x59.png 1536w, https:\/\/ifrath.fr\/handicap2024\/wp-content\/uploads\/sites\/14\/2023\/07\/themeH2024-2048x79.png 2048w, https:\/\/ifrath.fr\/handicap2024\/wp-content\/uploads\/sites\/14\/2023\/07\/themeH2024-847x33.png 847w\" sizes=\"auto, (max-width: 2542px) 100vw, 2542px\" \/><\/p>\r\n<\/div>\r\n\r\n\r\n\r\n<h4>\u00a0<\/h4>\r\n<h3>La conf\u00e9rence Handicap en quelques mots<\/h3>\r\n<div id=\"magicdomid19\" class=\"ace-line\"><span class=\"author-a-a12bk0z122z3z75zsuz73zz80z3z76zz67z\">Handicap 202<\/span><span class=\"author-a-kfz76zjz86zz80zz88z3u7z66zz80zryz78z2\">4<\/span><span class=\"author-a-a12bk0z122z3z75zsuz73zz80z3z76zz67z\">\u00a0est la 1<\/span><span class=\"author-a-kfz76zjz86zz80zz88z3u7z66zz80zryz78z2\">3<\/span><span class=\"author-a-a12bk0z122z3z75zsuz73zz80z3z76zz67z\">\u00e8me \u00e9dition de la conf\u00e9rence francophone bisannuelle organis\u00e9e par l\u2019IFRATH \u00e0 Paris. L\u2019IFRATH est une soci\u00e9t\u00e9 savante qui rassemble des chercheurs, des utilisateurs et des industriels ayant d\u00e9cid\u00e9 de mettre en commun leurs comp\u00e9tences<\/span><span class=\"author-a-m6z82z7i360z66zxz82zjlwz66zz74z\">\u00a0et expertises<\/span><span class=\"author-a-a12bk0z122z3z75zsuz73zz80z3z76zz67z\">\u00a0afin de favoriser l\u2019avancement des recherches sur les technologies d\u2019assistance.<\/span><\/div>\r\n<div id=\"magicdomid20\" class=\"ace-line\">\u00a0<\/div>\r\n<div id=\"magicdomid21\" class=\"ace-line\"><span class=\"author-a-a12bk0z122z3z75zsuz73zz80z3z76zz67z\">Depuis la premi\u00e8re conf\u00e9rence, Handicap 2000, la d\u00e9finition du Handicap a \u00e9volu\u00e9. On est pass\u00e9 de la notion de \u00ab personne handicap\u00e9e\u00bb \u00e0 celle de \u00abpersonne en situation de handicap\u00bb, ce qui red\u00e9finit le handicap comme le r\u00e9sultat d\u2019une interaction entre les d\u00e9ficiences et leurs cons\u00e9quences, les facteurs personnels et les facteurs environnementaux (voir la Classification Internationale du Fonctionnement, du Handicap, et de la sant\u00e9 de l\u2019OMS). Cette formulation est plus qu\u2019une \u00e9volution s\u00e9mantique : l\u2019autonomie et la qualit\u00e9 de vie de la personne sont au centre de la r\u00e9flexion qui doit absolument prendre en compte les barri\u00e8res impos\u00e9es par l\u2019environnement et la soci\u00e9t\u00e9. Il est important de\u00a0<\/span><span class=\"author-a-m6z82z7i360z66zxz82zjlwz66zz74z\">noter\u00a0<\/span><span class=\"author-a-a12bk0z122z3z75zsuz73zz80z3z76zz67z\">que les trois grands domaines de la recherche\u00a0<\/span><span class=\"author-a-m6z82z7i360z66zxz82zjlwz66zz74z\">que sont :<\/span><\/div>\r\n<ul>\r\n<li id=\"magicdomid22\" class=\"ace-line\"><span class=\"author-a-a12bk0z122z3z75zsuz73zz80z3z76zz67z\">Sciences et Technologies de l\u2019Information et de la Communication,<\/span><\/li>\r\n<li id=\"magicdomid23\" class=\"ace-line\"><span class=\"author-a-a12bk0z122z3z75zsuz73zz80z3z76zz67z\">Sciences de la Vie,<\/span><\/li>\r\n<li id=\"magicdomid24\" class=\"ace-line\"><span class=\"author-a-a12bk0z122z3z75zsuz73zz80z3z76zz67z\">Sciences Humaines et Sociales<\/span><\/li>\r\n<\/ul>\r\n<div id=\"magicdomid25\" class=\"ace-line\"><span class=\"author-a-m6z82z7i360z66zxz82zjlwz66zz74z\">sont souvent li\u00e9s \u00e0 diff\u00e9rents\u00a0<\/span><span class=\"author-a-a12bk0z122z3z75zsuz73zz80z3z76zz67z\">domaine<\/span><span class=\"author-a-m6z82z7i360z66zxz82zjlwz66zz74z\">s<\/span><span class=\"author-a-a12bk0z122z3z75zsuz73zz80z3z76zz67z\">\u00a0de l\u2019ing\u00e9nierie\u00a0<\/span><span class=\"author-a-m6z82z7i360z66zxz82zjlwz66zz74z\">et sont donc concern\u00e9s par cette\u00a0<\/span><span class=\"author-a-a12bk0z122z3z75zsuz73zz80z3z76zz67z\">c<\/span><span class=\"author-a-m6z82z7i360z66zxz82zjlwz66zz74z\">onf\u00e9rence<\/span><span class=\"author-a-a12bk0z122z3z75zsuz73zz80z3z76zz67z\">\u00a0Handicap 2024. La pluridisciplinarit\u00e9 et l\u2019interdisciplinarit\u00e9 sont les ma\u00eetre-mots de l\u2019IFRATH,\u00a0<\/span><span class=\"author-a-m6z82z7i360z66zxz82zjlwz66zz74z\">et donc\u00a0<\/span><span class=\"author-a-a12bk0z122z3z75zsuz73zz80z3z76zz67z\">aussi de la conf\u00e9rence Handicap qu\u2019elle organise.<\/span><\/div>\r\n<div id=\"magicdomid26\" class=\"ace-line\">\u00a0<\/div>\r\n<div id=\"magicdomid27\" class=\"ace-line\"><span class=\"author-a-a12bk0z122z3z75zsuz73zz80z3z76zz67z\">Ainsi Handicap 202<\/span><span class=\"author-a-kfz76zjz86zz80zz88z3u7z66zz80zryz78z2\">4<\/span><span class=\"author-a-a12bk0z122z3z75zsuz73zz80z3z76zz67z\">\u00a0se veut un lieu d\u2019\u00e9changes permettant d\u2019aborder l\u2019autonomie et la qualit\u00e9 de vie des personnes en situation de handicap gr\u00e2ce \u00e0 des contributions diverses : technologiques, psychologiques et sociologiques. La conf\u00e9rence doit permettre d\u2019\u00e9changer des connaissances et d\u2019initier des collaborations entre ces diff\u00e9rents secteurs disciplinaires. L\u2019ambition de la conf\u00e9rence Handicap est de se positionner comme la r\u00e9f\u00e9rence des conf\u00e9rences francophones de ce secteur et de conforter ainsi son r\u00f4le f\u00e9d\u00e9rateur avec le souci constant de travailler dans l\u2019int\u00e9r\u00eat des personnes en situation de handicap.<\/span><span class=\"author-a-m6z82z7i360z66zxz82zjlwz66zz74z\">\u00a0Cette ann\u00e9e, notre proposition est de montrer en quoi la personnalisation et l&rsquo;adaptabilit\u00e9 permettent de contribuer \u00e0 proposer des solutions mieux d\u00e9di\u00e9es aux diverses situations rencontr\u00e9es.<\/span><\/div>\r\n<h3>Prix du meilleur article<\/h3>\r\n<p><span class=\"author-a-a12bk0z122z3z75zsuz73zz80z3z76zz67z\">Un prix sera accord\u00e9 \u00e0 la meilleure communication pr\u00e9sent\u00e9e dans la conf\u00e9rence Handicap 202<\/span><span class=\"author-a-kfz76zjz86zz80zz88z3u7z66zz80zryz78z2\">4<\/span><span class=\"author-a-a12bk0z122z3z75zsuz73zz80z3z76zz67z\">. Le Comit\u00e9 Editorial (CA de l\u2019IFRATH) ayant les fonctions de jury.<\/span><\/p>\r\n<h3>Publications des articles<\/h3>\r\n<p>Les articles seront publi\u00e9s dans des actes de la conf\u00e9rence. Une s\u00e9lection des meilleurs articles seront publi\u00e9s dans la revue AMSE (en anglais).<\/p>\r\n<h3>Th\u00e8mes de la conf\u00e9rence<\/h3>\r\n<p>Toutes les contributions scientifiques, technologiques ou m\u00e9thodologiques se rapportant \u00e0 la compensation du handicap sont susceptibles d\u2019\u00eatre pr\u00e9sent\u00e9es \u00e0 la conf\u00e9rence Handicap.<\/p>\r\n<p>Voici une liste non exhaustive :<\/p>\r\n<ul>\r\n<li>Caract\u00e9risation et mod\u00e9lisation des situations de perte d\u2019autonomie\r\n<ul>\r\n<li>Troubles physiques<\/li>\r\n<li>Troubles sensoriels<\/li>\r\n<li>Troubles mentaux<\/li>\r\n<li>Troubles cognitifs<\/li>\r\n<li>Troubles psychiques<\/li>\r\n<li>Polyhandicap<\/li>\r\n<li>Troubles de sant\u00e9 invalidante<\/li>\r\n<li>Cons\u00e9quences du vieillissement<\/li>\r\n<\/ul>\r\n<\/li>\r\n<\/ul>\r\n<ul>\r\n<li>Technologies pour l\u2019autonomie et la sant\u00e9\r\n<ul>\r\n<li>Technologies d\u2019assistance \u00e0 la perception, \u00e0 la communication, \u00e0 la r\u00e9\u00e9ducation, \u00e0 la stimulation\u2026<\/li>\r\n<li>Technologies d\u2019assistance pour les \u00abDys\u00bb<\/li>\r\n<li>Technologies pour la rem\u00e9diation cognitive<\/li>\r\n<li>Robotique d\u2019assistance au d\u00e9placement, \u00e0 la r\u00e9hension, \u00e0 la r\u00e9\u00e9ducation<\/li>\r\n<li>Orth\u00e8ses, proth\u00e8ses, neuroproth\u00e8ses<\/li>\r\n<li>Interfaces cerveau-machine<\/li>\r\n<li>Intelligence ambiante, maison intelligente, syst\u00e8mes embarqu\u00e9s au service de la personne<\/li>\r\n<li>E-service : t\u00e9l\u00e9assistance, t\u00e9l\u00e9m\u00e9decine, t\u00e9l\u00e9vigilance, t\u00e9l\u00e9diagnostic, t\u00e9l\u00e9r\u00e9habilitation, e-accessibilit\u00e9<\/li>\r\n<li>Objets communicants<\/li>\r\n<li>R\u00e9alit\u00e9 virtuelle pour l\u2019\u00e9valuation et la r\u00e9\u00e9duction des troubles cognitifs et moteurs<\/li>\r\n<li>Jeux vid\u00e9o accessibles, jeux s\u00e9rieux<\/li>\r\n<li>Transmodalit\u00e9, multimodalit\u00e9<\/li>\r\n<li>Interaction Humain-Machine, Collaboration Humain-Machine<\/li>\r\n<\/ul>\r\n<\/li>\r\n<\/ul>\r\n<ul>\r\n<li>M\u00e9thodologies\r\n<ul>\r\n<li>Analyse des besoins<\/li>\r\n<li>R\u00e9\u00e9ducation, stimulation, apprentissage<\/li>\r\n<li>Conception de l\u2019assistance prenant en compte les dimensions humaines et soci\u00e9tales<\/li>\r\n<li>\u00c9valuation des technologies dans leur environnement d\u2019usage<\/li>\r\n<\/ul>\r\n<\/li>\r\n<\/ul>\r\n<ul>\r\n<li>Ergonomie des syst\u00e8mes d\u2019assistance\r\n<ul>\r\n<li>\u00c9valuation<\/li>\r\n<li>Mod\u00e9lisation humain-machine-environnement<\/li>\r\n<li>Mod\u00e9lisation et simulation de l\u2019humain : aspects perceptifs, moteurs et cognitifs<\/li>\r\n<li>Interactions humain-syst\u00e8me d\u2019assistance<\/li>\r\n<\/ul>\r\n<\/li>\r\n<\/ul>\r\n<ul>\r\n<li>Sociologie, p\u00e9dagogie\r\n<ul>\r\n<li>\u00c9tude des usages des technologies<\/li>\r\n<li>\u00c9thique<\/li>\r\n<li>Dimension sociale : vie publique et priv\u00e9e, handicap et int\u00e9gration sociale, handicap et vie relationnelle<\/li>\r\n<li>Inclusion scolaire, secondaire et sup\u00e9rieur<\/li>\r\n<li>Adaptation du poste de travail, maintien dans l\u2019emploi<\/li>\r\n<li>Accessibilit\u00e9 \u00e0 la ville, au cadre b\u00e2ti, \u00e0 la culture et aux arts<\/li>\r\n<\/ul>\r\n<\/li>\r\n<\/ul>","protected":false},"excerpt":{"rendered":"<p>Conf\u00e9rence Handicap 2024 &#8211; 13\u00e8me \u00e9dition Recherches pluridisciplinaires pour l&rsquo;autonomie des personnes en situation de handicap 5&#8211;7\u00a0juin 2024\u00a0 Campus Condorcet, Paris &#8211; Aubervilliers. Th\u00e8me \u00a0 La conf\u00e9rence Handicap en quelques mots Handicap 2024\u00a0est la 13\u00e8me \u00e9dition de la conf\u00e9rence francophone bisannuelle organis\u00e9e par l\u2019IFRATH \u00e0 Paris. L\u2019IFRATH est une soci\u00e9t\u00e9 savante qui rassemble des chercheurs, &hellip; <\/p>\n<p><a class=\"more-link btn\" href=\"https:\/\/ifrath.fr\/handicap2024\/\">Lire la suite<\/a><\/p>\n","protected":false},"author":11,"featured_media":0,"parent":0,"menu_order":0,"comment_status":"closed","ping_status":"closed","template":"","meta":{"ngg_post_thumbnail":0,"footnotes":""},"class_list":["post-23","page","type-page","status-publish","hentry","nodate","item-wrap"],"_links":{"self":[{"href":"https:\/\/ifrath.fr\/handicap2024\/wp-json\/wp\/v2\/pages\/23","targetHints":{"allow":["GET"]}}],"collection":[{"href":"https:\/\/ifrath.fr\/handicap2024\/wp-json\/wp\/v2\/pages"}],"about":[{"href":"https:\/\/ifrath.fr\/handicap2024\/wp-json\/wp\/v2\/types\/page"}],"author":[{"embeddable":true,"href":"https:\/\/ifrath.fr\/handicap2024\/wp-json\/wp\/v2\/users\/11"}],"replies":[{"embeddable":true,"href":"https:\/\/ifrath.fr\/handicap2024\/wp-json\/wp\/v2\/comments?post=23"}],"version-history":[{"count":29,"href":"https:\/\/ifrath.fr\/handicap2024\/wp-json\/wp\/v2\/pages\/23\/revisions"}],"predecessor-version":[{"id":652,"href":"https:\/\/ifrath.fr\/handicap2024\/wp-json\/wp\/v2\/pages\/23\/revisions\/652"}],"wp:attachment":[{"href":"https:\/\/ifrath.fr\/handicap2024\/wp-json\/wp\/v2\/media?parent=23"}],"curies":[{"name":"wp","href":"https:\/\/api.w.org\/{rel}","templated":true}]}}