{"id":39,"date":"2019-09-20T08:22:19","date_gmt":"2019-09-20T06:22:19","guid":{"rendered":"http:\/\/ifrath.fr\/handicap2022\/?page_id=39"},"modified":"2022-06-09T10:31:47","modified_gmt":"2022-06-09T08:31:47","slug":"programme","status":"publish","type":"page","link":"https:\/\/ifrath.fr\/handicap2022\/programme\/","title":{"rendered":"Programme"},"content":{"rendered":"\r\n<p>La conf\u00e9rence Handicap, c&rsquo;est :<\/p>\r\n\r\n\r\n\r\n<ul class=\"wp-block-list\">\r\n<li>5 pr\u00e9sentations invit\u00e9es<\/li>\r\n<li>21 pr\u00e9sentations accept\u00e9es<\/li>\r\n<li>3 posters<\/li>\r\n<li>1 prix du meilleur article<\/li>\r\n<li>1 Assembl\u00e9e G\u00e9n\u00e9rale de l&rsquo;IFRATH<\/li>\r\n<li>1 d\u00eener de gala dans un magnifique cadre : <a href=\"https:\/\/www.restaurant-lile.com\/\" target=\"_blank\" rel=\"noopener\">https:\/\/www.restaurant-lile.com\/<\/a><\/li>\r\n<\/ul>\r\n\r\n\r\n\r\n<p>Le programme d\u00e9taill\u00e9 est disponible en version PDF : <a href=\"http:\/\/ifrath.fr\/handicap2022\/wp-content\/uploads\/sites\/13\/2022\/05\/ProgrammeConferenceH2022.pdf\">Programme de la Conf\u00e9rence<\/a><\/p>\r\n<p>Voici le programme global.<\/p>\r\n<table>\r\n<tbody>\r\n<tr>\r\n<td width=\"214\">\r\n<p><span style=\"color: #000080;\"><strong>Mercredi 8 juin 2022<\/strong><\/span><\/p>\r\n<\/td>\r\n<td width=\"214\">\r\n<p><span style=\"color: #000080;\"><strong>Jeudi 9 juin 2022<\/strong><\/span><\/p>\r\n<\/td>\r\n<td width=\"214\">\r\n<p><span style=\"color: #000080;\"><strong>Vendredi 10 juin 2022<br \/><\/strong><\/span><\/p>\r\n<\/td>\r\n<\/tr>\r\n<tr>\r\n<td width=\"214\">\r\n<table width=\"642\" cellspacing=\"0\" cellpadding=\"7\">\r\n<tbody>\r\n<tr>\r\n<td valign=\"top\" width=\"626\">\r\n<p class=\"western\"><span style=\"font-family: Arial, serif;\"><span style=\"color: #800000;\">09h00 \u2013 10h00\u00a0:<\/span> Inscriptions + buffet d\u2019accueil<\/span><\/p>\r\n<\/td>\r\n<\/tr>\r\n<tr>\r\n<td valign=\"top\" width=\"626\">\r\n<p class=\"western\"><span style=\"font-family: Arial, serif;\"><span style=\"color: #800000;\">10h \u2013 10h20\u00a0:<\/span> Ouverture de la conf\u00e9rence<\/span><\/p>\r\n<\/td>\r\n<\/tr>\r\n<\/tbody>\r\n<\/table>\r\n<\/td>\r\n<td width=\"214\">\r\n<p><span style=\"color: #800000;\">9h30 \u2013 10h30\u00a0:<\/span> m\u00e9thodologies inclusives<\/p>\r\n<\/td>\r\n<td width=\"214\">\r\n<p><span style=\"color: #800000;\">9h30 \u2013 10h30\u00a0:<\/span> Acc\u00e8s aux objets atypiques<\/p>\r\n<\/td>\r\n<\/tr>\r\n<tr>\r\n<td width=\"214\">\r\n<p><span style=\"color: #800000;\">10h20 \u2013 11h20\u00a0:<\/span> St\u00e9phanie BUISINE, Andr\u00e9 BOISADAN, CESI<\/p>\r\n<p><span style=\"font-family: Liberation Sans, serif;\"><span style=\"font-family: Calibri, serif;\">\u00ab\u00a0Conception universelle, lead users et intelligence \u00e9motionnelle\u00a0\u00bb<\/span><\/span><\/p>\r\n<\/td>\r\n<td width=\"214\">\r\n<p><span style=\"color: #339966;\"><strong>10h30 \u2013 11h\u00a0: pause-caf\u00e9<\/strong><\/span><\/p>\r\n<\/td>\r\n<td width=\"214\">\r\n<p><span style=\"color: #339966;\"><strong>10h30 \u2013 11h\u00a0: pause-caf\u00e9<\/strong><\/span><\/p>\r\n<\/td>\r\n<\/tr>\r\n<tr>\r\n<td rowspan=\"2\" width=\"214\">\r\n<p><span style=\"color: #800000;\">11h20 \u2013 12h40\u00a0:<\/span> M\u00e9thodes et Outils pour l&rsquo;\u00e9valuation<\/p>\r\n<\/td>\r\n<td width=\"214\">\r\n<p><span style=\"color: #800000;\">11h \u2013 11h40\u00a0:<\/span> m\u00e9thodologies inclusives<\/p>\r\n<\/td>\r\n<td width=\"214\">\r\n<p><span style=\"color: #800000;\">11h \u2013 12h :<\/span> Bruno VILAIN, ADTP, ESAT Annecy<\/p>\r\n<p><span style=\"font-family: Calibri, serif;\">\u00ab\u00a0Un poste de travail intelligent pour tous\u00a0\u00bb<\/span><\/p>\r\n<\/td>\r\n<\/tr>\r\n<tr>\r\n<td width=\"214\">\r\n<p><span style=\"color: #800000;\">11h40 \u2013 12h40:<\/span> Nicolas BALTENNECK, Univ. Lyon 2<\/p>\r\n<p><span style=\"font-family: Calibri, serif;\">\u00ab\u00a0Diff\u00e9rence, handicap et corps hybrides\u00a0\u00bb<\/span><\/p>\r\n<\/td>\r\n<td width=\"214\">\r\n<p><span style=\"color: #800000;\">12h \u2013 12h40\u00a0:<\/span> Remise du prix du meilleur article et cl\u00f4ture de la conf\u00e9rence<\/p>\r\n<\/td>\r\n<\/tr>\r\n<tr>\r\n<td width=\"214\">\r\n<p><span style=\"color: #339966;\"><strong>12h40 \u2013 14h\u00a0: pause d\u00e9jeuner<\/strong><\/span><\/p>\r\n<\/td>\r\n<td width=\"214\">\r\n<p><span style=\"color: #339966;\"><strong>12h40 \u2013 14h\u00a0: pause d\u00e9jeuner<\/strong><\/span><\/p>\r\n<\/td>\r\n<td width=\"214\">\r\n<p><span style=\"color: #339966;\"><strong>12h40 \u2013 14h\u00a0: pause d\u00e9jeuner<\/strong><\/span><\/p>\r\n<\/td>\r\n<\/tr>\r\n<tr>\r\n<td width=\"214\">\r\n<p><span style=\"color: #800000;\">14h \u2013 15h\u00a0:<\/span> Xavier RETAUX,<\/p>\r\n<p>AXErgonomie<\/p>\r\n<p><span style=\"font-family: Calibri, serif;\">\u00ab\u00a0Accessibilit\u00e9 et jeu vid\u00e9o\u00a0\u00bb<\/span><\/p>\r\n<\/td>\r\n<td width=\"214\">\r\n<p><span style=\"color: #800000;\">14h \u2013 15h\u00a0:<\/span> Laurent MAURY, 01net.com<\/p>\r\n<p><span style=\"font-family: Calibri, serif;\">\u00ab\u00a0Handicap et technologies\u00a0: quel futur imaginer\u00a0\u00bb<\/span><\/p>\r\n<\/td>\r\n<td width=\"214\">\r\n<p>&nbsp;<\/p>\r\n<\/td>\r\n<\/tr>\r\n<tr>\r\n<td width=\"214\">\r\n<p><span style=\"color: #800000;\">15h \u2013 16h\u00a0:<\/span> Technologies d&rsquo;Assistances intelligentes<\/p>\r\n<\/td>\r\n<td width=\"214\">\r\n<p><span style=\"color: #800000;\">15h \u2013 16h\u00a0:<\/span> IA et outils pour la d\u00e9tection<\/p>\r\n<\/td>\r\n<td width=\"214\">\r\n<p>&nbsp;<\/p>\r\n<\/td>\r\n<\/tr>\r\n<tr>\r\n<td width=\"214\">\r\n<p><span style=\"color: #339966;\"><strong>16h \u2013 16h30\u00a0: pause-caf\u00e9<\/strong><\/span><\/p>\r\n<\/td>\r\n<td width=\"214\">\r\n<p><span style=\"color: #339966;\"><strong>16h \u2013 16h30\u00a0: pause-caf\u00e9<\/strong><\/span><\/p>\r\n<\/td>\r\n<td width=\"214\">\r\n<p>&nbsp;<\/p>\r\n<\/td>\r\n<\/tr>\r\n<tr>\r\n<td width=\"214\">\r\n<p><span style=\"color: #800000;\">16h30 \u2013 17h30\u00a0:<\/span> Interactions Humain-machine<\/p>\r\n<\/td>\r\n<td width=\"214\">\r\n<p><span style=\"color: #800000;\">16h30 \u2013 17h30\u00a0:<\/span> session Posters<\/p>\r\n<\/td>\r\n<td width=\"214\">\r\n<p>&nbsp;<\/p>\r\n<\/td>\r\n<\/tr>\r\n<tr>\r\n<td width=\"214\">\r\n<p>&nbsp;<\/p>\r\n<\/td>\r\n<td width=\"214\">\r\n<p><span style=\"color: #993300;\"><strong>17h30 \u2013 19h\u00a0: Assembl\u00e9e G\u00e9n\u00e9rale IFRATH<\/strong><\/span><\/p>\r\n<\/td>\r\n<td width=\"214\">\r\n<p>&nbsp;<\/p>\r\n<\/td>\r\n<\/tr>\r\n<tr>\r\n<td width=\"214\">\r\n<p>&nbsp;<\/p>\r\n<\/td>\r\n<td width=\"214\">\r\n<p><span style=\"color: #800080;\"><strong>20h \u2013 22h30\u00a0: repas de Gala<\/strong><\/span><\/p>\r\n<\/td>\r\n<td width=\"214\">\r\n<p>&nbsp;<\/p>\r\n<\/td>\r\n<\/tr>\r\n<\/tbody>\r\n<\/table>\r\n<h2>Trajet vers le restaurant<\/h2>\r\n<p><img loading=\"lazy\" decoding=\"async\" class=\"alignnone size-large wp-image-417\" src=\"http:\/\/ifrath.fr\/handicap2022\/wp-content\/uploads\/sites\/13\/2022\/06\/E3EA62C5-8A65-4263-A1EE-1B6F0D7B7CDB-1024x715.jpeg\" alt=\"Trajet\" width=\"847\" height=\"591\" srcset=\"https:\/\/ifrath.fr\/handicap2022\/wp-content\/uploads\/sites\/13\/2022\/06\/E3EA62C5-8A65-4263-A1EE-1B6F0D7B7CDB-1024x715.jpeg 1024w, https:\/\/ifrath.fr\/handicap2022\/wp-content\/uploads\/sites\/13\/2022\/06\/E3EA62C5-8A65-4263-A1EE-1B6F0D7B7CDB-300x210.jpeg 300w, https:\/\/ifrath.fr\/handicap2022\/wp-content\/uploads\/sites\/13\/2022\/06\/E3EA62C5-8A65-4263-A1EE-1B6F0D7B7CDB-768x536.jpeg 768w, https:\/\/ifrath.fr\/handicap2022\/wp-content\/uploads\/sites\/13\/2022\/06\/E3EA62C5-8A65-4263-A1EE-1B6F0D7B7CDB-1536x1073.jpeg 1536w, https:\/\/ifrath.fr\/handicap2022\/wp-content\/uploads\/sites\/13\/2022\/06\/E3EA62C5-8A65-4263-A1EE-1B6F0D7B7CDB-2048x1431.jpeg 2048w, https:\/\/ifrath.fr\/handicap2022\/wp-content\/uploads\/sites\/13\/2022\/06\/E3EA62C5-8A65-4263-A1EE-1B6F0D7B7CDB-847x592.jpeg 847w\" sizes=\"auto, (max-width: 847px) 100vw, 847px\" \/><\/p>\r\n<p>&nbsp;<\/p>","protected":false},"excerpt":{"rendered":"<p>La conf\u00e9rence Handicap, c&rsquo;est : 5 pr\u00e9sentations invit\u00e9es 21 pr\u00e9sentations accept\u00e9es 3 posters 1 prix du meilleur article 1 Assembl\u00e9e G\u00e9n\u00e9rale de l&rsquo;IFRATH 1 d\u00eener de gala dans un magnifique cadre : https:\/\/www.restaurant-lile.com\/ Le programme d\u00e9taill\u00e9 est disponible en version PDF : Programme de la Conf\u00e9rence Voici le programme global. Mercredi 8 juin 2022 Jeudi &hellip; <\/p>\n<p><a class=\"more-link btn\" href=\"https:\/\/ifrath.fr\/handicap2022\/programme\/\">Lire la suite<\/a><\/p>\n","protected":false},"author":11,"featured_media":0,"parent":0,"menu_order":0,"comment_status":"closed","ping_status":"closed","template":"","meta":{"ngg_post_thumbnail":0,"footnotes":""},"class_list":["post-39","page","type-page","status-publish","hentry","nodate","item-wrap"],"_links":{"self":[{"href":"https:\/\/ifrath.fr\/handicap2022\/wp-json\/wp\/v2\/pages\/39","targetHints":{"allow":["GET"]}}],"collection":[{"href":"https:\/\/ifrath.fr\/handicap2022\/wp-json\/wp\/v2\/pages"}],"about":[{"href":"https:\/\/ifrath.fr\/handicap2022\/wp-json\/wp\/v2\/types\/page"}],"author":[{"embeddable":true,"href":"https:\/\/ifrath.fr\/handicap2022\/wp-json\/wp\/v2\/users\/11"}],"replies":[{"embeddable":true,"href":"https:\/\/ifrath.fr\/handicap2022\/wp-json\/wp\/v2\/comments?post=39"}],"version-history":[{"count":52,"href":"https:\/\/ifrath.fr\/handicap2022\/wp-json\/wp\/v2\/pages\/39\/revisions"}],"predecessor-version":[{"id":422,"href":"https:\/\/ifrath.fr\/handicap2022\/wp-json\/wp\/v2\/pages\/39\/revisions\/422"}],"wp:attachment":[{"href":"https:\/\/ifrath.fr\/handicap2022\/wp-json\/wp\/v2\/media?parent=39"}],"curies":[{"name":"wp","href":"https:\/\/api.w.org\/{rel}","templated":true}]}}