{"id":37,"date":"2019-09-20T08:21:50","date_gmt":"2019-09-20T06:21:50","guid":{"rendered":"http:\/\/ifrath.fr\/handicap2022\/?page_id=37"},"modified":"2022-05-17T08:33:27","modified_gmt":"2022-05-17T06:33:27","slug":"comites","status":"publish","type":"page","link":"https:\/\/ifrath.fr\/handicap2022\/comites\/","title":{"rendered":"Comit\u00e9s"},"content":{"rendered":"\r\n<h2 class=\"wp-block-heading\">Comit\u00e9 \u00e9ditorial (CE)<\/h2>\r\n\r\n\r\n\r\n<ul>\r\n<li>Dominique Archambault (Universit\u00e9 Paris 8 -Vincennes-Saint-Denis)<\/li>\r\n<li>Guy Bourhis (LCOMS Universit\u00e9 de Lorraine)<\/li>\r\n<li>Yann Mor\u00e8re (Universit\u00e9 de Lorraine)<\/li>\r\n<li>Guillaume Thomann (Grenoble INP \u2013 UGA)<\/li>\r\n<li>G\u00e9rard Uzan (Universit\u00e9 Paris 8 \u2013 Laboratoire CHArt EA 4004)<\/li>\r\n<\/ul>\r\n\r\n\r\n\r\n<h2 class=\"wp-block-heading\">Comit\u00e9 d\u2019organisation (CO)<\/h2>\r\n\r\n\r\n\r\n<p><strong>Guillaume Thomann (Grenoble INP \u2013 UGA) \u2013 Pr\u00e9sident du Comit\u00e9 d\u2019Organisation<\/strong><\/p>\r\n<ul>\r\n<li>Antonio Pinti (Universit\u00e9 Polytechnique Hauts-de-France) \u2013 Vice-Pr\u00e9sident du Comit\u00e9 d\u2019Organisation<\/li>\r\n<li>Dominique Archambault (Universit\u00e9 Paris 8 -Vincennes-Saint-Denis)<\/li>\r\n<li>G\u00e9rard Uzan (Universit\u00e9 Paris 8 -Vincennes-Saint-Denis)<\/li>\r\n<li>Ga\u00ebtan Bourmaud (Universit\u00e9 Paris 8 -Vincennes-Saint-Denis)<\/li>\r\n<li>Fr\u00e9d\u00e9ric Bousefsaf (Universit\u00e9 de Lorraine)<\/li>\r\n<li>Yann Mor\u00e8re (Universit\u00e9 de Lorraine) \u2013 Pr\u00e9sident du Comit\u00e9 Scientifique<\/li>\r\n<li>Guy Bourhis (Universit\u00e9 de Lorraine)<\/li>\r\n<li>Karine Gros (Universit\u00e9 Paris-Est Cr\u00e9teil)<\/li>\r\n<li>Sarah Digout (Universit\u00e9 Paris-Est Cr\u00e9teil)<\/li>\r\n<li>Julie Golliot (Smart Macadam &amp; Universit\u00e9 de Toulon)<\/li>\r\n<li>Marie-H\u00e9l\u00e8ne Bekaert (Universit\u00e9 de Lille)<\/li>\r\n<li>Fran\u00e7ois Cabestaing (Universit\u00e9 de Lille)<\/li>\r\n<li>Philippe Pudlo (Universit\u00e9 Polytechnique Hauts-de-France)<\/li>\r\n<li>Christian Berger-Vachon (Universit\u00e9 de Lyon)<\/li>\r\n<\/ul>\r\n\r\n\r\n\r\n<h2 class=\"wp-block-heading\">Comit\u00e9 scientifique (CS)<\/h2>\r\n<p><strong>Yann Mor\u00e8re (LCOMS, Universit\u00e9 de Lorraine) &#8211; Pr\u00e9sident du Comit\u00e9 Scientifique<\/strong><\/p>\r\n\r\n\r\n\r\n<ul>\r\n<li>Dominique Archambault (EA 4004 \u2013 CHArt Universit\u00e9 Paris 8)<\/li>\r\n<li>Guy Bourhis (LCOMS Universit\u00e9 de Lorraine)<\/li>\r\n<li>Fr\u00e9d\u00e9ric Bousefsaf (LCOMS Universit\u00e9 de Lorraine)<\/li>\r\n<li>Francois Cabestaing (Universit\u00e9 Lille 1)<\/li>\r\n<li>Beno\u00eet Encelle (Universit\u00e9 de Lyon CNRS Universit\u00e9 Lyon 1 LIRIS UMR5205 F-69622 France)<\/li>\r\n<li>Jan Engelen (Katholieke Universiteit Leuven)<\/li>\r\n<li>C\u00e9line Jost (Universit\u00e9 Paris 8 \u2013 Laboratoire CHArt)<\/li>\r\n<li>Christophe Jouffrais (CNRS &amp; Univ Toulouse \u2013 IRIT)<\/li>\r\n<li>Jacqueline Leybaert (Universit\u00e9 libre de Bruxelles)<\/li>\r\n<li>Vincent Meyer (Universit\u00e9 Nice Sophia Antipolis)<\/li>\r\n<li>Nicolas Monmarch\u00e9 (Universite de Tours)<\/li>\r\n<li>Pierre Pino (LCOMS Universit\u00e9 de Lorraine)<\/li>\r\n<li>Edwige Pissaloux (Sorbonne University \/U. Rouen)<\/li>\r\n<li>Mathieu Raynal (IRIT \u2013 University of Toulouse)<\/li>\r\n<li>Anis Rojbi (Universit\u00e9 Paris 8 \u2013 Laboratoire CHArt EA 4004)<\/li>\r\n<li>Jack Sagot (Laboratoire CHArt 4004)<\/li>\r\n<li>Karim Sehaba (LIRIS \u2013 Universit\u00e9 Lumi\u00e8re Lyon 2)<\/li>\r\n<li>Mohamed Slimane (Universite de Tours)<\/li>\r\n<li>Guillaume Thomann (Grenoble INP \u2013 UGA)<\/li>\r\n<li>G\u00e9rard Uzan (Universit\u00e9 Paris 8 \u2013 Laboratoire CHArt EA 4004)<\/li>\r\n<\/ul>","protected":false},"excerpt":{"rendered":"<p>Comit\u00e9 \u00e9ditorial (CE) Dominique Archambault (Universit\u00e9 Paris 8 -Vincennes-Saint-Denis) Guy Bourhis (LCOMS Universit\u00e9 de Lorraine) Yann Mor\u00e8re (Universit\u00e9 de Lorraine) Guillaume Thomann (Grenoble INP \u2013 UGA) G\u00e9rard Uzan (Universit\u00e9 Paris 8 \u2013 Laboratoire CHArt EA 4004) Comit\u00e9 d\u2019organisation (CO) Guillaume Thomann (Grenoble INP \u2013 UGA) \u2013 Pr\u00e9sident du Comit\u00e9 d\u2019Organisation Antonio Pinti (Universit\u00e9 Polytechnique Hauts-de-France) &hellip; <\/p>\n<p><a class=\"more-link btn\" href=\"https:\/\/ifrath.fr\/handicap2022\/comites\/\">Lire la suite<\/a><\/p>\n","protected":false},"author":11,"featured_media":0,"parent":0,"menu_order":0,"comment_status":"closed","ping_status":"closed","template":"","meta":{"ngg_post_thumbnail":0,"footnotes":""},"class_list":["post-37","page","type-page","status-publish","hentry","nodate","item-wrap"],"_links":{"self":[{"href":"https:\/\/ifrath.fr\/handicap2022\/wp-json\/wp\/v2\/pages\/37","targetHints":{"allow":["GET"]}}],"collection":[{"href":"https:\/\/ifrath.fr\/handicap2022\/wp-json\/wp\/v2\/pages"}],"about":[{"href":"https:\/\/ifrath.fr\/handicap2022\/wp-json\/wp\/v2\/types\/page"}],"author":[{"embeddable":true,"href":"https:\/\/ifrath.fr\/handicap2022\/wp-json\/wp\/v2\/users\/11"}],"replies":[{"embeddable":true,"href":"https:\/\/ifrath.fr\/handicap2022\/wp-json\/wp\/v2\/comments?post=37"}],"version-history":[{"count":27,"href":"https:\/\/ifrath.fr\/handicap2022\/wp-json\/wp\/v2\/pages\/37\/revisions"}],"predecessor-version":[{"id":378,"href":"https:\/\/ifrath.fr\/handicap2022\/wp-json\/wp\/v2\/pages\/37\/revisions\/378"}],"wp:attachment":[{"href":"https:\/\/ifrath.fr\/handicap2022\/wp-json\/wp\/v2\/media?parent=37"}],"curies":[{"name":"wp","href":"https:\/\/api.w.org\/{rel}","templated":true}]}}