{"id":33,"date":"2019-09-20T08:19:53","date_gmt":"2019-09-20T06:19:53","guid":{"rendered":"http:\/\/ifrath.fr\/handicap2022\/?page_id=33"},"modified":"2022-05-23T16:31:22","modified_gmt":"2022-05-23T14:31:22","slug":"dates-importantes","status":"publish","type":"page","link":"https:\/\/ifrath.fr\/handicap2022\/dates-importantes\/","title":{"rendered":"Dates importantes"},"content":{"rendered":"\r\n<figure class=\"wp-block-table\">\r\n<table>\r\n<tbody>\r\n<tr>\r\n<td><del datetime=\"2022-01-31T15:16:35+00:00\">2 f\u00e9vrier 2022<\/del><span style=\"color: #ff0000;\"><strong> 31 mars 2022<\/strong><\/span><\/td>\r\n<td><strong><span style=\"color: #ff0000;\">Date limite de soumission<\/span><\/strong><\/td>\r\n<\/tr>\r\n<tr>\r\n<td>6 mai 2022<\/td>\r\n<td>Date de r\u00e9ponse du Comit\u00e9 \u00e9ditorial<\/td>\r\n<\/tr>\r\n<tr>\r\n<td>20 mai 2022<\/td>\r\n<td>Date limite de remise des versions finales<\/td>\r\n<\/tr>\r\n<tr>\r\n<td>31 mai 2022<\/td>\r\n<td>Date limite des inscriptions au tarif pr\u00e9f\u00e9rentiel<\/td>\r\n<\/tr>\r\n<tr>\r\n<td>8-10 juin 2022<\/td>\r\n<td>Conf\u00e9rence<\/td>\r\n<\/tr>\r\n<\/tbody>\r\n<\/table>\r\n<\/figure>\r\n","protected":false},"excerpt":{"rendered":"<p>2 f\u00e9vrier 2022 31 mars 2022 Date limite de soumission 6 mai 2022 Date de r\u00e9ponse du Comit\u00e9 \u00e9ditorial 20 mai 2022 Date limite de remise des versions finales 31 mai 2022 Date limite des inscriptions au tarif pr\u00e9f\u00e9rentiel 8-10 juin 2022 Conf\u00e9rence<\/p>\n","protected":false},"author":11,"featured_media":0,"parent":0,"menu_order":0,"comment_status":"closed","ping_status":"closed","template":"","meta":{"ngg_post_thumbnail":0,"footnotes":""},"class_list":["post-33","page","type-page","status-publish","hentry","nodate","item-wrap"],"_links":{"self":[{"href":"https:\/\/ifrath.fr\/handicap2022\/wp-json\/wp\/v2\/pages\/33","targetHints":{"allow":["GET"]}}],"collection":[{"href":"https:\/\/ifrath.fr\/handicap2022\/wp-json\/wp\/v2\/pages"}],"about":[{"href":"https:\/\/ifrath.fr\/handicap2022\/wp-json\/wp\/v2\/types\/page"}],"author":[{"embeddable":true,"href":"https:\/\/ifrath.fr\/handicap2022\/wp-json\/wp\/v2\/users\/11"}],"replies":[{"embeddable":true,"href":"https:\/\/ifrath.fr\/handicap2022\/wp-json\/wp\/v2\/comments?post=33"}],"version-history":[{"count":12,"href":"https:\/\/ifrath.fr\/handicap2022\/wp-json\/wp\/v2\/pages\/33\/revisions"}],"predecessor-version":[{"id":386,"href":"https:\/\/ifrath.fr\/handicap2022\/wp-json\/wp\/v2\/pages\/33\/revisions\/386"}],"wp:attachment":[{"href":"https:\/\/ifrath.fr\/handicap2022\/wp-json\/wp\/v2\/media?parent=33"}],"curies":[{"name":"wp","href":"https:\/\/api.w.org\/{rel}","templated":true}]}}