{"id":236,"date":"2020-10-06T20:40:52","date_gmt":"2020-10-06T18:40:52","guid":{"rendered":"http:\/\/ifrath.fr\/handicap2022\/?page_id=236"},"modified":"2022-05-25T21:47:04","modified_gmt":"2022-05-25T19:47:04","slug":"programme-du-vendredi-10-juin-2022","status":"publish","type":"page","link":"https:\/\/ifrath.fr\/handicap2022\/programme-du-vendredi-10-juin-2022\/","title":{"rendered":"Vendredi 10 juin 2022"},"content":{"rendered":"<p align=\"center\"><span style=\"font-family: Calibri, serif;\"><span style=\"font-size: large;\"><b>Vendredi 10 juin<\/b><\/span><\/span><\/p>\n<p><span style=\"font-family: Calibri, serif;\"><b>9h30 \u2013 10h30\u00a0: Acc\u00e8s aux objets atypiques<\/b><\/span><\/p>\n<p><span style=\"font-family: Liberation Sans, serif;\"><b> <\/b><span style=\"font-family: Calibri, serif;\"><b>Pr\u00e9sident de session\u00a0: <\/b><\/span><span style=\"font-family: Calibri, serif;\"><b>Dominique Archambault<\/b><\/span><\/span><\/p>\n<p><span style=\"font-family: Calibri, serif;\">9h30\u00a0: Perspectives d\u2019apport du projet PRIM dans le domaine du handicap, <\/span><span style=\"font-family: Calibri, serif;\"><span style=\"font-size: small;\"><i>C\u00e9line Jost, Justin Debloos, Brigitte Le P\u00e9v\u00e9dic, Agn\u00e8s Piquard-Kipffer, Caroline Barbot-Bouzit and G\u00e9rard Uzan<\/i><\/span><\/span><\/p>\n<p><span style=\"font-family: Calibri, serif;\">9h50\u00a0: Permettre l\u2019autonomie dans l\u2019activit\u00e9 de programmation par blocs pour des enfants non-voyants, <\/span><span style=\"font-family: Calibri, serif;\"><span style=\"font-size: small;\"><i>Andriamahery-Ranjalahy Ken and Philippe Truillet<\/i><\/span><\/span><\/p>\n<p><span style=\"font-family: Calibri, serif;\">10h10\u00a0: Assistant en accessibilit\u00e9, rendre accessible une activit\u00e9 d\u2019analyse d\u2019article, <\/span><span style=\"font-family: Calibri, serif;\"><span style=\"font-size: small;\"><i>G\u00e9rard Uzan, Alexis Culpin, Estelle Dupr\u00e9 and Antoine Taly<\/i><\/span><\/span><\/p>\n<p><span style=\"font-family: Calibri, serif;\"><b>10h30 \u2013 11h\u00a0: pause-caf\u00e9<\/b><\/span><\/p>\n<p><span style=\"font-family: Calibri, serif;\"><span lang=\"en-US\"><b>11h \u2013 12h : Bruno VILAIN, ADTP, ESAT Annecy : <\/b><\/span><\/span><span style=\"font-family: Calibri, serif;\">\u00ab\u00a0Un poste de travail intelligent pour tous\u00a0\u00bb<\/span><\/p>\n<p><span style=\"font-family: Calibri, serif;\"><b>12h \u2013 12h40\u00a0: <\/b><\/span><span style=\"font-family: Calibri, serif;\"><b>R<\/b><\/span><span style=\"font-family: Calibri, serif;\"><b>emis<\/b><\/span><span style=\"font-family: Calibri, serif;\"><b>e<\/b><\/span><span style=\"font-family: Calibri, serif;\"><b> prix <\/b><\/span><span style=\"font-family: Calibri, serif;\"><b>du meilleur article et<\/b><\/span><span style=\"font-family: Calibri, serif;\"><b> cl\u00f4ture de la conf\u00e9rence<\/b><\/span><\/p>\n<p><span style=\"font-family: Calibri, serif;\"><b>12h40 \u2013 14h\u00a0: pause d\u00e9jeuner<\/b><\/span><\/p>\n","protected":false},"excerpt":{"rendered":"<p>Vendredi 10 juin 9h30 \u2013 10h30\u00a0: Acc\u00e8s aux objets atypiques Pr\u00e9sident de session\u00a0: Dominique Archambault 9h30\u00a0: Perspectives d\u2019apport du projet PRIM dans le domaine du handicap, C\u00e9line Jost, Justin Debloos, Brigitte Le P\u00e9v\u00e9dic, Agn\u00e8s Piquard-Kipffer, Caroline Barbot-Bouzit and G\u00e9rard Uzan 9h50\u00a0: Permettre l\u2019autonomie dans l\u2019activit\u00e9 de programmation par blocs pour des enfants non-voyants, Andriamahery-Ranjalahy Ken &hellip; <\/p>\n<p><a class=\"more-link btn\" href=\"https:\/\/ifrath.fr\/handicap2022\/programme-du-vendredi-10-juin-2022\/\">Lire la suite<\/a><\/p>\n","protected":false},"author":11,"featured_media":0,"parent":0,"menu_order":0,"comment_status":"closed","ping_status":"closed","template":"","meta":{"ngg_post_thumbnail":0,"footnotes":""},"class_list":["post-236","page","type-page","status-publish","hentry","nodate","item-wrap"],"_links":{"self":[{"href":"https:\/\/ifrath.fr\/handicap2022\/wp-json\/wp\/v2\/pages\/236","targetHints":{"allow":["GET"]}}],"collection":[{"href":"https:\/\/ifrath.fr\/handicap2022\/wp-json\/wp\/v2\/pages"}],"about":[{"href":"https:\/\/ifrath.fr\/handicap2022\/wp-json\/wp\/v2\/types\/page"}],"author":[{"embeddable":true,"href":"https:\/\/ifrath.fr\/handicap2022\/wp-json\/wp\/v2\/users\/11"}],"replies":[{"embeddable":true,"href":"https:\/\/ifrath.fr\/handicap2022\/wp-json\/wp\/v2\/comments?post=236"}],"version-history":[{"count":7,"href":"https:\/\/ifrath.fr\/handicap2022\/wp-json\/wp\/v2\/pages\/236\/revisions"}],"predecessor-version":[{"id":410,"href":"https:\/\/ifrath.fr\/handicap2022\/wp-json\/wp\/v2\/pages\/236\/revisions\/410"}],"wp:attachment":[{"href":"https:\/\/ifrath.fr\/handicap2022\/wp-json\/wp\/v2\/media?parent=236"}],"curies":[{"name":"wp","href":"https:\/\/api.w.org\/{rel}","templated":true}]}}