{"id":234,"date":"2020-10-06T20:40:37","date_gmt":"2020-10-06T18:40:37","guid":{"rendered":"http:\/\/ifrath.fr\/handicap2022\/?page_id=234"},"modified":"2022-06-09T12:15:12","modified_gmt":"2022-06-09T10:15:12","slug":"programme-du-jeudi-9-juin-2022","status":"publish","type":"page","link":"https:\/\/ifrath.fr\/handicap2022\/programme-du-jeudi-9-juin-2022\/","title":{"rendered":"Jeudi 9 juin 2022"},"content":{"rendered":"<p align=\"center\"><span style=\"font-family: Calibri, serif;\"><span style=\"font-size: large;\"><b>Jeudi 9 juin 2022<\/b><\/span><\/span><\/p>\n<p><span style=\"font-family: Calibri, serif;\"><b>9h30 \u2013 10h30\u00a0: <\/b><\/span><span style=\"font-family: Calibri, serif;\"><b>M<\/b><\/span><span style=\"font-family: Calibri, serif;\"><b>\u00e9thodologies inclusives<\/b><\/span><\/p>\n<p><span style=\"font-family: Liberation Sans, serif;\"><b> <\/b><span style=\"font-family: Calibri, serif;\"><b>Pr\u00e9sidentes de session\u00a0: Edwige Pissaloux &amp; Katerine Romeo<\/b><\/span><\/span><\/p>\n<p><span style=\"font-family: Calibri, serif;\">9h30\u00a0: Conception participative d\u2019une maquette 3D interactive avec les Instructrices de Locomotion pour des utilisateurs avec d\u00e9ficiences visuelles. Etude de cas. <\/span><span style=\"font-family: Calibri, serif;\"><span style=\"font-size: small;\"><i>Elen Sargsyan, Marc Mac\u00e9, Bernard Oriola, Marcos Serrano and Christophe Jouffrais<\/i><\/span><\/span><\/p>\n<p><span style=\"font-family: Calibri, serif;\">9h50\u00a0: Pr\u00e9server le self et l\u2019autonomie des personnes atteintes par une maladie neuro-\u00e9volutive \u00e0 travers le construit socio-technique de m\u00e9diation Mementop, <\/span><span style=\"font-family: Calibri, serif;\"><span style=\"font-size: small;\"><i>Julie Golliot and Laurent Maury<\/i><\/span><\/span><\/p>\n<p><span style=\"font-family: Calibri, serif;\">10h10\u00a0: Pertinence d\u2019une approche pluridisciplinarit\u00e9 en mati\u00e8re d\u2019accessibilit\u00e9 : exemple de l\u2019\u00e9tude pilote du campus de la Garde, <\/span><span style=\"font-family: Calibri, serif;\"><span style=\"font-size: small;\"><i>Opale Vigi\u00e9, Arnaud Faupin, Didier Pradon, Eric Watelain and Mai-Anh Ngo<\/i><\/span><\/span><\/p>\n<p><span style=\"font-family: Calibri, serif;\"><b>10h30 \u2013 11h\u00a0: pause-caf\u00e9<\/b><\/span><\/p>\n<p><span style=\"font-family: Calibri, serif;\">11h \u2013 11h40\u00a0: m\u00e9thodologies inclusives (suite)<\/span><\/p>\n<p><span style=\"font-family: Calibri, serif;\">11h\u00a0: La t\u00e9l\u00e9consultation : un instrument pour mieux prendre en charge les enfants en situation de poyhandicap ? <\/span><span style=\"font-family: Calibri, serif;\"><span style=\"font-size: small;\"><i>Am\u00e9lie Sandoval, Marc-Eric Bobillier-Chaumon, Marie Hully and Isabelle Barbet<\/i><\/span><\/span><\/p>\n<p><span style=\"font-family: Calibri, serif;\">11h20\u00a0: Vers une approche inclusive de d\u00e9couverte des \u0153uvres d&rsquo;art, <\/span><span style=\"font-family: Calibri, serif;\"><span style=\"font-size: small;\"><i>Katerine Romeo, Marion Chottin and Hannah Thompson<\/i><\/span><\/span><\/p>\n<p><span style=\"font-family: Calibri, serif;\"><span lang=\"en-US\"><b>11h40 \u2013 12h40: Nicolas BALTENNECK, Univ. <\/b><\/span><\/span><span style=\"font-family: Calibri, serif;\"><b>Lyon 2 : <\/b><\/span><span style=\"font-family: Calibri, serif;\">\u00ab\u00a0Diff\u00e9rence, handicap et corps hybrides\u00a0\u00bb<\/span><\/p>\n<p><span style=\"font-family: Calibri, serif;\"><b>12h40 \u2013 14h\u00a0: pause d\u00e9jeuner<\/b><\/span><\/p>\n<p><span style=\"font-family: Calibri, serif;\"><b>14h \u2013 15h : Laurent MAURY, 01net.com : <\/b><\/span><span style=\"font-family: Calibri, serif;\">\u00ab\u00a0Handicap et technologies\u00a0: quel futur imaginer\u00a0\u00bb<\/span><\/p>\n<p><span style=\"font-family: Calibri, serif;\"><b>15h \u2013 16h\u00a0: IA et outils pour la d\u00e9tection<\/b><\/span><\/p>\n<p><span style=\"font-family: Liberation Sans, serif;\"><b> <\/b><span style=\"font-family: Calibri, serif;\"><b>Pr\u00e9sident de session\u00a0: <\/b><\/span><span style=\"font-family: Calibri, serif;\"><b>Fr\u00e9d\u00e9ric Bousefsaf<\/b><\/span><\/span><\/p>\n<p><span style=\"font-family: Calibri, serif;\">15h\u00a0: Estimation sans contact de la tension art\u00e9rielle par intelligence artificielle, <\/span><span style=\"font-family: Calibri, serif;\"><span style=\"font-size: small;\"><i>Fr\u00e9d\u00e9ric Bousefsaf, Th\u00e9o Desquins, Djamaleddine Djeldjli, Yassine Ouzar, Choubeila Maaoui and Alain Pruski<\/i><\/span><\/span><\/p>\n<p><span style=\"font-family: Calibri, serif;\">15h20\u00a0: D\u00e9tection des risques de perte d\u2019autonomie li\u00e9s \u00e0 la pr\u00e9sence d\u2019une maladie neuro-\u00e9volutive \u00e0 travers l\u2019analyse des activit\u00e9s des s\u00e9niors, <\/span><span style=\"font-family: Calibri, serif;\"><span style=\"font-size: small;\"><i>Daphn\u00e9 Bard Krupa, Julie Golliot and Laurent Maury<\/i><\/span><\/span><\/p>\n<p><span style=\"font-family: Calibri, serif;\">15h40\u00a0: \u00c9tude pr\u00e9liminaire au d\u00e9veloppement d\u2019un outil de d\u00e9pistage automatis\u00e9 de la scoliose idiopathique \u00e0 l\u2019aide d\u2019un nuage de points en 3 dimensions obtenu par une cam\u00e9ra de profondeur, <\/span><span style=\"font-family: Calibri, serif;\"><span style=\"font-size: small;\"><i>Soline Calla, Paul Henry, Jean Tomaszewski, Hugo Villi, Nicolas Pinsault and Guillaume Thomann<\/i><\/span><\/span><\/p>\n<p><span style=\"font-family: Calibri, serif;\"><b>16h \u2013 16h30\u00a0: pause-caf\u00e9<\/b><\/span><\/p>\n<p><span style=\"font-family: Calibri, serif;\"><b>16h30 \u2013 17h30\u00a0: <\/b><\/span><span style=\"font-family: Calibri, serif;\"><b>S<\/b><\/span><span style=\"font-family: Calibri, serif;\"><b>ession poster<\/b><\/span><\/p>\n<p><span style=\"font-family: Liberation Sans, serif;\"><b> <\/b><span style=\"font-family: Calibri, serif;\"><b>Pr\u00e9sident de session\u00a0: G\u00e9rard Uzan<\/b><\/span><\/span><\/p>\n<p><span style=\"font-family: Calibri, serif;\">Les enseignants en \u00e9cole \u00e9l\u00e9mentaire fran\u00e7aise connaissent-ils le Facile \u00e0 Lire et \u00e0 Comprendre ? <\/span><span style=\"font-family: Calibri, serif;\"><span style=\"font-size: small;\"><i>Floriane Balssa and V\u00e9ronique Lespinet-Najib<\/i><\/span><\/span><\/p>\n<p><span style=\"font-family: Calibri, serif;\">Techniques d&rsquo;analyse biom\u00e9trique par images, dans le diagnostic des maladies neurod\u00e9g\u00e9n\u00e9ratives, <\/span><span style=\"font-family: Calibri, serif;\"><span style=\"font-size: small;\"><i>Wagner de Aguiar, Guillaume Thomann, Jos\u00e9 Celso Freire Junior and Gilberto Cuarelli<\/i><\/span><\/span><\/p>\n<p><span style=\"font-family: Calibri, serif;\">Syst\u00e8me de mesure de l&rsquo;angle sol &#8211; assise pour l&rsquo;apprentissage du deux roues en fauteuil roulant manuel : \u00c9tude pr\u00e9liminaire, <\/span><span style=\"font-family: Calibri, serif;\"><span style=\"font-size: small;\"><i>Antonio Pinti, Atef Belghoul, Eric Watelain and Rawad El Hage<\/i><\/span><\/span><\/p>\n<p><span style=\"font-family: Calibri, serif;\"><b>17h30 \u2013 19h\u00a0: Assembl\u00e9e G\u00e9n\u00e9rale IFRATH<\/b><\/span><\/p>\n<p><span style=\"font-family: Calibri, serif;\"><b>20h \u2013 22h30\u00a0: repas de Gala<\/b><\/span><\/p>\n<h2>Trajet jusqu&rsquo;au Restaurant L&rsquo;\u00eele<\/h2>\n<p><img loading=\"lazy\" decoding=\"async\" class=\"alignnone size-large wp-image-417\" src=\"http:\/\/ifrath.fr\/handicap2022\/wp-content\/uploads\/sites\/13\/2022\/06\/E3EA62C5-8A65-4263-A1EE-1B6F0D7B7CDB-1024x715.jpeg\" alt=\"Trajet\" width=\"847\" height=\"591\" srcset=\"https:\/\/ifrath.fr\/handicap2022\/wp-content\/uploads\/sites\/13\/2022\/06\/E3EA62C5-8A65-4263-A1EE-1B6F0D7B7CDB-1024x715.jpeg 1024w, https:\/\/ifrath.fr\/handicap2022\/wp-content\/uploads\/sites\/13\/2022\/06\/E3EA62C5-8A65-4263-A1EE-1B6F0D7B7CDB-300x210.jpeg 300w, https:\/\/ifrath.fr\/handicap2022\/wp-content\/uploads\/sites\/13\/2022\/06\/E3EA62C5-8A65-4263-A1EE-1B6F0D7B7CDB-768x536.jpeg 768w, https:\/\/ifrath.fr\/handicap2022\/wp-content\/uploads\/sites\/13\/2022\/06\/E3EA62C5-8A65-4263-A1EE-1B6F0D7B7CDB-1536x1073.jpeg 1536w, https:\/\/ifrath.fr\/handicap2022\/wp-content\/uploads\/sites\/13\/2022\/06\/E3EA62C5-8A65-4263-A1EE-1B6F0D7B7CDB-2048x1431.jpeg 2048w, https:\/\/ifrath.fr\/handicap2022\/wp-content\/uploads\/sites\/13\/2022\/06\/E3EA62C5-8A65-4263-A1EE-1B6F0D7B7CDB-847x592.jpeg 847w\" sizes=\"auto, (max-width: 847px) 100vw, 847px\" \/><\/p>\n","protected":false},"excerpt":{"rendered":"<p>Jeudi 9 juin 2022 9h30 \u2013 10h30\u00a0: M\u00e9thodologies inclusives Pr\u00e9sidentes de session\u00a0: Edwige Pissaloux &amp; Katerine Romeo 9h30\u00a0: Conception participative d\u2019une maquette 3D interactive avec les Instructrices de Locomotion pour des utilisateurs avec d\u00e9ficiences visuelles. Etude de cas. Elen Sargsyan, Marc Mac\u00e9, Bernard Oriola, Marcos Serrano and Christophe Jouffrais 9h50\u00a0: Pr\u00e9server le self et l\u2019autonomie &hellip; <\/p>\n<p><a class=\"more-link btn\" href=\"https:\/\/ifrath.fr\/handicap2022\/programme-du-jeudi-9-juin-2022\/\">Lire la suite<\/a><\/p>\n","protected":false},"author":11,"featured_media":0,"parent":0,"menu_order":0,"comment_status":"closed","ping_status":"closed","template":"","meta":{"ngg_post_thumbnail":0,"footnotes":""},"class_list":["post-234","page","type-page","status-publish","hentry","nodate","item-wrap"],"_links":{"self":[{"href":"https:\/\/ifrath.fr\/handicap2022\/wp-json\/wp\/v2\/pages\/234","targetHints":{"allow":["GET"]}}],"collection":[{"href":"https:\/\/ifrath.fr\/handicap2022\/wp-json\/wp\/v2\/pages"}],"about":[{"href":"https:\/\/ifrath.fr\/handicap2022\/wp-json\/wp\/v2\/types\/page"}],"author":[{"embeddable":true,"href":"https:\/\/ifrath.fr\/handicap2022\/wp-json\/wp\/v2\/users\/11"}],"replies":[{"embeddable":true,"href":"https:\/\/ifrath.fr\/handicap2022\/wp-json\/wp\/v2\/comments?post=234"}],"version-history":[{"count":11,"href":"https:\/\/ifrath.fr\/handicap2022\/wp-json\/wp\/v2\/pages\/234\/revisions"}],"predecessor-version":[{"id":424,"href":"https:\/\/ifrath.fr\/handicap2022\/wp-json\/wp\/v2\/pages\/234\/revisions\/424"}],"wp:attachment":[{"href":"https:\/\/ifrath.fr\/handicap2022\/wp-json\/wp\/v2\/media?parent=234"}],"curies":[{"name":"wp","href":"https:\/\/api.w.org\/{rel}","templated":true}]}}