{"id":231,"date":"2020-10-06T20:40:02","date_gmt":"2020-10-06T18:40:02","guid":{"rendered":"http:\/\/ifrath.fr\/handicap2022\/?page_id=231"},"modified":"2022-05-26T11:20:22","modified_gmt":"2022-05-26T09:20:22","slug":"programme-du-mercredi-8-juin-2022","status":"publish","type":"page","link":"https:\/\/ifrath.fr\/handicap2022\/programme-du-mercredi-8-juin-2022\/","title":{"rendered":"Mercredi 8 juin 2022"},"content":{"rendered":"<p align=\"center\"><span style=\"font-family: Liberation Sans, serif;\"><span style=\"font-family: Calibri, serif;\"><span style=\"font-size: large;\"><b>Mercredi 8 juin 2022<\/b><\/span><\/span><\/span><\/p>\n<p><span style=\"font-family: Liberation Sans, serif;\"><span style=\"font-family: Calibri, serif;\"><b>09h00 \u2013 10h00 : Inscriptions <\/b><\/span><span style=\"font-family: Calibri, serif;\"><b>&amp;<\/b><\/span><span style=\"font-family: Calibri, serif;\"><b> buffet d\u2019accueil<\/b><\/span><\/span><\/p>\n<p><span style=\"font-family: Liberation Sans, serif;\"><span style=\"font-family: Calibri, serif;\"><b>10h \u2013 10h20\u00a0: Ouverture de la conf\u00e9rence<\/b><\/span><\/span><\/p>\n<p><span style=\"font-family: Liberation Sans, serif;\"><span style=\"font-family: Calibri, serif;\"><b>10h20 \u2013 11h20 : St\u00e9phanie BUISINE, Andr\u00e9a BOISADAN, CESI :\u00a0<\/b><\/span><\/span><span style=\"font-family: Liberation Sans, serif;\"><span style=\"font-family: Calibri, serif;\">\u00ab\u00a0Conception universelle, lead users et intelligence \u00e9motionnelle\u00a0\u00bb<\/span><\/span><\/p>\n<p><span style=\"font-family: Liberation Sans, serif;\"><span style=\"font-family: Calibri, serif;\"><b>11h20 \u2013 12h40 : M\u00e9thodes et Outils pour l&rsquo;\u00e9valuation<\/b><\/span><\/span><\/p>\n<p><span style=\"font-family: Liberation Sans, serif;\"><b> <\/b><span style=\"font-family: Calibri, serif;\"><b>Pr\u00e9sidente de session\u00a0: C\u00e9line Jost<\/b><\/span><\/span><\/p>\n<p><span style=\"font-family: Liberation Sans, serif;\"><span style=\"font-family: Calibri, serif;\">11h20 Estimation des Param\u00e8tres du Contr\u00f4le en Position Assise chez la Personne atteinte d\u2019une L\u00e9sion M\u00e9dullaire, <\/span><span style=\"font-family: Calibri, serif;\"><span style=\"font-size: small;\"><i>Hajer Srihi, Thierry-Marie Guerra, Philippe Pudlo and Anh-Tu Nguyen<\/i><\/span><\/span><\/span><\/p>\n<p><span style=\"font-family: Liberation Sans, serif;\"><span style=\"font-family: Calibri, serif;\">11h40\u00a0: \u00c9valuation de l&rsquo;utilisabilit\u00e9 d&rsquo;un jeu s\u00e9rieux pour la r\u00e9\u00e9ducation des personnes atteintes de la maladie de Parkinson, <\/span><span style=\"font-family: Calibri, serif;\"><span style=\"font-size: small;\"><i>Luanne Cardoso Mendes, Isabela Alves Marques, Camille Marques Alves, Angela Abreu Rosa de S\u00e1, Rodrigo Ramos Rosa, Kennedy Rodrigues Lima, Luiza Maire David Luiz, Marcus Vieira Fraga, Eduardo L\u00e1zaro Martins Naves, Edgard Afonso Lamounier J\u00fanior, F\u00e1bio Henrique Monteiro Oliveira, Adriano Alves Pereira, Guy Bourhis, Pierre Pino, Yann Mor\u00e8re and Adriano de Oliveira Andrade<\/i><\/span><\/span><\/span><\/p>\n<p><span style=\"font-family: Liberation Sans, serif;\"><span style=\"font-family: Calibri, serif;\">12h\u00a0: \u00c9valuation de l&rsquo;influence du professionnel de sant\u00e9 dans l&rsquo;application du jeu s\u00e9rieux RehaBEElitation pour les patients atteints de la maladie de Parkinson, <\/span><span style=\"font-family: Calibri, serif;\"><span style=\"font-size: small;\"><i>Isabela Alves Marques, Luanne Cardoso Mendes, Camille Marques Alves, Luiza Maire David Luiz, Rodrigo Rosa, Kennedy Lima, Angela Abreu, Edgard Lamounier Junior, Fabio Henrique Oliveira, Marcus Vieira, Guy Bourhis, Pierre Pino, Adriano Alves Pereira, Eduardo L\u00e1zaro Martins Naves, Yann Morere and Adriano de Oliveira Andrade<\/i><\/span><\/span><\/span><\/p>\n<p><span style=\"font-family: Liberation Sans, serif;\"><span style=\"font-family: Calibri, serif;\">12h20\u00a0: BabelDr, un syst\u00e8me de traduction du discours m\u00e9dical vers l\u2019animation virtuelle sign\u00e9e, <\/span><span style=\"font-family: Calibri, serif;\"><span style=\"font-size: small;\"><i>Bastien David, Jonathan Mutal, Irene Strasly, Pierrette Bouillon and Herve Spechbach<\/i><\/span><\/span><\/span><\/p>\n<p><span style=\"font-family: Liberation Sans, serif;\"><span style=\"font-family: Calibri, serif;\"><b>12h40 \u2013 14h\u00a0: pause d\u00e9jeuner<\/b><\/span><\/span><\/p>\n<p><span style=\"font-family: Calibri, serif;\"><b>14h \u2013 15h : Xavier RETAUX, Clara TOUSSAINT, AXErgonomie : <\/b><\/span><span style=\"font-family: Calibri, serif;\">\u00ab\u00a0Accessibilit\u00e9 et jeu vid\u00e9o\u00a0\u00bb<\/span><\/p>\n<p><span style=\"font-family: Calibri, serif;\"><b>15h \u2013 16h\u00a0: Technologies d&rsquo;Assistance intelligentes<\/b><\/span><\/p>\n<p><span style=\"font-family: Liberation Sans, serif;\"><b> <\/b><span style=\"font-family: Calibri, serif;\"><b>Pr\u00e9sident de session\u00a0: <\/b><\/span><span style=\"font-family: Calibri, serif;\"><b>Guy Bourhis<\/b><\/span><\/span><\/p>\n<p><span style=\"font-family: Calibri, serif;\">15<\/span><span style=\"font-family: Calibri, serif;\">h<\/span><span style=\"font-family: Calibri, serif;\">\u00a0: Une neuroproth\u00e8se visuelle interactive pour mieux percevoir l\u2019environnement, <\/span><span style=\"font-family: Calibri, serif;\"><span style=\"font-size: small;\"><i>Julien Desvergnes, Axel Carlier, Vincent Charvillat and Christophe Jouffrais<\/i><\/span><\/span><\/p>\n<p><span style=\"font-family: Calibri, serif;\">15h20\u00a0: Orth\u00e8se \u00e0 rigidit\u00e9 variable pour la r\u00e9duction des tremblements de la main, <\/span><span style=\"font-family: Calibri, serif;\"><span style=\"font-size: small;\"><i>Jhedmar Callupe Luna, Eric Monacelli, Vincent Chalvet and Dante Elias<\/i><\/span><\/span><\/p>\n<p><span style=\"font-family: Calibri, serif;\">15h40\u00a0: Syst\u00e8me d\u2019alerte sur obstacles pour am\u00e9liorer l\u2019autonomie des personnes utilisant un fauteuil roulant, <\/span><span style=\"font-family: Calibri, serif;\"><span style=\"font-size: small;\"><i>Gilles Tagne, Anne-Marie Kokosy, Phillipe Saey, Steeve Mbakop, Maxime Cheramy, Ali Oukhrid, Thomas Degallaix, Foucauld Bergerault, Axandre Gorgol and Ikram Ahanou<\/i><\/span><\/span><\/p>\n<p><span style=\"font-family: Calibri, serif;\"><b>16h \u2013 16h30\u00a0: pause-caf\u00e9<\/b><\/span><\/p>\n<p><span style=\"font-family: Calibri, serif;\"><b>16h30 \u2013 17h30\u00a0: I<\/b><\/span><span style=\"font-family: Calibri, serif;\"><b>nteractions Humain-Machine<\/b><\/span><\/p>\n<p><span style=\"font-family: Liberation Sans, serif;\"><span style=\"font-family: Calibri, serif;\"><b> Pr\u00e9sident de session\u00a0: <\/b><\/span><span style=\"font-family: Calibri, serif;\"><b>Pierre Pino<\/b><\/span><\/span><\/p>\n<p><span style=\"font-family: Calibri, serif;\">16h30\u00a0: Le Leap Motion Controller : de la souris gestuelle \u00e0 la commande gestuelle. Deux \u00e9tudes de faisabilit\u00e9, <\/span><span style=\"font-family: Calibri, serif;\"><span style=\"font-size: small;\"><i>Jean-Marc Vannobel, Marie-H\u00e9l\u00e8ne Bekaert and Jean Baumann<\/i><\/span><\/span><\/p>\n<p><span style=\"font-family: Calibri, serif;\">16h50\u00a0: Une nouvelle interface homme-machine pour la r\u00e9\u00e9ducation des personnes atteintes de la maladie de Parkinson, <\/span><span style=\"font-family: Calibri, serif;\"><span style=\"font-size: small;\"><i>Camille Alves, Luanne Mendes, Isabela Marques, Luiza Luiz, Rodrigo Rosa, Julia Tannus, Edgard Lamounier, F\u00e1bio Oliveira, Marcus Vieira, Adriano Alves, Guy Bourhis, Pierre Pino, Adriano Andrade, Eduardo Naves and Yann Morere<\/i><\/span><\/span><\/p>\n<p><span style=\"font-family: Calibri, serif;\">17h10\u00a0: Vers des repr\u00e9sentations multimodales de peintures pour leur accessibilit\u00e9 inclusive, <\/span><span style=\"font-family: Calibri, serif;\"><span style=\"font-size: small;\"><i>Lilia Djoussouf, Edwige Pissaloux, Ngoc Tan Truong, Katerine Romeo, Simon Gay and Son Duy Dao<\/i><\/span><\/span><\/p>\n","protected":false},"excerpt":{"rendered":"<p>Mercredi 8 juin 2022 09h00 \u2013 10h00 : Inscriptions &amp; buffet d\u2019accueil 10h \u2013 10h20\u00a0: Ouverture de la conf\u00e9rence 10h20 \u2013 11h20 : St\u00e9phanie BUISINE, Andr\u00e9a BOISADAN, CESI :\u00a0\u00ab\u00a0Conception universelle, lead users et intelligence \u00e9motionnelle\u00a0\u00bb 11h20 \u2013 12h40 : M\u00e9thodes et Outils pour l&rsquo;\u00e9valuation Pr\u00e9sidente de session\u00a0: C\u00e9line Jost 11h20 Estimation des Param\u00e8tres du Contr\u00f4le &hellip; <\/p>\n<p><a class=\"more-link btn\" href=\"https:\/\/ifrath.fr\/handicap2022\/programme-du-mercredi-8-juin-2022\/\">Lire la suite<\/a><\/p>\n","protected":false},"author":11,"featured_media":0,"parent":0,"menu_order":0,"comment_status":"closed","ping_status":"closed","template":"","meta":{"ngg_post_thumbnail":0,"footnotes":""},"class_list":["post-231","page","type-page","status-publish","hentry","nodate","item-wrap"],"_links":{"self":[{"href":"https:\/\/ifrath.fr\/handicap2022\/wp-json\/wp\/v2\/pages\/231","targetHints":{"allow":["GET"]}}],"collection":[{"href":"https:\/\/ifrath.fr\/handicap2022\/wp-json\/wp\/v2\/pages"}],"about":[{"href":"https:\/\/ifrath.fr\/handicap2022\/wp-json\/wp\/v2\/types\/page"}],"author":[{"embeddable":true,"href":"https:\/\/ifrath.fr\/handicap2022\/wp-json\/wp\/v2\/users\/11"}],"replies":[{"embeddable":true,"href":"https:\/\/ifrath.fr\/handicap2022\/wp-json\/wp\/v2\/comments?post=231"}],"version-history":[{"count":16,"href":"https:\/\/ifrath.fr\/handicap2022\/wp-json\/wp\/v2\/pages\/231\/revisions"}],"predecessor-version":[{"id":414,"href":"https:\/\/ifrath.fr\/handicap2022\/wp-json\/wp\/v2\/pages\/231\/revisions\/414"}],"wp:attachment":[{"href":"https:\/\/ifrath.fr\/handicap2022\/wp-json\/wp\/v2\/media?parent=231"}],"curies":[{"name":"wp","href":"https:\/\/api.w.org\/{rel}","templated":true}]}}