{"id":47,"date":"2019-09-20T08:28:18","date_gmt":"2019-09-20T06:28:18","guid":{"rendered":"http:\/\/ifrath.fr\/handicap2020\/?page_id=47"},"modified":"2020-01-06T14:09:20","modified_gmt":"2020-01-06T13:09:20","slug":"acces","status":"publish","type":"page","link":"https:\/\/ifrath.fr\/handicap2020\/acces\/","title":{"rendered":"Acc\u00e8s"},"content":{"rendered":"\n<p>La conf\u00e9rence Handicap 2020 se d\u00e9roulera \u00e0 l\u2019<a href=\"http:\/\/www.mercure.com\/fr\/hotel-1131-hotel-mercure-paris-vaugirard-porte-de-versailles\/index.shtml\">h\u00f4tel Mercure situ\u00e9 Porte de Versailles<\/a>.<\/p>\n\n\n\n<p>H\u00f4tel Mercure :&nbsp;<a href=\"https:\/\/www.google.fr\/maps\/place\/H%C3%B4tel+Mercure+Paris+Vaugirard+Porte+de+Versailles\/@48.8330649,2.285773,17z\/data=!4m13!1m7!3m6!1s0x47e6706dc237a21b:0x8c8a1492ecb11aa5!2s69+Boulevard+Victor,+75015+Paris-15E-Arrondissement!3b1!8m2!3d48.8330649!4d2.2879617!3m4!1s0x47e6707058746a73:0x4df93476b24e8214!8m2!3d48.83307!4d2.2881253\">69 boulevard Victor 75015 \u2013 PARIS<\/a><\/p>\n\n\n\n<div class=\"wp-block-image\"><figure class=\"aligncenter\"><img loading=\"lazy\" decoding=\"async\" width=\"300\" height=\"243\" src=\"https:\/\/ifrath.fr\/handicap2020\/wp-content\/uploads\/sites\/10\/2020\/01\/screenshot-www.mercure.com-2017-05-04-10-25-13-300x243.png\" alt=\"\" class=\"wp-image-150\" \/><figcaption>Image situant l&rsquo;h\u00f4tel MERCURE sur une carte, \u00e0 deux pas des trams 2 et 3a.<\/figcaption><\/figure><\/div>\n\n\n\n<h2 class=\"wp-block-heading\"><strong>Pratiques&#8230;<\/strong><\/h2>\n\n\n\n<h3 class=\"wp-block-heading\"><em><strong>Venir \u00e0 Paris en avion<\/strong><\/em><\/h3>\n\n\n\n<div class=\"wp-block-image\"><figure class=\"alignleft\"><img decoding=\"async\" src=\"http:\/\/ifrath.fr\/handicap2018\/wp-content\/uploads\/sites\/8\/2017\/05\/ic_flight_land_black_36dp_2x.png\" alt=\"Avion\" class=\"wp-image-32\" \/><\/figure><\/div>\n\n\n\n<p>L&rsquo;a\u00e9roport <a href=\"http:\/\/www.aeroportsdeparis.fr\/ADP\/fr-FR\/Passagers\/Accueil\/\">Paris Charles de Gaulle<\/a> se trouve \u00e0 environ une heure de transport de la porte de Versailles, lieu de la conf\u00e9rence.<br>L&rsquo;a\u00e9roport <a href=\"http:\/\/www.aeroportsdeparis.fr\/ADP\/fr-FR\/Passagers\/Accueil\/\">Paris Orly<\/a> se trouve \u00e9galement \u00e0 environ une heure de transport de la porte de Versailles, lieu de la conf\u00e9rence.<\/p>\n\n\n\n<h3 class=\"wp-block-heading\"><strong><em>Venir \u00e0 Paris en train<\/em><\/strong><\/h3>\n\n\n\n<div class=\"wp-block-image\"><figure class=\"alignleft\"><img decoding=\"async\" src=\"http:\/\/ifrath.fr\/handicap2018\/wp-content\/uploads\/sites\/8\/2017\/05\/ic_train_black_36dp_2x.png\" alt=\"\" class=\"wp-image-33\" \/><\/figure><\/div>\n\n\n\n<p>Toutes les gares parisiennes intra-muros sont a moins d&rsquo;une heure de transport de la porte de Versailles. Vous pouvez r\u00e9server vos billets sur la <a href=\"http:\/\/www.voyages-sncf.com\/billet-train\">boutique en ligne SNCF<\/a><\/p>\n\n\n\n<h3 class=\"wp-block-heading\"><em><strong>Se d\u00e9placer \u00e0 Paris<\/strong><\/em><\/h3>\n\n\n\n<div class=\"wp-block-image\"><figure class=\"alignleft\"><img decoding=\"async\" src=\"http:\/\/ifrath.fr\/handicap2018\/wp-content\/uploads\/sites\/8\/2017\/05\/ic_subway_black_36dp_2x.png\" alt=\"M\u00e9tro\" class=\"wp-image-35\" \/><\/figure><\/div>\n\n\n\n<p>Le r\u00e9seau de transport d&rsquo;Ile de France est particuli\u00e8rement dense, aussi il vous sera tr\u00e8s facile de vous d\u00e9placer dans Paris. Vous pouvez consulter le plan interactif de la RATP pour planifier votre trajet: <a href=\"http:\/\/www.ratp.fr\/plan-interactif\/\">plan interactif<\/a><\/p>\n\n\n\n<h3 class=\"wp-block-heading\"><em><strong>R\u00e9server un h\u00f4tel<\/strong><\/em><\/h3>\n\n\n\n<div class=\"wp-block-image\"><figure class=\"alignleft\"><img decoding=\"async\" src=\"http:\/\/ifrath.fr\/handicap2018\/wp-content\/uploads\/sites\/8\/2017\/05\/ic_local_hotel_black_36dp_2x.png\" alt=\"hotels\" class=\"wp-image-36\" \/><\/figure><\/div>\n\n\n\n<p>La conf\u00e9rence Handicap 2020 se d\u00e9roule dans le 15\u00e8me arrondissement de Paris, pr\u00e8s du parc des expositions. De nombreux h\u00f4tels sont donc disponibles \u00e0 proximit\u00e9 : <a href=\"http:\/\/en.parisinfo.com\/paris-hotels\/\">h\u00f4tels \u00e0 Paris<\/a><\/p>\n","protected":false},"excerpt":{"rendered":"<p>La conf\u00e9rence Handicap 2020 se d\u00e9roulera \u00e0 l\u2019h\u00f4tel Mercure situ\u00e9 Porte de Versailles. H\u00f4tel Mercure :&nbsp;69 boulevard Victor 75015 \u2013 PARIS Pratiques&#8230; Venir \u00e0 Paris en avion L&rsquo;a\u00e9roport Paris Charles de Gaulle se trouve \u00e0 environ une heure de transport de la porte de Versailles, lieu de la conf\u00e9rence.L&rsquo;a\u00e9roport Paris Orly se trouve \u00e9galement \u00e0 &hellip; <\/p>\n<p><a class=\"more-link btn\" href=\"https:\/\/ifrath.fr\/handicap2020\/acces\/\">Lire la suite<\/a><\/p>\n","protected":false},"author":11,"featured_media":0,"parent":0,"menu_order":0,"comment_status":"closed","ping_status":"closed","template":"","meta":{"ngg_post_thumbnail":0,"footnotes":""},"class_list":["post-47","page","type-page","status-publish","hentry","nodate","item-wrap"],"_links":{"self":[{"href":"https:\/\/ifrath.fr\/handicap2020\/wp-json\/wp\/v2\/pages\/47","targetHints":{"allow":["GET"]}}],"collection":[{"href":"https:\/\/ifrath.fr\/handicap2020\/wp-json\/wp\/v2\/pages"}],"about":[{"href":"https:\/\/ifrath.fr\/handicap2020\/wp-json\/wp\/v2\/types\/page"}],"author":[{"embeddable":true,"href":"https:\/\/ifrath.fr\/handicap2020\/wp-json\/wp\/v2\/users\/11"}],"replies":[{"embeddable":true,"href":"https:\/\/ifrath.fr\/handicap2020\/wp-json\/wp\/v2\/comments?post=47"}],"version-history":[{"count":4,"href":"https:\/\/ifrath.fr\/handicap2020\/wp-json\/wp\/v2\/pages\/47\/revisions"}],"predecessor-version":[{"id":153,"href":"https:\/\/ifrath.fr\/handicap2020\/wp-json\/wp\/v2\/pages\/47\/revisions\/153"}],"wp:attachment":[{"href":"https:\/\/ifrath.fr\/handicap2020\/wp-json\/wp\/v2\/media?parent=47"}],"curies":[{"name":"wp","href":"https:\/\/api.w.org\/{rel}","templated":true}]}}