{"id":39,"date":"2019-09-20T08:22:19","date_gmt":"2019-09-20T06:22:19","guid":{"rendered":"http:\/\/ifrath.fr\/handicap2020\/?page_id=39"},"modified":"2020-10-06T22:12:38","modified_gmt":"2020-10-06T20:12:38","slug":"programme","status":"publish","type":"page","link":"https:\/\/ifrath.fr\/handicap2020\/programme\/","title":{"rendered":"Programme"},"content":{"rendered":"\n<p>La conf\u00e9rence Handicap, c&rsquo;est :<\/p>\n\n\n\n<ul class=\"wp-block-list\"><li>4 pr\u00e9sentations invit\u00e9es<\/li><li>26 pr\u00e9sentations accept\u00e9es<\/li><li>5 posters<\/li><li>1 prix du meilleur article<\/li><li>1 Assembl\u00e9e G\u00e9n\u00e9rale de l&rsquo;IFRATH<\/li><li>1 d\u00eener de gala dans un magnifique cadre<\/li><\/ul>\n\n\n\n<p>Voici le programme global. Le programme d\u00e9taill\u00e9 se trouve dans le sous-menu de cette page.<\/p>\n\n\n\n<table class=\"wp-block-table\">\n  <tbody>\n    <tr><td><\/td>\n    <td>Mercredi 4 novembre 2020<\/td>\n    <td>Jeudi 5 novembre 2020<\/td>\n    <td>Vendredi 6 novembre 2020<\/td>\n  <\/tr><tr>\n  <td>09h00 &#8211; 10h00<\/td><td>Inscriptions + buffet d&rsquo;accueil<\/td><td rowspan=\"2\">Session papiers<\/td><td rowspan=\"2\">Session papiers<\/td><\/tr><tr><td>10h00 &#8211; 10h30<\/td><td>Ouverture de la conf\u00e9rence<\/td><\/tr>\n<tr><td>10h30 &#8211; 11h00<\/td><td rowspan=\"2\">Pr\u00e9sentation invit\u00e9e<br> Sylvie Gibet<\/td><td>Pause-caf\u00e9<\/td><td>Pause-caf\u00e9<\/td><\/tr>\n<tr><td>11h00 &#8211; 11h30<\/td><td rowspan=\"2\">Pr\u00e9sentation invit\u00e9e<br>Romuald Bodin<\/td><td rowspan=\"2\">Pr\u00e9sentation invit\u00e9e<br>Julie Ducasse<\/td><\/tr><tr><td>11h30 &#8211; 12h00<\/td><td rowspan=\"2\">Session papiers<\/td><\/tr><tr><td>12h00 &#8211; 12h45<\/td><td>Session papiers<\/td><td>Remise du prix du meilleur article<br>Cl\u00f4ture de la conf\u00e9rence<\/td><\/tr><tr><td>12h45 &#8211; 14h00<\/td><td colspan=\"3\">Pause d\u00e9jeuner<\/td><\/tr>\n<tr><td>14h00 &#8211; 16h00<\/td><td>Session papiers + posters<\/td><td>Pr\u00e9sentation invit\u00e9e<br>Jean-Yves Antoine<br> + session papiers<\/td><td><\/td><\/tr><tr><td>16h00 &#8211; 16h30<\/td><td>Pause-caf\u00e9<\/td><td>Pause-caf\u00e9<\/td><td><\/td><\/tr><tr><td>16h30 &#8211; 18h00<\/td><td>Session papiers<\/td><td>AG de l&rsquo;IFRATH<\/td><td><\/td><\/tr>\n<tr><td>18h15 &#8211; 19h15<\/td><td><\/td><td><\/td><td><\/td><\/tr>\n<tr><td>20h00<\/td><td><\/td><td>Diner de gala<\/td><td><\/td><\/tr><\/tbody><\/table>\n\n\n\n<div class=\"wp-block-file\"><a href=\"https:\/\/ifrath.fr\/handicap2020\/wp-content\/uploads\/sites\/10\/2020\/10\/programme_general-1.pdf\">T\u00e9l\u00e9chargez le programme synth\u00e9tique au format PDF<\/a><a href=\"https:\/\/ifrath.fr\/handicap2020\/wp-content\/uploads\/sites\/10\/2020\/10\/programme_general-1.pdf\" class=\"wp-block-file__button\" download>T\u00e9l\u00e9charger<\/a><\/div>\n","protected":false},"excerpt":{"rendered":"<p>La conf\u00e9rence Handicap, c&rsquo;est : 4 pr\u00e9sentations invit\u00e9es 26 pr\u00e9sentations accept\u00e9es 5 posters 1 prix du meilleur article 1 Assembl\u00e9e G\u00e9n\u00e9rale de l&rsquo;IFRATH 1 d\u00eener de gala dans un magnifique cadre Voici le programme global. Le programme d\u00e9taill\u00e9 se trouve dans le sous-menu de cette page. Mercredi 4 novembre 2020 Jeudi 5 novembre 2020 Vendredi &hellip; <\/p>\n<p><a class=\"more-link btn\" href=\"https:\/\/ifrath.fr\/handicap2020\/programme\/\">Lire la suite<\/a><\/p>\n","protected":false},"author":11,"featured_media":0,"parent":0,"menu_order":0,"comment_status":"closed","ping_status":"closed","template":"","meta":{"ngg_post_thumbnail":0,"footnotes":""},"class_list":["post-39","page","type-page","status-publish","hentry","nodate","item-wrap"],"_links":{"self":[{"href":"https:\/\/ifrath.fr\/handicap2020\/wp-json\/wp\/v2\/pages\/39","targetHints":{"allow":["GET"]}}],"collection":[{"href":"https:\/\/ifrath.fr\/handicap2020\/wp-json\/wp\/v2\/pages"}],"about":[{"href":"https:\/\/ifrath.fr\/handicap2020\/wp-json\/wp\/v2\/types\/page"}],"author":[{"embeddable":true,"href":"https:\/\/ifrath.fr\/handicap2020\/wp-json\/wp\/v2\/users\/11"}],"replies":[{"embeddable":true,"href":"https:\/\/ifrath.fr\/handicap2020\/wp-json\/wp\/v2\/comments?post=39"}],"version-history":[{"count":34,"href":"https:\/\/ifrath.fr\/handicap2020\/wp-json\/wp\/v2\/pages\/39\/revisions"}],"predecessor-version":[{"id":257,"href":"https:\/\/ifrath.fr\/handicap2020\/wp-json\/wp\/v2\/pages\/39\/revisions\/257"}],"wp:attachment":[{"href":"https:\/\/ifrath.fr\/handicap2020\/wp-json\/wp\/v2\/media?parent=39"}],"curies":[{"name":"wp","href":"https:\/\/api.w.org\/{rel}","templated":true}]}}