{"id":33,"date":"2019-09-20T08:19:53","date_gmt":"2019-09-20T06:19:53","guid":{"rendered":"http:\/\/ifrath.fr\/handicap2020\/?page_id=33"},"modified":"2020-06-03T16:48:34","modified_gmt":"2020-06-03T14:48:34","slug":"dates-importantes","status":"publish","type":"page","link":"https:\/\/ifrath.fr\/handicap2020\/dates-importantes\/","title":{"rendered":"Dates importantes"},"content":{"rendered":"\n<figure class=\"wp-block-table\"><table><tbody><tr><td>22 mars 2020<\/td><td>Date limite de soumission<\/td><\/tr><tr><td>27 avril 2020<\/td><td>Date de r\u00e9ponse du Comit\u00e9 \u00e9ditorial<\/td><\/tr><tr><td>10 mai 2020<\/td><td>Date limite de remise des versions finales<\/td><\/tr><tr><td>4 octobre 2020<\/td><td>Date limite des inscriptions au tarif pr\u00e9f\u00e9rentiel<\/td><\/tr><tr><td>4-6 novembre 2020<\/td><td>Conf\u00e9rence<\/td><\/tr><\/tbody><\/table><\/figure>\n","protected":false},"excerpt":{"rendered":"<p>22 mars 2020 Date limite de soumission 27 avril 2020 Date de r\u00e9ponse du Comit\u00e9 \u00e9ditorial 10 mai 2020 Date limite de remise des versions finales 4 octobre 2020 Date limite des inscriptions au tarif pr\u00e9f\u00e9rentiel 4-6 novembre 2020 Conf\u00e9rence<\/p>\n","protected":false},"author":11,"featured_media":0,"parent":0,"menu_order":0,"comment_status":"closed","ping_status":"closed","template":"","meta":{"ngg_post_thumbnail":0,"footnotes":""},"class_list":["post-33","page","type-page","status-publish","hentry","nodate","item-wrap"],"_links":{"self":[{"href":"https:\/\/ifrath.fr\/handicap2020\/wp-json\/wp\/v2\/pages\/33","targetHints":{"allow":["GET"]}}],"collection":[{"href":"https:\/\/ifrath.fr\/handicap2020\/wp-json\/wp\/v2\/pages"}],"about":[{"href":"https:\/\/ifrath.fr\/handicap2020\/wp-json\/wp\/v2\/types\/page"}],"author":[{"embeddable":true,"href":"https:\/\/ifrath.fr\/handicap2020\/wp-json\/wp\/v2\/users\/11"}],"replies":[{"embeddable":true,"href":"https:\/\/ifrath.fr\/handicap2020\/wp-json\/wp\/v2\/comments?post=33"}],"version-history":[{"count":6,"href":"https:\/\/ifrath.fr\/handicap2020\/wp-json\/wp\/v2\/pages\/33\/revisions"}],"predecessor-version":[{"id":221,"href":"https:\/\/ifrath.fr\/handicap2020\/wp-json\/wp\/v2\/pages\/33\/revisions\/221"}],"wp:attachment":[{"href":"https:\/\/ifrath.fr\/handicap2020\/wp-json\/wp\/v2\/media?parent=33"}],"curies":[{"name":"wp","href":"https:\/\/api.w.org\/{rel}","templated":true}]}}