{"id":234,"date":"2020-10-06T20:40:37","date_gmt":"2020-10-06T18:40:37","guid":{"rendered":"http:\/\/ifrath.fr\/handicap2020\/?page_id=234"},"modified":"2020-10-23T11:06:27","modified_gmt":"2020-10-23T09:06:27","slug":"programme-du-jeudi-5-novembre-2020","status":"publish","type":"page","link":"https:\/\/ifrath.fr\/handicap2020\/programme-du-jeudi-5-novembre-2020\/","title":{"rendered":"Jeudi 5 novembre 2020"},"content":{"rendered":"\n<figure class=\"wp-block-table\"><table><tbody><tr><td>09h00 \u2013 10h30<\/td><td><strong>Session \u00ab Fauteuil roulant \u00bb<\/strong><br><br>9h00 : <em>Simulateur de Conduite de Fauteuil Roulant avec Retours Vestibulaires : Une Etude Pilote<\/em><br>Guillaume Vailland, Yoren Gaffary, Louise Devigne, Val\u00e9rie Gouranton, Bruno Arnaldi and Marie Babel<br><br>9h20 : <em>Etude de cas : Navigation autonome d\u2019une personne d\u00e9ficiente visuelle avec perte de sensibilit\u00e9 des membres, via un fauteuil roulant \u00e9lectrique augment\u00e9<\/em><br>Cl\u00e9ment Favey, Aziz Zogaghi, Roger Leroux, Bruno Vivan and Farcy Ren\u00e9<br><br>9h40 : <em>Mod\u00e9lisation \u00e9nerg\u00e9tique d&rsquo;un fauteuil roulant \u00e9lectrique pour pr\u00e9dire la faisabilit\u00e9 d&rsquo;effectuer un trajet<\/em><br>Jean-Yves Ertaud, Nicolas Ragot, Ronaldo Da Silva Moura, Paul Alias, Marie Babel, Sylvain Gu\u00e9gan, Louise Devigne, Fran\u00e7ois Pasteau, Redouane Khemmar and Romain Rossi<br><br>10h00 : <em>Detection, Localisation et Tracking d\u2019Objets bas\u00e9 Deep Learning pour un Fauteuil Roulant Intelligent<\/em><br>Louis Lecrosnier, Redouane Khemmar, Nicolas Ragot, Romain Rossi, Jean-Yves Ertaud, Benoit Decoux and Yohan Dupuis<\/td><\/tr><tr><td>10h30 \u2013 11h00<\/td><td>Pause \u00ab Caf\u00e9 \u00bb<\/td><\/tr><tr><td>11h00 \u2013 12h00<\/td><td><strong>Pr\u00e9sentation invit\u00e9e de Romuald Bodin<\/strong><br><em>La technologie peut-elle se passer d\u2019une d\u00e9finition du handicap ?<\/em><\/td><\/tr><tr><td>12h00 \u2013 12h40<\/td><td><strong>Session \u00ab Navigations \u00bb<\/strong><br><br>12h00 : <em>Une ontologie au service de la mobilit\u00e9 de personnes pr\u00e9sentant une d\u00e9ficience intellectuelle, avec une vis\u00e9e de conception de syst\u00e8mes d\u2019aide \u00e0 la navigation<\/em><br>Laurie Letalle, Hursula Mengue-Topio, Yannick Courbois, Aymen Lakehal, Johann Saint-Mars, Sophie Lepreux, Christophe Kolski, Fran\u00e7oise Anceaux and Philippe Pudlo<br><br>12h20 : <em>Dispositif d\u2019enregistrement de donn\u00e9es h\u00e9t\u00e9rog\u00e8nes ouvert et configurable pour tests cliniques<\/em><br>Annemarie Kokosy, Gilles Tagne, Philippe Saey, Alexis Clemente, Ali Oukhrid, Frederic Depuydt, Mathieu Troch and Dimitri De Schuyter<\/td><\/tr><tr><td>12h40 \u2013 14h00<\/td><td>Pause d\u00e9jeuner<\/td><\/tr><tr><td>14h00 \u2013 15h00<\/td><td><strong>Pr\u00e9sentation invit\u00e9e de Jean-Yves Antoine<\/strong><br><em>Communication Alternative et Augment\u00e9e et pr\u00e9diction de mots : un tour d\u2019horizon<\/em><\/td><\/tr><tr><td>15h00 \u2013 16h00<\/td><td><strong>Session \u00ab Outils p\u00e9dagogiques pour personnes aveugles \u00bb<\/strong><br><br>15h00 : <em>G\u00e9OrigaM\u00e9trie. Une approche sur l\u2019accessibilit\u00e9 de la g\u00e9om\u00e9trie pour personnes aveugles.<\/em><br>Jaime Lopez Krahe<br><br>15h20 :<em> Evaluation d\u2019un dispositif audio-tangible pour l\u2019apprentissage spatial chez les enfants d\u00e9ficients visuels<\/em><br>Julie Mulet, Dimitrov Lachezar, Ducasse Julie, Marc Mac\u00e9, Mathieu Raynal, Bernard Oriola, Val\u00e9rie Tartas, Lemari\u00e9 Julie and Christophe Jouffrais<br><br>15h40 : <em>Vers l\u2019utilisation de tablettes \u00e0 picots pour l\u2019illustration de livres tactiles<\/em><br>Carolane Mascle, Florence Bara, Gwena\u00ebl Kaminski and Christophe Jouffrais<\/td><\/tr><tr><td>16h00 \u2013 16h30<\/td><td>Pause \u00ab Caf\u00e9 \u00bb<\/td><\/tr><tr><td>16h30 \u2013 18h00<\/td><td>Assembl\u00e9e G\u00e9n\u00e9rale de l\u2019IFRATH<\/td><\/tr><tr><td><\/td><td><\/td><\/tr><tr><td><\/td><td><\/td><\/tr><\/tbody><\/table><\/figure>\n","protected":false},"excerpt":{"rendered":"<p>09h00 \u2013 10h30 Session \u00ab Fauteuil roulant \u00bb 9h00 : Simulateur de Conduite de Fauteuil Roulant avec Retours Vestibulaires : Une Etude PiloteGuillaume Vailland, Yoren Gaffary, Louise Devigne, Val\u00e9rie Gouranton, Bruno Arnaldi and Marie Babel 9h20 : Etude de cas : Navigation autonome d\u2019une personne d\u00e9ficiente visuelle avec perte de sensibilit\u00e9 des membres, via un &hellip; <\/p>\n<p><a class=\"more-link btn\" href=\"https:\/\/ifrath.fr\/handicap2020\/programme-du-jeudi-5-novembre-2020\/\">Lire la suite<\/a><\/p>\n","protected":false},"author":11,"featured_media":0,"parent":0,"menu_order":0,"comment_status":"closed","ping_status":"closed","template":"","meta":{"ngg_post_thumbnail":0,"footnotes":""},"class_list":["post-234","page","type-page","status-publish","hentry","nodate","item-wrap"],"_links":{"self":[{"href":"https:\/\/ifrath.fr\/handicap2020\/wp-json\/wp\/v2\/pages\/234","targetHints":{"allow":["GET"]}}],"collection":[{"href":"https:\/\/ifrath.fr\/handicap2020\/wp-json\/wp\/v2\/pages"}],"about":[{"href":"https:\/\/ifrath.fr\/handicap2020\/wp-json\/wp\/v2\/types\/page"}],"author":[{"embeddable":true,"href":"https:\/\/ifrath.fr\/handicap2020\/wp-json\/wp\/v2\/users\/11"}],"replies":[{"embeddable":true,"href":"https:\/\/ifrath.fr\/handicap2020\/wp-json\/wp\/v2\/comments?post=234"}],"version-history":[{"count":5,"href":"https:\/\/ifrath.fr\/handicap2020\/wp-json\/wp\/v2\/pages\/234\/revisions"}],"predecessor-version":[{"id":274,"href":"https:\/\/ifrath.fr\/handicap2020\/wp-json\/wp\/v2\/pages\/234\/revisions\/274"}],"wp:attachment":[{"href":"https:\/\/ifrath.fr\/handicap2020\/wp-json\/wp\/v2\/media?parent=234"}],"curies":[{"name":"wp","href":"https:\/\/api.w.org\/{rel}","templated":true}]}}