{"id":79,"date":"2017-05-12T17:12:24","date_gmt":"2017-05-12T15:12:24","guid":{"rendered":"http:\/\/ifrath.fr\/handicap2018\/?page_id=79"},"modified":"2018-06-01T23:40:07","modified_gmt":"2018-06-01T21:40:07","slug":"accueil","status":"publish","type":"page","link":"https:\/\/ifrath.fr\/handicap2018\/","title":{"rendered":"Accueil"},"content":{"rendered":"<h2 style=\"text-align: center;color: #2b6998\"><strong>Conf\u00e9rence Handicap 2018 &#8211; 10\u00e8me \u00e9dition<\/strong><\/h2>\n<h3 style=\"text-align: center;color: #2b6998\"><em>Recherches pluridisciplinaires pour l&rsquo;autonomie des personnes en situation de handicap<\/em><\/h3>\n<h3 style=\"text-align: center;color: #2b6998\"><strong>Paris, 13-15 juin 2018<\/strong><\/h3>\n<h3 style=\"text-align: center;color: #2b6998\"><strong>H\u00f4tel Mercure Vaugirard &#8211;\u00a0<\/strong><strong>Porte de Versailles<\/strong><\/h3>\n<h3 style=\"text-align: center;color: #2b6998\"><strong> <em>en lien avec <a href=\"http:\/\/www.autonomic-expo.com\/autonomic_paris\/paris\/fr\/3-le_salon.html\">le salon Autonomic Paris (12-14 juin)<\/a><\/em><\/strong><\/h3>\n<h3>Principaux th\u00e8mes (liste non exhaustive)<\/h3>\n<ul>\n<li>Caract\u00e9risation et mod\u00e9lisation des situations de perte d&rsquo;autonomie<\/li>\n<li>Technologies pour l&rsquo;autonomie et la sant\u00e9<\/li>\n<li>M\u00e9thodologies (r\u00e9\u00e9ducation, stimulation, apprentissage, etc.)<\/li>\n<li>Ergonomie des syst\u00e8mes d&rsquo;assistance<\/li>\n<li>Sciences Humaines et Sociales<\/li>\n<\/ul>\n<h3>Contexte<\/h3>\n<p>Handicap 2018 est la 10\u00e8me \u00e9dition de la conf\u00e9rence francophone bisannuelle organis\u00e9e par l&rsquo;IFRATH \u00e0 Paris, en parall\u00e8le avec le salon Autonomic. L&rsquo;IFRATH est une soci\u00e9t\u00e9 savante qui rassemble des chercheurs, des utilisateurs et des industriels ayant d\u00e9cid\u00e9 de mettre en commun leurs comp\u00e9tences afin de favoriser l&rsquo;avancement des recherches sur les technologies d&rsquo;assistance.<\/p>\n<h3>Prix du meilleur article<\/h3>\n<p>Le Conseil Scientifique de Handicap 2018 effectuera une pre\u0301se\u0301lection des meilleurs articles soumis a\u0300 la confe\u0301rence Handicap 2018. Il transmettra a\u0300 l\u2019IFRATH un minimum de 5 articles parmi lesquels le CA de l\u2019IFRATH devra choisir l\u2019article, ou les articles, prime\u0301(s).<\/p>\n<p><a href=\"http:\/\/ifrath.fr\/handicap2018\/wp-content\/uploads\/sites\/8\/2018\/03\/re\u0300glement-prix-article-H18.pdf\">Pour en savoir plus&#8230;<\/a><\/p>\n<h3>S\u00e9lection d&rsquo;articles<\/h3>\n<p>Le Comit\u00e9 scientifique de Handicap 2108 va s\u00e9lectionner les meilleurs articles qui seront publi\u00e9s dans la revue AMSE (en anglais).<\/p>\n<p>&nbsp;<\/p>\n<h3>Partenaires de l&rsquo;organisation<\/h3>\n<table style=\"text-align: center;background-color: #ffffff;color: #ffffff;border-width: 0px\">\n<tbody>\n<tr style=\"text-align: center;background-color: #ffffff;color: #ffffff;border-width: 0px\">\n<td style=\"text-align: center;background-color: #ffffff;color: #ffffff;border-width: 0px\"><a href=\"http:\/\/www.univ-lorraine.fr\"><img decoding=\"async\" src=\"http:\/\/ifrath.fr\/handicap2018\/wp-content\/uploads\/sites\/8\/2018\/02\/Universite\u0301_de_Lorraine_-_logo.jpg\" width=\"250\" \/><\/a><\/td>\n<td style=\"text-align: center;background-color: #ffffff;color: #ffffff;border-width: 0px\"><a href=\"http:\/\/lcoms.univ-lorraine.fr\"><img decoding=\"async\" src=\"http:\/\/ifrath.fr\/handicap2018\/wp-content\/uploads\/sites\/8\/2018\/02\/logo_lcoms.png\" width=\"250\" \/><\/a><\/td>\n<td style=\"text-align: center;background-color: #ffffff;color: #ffffff;border-width: 0px\"><a href=\"http:\/\/www.univ-lille1.fr\/\"><img decoding=\"async\" src=\"http:\/\/ifrath.fr\/handicap2018\/wp-content\/uploads\/sites\/8\/2017\/05\/logo-lille1.png\" width=\"250\" \/><\/a><\/td>\n<\/tr>\n<tr style=\"text-align: center;background-color: #ffffff;color: #ffffff;border-width: 0px\">\n<td style=\"text-align: center;background-color: #ffffff;color: #ffffff;border-width: 0px\"><a href=\"https:\/\/www.univ-paris8.fr\/\"><img decoding=\"async\" src=\"http:\/\/ifrath.fr\/handicap2018\/wp-content\/uploads\/sites\/8\/2017\/05\/logo-paris8.png\" width=\"250\" \/><\/a><\/td>\n<td style=\"text-align: center;background-color: #ffffff;color: #ffffff;border-width: 0px\"><a href=\"http:\/\/www2.univ-paris8.fr\/ingenierie-cognition\/master-handi\/\"><img decoding=\"async\" src=\"http:\/\/ifrath.fr\/handicap2018\/wp-content\/uploads\/sites\/8\/2018\/02\/logo-handi.png\" width=\"250\" \/><\/a><\/td>\n<td style=\"text-align: center;background-color: #ffffff;color: #ffffff;border-width: 0px\"><a href=\"http:\/\/www2.univ-paris8.fr\/ingenierie-cognition\/master-handi\/recherche\/presentation_labo.php\"><img decoding=\"async\" src=\"http:\/\/ifrath.fr\/handicap2016\/wp-content\/uploads\/sites\/5\/2015\/11\/logo-thim.png\" width=\"250\" \/><\/a><\/td>\n<\/tr>\n<tr style=\"text-align: center;background-color: #ffffff;color: #ffffff;border-width: 0px\">\n<td style=\"text-align: center;background-color: #ffffff;color: #ffffff;border-width: 0px\"><a href=\"http:\/\/www.autonomic-expo.com\/\"><img decoding=\"async\" src=\"http:\/\/ifrath.fr\/handicap2018\/wp-content\/uploads\/sites\/8\/2018\/05\/autonomic-Paris-logo-e1527752883498.png\" width=\"250\" \/><\/a><\/td>\n<\/tr>\n<\/tbody>\n<\/table>\n<h3>Sponsors de la conf\u00e9rence<\/h3>\n<p>&nbsp;<\/p>\n<table style=\"text-align: center;background-color: #ffffff;color: #ffffff;border-width: 0px\">\n<tbody>\n<tr style=\"text-align: center;background-color: #ffffff;color: #ffffff;border-width: 0px\">\n<td style=\"text-align: center;background-color: #ffffff;color: #ffffff;border-width: 0px\"><a href=\"http:\/\/www.ifrath.fr\/\"><img decoding=\"async\" class=\"alignnone\" src=\"http:\/\/ifrath.fr\/handicap2018\/wp-content\/uploads\/sites\/8\/2017\/05\/logo-ifrath2.png\" alt=\"logo-ifrath\" width=\"250\" \/><\/a><\/td>\n<td style=\"text-align: center;background-color: #ffffff;color: #ffffff;border-width: 0px\"><a href=\"http:\/\/www.cnsa.fr\/\"><img decoding=\"async\" class=\"alignnone wp-image-22 size-full\" src=\"http:\/\/ifrath.fr\/handicap2018\/wp-content\/uploads\/sites\/8\/2017\/05\/logo-cnsa.png\" alt=\"logo-cnsa\" width=\"250\" \/><\/a><\/td>\n<td style=\"text-align: center;background-color: #ffffff;color: #ffffff;border-width: 0px\"><a href=\"http:\/\/www.univ-tours.fr\/\"><img decoding=\"async\" class=\"\" src=\"http:\/\/ifrath.fr\/handicap2018\/wp-content\/uploads\/sites\/8\/2018\/06\/univTours-logo-horizontal.jpg\" width=\"250\" \/><\/a><\/td>\n<\/tr>\n<tr style=\"text-align: center;background-color: #ffffff;color: #ffffff;border-width: 0px\">\n<td style=\"text-align: center;background-color: #ffffff;color: #ffffff;border-width: 0px\"><a href=\"https:\/\/www.thalesgroup.com\/fr\"><img decoding=\"async\" class=\"alignnone wp-image-22 size-full\" src=\"http:\/\/ifrath.fr\/handicap2018\/wp-content\/uploads\/sites\/8\/2017\/05\/logo-thales.png\" alt=\"logo-Thales\" width=\"250\" \/><\/a><\/td>\n<td style=\"text-align: center;background-color: #ffffff;color: #ffffff;border-width: 0px\"><a href=\"https:\/\/www.univ-paris8.fr\/\"><img decoding=\"async\" class=\"alignnone wp-image-22 size-full\" src=\"http:\/\/ifrath.fr\/handicap2018\/wp-content\/uploads\/sites\/8\/2017\/05\/logo-paris8.png\" alt=\"logo-Paris8\" width=\"250\" \/><\/a><\/td>\n<td style=\"text-align: center;background-color: #ffffff;color: #ffffff;border-width: 0px\"><a href=\"https:\/\/www.maif.fr\"><img decoding=\"async\" class=\"alignnone wp-image-22 size-full\" src=\"http:\/\/ifrath.fr\/handicap2018\/wp-content\/uploads\/sites\/8\/2018\/03\/maif.png\" alt=\"logo-maif\" width=\"200\" \/><\/a><\/td>\n<td style=\"text-align: center;background-color: #ffffff;color: #ffffff;border-width: 0px\"><\/td>\n<td style=\"text-align: center;background-color: #ffffff;color: #ffffff;border-width: 0px\"><\/td>\n<\/tr>\n<tr style=\"text-align: center;background-color: #ffffff;color: #ffffff;border-width: 0px\">\n<td style=\"text-align: center;background-color: #ffffff;color: #ffffff;border-width: 0px\"><a href=\"http:\/\/lcoms.univ-lorraine.fr\"><img decoding=\"async\" src=\"http:\/\/ifrath.fr\/handicap2018\/wp-content\/uploads\/sites\/8\/2018\/02\/logo_lcoms.png\" width=\"250\" \/><\/a><\/td>\n<td style=\"text-align: center;background-color: #ffffff;color: #ffffff;border-width: 0px\"><a href=\"https:\/\/www.iledefrance.fr\/\"><img decoding=\"async\" src=\"http:\/\/ifrath.fr\/handicap2018\/wp-content\/uploads\/sites\/8\/2018\/05\/Logo-couleur-e1526302775706.png\" width=\"250\" \/><\/a><\/td>\n<td style=\"text-align: center;background-color: #ffffff;color: #ffffff;border-width: 0px\"><a href=\"https:\/\/www.univ-lyon1.fr\/\"><img decoding=\"async\" src=\"http:\/\/ifrath.fr\/handicap2018\/wp-content\/uploads\/sites\/8\/2017\/05\/logo-lyon1.png\" width=\"250\" \/><\/a><\/td>\n<\/tr>\n<\/tbody>\n<\/table>\n","protected":false},"excerpt":{"rendered":"<p>Conf\u00e9rence Handicap 2018 &#8211; 10\u00e8me \u00e9dition Recherches pluridisciplinaires pour l&rsquo;autonomie des personnes en situation de handicap Paris, 13-15 juin 2018 H\u00f4tel Mercure Vaugirard &#8211;\u00a0Porte de Versailles en lien avec le salon Autonomic Paris (12-14 juin) Principaux th\u00e8mes (liste non exhaustive) Caract\u00e9risation et mod\u00e9lisation des situations de perte d&rsquo;autonomie Technologies pour l&rsquo;autonomie et la sant\u00e9 M\u00e9thodologies &hellip; <\/p>\n<p><a class=\"more-link btn\" href=\"https:\/\/ifrath.fr\/handicap2018\/\">Lire la suite<\/a><\/p>\n","protected":false},"author":8,"featured_media":0,"parent":0,"menu_order":0,"comment_status":"closed","ping_status":"closed","template":"","meta":{"footnotes":""},"class_list":["post-79","page","type-page","status-publish","hentry","nodate","item-wrap"],"_links":{"self":[{"href":"https:\/\/ifrath.fr\/handicap2018\/wp-json\/wp\/v2\/pages\/79","targetHints":{"allow":["GET"]}}],"collection":[{"href":"https:\/\/ifrath.fr\/handicap2018\/wp-json\/wp\/v2\/pages"}],"about":[{"href":"https:\/\/ifrath.fr\/handicap2018\/wp-json\/wp\/v2\/types\/page"}],"author":[{"embeddable":true,"href":"https:\/\/ifrath.fr\/handicap2018\/wp-json\/wp\/v2\/users\/8"}],"replies":[{"embeddable":true,"href":"https:\/\/ifrath.fr\/handicap2018\/wp-json\/wp\/v2\/comments?post=79"}],"version-history":[{"count":40,"href":"https:\/\/ifrath.fr\/handicap2018\/wp-json\/wp\/v2\/pages\/79\/revisions"}],"predecessor-version":[{"id":261,"href":"https:\/\/ifrath.fr\/handicap2018\/wp-json\/wp\/v2\/pages\/79\/revisions\/261"}],"wp:attachment":[{"href":"https:\/\/ifrath.fr\/handicap2018\/wp-json\/wp\/v2\/media?parent=79"}],"curies":[{"name":"wp","href":"https:\/\/api.w.org\/{rel}","templated":true}]}}