{"id":7,"date":"2017-05-04T08:55:32","date_gmt":"2017-05-04T06:55:32","guid":{"rendered":"http:\/\/ifrath.fr\/handicap2018\/?page_id=7"},"modified":"2018-04-09T17:11:40","modified_gmt":"2018-04-09T15:11:40","slug":"informations-pratiques","status":"publish","type":"page","link":"https:\/\/ifrath.fr\/handicap2018\/informations-pratiques\/","title":{"rendered":"Informations pratiques"},"content":{"rendered":"<h2><strong>Lieu de la conf\u00e9rence<\/strong><\/h2>\n<p>La conf\u00e9rence Handicap2018 se d\u00e9roulera \u00e0 l&rsquo;<a href=\"http:\/\/www.mercure.com\/fr\/hotel-1131-hotel-mercure-paris-vaugirard-porte-de-versailles\/index.shtml\">h\u00f4tel Mercure situ\u00e9 Porte de Versailles<\/a><\/p>\n<p>H\u00f4tel Mercure : <a href=\"https:\/\/www.google.fr\/maps\/place\/H%C3%B4tel+Mercure+Paris+Vaugirard+Porte+de+Versailles\/@48.8330649,2.285773,17z\/data=!4m13!1m7!3m6!1s0x47e6706dc237a21b:0x8c8a1492ecb11aa5!2s69+Boulevard+Victor,+75015+Paris-15E-Arrondissement!3b1!8m2!3d48.8330649!4d2.2879617!3m4!1s0x47e6707058746a73:0x4df93476b24e8214!8m2!3d48.83307!4d2.2881253\">69 boulevard Victor 75015 &#8211; PARIS<\/a><\/p>\n<p><a href=\"https:\/\/maps.google.fr\/maps\/ms?msa=0&amp;msid=211554457945151364861.0004e7e7410b8e902fa1a&amp;ie=UTF8&amp;t=m&amp;z=17&amp;source=embed\"><img loading=\"lazy\" decoding=\"async\" class=\"size-medium wp-image-40 aligncenter\" src=\"http:\/\/ifrath.fr\/handicap2018\/wp-content\/uploads\/sites\/8\/2017\/05\/screenshot-www.mercure.com-2017-05-04-10-25-13-300x243.png\" alt=\"Hotel Mercure - Porte de Versailles PARIS\" width=\"300\" height=\"243\" srcset=\"https:\/\/ifrath.fr\/handicap2018\/wp-content\/uploads\/sites\/8\/2017\/05\/screenshot-www.mercure.com-2017-05-04-10-25-13-300x243.png 300w, https:\/\/ifrath.fr\/handicap2018\/wp-content\/uploads\/sites\/8\/2017\/05\/screenshot-www.mercure.com-2017-05-04-10-25-13.png 448w\" sizes=\"auto, (max-width: 300px) 100vw, 300px\" \/><\/a><\/p>\n<h2>Le diner de Gala<\/h2>\n<p><img loading=\"lazy\" decoding=\"async\" class=\"size-full wp-image-33 alignleft\" src=\"http:\/\/ifrath.fr\/handicap2018\/wp-content\/uploads\/sites\/8\/2018\/04\/120px-AB-Rast.svg_-e1523285170562.png\" alt=\"\" width=\"72\" height=\"72\" \/>Le\u00a0 diner de gala de Handicap2018 aura lieu, \u00e0 Paris, dans un\u00a0restaurant mythique install\u00e9 au c\u0153ur de la gare de Lyon\u00a0 : <a href=\"http:\/\/www.le-train-bleu.com\/fr\/index.php\">Le train Bleu (BUFFETS DE LA GARE DE LYON PLACE LOUIS ARMAND 75012 PARIS)<\/a><\/p>\n<p>Un compl\u00e9ment d&rsquo;information sera donn\u00e9 lors de la conf\u00e9rence (horaire, etc.)<\/p>\n<h2><\/h2>\n<h2><strong>Pratiques&#8230;<\/strong><\/h2>\n<h3><em><strong>Venir \u00e0 Paris en avion<\/strong><\/em><\/h3>\n<p><img loading=\"lazy\" decoding=\"async\" class=\"alignleft wp-image-32 size-full\" src=\"http:\/\/ifrath.fr\/handicap2018\/wp-content\/uploads\/sites\/8\/2017\/05\/ic_flight_land_black_36dp_2x.png\" alt=\"Avion\" width=\"72\" height=\"72\" \/>L&rsquo;a\u00e9roport <a href=\"http:\/\/www.aeroportsdeparis.fr\/ADP\/fr-FR\/Passagers\/Accueil\/\">Paris Charles de Gaulle<\/a> se trouve \u00e0 environ une heure de transport de la porte de Versailles, lieu de la conf\u00e9rence.<br \/>\nL&rsquo;a\u00e9roport <a href=\"http:\/\/www.aeroportsdeparis.fr\/ADP\/fr-FR\/Passagers\/Accueil\/\">Paris Orly<\/a> se trouve \u00e9galement \u00e0 environ une heure de transport de la porte de Versailles, lieu de la conf\u00e9rence.<\/p>\n<p>&nbsp;<\/p>\n<h3><strong><em>Venir \u00e0 Paris en train<\/em><\/strong><\/h3>\n<p><img loading=\"lazy\" decoding=\"async\" class=\"size-full wp-image-33 alignleft\" src=\"http:\/\/ifrath.fr\/handicap2018\/wp-content\/uploads\/sites\/8\/2017\/05\/ic_train_black_36dp_2x.png\" alt=\"\" width=\"72\" height=\"72\" \/>Toutes les gares parisiennes intra-muros sont a moins d&rsquo;une heure de transport de la porte de Versailles. Vous pouvez r\u00e9server vos billets sur la <a href=\"http:\/\/www.voyages-sncf.com\/billet-train\">boutique en ligne SNCF<\/a><\/p>\n<p>&nbsp;<\/p>\n<p>&nbsp;<\/p>\n<h3><em><strong>Se d\u00e9placer \u00e0 Paris<\/strong><\/em><\/h3>\n<p><img loading=\"lazy\" decoding=\"async\" class=\"size-full wp-image-35 alignleft\" src=\"http:\/\/ifrath.fr\/handicap2018\/wp-content\/uploads\/sites\/8\/2017\/05\/ic_subway_black_36dp_2x.png\" alt=\"M\u00e9tro\" width=\"72\" height=\"72\" \/>Le r\u00e9seau de transport d&rsquo;Ile de France est particuli\u00e8rement dense, aussi il vous sera tr\u00e8s facile de vous d\u00e9placer dans Paris. Vous pouvez consulter le plan interactif de la RATP pour planifier votre trajet: <a href=\"http:\/\/www.ratp.fr\/plan-interactif\/\">plan interactif<\/a><\/p>\n<p>&nbsp;<\/p>\n<p>&nbsp;<\/p>\n<h3><em><strong>R\u00e9server un h\u00f4tel<\/strong><\/em><\/h3>\n<p><img loading=\"lazy\" decoding=\"async\" class=\"size-full wp-image-36 alignleft\" src=\"http:\/\/ifrath.fr\/handicap2018\/wp-content\/uploads\/sites\/8\/2017\/05\/ic_local_hotel_black_36dp_2x.png\" alt=\"hotels\" width=\"72\" height=\"72\" \/>La conf\u00e9rence Handicap 2018 se d\u00e9roule dans le 15\u00e8me arrondissement de Paris, pr\u00e8s du parc des expositions. De nombreux h\u00f4tels sont donc disponibles \u00e0 proximit\u00e9 : <a href=\"http:\/\/en.parisinfo.com\/paris-hotels\/\">h\u00f4tels \u00e0 Paris<\/a><\/p>\n<p>&nbsp;<\/p>\n","protected":false},"excerpt":{"rendered":"<p>Lieu de la conf\u00e9rence La conf\u00e9rence Handicap2018 se d\u00e9roulera \u00e0 l&rsquo;h\u00f4tel Mercure situ\u00e9 Porte de Versailles H\u00f4tel Mercure : 69 boulevard Victor 75015 &#8211; PARIS Le diner de Gala Le\u00a0 diner de gala de Handicap2018 aura lieu, \u00e0 Paris, dans un\u00a0restaurant mythique install\u00e9 au c\u0153ur de la gare de Lyon\u00a0 : Le train Bleu (BUFFETS &hellip; <\/p>\n<p><a class=\"more-link btn\" href=\"https:\/\/ifrath.fr\/handicap2018\/informations-pratiques\/\">Lire la suite<\/a><\/p>\n","protected":false},"author":8,"featured_media":0,"parent":0,"menu_order":0,"comment_status":"closed","ping_status":"closed","template":"","meta":{"footnotes":""},"class_list":["post-7","page","type-page","status-publish","hentry","nodate","item-wrap"],"_links":{"self":[{"href":"https:\/\/ifrath.fr\/handicap2018\/wp-json\/wp\/v2\/pages\/7","targetHints":{"allow":["GET"]}}],"collection":[{"href":"https:\/\/ifrath.fr\/handicap2018\/wp-json\/wp\/v2\/pages"}],"about":[{"href":"https:\/\/ifrath.fr\/handicap2018\/wp-json\/wp\/v2\/types\/page"}],"author":[{"embeddable":true,"href":"https:\/\/ifrath.fr\/handicap2018\/wp-json\/wp\/v2\/users\/8"}],"replies":[{"embeddable":true,"href":"https:\/\/ifrath.fr\/handicap2018\/wp-json\/wp\/v2\/comments?post=7"}],"version-history":[{"count":19,"href":"https:\/\/ifrath.fr\/handicap2018\/wp-json\/wp\/v2\/pages\/7\/revisions"}],"predecessor-version":[{"id":336,"href":"https:\/\/ifrath.fr\/handicap2018\/wp-json\/wp\/v2\/pages\/7\/revisions\/336"}],"wp:attachment":[{"href":"https:\/\/ifrath.fr\/handicap2018\/wp-json\/wp\/v2\/media?parent=7"}],"curies":[{"name":"wp","href":"https:\/\/api.w.org\/{rel}","templated":true}]}}