{"id":52,"date":"2017-05-04T11:25:28","date_gmt":"2017-05-04T09:25:28","guid":{"rendered":"http:\/\/ifrath.fr\/handicap2018\/?page_id=52"},"modified":"2020-02-14T14:10:39","modified_gmt":"2020-02-14T13:10:39","slug":"comites","status":"publish","type":"page","link":"https:\/\/ifrath.fr\/handicap2018\/comites\/","title":{"rendered":"Comit\u00e9s"},"content":{"rendered":"<h2>Comit\u00e9 \u00e9ditorial (CE)<\/h2>\n<p><strong>Pr\u00e9sident :\u00a0Mohamed Slimane (Universit\u00e9 de Tours)<\/strong><\/p>\n<ul>\n<li>Christian Berger Vachon (Universit\u00e9 Lyon I)<\/li>\n<li>Guy Bourhis (Universit\u00e9 de Lorraine)<\/li>\n<li>Fr\u00e9deric Bousefsaf (Universit\u00e9 de Lorraine)<\/li>\n<li>Fran\u00e7ois Cabestaing (Universit\u00e9 Lille 1)<\/li>\n<li>Etienne Colle (Universit\u00e9 Evry)<\/li>\n<li>Beno\u00eet Encelle (Universit\u00e9 Lyon 1)<\/li>\n<li>Pierre Gaucher (Universit\u00e9 de Tours)<\/li>\n<li>Karine Gros (Universit\u00e9 Paris Est)<\/li>\n<li>C\u00e9line Jost (Universit\u00e9 Paris 8)<\/li>\n<li>Christophe Jouffrais (CNRS)<\/li>\n<li>Jaime Lopez-Krahe (Universit\u00e9 Paris 8, ancien pr\u00e9sident)<\/li>\n<li>Antonio Pinti (Universit\u00e9 Valenciennes)<\/li>\n<li>Alain Pruski (Universit\u00e9 de Lorraine)<\/li>\n<li>Karim Sehaba (Liris\/CNRS)<\/li>\n<li>Mohamed Slimane (Universit\u00e9 de Tours)<\/li>\n<li>Guillaume Thomann (Grenoble INP)<\/li>\n<li>Isis Truck (Universit\u00e9 Paris 8)<\/li>\n<li>G\u00e9rard Uzan (Universit\u00e9 Paris 8)<\/li>\n<\/ul>\n<h2>Comit\u00e9 d&rsquo;organisation (CO)<\/h2>\n<p><strong>Pr\u00e9sident : Guy Bourhis\u00a0(Universit\u00e9\u00a0de Lorraine)<\/strong><\/p>\n<ul>\n<li>Farah Arab (universit\u00e9 de Paris 8)<\/li>\n<li>Christian Berger-Vachon (universit\u00e9 de Lyon 1)<\/li>\n<li>Johana Bodard (universit\u00e9 de Paris 8)<\/li>\n<li>Franc\u0327ois Cabestaing (universit\u00e9 de Lille 1)<\/li>\n<li>Ce\u0301line Jost (universit\u00e9 de Paris 8)<\/li>\n<li>Isis Truck (universit\u00e9 de Paris8)<\/li>\n<li>Re\u0301gis Grasse (universit\u00e9 de Lorraine)<\/li>\n<li>Karine Gros (UPEC)<\/li>\n<li>Olivier Habert (universit\u00e9 de Lorraine)<\/li>\n<li>Odile Horn (universit\u00e9 de Lorraine)<\/li>\n<li>Etienne Losson (universit\u00e9 de Lorraine)<\/li>\n<li>Yann More\u0300re (universit\u00e9 de Lorraine)<\/li>\n<li>Pierre Pino (universit\u00e9 de Lorraine)<\/li>\n<li>Ge\u0301rard Uzan (universit\u00e9 de Paris 8)<\/li>\n<li>Maryam Siadat (universit\u00e9 de Lorraine)<\/li>\n<\/ul>\n<h2>Comit\u00e9 scientifique<\/h2>\n<p><strong>Pr\u00e9sident :\u00a0Mohamed Slimane (Universit\u00e9 de Tours)<\/strong><\/p>\n<ul>\n<li>Farah Arab (Paragraphe &#8211; Universit\u00e9 Paris 8)<\/li>\n<li>Dominique Archambault (CHArt-THIM &#8211; Universit\u00e9 Paris 8)<\/li>\n<li>Christian Berger-Vachon (Universit\u00e9 Lyon 1)<\/li>\n<li>Jean-Baptiste Bernard (ISIMA \u2013 Universit\u00e9 de Marseille)<\/li>\n<li>Giuseppe Boccignone (Dipartimento di Informatica &#8211; Universit\u00e0 di Milano, Italie)<\/li>\n<li>St\u00e9phanie Borel (Groupe Hospitalier Piti\u00e9-Salp\u00eatri\u00e8re)<\/li>\n<li>Guy Bourhis (LCOMS &#8211; Universit\u00e9 de Lorraine)<\/li>\n<li>Fr\u00e9d\u00e9ric Bousefsaf\u00a0(LCOMS &#8211; Universit\u00e9 de Lorraine)<\/li>\n<li>Fran\u00e7ois Cabestaing (University Lille 1, Sciences and Technologies)<\/li>\n<li>Laurence Cheze (Universit\u00e9 Lyon 1)<\/li>\n<li>Etienne Colle (IBISC &#8211; University of Evry)<\/li>\n<li>Donatello Conte (LIFAT \u2013 Universit\u00e9 de Tours)<\/li>\n<li>Fatima Debbat (Universit\u00e9 de Mascara, Alg\u00e9rie)<\/li>\n<li>Jacques Duch\u00eane (Universit\u00e9 de technologie de Troyes)<\/li>\n<li>Jerome Dupire (CEDRIC &#8211; CNAM)<\/li>\n<li>Beno\u00eet Encelle (LIRIS &#8211; Universit\u00e9 de Lyon 1)<\/li>\n<li>Jan Engelen (Katholieke Universiteit Leuven)<\/li>\n<li>Pierre Gaucher (LIFAT \u2013 Universit\u00e9 de Tours)<\/li>\n<li>Karine Gros (Universit\u00e9 Paris Est Cr\u00e9teil)<\/li>\n<li>Olivier Habert (LCOMS &#8211; Universit\u00e9 de Lorraine)<\/li>\n<li>Zehira Haddad (Universit\u00e9 de Vincennes &#8211; Paris 8)<\/li>\n<li>Odile Horn (LCOMS &#8211; Universit\u00e9 de Lorraine)<\/li>\n<li>Celine Jost (CHART-THIM &#8211; Universit\u00e9 Paris 8)<\/li>\n<li>Christophe Jouffrais (IRIT \u2013 Universit\u00e9 de Toulouse)<\/li>\n<li>Veronique Lespinet (IMS &#8211; Institut Polytechnique de Bordeaux)<\/li>\n<li>Jacqueline Leybaert (Universit\u00e9 Libre de Bruxelles)<\/li>\n<li>Jaime Lopez-Krahe (Universit\u00e9 Paris 8)<\/li>\n<li>Vincent Meyer (I3M &#8211; Universit\u00e9 de Nice Sophia Antipolis)<\/li>\n<li>Alain Mille (LIRIS \u2013 Universit\u00e9 Lyon 1)<\/li>\n<li>Julie MIcheau (CNSA)<\/li>\n<li>Eric Monacelli (LISV &#8211; Universit\u00e9 Versailles Saint Quentin en Yvelines)<\/li>\n<li>Nicolas Monmarch\u00e9 (LIFAT \u2013 Universit\u00e9 de Tours)<\/li>\n<li>Yann More\u0300re (LCOMS &#8211; Universit\u00e9 de Lorraine)<\/li>\n<li>Norbert Noury (INSA Lyon)<\/li>\n<li>Bernard Oriola (IRIT &#8211; Universit\u00e9 de Toulouse)<\/li>\n<li>Laurence Paire-Ficout (IFSTTAR)<\/li>\n<li>Pierre Pino (LCOMS &#8211; Universit\u00e9 de Lorraine)<\/li>\n<li>Antonio Pinti (I3MTO \u2013 Universit\u00e9 d\u2019Orl\u00e9ans)<\/li>\n<li>Edwige Pissaloux (Universit\u00e9 de Rouen)<\/li>\n<li>Alain Pruski (LCOMS &#8211; Universit\u00e9 de Lorraine)<\/li>\n<li>Philippe Pudlo (LAMIH &#8211; Universit\u00e9 de Valenciennes)<\/li>\n<li>Mathieu Raynal (IRIT &#8211; University of Toulouse)<\/li>\n<li>Anne-Sophie Rigaud (CMRR &#8211; Assistance Publique-H\u00f4pitaux de Paris)<\/li>\n<li>Jack Sagot (CHART-THIM &#8211; Universit\u00e9 Paris 8)<\/li>\n<li>Anne-Catherine Scherlen (Essilor)<\/li>\n<li>Karim Sehaba (LIRIS &#8211; Universit\u00e9 Lumi\u00e8re Lyon 2)<\/li>\n<li>Mathieu Simonnet (LabSTICC)<\/li>\n<li>Mohamed Slimane (LIFAT \u2013 Universit\u00e9 de Tours)<\/li>\n<li>Guillaume Thomann (Grenoble INP)<\/li>\n<li>Isis Truck (CHART-THIM &#8211; Universit\u00e9 Paris 8)<\/li>\n<li>G\u00e9rard Uzan (CHART-THIM &#8211; Universit\u00e9 Paris 8)<\/li>\n<li>Julien Veytizou (LCOMS &#8211; Universit\u00e9 de Lorraine)<\/li>\n<\/ul>\n","protected":false},"excerpt":{"rendered":"<p>Comit\u00e9 \u00e9ditorial (CE) Pr\u00e9sident :\u00a0Mohamed Slimane (Universit\u00e9 de Tours) Christian Berger Vachon (Universit\u00e9 Lyon I) Guy Bourhis (Universit\u00e9 de Lorraine) Fr\u00e9deric Bousefsaf (Universit\u00e9 de Lorraine) Fran\u00e7ois Cabestaing (Universit\u00e9 Lille 1) Etienne Colle (Universit\u00e9 Evry) Beno\u00eet Encelle (Universit\u00e9 Lyon 1) Pierre Gaucher (Universit\u00e9 de Tours) Karine Gros (Universit\u00e9 Paris Est) C\u00e9line Jost (Universit\u00e9 Paris 8) Christophe &hellip; <\/p>\n<p><a class=\"more-link btn\" href=\"https:\/\/ifrath.fr\/handicap2018\/comites\/\">Lire la suite<\/a><\/p>\n","protected":false},"author":8,"featured_media":0,"parent":0,"menu_order":0,"comment_status":"closed","ping_status":"closed","template":"","meta":{"footnotes":""},"class_list":["post-52","page","type-page","status-publish","hentry","nodate","item-wrap"],"_links":{"self":[{"href":"https:\/\/ifrath.fr\/handicap2018\/wp-json\/wp\/v2\/pages\/52","targetHints":{"allow":["GET"]}}],"collection":[{"href":"https:\/\/ifrath.fr\/handicap2018\/wp-json\/wp\/v2\/pages"}],"about":[{"href":"https:\/\/ifrath.fr\/handicap2018\/wp-json\/wp\/v2\/types\/page"}],"author":[{"embeddable":true,"href":"https:\/\/ifrath.fr\/handicap2018\/wp-json\/wp\/v2\/users\/8"}],"replies":[{"embeddable":true,"href":"https:\/\/ifrath.fr\/handicap2018\/wp-json\/wp\/v2\/comments?post=52"}],"version-history":[{"count":17,"href":"https:\/\/ifrath.fr\/handicap2018\/wp-json\/wp\/v2\/pages\/52\/revisions"}],"predecessor-version":[{"id":341,"href":"https:\/\/ifrath.fr\/handicap2018\/wp-json\/wp\/v2\/pages\/52\/revisions\/341"}],"wp:attachment":[{"href":"https:\/\/ifrath.fr\/handicap2018\/wp-json\/wp\/v2\/media?parent=52"}],"curies":[{"name":"wp","href":"https:\/\/api.w.org\/{rel}","templated":true}]}}