{"id":248,"date":"2018-05-24T23:27:26","date_gmt":"2018-05-24T21:27:26","guid":{"rendered":"http:\/\/ifrath.fr\/handicap2018\/?page_id=248"},"modified":"2018-06-15T22:31:05","modified_gmt":"2018-06-15T20:31:05","slug":"programme-2","status":"publish","type":"page","link":"https:\/\/ifrath.fr\/handicap2018\/programme-2\/","title":{"rendered":"Programme"},"content":{"rendered":"<h2>Mercredi 13 juin<\/h2>\n<h3>9h &#8211; Inscriptions<\/h3>\n<h3>10h &#8211; Ouverture de la conf\u00e9rence<\/h3>\n<ul>\n<li>Mohamed Slimane (pr\u00e9sident IFRATH et du comit\u00e9 CS)<\/li>\n<li>Guy Bourhis (pr\u00e9sident du CO)<\/li>\n<\/ul>\n<h3>10h10 &#8211; Conf\u00e9rence invit\u00e9e I et II<\/h3>\n<p>Pr\u00e9sident de session\u00a0: <strong><em>Guy Bourhis et Mohamed Slimane<\/em><\/strong><\/p>\n<table style=\"border-width: 0px\">\n<tbody>\n<tr style=\"background-color: #ffffff;border-width: 0px\">\n<td style=\"width: 48px;border-width: 0px\"><\/td>\n<td style=\"border-width: 0px\">\n<ul>\n<li>10h 10 Conf\u00e9rence invit\u00e9e I: <em><strong>Eric Molini\u00e9 ;<\/strong><\/em> 2000-2018 : quels progr\u00e8s pour l&rsquo;autonomie des personnes en situation de handicap\u00a0\u00a0?<\/li>\n<li>10H45 Conf\u00e9rence invit\u00e9e II : <strong><em>Alain Pruski<\/em><\/strong> : Evolution des recherches dans le domaine des technologies d\u2019assistance.<\/li>\n<\/ul>\n<\/td>\n<\/tr>\n<\/tbody>\n<\/table>\n<h3>11h20\u00a0: Pause-caf\u00e9<\/h3>\n<h3>11h35 &#8211; Session 1 &#8211; <em>Assistance \u00e0 la personne <\/em><\/h3>\n<p>Pr\u00e9sident de session\u00a0: <strong><em>Christian-Berger Vachon<\/em><\/strong><\/p>\n<table style=\"border-width: 0px\">\n<tbody>\n<tr style=\"background-color: #ffffff;border-width: 0px\">\n<td style=\"width: 48px;border-width: 0px\"><\/td>\n<td style=\"border-width: 0px\">\n<ul>\n<li><strong><em>Etienne Colle<\/em><\/strong><em>. <\/em>Estimation ensembliste pour le suivi de donn\u00e9es de patient \u00e0 domicile<\/li>\n<li><strong><em>Maddouri Amina, Abchiche-Mimouni Nadia, Etienne Colle et Akaichi Jalel<\/em><\/strong>. Approche adaptative pour la g\u00e9n\u00e9ration automatique d\u2019agents coop\u00e9ratifs. Application \u00e0 l\u2019assistance \u00e0 la personne<\/li>\n<li><strong><em>Audrey Landuran, Gr\u00e9gory Lecouvey, Assim Kalouaz et Bernard N&rsquo;Kaoua<\/em><\/strong>. Conception d\u2019un outil num\u00e9rique d\u2019aide \u00e0 l\u2019\u00e9laboration et \u00e0 la poursuite de nouveaux buts personnels chez les personnes \u00e2g\u00e9es<\/li>\n<\/ul>\n<\/td>\n<\/tr>\n<\/tbody>\n<\/table>\n<h3>12h55 : D\u00e9jeuner<\/h3>\n<h3>14h10 &#8211; Conf\u00e9rence invit\u00e9e<\/h3>\n<p>Pr\u00e9sident de session\u00a0: Fran\u00e7ois Cabestaing<\/p>\n<table style=\"border-width: 0px\">\n<tbody>\n<tr style=\"background-color: #ffffff;border-width: 0px\">\n<td style=\"width: 48px;border-width: 0px\"><\/td>\n<td style=\"border-width: 0px\">\n<ul>\n<li>Conf\u00e9rence Invit\u00e9e III\u00a0: Camille Jeunet\u00a0: (Prix de th\u00e8se IFRATH-KAELIS 2016).Utiliser les Interfaces Cerveau-Ordinateur pour am\u00e9liorer des performances cognitives et motrices : d\u00e9fis et enjeux dans le cadre de la r\u00e9\u00e9ducation post-AVC<\/li>\n<\/ul>\n<\/td>\n<\/tr>\n<\/tbody>\n<\/table>\n<h3>14h45 &#8211; Session 2 &#8211; <em>Communication et Jeux serieux<\/em><\/h3>\n<p>Pr\u00e9sidente de session\u00a0: <strong><em>Isis Truck<\/em><\/strong><\/p>\n<table style=\"border-width: 0px\">\n<tbody>\n<tr style=\"background-color: #ffffff;border-width: 0px\">\n<td style=\"width: 48px;border-width: 0px\"><\/td>\n<td style=\"border-width: 0px\">\n<ul>\n<li><strong><em>Julie Golliot, Alexandre Abellard, Elodie Fontugne, Cathy Herrera, Mich\u00e8le Timsit et Michel Durampart<\/em><\/strong>. Un Nouveau Dispositif de R\u00e9\u00e9ducation dans l\u2019Univers des Troubles \u00ab Dys \u00bb : S\u2019TIM, le Serious-Game Persuasif Th\u00e9rapeutique Con\u00e7u pour les Patients Dysex\u00e9cutifs<\/li>\n<li><strong><em>Salma Cherk\u00e9, Nicolas Girard et H\u00e9l\u00e8ne Soubaras<\/em><\/strong>. Des malvoyants \u00e0 l\u2019industrie : une nouvelle commande gestuelle de zoom pour tablettes et smartphones<\/li>\n<li><strong><em>Karine Bartalucci et Patrick Abellard<\/em><\/strong>. Linguistique et nouvelles technologies : \u00e0 l\u2019interface des pathologies du langage. Le projet Comm&rsquo;Handi<\/li>\n<\/ul>\n<\/td>\n<\/tr>\n<\/tbody>\n<\/table>\n<h3>15h55 &#8211; Session 3 &#8211; <em>Mesures physiologiques<\/em><\/h3>\n<p>Pr\u00e9sident de session\u00a0:\u00a0<strong><em>Alain Pruski<\/em><\/strong><\/p>\n<table style=\"border-width: 0px\">\n<tbody>\n<tr style=\"background-color: #ffffff;border-width: 0px\">\n<td style=\"width: 48px;border-width: 0px\"><\/td>\n<td style=\"border-width: 0px\">\n<ul>\n<li><strong><em>Guy Bourhis, Pierre Pino, Smail Rebib, Ryad Adrar et L\u00e9o Formet<\/em><\/strong>. Optimisation de l&rsquo;interaction humain-machine d&rsquo;un communicateur \u00e0 d\u00e9filement par mesure de l&rsquo;activit\u00e9 \u00e9lectrodermale : \u00e9tude de faisabilit\u00e9<\/li>\n<li><strong><em>Pierre-Antoine Cucis, Christian Berger-Vachon, Fabien Seldran, Eric Truy et St\u00e9phane Gallego<\/em><\/strong>. Impact du nombre de canaux pour la stimulation de l\u2019implant cochl\u00e9aire<\/li>\n<\/ul>\n<\/td>\n<\/tr>\n<\/tbody>\n<\/table>\n<h3>16h45 : Pause-caf\u00e9<\/h3>\n<h3>17 &#8211; Posters<\/h3>\n<p>Pr\u00e9sident de session\u00a0: <strong><em>Yann Mor\u00e8re<\/em><\/strong><\/p>\n<table style=\"border-width: 0px\">\n<tbody>\n<tr style=\"background-color: #ffffff;border-width: 0px\">\n<td style=\"width: 48px;border-width: 0px\"><\/td>\n<td style=\"border-width: 0px\">\n<ul>\n<li><strong><em>Karim Sehaba<\/em><\/strong>. Calcul du profil de capacit\u00e9s dans des situations de handicap<\/li>\n<li><strong><em>Nael Chehab, Zakia Ikhlef, Charles Tijus et Alain Pruski<\/em><\/strong>. Evaluation d\u2019une interface num\u00e9rique pour l&rsquo;autonomie d\u00e9di\u00e9e \u00e0 un public de personnes pr\u00e9sentant un TSA.<\/li>\n<li><strong><em>Audrey Landuran et Bernard N&rsquo;Kaoua<\/em><\/strong>. Evaluation de l\u2019assistant num\u00e9rique \u00ab C\u2019est ma vie ! Je la choisis. \u00bb d\u2019aide \u00e0 l\u2019\u00e9laboration d\u2019un projet de vie aupr\u00e8s d\u2019adultes avec trisomie 21<\/li>\n<li><strong><em>Katerine Romeo, Edwige Pissaloux et Fr\u00e9d\u00e9ric Serin<\/em><\/strong>. Accessibilit\u00e9 aux informations textuelles et visuelles sur les sites web pour les personnes avec une d\u00e9ficience visuelle<\/li>\n<li><strong><em>Gilberto Cuarelli, Adriana Gomes Lisboa de Souza, Guillaume Thomann, Vania Cristina Dos Reisa Miranda, Jos\u00e9 Elias Tomazini et Jose Celso Junior Freire<\/em><\/strong>. Mesures simultan\u00e9es du CoP et du CoM pour l\u2019\u00e9valuation posturale Pour une \u00e9volution de la pratique m\u00e9dicale en kin\u00e9sith\u00e9rapie<\/li>\n<\/ul>\n<\/td>\n<\/tr>\n<\/tbody>\n<\/table>\n<h3>18H15 Assembl\u00e9e G\u00e9n\u00e9rale de l\u2019IFRATH<\/h3>\n<h2><\/h2>\n<h2>Jeudi 14 juin<\/h2>\n<h3>8h45 &#8211; Session 4 &#8211;\u00a0<em>D\u00e9ficience visuelle <\/em><\/h3>\n<p>Pr\u00e9sident de session\u00a0: <strong><em>G\u00e9rard Uzan<\/em><\/strong><\/p>\n<table style=\"border-width: 0px\">\n<tbody>\n<tr style=\"background-color: #ffffff;border-width: 0px\">\n<td style=\"width: 48px;border-width: 0px\"><\/td>\n<td style=\"border-width: 0px\">\n<ul>\n<li><strong><em>Katerine Romeo, Edwige Pissaloux, Marc-Aur\u00e8le Rivi\u00e8re, Simon Gay, Marion Chottin, Pierre Ancet, Iannis Toussaint et Ramiro Velazquez<\/em><\/strong>. Vers une aide \u00e0 la mobilit\u00e9 bas\u00e9e sur la connaissance de l&rsquo;espace pour les personnes ayant une d\u00e9ficience visuelle<\/li>\n<li><strong><em>Mathieu Gaborit, Dominique Archambault, Minna Puustinen et Nathalie Lewi-Dumont<\/em><\/strong>. La mise en jeu de l\u2019autonomie de l\u2019\u00e9l\u00e8ve dans les apprentissages via l&rsquo;utilisation des outils num\u00e9riques : \u00c9tude de cas \u00e0 partir de l\u2019analyse des interactions d\u2019aide chez des coll\u00e9giens d\u00e9ficients visuels<\/li>\n<li><strong><em>Matthieu Tixier, Ga\u00eblle Garibaldi, Dominique Aubert et Charles Lenay<\/em><\/strong>. Conception d\u2019un environnement d\u2019apprentissage pour le d\u00e9veloppement d\u2019un acc\u00e8s tactile au contenu num\u00e9rique \u00e0 destination des personnes aveugles et malvoyantes<\/li>\n<\/ul>\n<\/td>\n<\/tr>\n<\/tbody>\n<\/table>\n<h3>10H00 : Pause-caf\u00e9<\/h3>\n<h3>10h15 Session 5 &#8211; <em>Fauteuils roulants <\/em><\/h3>\n<p>Pr\u00e9sident de session\u00a0: <strong><em>Pierre Gaucher<\/em><\/strong><\/p>\n<table style=\"border-width: 0px\">\n<tbody>\n<tr style=\"background-color: #ffffff;border-width: 0px\">\n<td style=\"width: 48px;border-width: 0px\"><\/td>\n<td style=\"border-width: 0px\">\n<ul>\n<li><strong><em>Aline Baudry, Sylvain Gu\u00e9gan et Marie Babel<\/em><\/strong>. Prise en compte du comportement des roues folles dans la cin\u00e9matique des fauteuils roulants \u00e9lectriques<\/li>\n<li><strong><em>Louise Devigne, Fran\u00e7ois Pasteau, Nicolas Le Borgne, Marie Babel, Tom Carlson et Philippe Gallien<\/em><\/strong>. Assistance \u00e0 la conduite de fauteuil roulant \u00e9lectrique (FRE) sur un trottoir : une preuve de concept<\/li>\n<li><strong><em>Yann Mor\u00e8re, Guy Bourhis, Hicham Zatla, Amine Hadj Abdelkader, Georges Guilmois, K\u00e9vin Cosnuau, Emmanuelle Blangy et Emilie Rumilly<\/em><\/strong>. Indicateurs de performance en apprentissage de conduite de fauteuil roulant \u00e9lectrique<\/li>\n<li><strong><em>Cl\u00e9ment Favey, Jos\u00e9 Villanueva, Liam Jordan, Aziz Zogaghi, Roger Leroux et Farcy Ren\u00e9<\/em><\/strong>. T\u00e9l\u00e9m\u00e9trie laser multifaisceaux pour le fauteuil \u00e9lectrique semi-autonome<\/li>\n<li><strong><em>Victoria Spartacus, Christophe Gillet, S\u00e9bastien Paganelli, Dany Gagnon et Philippe Pudlo<\/em><\/strong>. Influences of aircraft seat adaptations on wheelchair user perceptions when transferring into and out of the seat: A pilot study<\/li>\n<li><strong><em>Tafsut Tagnithammou, Thamila Fali, Lambert Tr\u00e9noras et Eric Monacelli<\/em><\/strong>. Solution de Mobilit\u00e9 avec verticalisation : Gyrolift<\/li>\n<\/ul>\n<\/td>\n<\/tr>\n<\/tbody>\n<\/table>\n<h3>12h50 &#8211; D\u00e9jeuner<\/h3>\n<h3>14h00 Session sp\u00e9ciale \u00ab D\u00e9fi Auton \u00bb CNRS<\/h3>\n<p>Pr\u00e9sident de session\u00a0: <strong><em>Pascal Sommer<\/em><\/strong><\/p>\n<table style=\"border-width: 0px\">\n<tbody>\n<tr style=\"background-color: #ffffff;border-width: 0px\">\n<td style=\"width: 48px;border-width: 0px\"><\/td>\n<td style=\"border-width: 0px\">\n<ul>\n<li>14H00 &#8211; <strong><em>Manesse, C, Bellil D, Ferdenzi C, Rouby C. Faure F, Bensafi M.<\/em><\/strong> A new training protocol to improve olfaction and quality oflife in patients with dysosmia: a proof of concept study<\/li>\n<li>14H25 &#8211; <strong><em>Lo\u00efc Caroux, Eric Campo, Nadine Vigouroux, Eric Bourreau, Maureen Clerc, Philippe Gorce, Christian Graff, Marianne Huchard, Dan Istrate, Julien Jacquier-Bret, Nicole Lompr\u00e9, Nathalie Pin\u00e8de, Liliana Rico Duarte, Mathilde Sacher, Audrey Serna, Antonio Serpa, Adrien van den Bossche, Fr\u00e9d\u00e9ric Vella.<\/em> <\/strong>MAN : Mise en Place d\u2019une M\u00e9thode d&rsquo;\u00c9valuation Crois\u00e9e de l\u2019Acc\u00e8s aux Ressources Num\u00e9riques<\/li>\n<li>14H50 &#8211; <strong><em>Edwige Pissaloux, Katerine Romeo, Marion Chottin, Pierre Ancet.<\/em> <\/strong>TETMOST &#8211; Toucher et Etre Touch\u00e9. Les vertus inclusives du Mouvement et de la Sensibilit\u00e9 Tactiles<\/li>\n<li>15H15 &#8211; <strong><em>-A. Ngo, L. Lemahieu, V. Siranyan.<\/em> <\/strong>Legal research and ethical reflection on the chronic patients and on the persons with a handicap<\/li>\n<\/ul>\n<\/td>\n<\/tr>\n<\/tbody>\n<\/table>\n<h3>15H45 : Pause-caf\u00e9<\/h3>\n<table style=\"border-width: 0px\">\n<tbody>\n<tr style=\"background-color: #ffffff;border-width: 0px\">\n<td style=\"width: 48px;border-width: 0px\"><\/td>\n<td style=\"border-width: 0px\">\n<ul>\n<li>16H15 &#8211; <strong><em>Mitsuko Aramaki, Nicolas Darbon, Richard Kronland-Martinet, Jean Vion-Dury, S\u00f8lvi Ystad, C\u00e9cile Davy-Rigaux, Fran\u00e7ois Giroux, Fran\u00e7ois Madurell, Nathalie Henrich-Bernardoni, Herv\u00e9 Platel, G\u00e9raldine Gaudefroy-Demombynes.<\/em> <\/strong>MusiDance : Effets th\u00e9rapeutiques du son et de la musique sur les personnes en situation de d\u00e9pendance<\/li>\n<li>16h40 &#8211; <strong><em> Sarlegna<\/em><\/strong>. Influence des d\u00e9ficits proprioceptifs sur perception, action et cognition : le\u00e7ons tir\u00e9es de l\u2019\u00e9tude de patients neurologiques, amput\u00e9s et d\u00e9ficients visuels<\/li>\n<li>17h05 &#8211; <strong><em>Stephane Mandigout, Anaick Perrochon, Laure Fernandez , Ioannis Kanellos , Benoit Encelle , Nasser Rezzoug , Damien Ricard , Michel Schneider , Marinette Bouet , St\u00e9phane Buffat.<\/em> <\/strong>AMISIA: a multidisciplinary approach for the secondary prevention of the loss of autonomy for patients with traumatic brain injury and stroke<\/li>\n<li>17h40 \u2013 <strong><em> Bachrach, L. Decker. <\/em><\/strong>Titre \u00e0 venir&#8230;<\/li>\n<\/ul>\n<\/td>\n<\/tr>\n<\/tbody>\n<\/table>\n<h3>20h00 &#8211; Repas de GALA<\/h3>\n<h2><\/h2>\n<h2>Vendredi 15 juin<\/h2>\n<h3>8h45 &#8211; Session 6 &#8211; Accessibilit\u00e9<\/h3>\n<p>Pr\u00e9sident de session\u00a0: <strong><em>Dominique Archambault<\/em><\/strong><\/p>\n<table style=\"border-width: 0px\">\n<tbody>\n<tr style=\"background-color: #ffffff;border-width: 0px\">\n<td style=\"width: 48px;border-width: 0px\"><\/td>\n<td style=\"border-width: 0px\">\n<ul>\n<li><strong><em>Nadine Baptiste-Jessel, Shirley Alvarado, Veronique Gaildrat et Philippe Truillet<\/em><\/strong>. Le num\u00e9rique au service de l\u2019adaptation : une exp\u00e9rimentation reproductible vers l\u2019accessibilit\u00e9 d\u2019une carte g\u00e9ographique<\/li>\n<li><strong><em>Alban Dupr\u00e8s, Fran\u00e7ois Cabestaing, Jos\u00e9 Rouillard, Vincent Tiffreau, Charles Pradeau et Camille Delcour<\/em><\/strong>. Interface cerveau-ordinateur hybride pour la palliation du handicap moteur caus\u00e9 par la myopathie de Duchenne<\/li>\n<li><strong><em>Bastien David et Pierrette Bouillon<\/em><\/strong>. Traduction automatique de la parole vers la langue des signes de Belgique francophone. Evaluation d&rsquo;un avatar destin\u00e9 aux transports en commun par la communaut\u00e9 sourde<\/li>\n<\/ul>\n<\/td>\n<\/tr>\n<\/tbody>\n<\/table>\n<h3>10h00 : Pause-caf\u00e9<\/h3>\n<h3>10h15 &#8211; Conf\u00e9rence invit\u00e9e IV<\/h3>\n<p>Pr\u00e9sident de session : <strong><em>Dominique Archambault<\/em><\/strong><\/p>\n<table style=\"border-width: 0px\">\n<tbody>\n<tr style=\"background-color: #ffffff;border-width: 0px\">\n<td style=\"width: 48px;border-width: 0px\"><\/td>\n<td style=\"border-width: 0px\">\n<ul>\n<li><strong><em>David Cohen<\/em><\/strong>. Autisme, robotique et les jeux s\u00e9rieux\u00a0: r\u00e9alit\u00e9s tangibles ou abus de langage\u00a0?<\/li>\n<\/ul>\n<\/td>\n<\/tr>\n<\/tbody>\n<\/table>\n<h3>10h55 &#8211; Session 7 &#8211; <em>Apprentissage et communication\u00a0<\/em><\/h3>\n<p>Pr\u00e9sident de session\u00a0: <strong><em>Donatello Conte<\/em><\/strong><\/p>\n<table style=\"border-width: 0px\">\n<tbody>\n<tr style=\"background-color: #ffffff;border-width: 0px\">\n<td style=\"width: 48px;border-width: 0px\"><\/td>\n<td style=\"border-width: 0px\">\n<ul>\n<li><strong><em>Farah Arab<\/em><\/strong>. M\u00e9moire, Apprentissage et Vicariance<\/li>\n<li><strong><em>Charles Fage, Sarah Giblet, Marie Jaspard, Pascale Grevesse et Christelle Maillart<\/em><\/strong>. Tiwouh : une solution compl\u00e8te et accompagn\u00e9e pour la prise en charge des troubles de la communication<\/li>\n<li><strong><em>Fr\u00e9d\u00e9ric Bousefsaf, Choubeila Maaoui and Alain Pruski<\/em><\/strong>. Mesures sans contact de fonctions vitales : vers une \u00e9valuation multisite de l\u2019activit\u00e9 cardiovasculaire<\/li>\n<li><strong><em>Manon Veillard, Aur\u00e9lie Peillon, Georges Lamy Au Rousseau, Marie Laure Bocca et St\u00e9phane Besnard<\/em><\/strong>. Facteurs limitant l&rsquo;utilisation d&rsquo;une aide technique et perspective d&rsquo;usage chez le patient SLA<\/li>\n<\/ul>\n<\/td>\n<\/tr>\n<\/tbody>\n<\/table>\n<h3>12h55 &#8211; Remise du Prix du meilleur article de de la conf\u00e9rence : G\u00e9rard Lefranc (Thales)<\/h3>\n<h3>Cl\u00f4ture de la conf\u00e9rence\u00a0: <strong><em>Mohamed Slimane (<\/em><\/strong>Pr\u00e9sident de l\u2019IFRATH)<\/h3>\n<h3>13h &#8211; D\u00e9jeuner<\/h3>\n","protected":false},"excerpt":{"rendered":"<p>Mercredi 13 juin 9h &#8211; Inscriptions 10h &#8211; Ouverture de la conf\u00e9rence Mohamed Slimane (pr\u00e9sident IFRATH et du comit\u00e9 CS) Guy Bourhis (pr\u00e9sident du CO) 10h10 &#8211; Conf\u00e9rence invit\u00e9e I et II Pr\u00e9sident de session\u00a0: Guy Bourhis et Mohamed Slimane 10h 10 Conf\u00e9rence invit\u00e9e I: Eric Molini\u00e9 ; 2000-2018 : quels progr\u00e8s pour l&rsquo;autonomie des &hellip; <\/p>\n<p><a class=\"more-link btn\" href=\"https:\/\/ifrath.fr\/handicap2018\/programme-2\/\">Lire la suite<\/a><\/p>\n","protected":false},"author":8,"featured_media":0,"parent":0,"menu_order":0,"comment_status":"closed","ping_status":"closed","template":"","meta":{"footnotes":""},"class_list":["post-248","page","type-page","status-publish","hentry","nodate","item-wrap"],"_links":{"self":[{"href":"https:\/\/ifrath.fr\/handicap2018\/wp-json\/wp\/v2\/pages\/248","targetHints":{"allow":["GET"]}}],"collection":[{"href":"https:\/\/ifrath.fr\/handicap2018\/wp-json\/wp\/v2\/pages"}],"about":[{"href":"https:\/\/ifrath.fr\/handicap2018\/wp-json\/wp\/v2\/types\/page"}],"author":[{"embeddable":true,"href":"https:\/\/ifrath.fr\/handicap2018\/wp-json\/wp\/v2\/users\/8"}],"replies":[{"embeddable":true,"href":"https:\/\/ifrath.fr\/handicap2018\/wp-json\/wp\/v2\/comments?post=248"}],"version-history":[{"count":11,"href":"https:\/\/ifrath.fr\/handicap2018\/wp-json\/wp\/v2\/pages\/248\/revisions"}],"predecessor-version":[{"id":324,"href":"https:\/\/ifrath.fr\/handicap2018\/wp-json\/wp\/v2\/pages\/248\/revisions\/324"}],"wp:attachment":[{"href":"https:\/\/ifrath.fr\/handicap2018\/wp-json\/wp\/v2\/media?parent=248"}],"curies":[{"name":"wp","href":"https:\/\/api.w.org\/{rel}","templated":true}]}}