{"id":60,"date":"2015-10-23T10:00:26","date_gmt":"2015-10-23T08:00:26","guid":{"rendered":"http:\/\/ifrath.fr\/handicap2016\/?page_id=60"},"modified":"2018-03-29T16:51:29","modified_gmt":"2018-03-29T14:51:29","slug":"inscriptions","status":"publish","type":"page","link":"https:\/\/ifrath.fr\/handicap2016\/inscriptions\/","title":{"rendered":"Inscriptions"},"content":{"rendered":"<p>Pour vous inscrire, utilisez SVP <a href=\"http:\/\/ifrath.fr\/handicap2016\/inscriptions\/#inscription\">le formulaire ci-dessous<\/a>.<\/p>\n<h2><s>Tarifs (avant le 20 mai 2016)<\/s><\/h2>\n<table>\n<tbody>\n<tr>\n<td>Universitaires<\/td>\n<td><s>300,00 \u20ac<\/s><\/td>\n<\/tr>\n<tr>\n<td>Etudiants<\/td>\n<td><s>190,00 \u20ac<\/s><\/td>\n<\/tr>\n<tr>\n<td>Industriels<\/td>\n<td><s>350,00 \u20ac<\/s><\/td>\n<\/tr>\n<\/tbody>\n<\/table>\n<h2>Tarifs (apr\u00e8s le 20 mai 2016)<\/h2>\n<table>\n<tbody>\n<tr>\n<td>Universitaires<\/td>\n<td>350,00 \u20ac<\/td>\n<\/tr>\n<tr>\n<td>Etudiants<\/td>\n<td>220,00 \u20ac<\/td>\n<\/tr>\n<tr>\n<td>Industriels<\/td>\n<td>400,00 \u20ac<\/td>\n<\/tr>\n<\/tbody>\n<\/table>\n<h2>Tarifs de groupe<\/h2>\n<p>Pour toute commande d&rsquo;au moins 5 inscriptions r\u00e9gl\u00e9es au moyen d&rsquo;un ch\u00e8que, virement ou bon de commande unique, il vous est accord\u00e9 une r\u00e9duction de 20% sur la totalit\u00e9 de la commande. Merci d&rsquo;en tenir compte lors de votre r\u00e8glement.<\/p>\n<h2>Modalit\u00e9s de paiement<\/h2>\n<p>Pour le r\u00e8glement, merci de bien vouloir suivre les indications contenues dans le document suivant : <a href=\"http:\/\/ifrath.fr\/handicap2016\/wp-content\/uploads\/sites\/5\/2016\/03\/consignes-pour-reglement-inscription-handicap-2016-v2.pdf\">r\u00e8glement des frais d&rsquo;inscription \u00e0 la conf\u00e9rence HANDICAP&rsquo;2016<\/a>.<\/p>\n<h2>Confirmation de participation au d\u00eener de Gala<\/h2>\n<p>Pour confirmer votre participation au d\u00eener de Gala, en vue d&rsquo;\u00e9viter des d\u00e9sistements de derni\u00e8re minute, <b>un r\u00e8glement par ch\u00e8que ind\u00e9pendant du r\u00e8glement des frais d&rsquo;inscription<\/b> vous est demand\u00e9.<\/p>\n<p>Tarifs :<\/p>\n<ul>\n<li>Participant \u00e0 la conf\u00e9rence : 20 euros<\/li>\n<li>Accompagnateur : 100 euros<\/li>\n<\/ul>\n<p>D\u00e8s que vous aurez compl\u00e9t\u00e9 votre inscription en ligne et <b>au plus tard le 31 mai<\/b>, merci d&rsquo;envoyer ce ch\u00e8que de r\u00e9servation, \u00e9tabli \u00e0 l&rsquo;ordre de l&rsquo;IFRATH, \u00e0:<\/p>\n<p><i><b>Fran\u00e7ois CABESTAING, IFRATH<br \/>\n857F Rue Jean\u00ad Baptiste Lebas<br \/>\n59655 CYSOING<\/b><\/i><\/p>\n<p>Apr\u00e8s le 31 mai, la participation au repas de gala sera factur\u00e9e au <b>tarif plein<\/b>, c&rsquo;est-\u00e0-dire 100 euros, dans la limite des places disponibles. Si le titulaire du compte ch\u00e8que n&rsquo;est pas le participant ou en cas de r\u00e8glement de plusieurs confirmations au moyen d&rsquo;un m\u00eame ch\u00e8que, merci de bien vouloir joindre \u00e0 cet envoi le(s) nom(s) des personnes concern\u00e9es par la r\u00e9servation.<\/p>\n<p><a name=\"inscription\" \/><\/p>\n<h2>Formulaire d&rsquo;inscription<\/h2>\n","protected":false},"excerpt":{"rendered":"<p>Pour vous inscrire, utilisez SVP le formulaire ci-dessous. Tarifs (avant le 20 mai 2016) Universitaires 300,00 \u20ac Etudiants 190,00 \u20ac Industriels 350,00 \u20ac Tarifs (apr\u00e8s le 20 mai 2016) Universitaires 350,00 \u20ac Etudiants 220,00 \u20ac Industriels 400,00 \u20ac Tarifs de groupe Pour toute commande d&rsquo;au moins 5 inscriptions r\u00e9gl\u00e9es au moyen d&rsquo;un ch\u00e8que, virement ou &hellip; <\/p>\n<p><a class=\"more-link btn\" href=\"https:\/\/ifrath.fr\/handicap2016\/inscriptions\/\">Lire la suite<\/a><\/p>\n","protected":false},"author":7,"featured_media":0,"parent":0,"menu_order":0,"comment_status":"closed","ping_status":"closed","template":"","meta":{"footnotes":""},"class_list":["post-60","page","type-page","status-publish","hentry","nodate","item-wrap"],"_links":{"self":[{"href":"https:\/\/ifrath.fr\/handicap2016\/wp-json\/wp\/v2\/pages\/60","targetHints":{"allow":["GET"]}}],"collection":[{"href":"https:\/\/ifrath.fr\/handicap2016\/wp-json\/wp\/v2\/pages"}],"about":[{"href":"https:\/\/ifrath.fr\/handicap2016\/wp-json\/wp\/v2\/types\/page"}],"author":[{"embeddable":true,"href":"https:\/\/ifrath.fr\/handicap2016\/wp-json\/wp\/v2\/users\/7"}],"replies":[{"embeddable":true,"href":"https:\/\/ifrath.fr\/handicap2016\/wp-json\/wp\/v2\/comments?post=60"}],"version-history":[{"count":11,"href":"https:\/\/ifrath.fr\/handicap2016\/wp-json\/wp\/v2\/pages\/60\/revisions"}],"predecessor-version":[{"id":345,"href":"https:\/\/ifrath.fr\/handicap2016\/wp-json\/wp\/v2\/pages\/60\/revisions\/345"}],"wp:attachment":[{"href":"https:\/\/ifrath.fr\/handicap2016\/wp-json\/wp\/v2\/media?parent=60"}],"curies":[{"name":"wp","href":"https:\/\/api.w.org\/{rel}","templated":true}]}}