{"id":18,"date":"2015-09-04T11:42:22","date_gmt":"2015-09-04T09:42:22","guid":{"rendered":"http:\/\/ifrath.fr\/handicap2016\/?page_id=18"},"modified":"2016-05-19T08:44:14","modified_gmt":"2016-05-19T06:44:14","slug":"comites","status":"publish","type":"page","link":"https:\/\/ifrath.fr\/handicap2016\/comites\/","title":{"rendered":"Comit\u00e9s"},"content":{"rendered":"<h2>Comit\u00e9 \u00e9ditorial (CE)<\/h2>\n<p><strong>Pr\u00e9sident: Christophe Jouffrais (CNRS &amp; Universit\u00e9 de Toulouse)<\/strong><\/p>\n<p>Dominique Archambault (Universit\u00e9 Paris 8),<br \/>\nChristian Berger-Vachon (Universit\u00e9 Lyon 1),<br \/>\nGuy Bourhis (Universit\u00e9 de Lorraine),<br \/>\nFran\u00e7ois Cabestaing (Universit\u00e9 Lille 1),<br \/>\nEtienne Colle (Universit\u00e9 \u00c9vry-Val-d&rsquo;Essonne),<br \/>\nBeno\u00eet Encelle (Universit\u00e9 Lyon 1)<br \/>\nPierre Gaucher (Universit\u00e9 de Tours),<br \/>\nKarine Gros (Universit\u00e9 Paris Est Cr\u00e9teil),<br \/>\nJaime Lopez-Krahe (Universit\u00e9 Paris 8),<br \/>\nAntonio Pinti (Universit\u00e9 Valenciennes),<br \/>\nAlain Pruski (Universit\u00e9 de Lorraine),<br \/>\nKarim Sehaba (Universit\u00e9 Lyon 2, Liris CNRS),<br \/>\nMohand Slimane (Universit\u00e9 de Tours),<br \/>\nAndr\u00e9 Th\u00e9venon (Universit\u00e9 Lille 2, CHRU Lille)<br \/>\nGuillaume Thomann (INP Grenoble),<br \/>\nJulien Veytizou (G SCOP Grenoble),<br \/>\nG\u00e9rard Uzan (THIM, Universit\u00e9 Paris 8).<\/p>\n<h2>Comit\u00e9 d&rsquo;organisation (CO)<\/h2>\n<p><strong>Pr\u00e9sident: Fran\u00e7ois Cabestaing (Universit\u00e9 Lille 1)<\/strong><\/p>\n<p>Dominique Archambault (Universit\u00e9 Paris 8)<br \/>\nMarie-H\u00e9l\u00e8ne Bekaert (Universit\u00e9 Lille 1)<br \/>\nEtienne Colle (Universit\u00e9 \u00c9vry-Val-d&rsquo;Essonne)<br \/>\nKarine Gros (Universit\u00e9 Paris-Est Cr\u00e9teil)<br \/>\nAnnemarie K\u00f6k\u00f6sy (ISEN)<br \/>\nSt\u00e9phanie Leclercq (CHRU Lille)<br \/>\nClaudine Lecocq (Universit\u00e9 Lille 1)<br \/>\nJos\u00e9 Rouillard (Universit\u00e9 Lille 1)<br \/>\nAndr\u00e9 Th\u00e9venon (Universit\u00e9 Lille 2, CHRU Lille)<br \/>\nJean-Marc Vannobel (Universit\u00e9 Lille 1)<\/p>\n<h2>Comit\u00e9 scientifique<\/h2>\n<p>Dominique Archambault [CE]<br \/>\nS\u00e9bastien Aupetit<br \/>\nChristian Berger-Vachon [CE]<br \/>\nJulien Berhouet<br \/>\nJean-Baptiste Bernard<br \/>\nAudrey Bonjour<br \/>\nJerome Boudy<br \/>\nGuy Bourhis [CE]<br \/>\nAnke Brock<br \/>\nFran\u00e7ois Cabestaing [CE]<br \/>\nLaurence Cheze<br \/>\nEtienne Colle [CE]<br \/>\nDonatello Conte<br \/>\nJerome Dupire<br \/>\nYvan Duroc<br \/>\nBeno\u00eet Encelle [CE]<br \/>\nPierre Gaucher [CE]<br \/>\nKarine Gros [CE]<br \/>\nZehira Haddad<br \/>\nCeline Jost<br \/>\nJaime Lopez-Krahe [CE]<br \/>\nMarc Mac\u00e9<br \/>\nAnnick Martin<br \/>\nEric Monacelli<br \/>\nNicolas Monmarch\u00e9<br \/>\nCina Motamed<br \/>\nNorbert Noury<br \/>\nBernard Oriola<br \/>\nAntonio Pinti [CE]<br \/>\nEdwige Pissaloux<br \/>\nFranck Pourroy<br \/>\nAlain Pruski [CE]<br \/>\nPhilippe Pudlo<br \/>\nMinna Puustinen<br \/>\nMathieu Raynal<br \/>\nIsabelle Rogowski<br \/>\nJack Sagot<br \/>\nAnne-Catherine Scherlen<br \/>\nKarim Sehaba [CE]<br \/>\nMathieu Simonnet<br \/>\nMohand Slimane [CE]<br \/>\nAndr\u00e9 Th\u00e9venon [CE]<br \/>\nGuillaume Thomann [CE]<br \/>\nIsis Truck<br \/>\nG\u00e9rard Uzan [CE]<br \/>\nFr\u00e9d\u00e9ric Vella<br \/>\nJulien Veytizou [CE]<br \/>\nEric Watelain<\/p>\n","protected":false},"excerpt":{"rendered":"<p>Comit\u00e9 \u00e9ditorial (CE) Pr\u00e9sident: Christophe Jouffrais (CNRS &amp; Universit\u00e9 de Toulouse) Dominique Archambault (Universit\u00e9 Paris 8), Christian Berger-Vachon (Universit\u00e9 Lyon 1), Guy Bourhis (Universit\u00e9 de Lorraine), Fran\u00e7ois Cabestaing (Universit\u00e9 Lille 1), Etienne Colle (Universit\u00e9 \u00c9vry-Val-d&rsquo;Essonne), Beno\u00eet Encelle (Universit\u00e9 Lyon 1) Pierre Gaucher (Universit\u00e9 de Tours), Karine Gros (Universit\u00e9 Paris Est Cr\u00e9teil), Jaime Lopez-Krahe (Universit\u00e9 Paris &hellip; <\/p>\n<p><a class=\"more-link btn\" href=\"https:\/\/ifrath.fr\/handicap2016\/comites\/\">Lire la suite<\/a><\/p>\n","protected":false},"author":7,"featured_media":0,"parent":0,"menu_order":0,"comment_status":"closed","ping_status":"closed","template":"","meta":{"footnotes":""},"class_list":["post-18","page","type-page","status-publish","hentry","nodate","item-wrap"],"_links":{"self":[{"href":"https:\/\/ifrath.fr\/handicap2016\/wp-json\/wp\/v2\/pages\/18","targetHints":{"allow":["GET"]}}],"collection":[{"href":"https:\/\/ifrath.fr\/handicap2016\/wp-json\/wp\/v2\/pages"}],"about":[{"href":"https:\/\/ifrath.fr\/handicap2016\/wp-json\/wp\/v2\/types\/page"}],"author":[{"embeddable":true,"href":"https:\/\/ifrath.fr\/handicap2016\/wp-json\/wp\/v2\/users\/7"}],"replies":[{"embeddable":true,"href":"https:\/\/ifrath.fr\/handicap2016\/wp-json\/wp\/v2\/comments?post=18"}],"version-history":[{"count":9,"href":"https:\/\/ifrath.fr\/handicap2016\/wp-json\/wp\/v2\/pages\/18\/revisions"}],"predecessor-version":[{"id":118,"href":"https:\/\/ifrath.fr\/handicap2016\/wp-json\/wp\/v2\/pages\/18\/revisions\/118"}],"wp:attachment":[{"href":"https:\/\/ifrath.fr\/handicap2016\/wp-json\/wp\/v2\/media?parent=18"}],"curies":[{"name":"wp","href":"https:\/\/api.w.org\/{rel}","templated":true}]}}