{"id":130,"date":"2016-05-20T11:15:12","date_gmt":"2016-05-20T09:15:12","guid":{"rendered":"http:\/\/ifrath.fr\/handicap2016\/?page_id=130"},"modified":"2016-05-23T17:25:06","modified_gmt":"2016-05-23T15:25:06","slug":"vincent-hayward-2","status":"publish","type":"page","link":"https:\/\/ifrath.fr\/handicap2016\/vincent-hayward-2\/","title":{"rendered":"Vincent Hayward"},"content":{"rendered":"<h2>R\u00e9sultats r\u00e9cents sur le fonctionnement et l&rsquo;utilisation du toucher<\/h2>\n<h3>R\u00e9sum\u00e9<\/h3>\n<p>Cette pr\u00e9sentation d\u00e9crira deux applications, en cours de d\u00e9veloppement, et qui sont directement issues de r\u00e9sultats th\u00e9oriques. En l&rsquo;absence de vision la perception de la distance des objets lointains est possible par l&rsquo;audition, mais laborieuse. On peut \u00e9valuer la distance d&rsquo;une source sonore par des indices d&rsquo;intensit\u00e9 sonore ou encore gr\u00e2ce \u00e0 la r\u00e9flexion des ondes&nbsp;: l&rsquo;\u00e9cho renvoy\u00e9 par une surface. Ces m\u00e9thodes sont incertaines ou demandent d&rsquo;un long apprentissage. Nous avons r\u00e9cemment exp\u00e9riment\u00e9 avec un mode de conversion des distances en un code tactile spontan\u00e9 qui fonctionne sans apprentissage. Ce syst\u00e8me utilise une fonction naturelle quasi universelle d&rsquo;\u00e9valuation des distances par l&rsquo;intervalle de temps s\u00e9parant deux \u00e9v\u00e9nements li\u00e9s au d\u00e9placement d&rsquo;un object d&rsquo;une source et \u00e0 une cible. La deuxi\u00e8me application concerne la communication tactile \u00e0 l&rsquo;usage des sourds-aveugles. Il s&rsquo;agit de concevoir un dispositif qui soit techniquement simple et pourtant ayant suffisamment d&rsquo;efficacit\u00e9 pour pourvoir g\u00e9n\u00e9rer des sensations qui ressemblent \u00e0 celles du contact des doigts sur la paume de la main. Pour ce faire nous avons emprunt\u00e9 des donn\u00e9es r\u00e9centes qui concernent le traitement des signaux tactiles par le syst\u00e8me nerveux dans les noyaux du tronc c\u00e9r\u00e9bral pour sp\u00e9cifier la r\u00e9solution spatiale et temporelle d&rsquo;une interface tactile. Le dispositif exp\u00e9rimental que nous venons de compl\u00e9ter est remarquablement simple et donne des r\u00e9sultats encourageants.<\/p>\n<h3>Biographie<\/h3>\n<table>\n<tr>\n<td width=\"128\">\n<img loading=\"lazy\" decoding=\"async\" src=\"http:\/\/ifrath.fr\/handicap2016\/wp-content\/uploads\/sites\/5\/2016\/05\/vincent-hayward.png\" height=\"128\" width=\"128\" \/>\n<\/td>\n<td>\n<b>Vincent Hayward<\/b> (Dr.-Ing., 1981 Univ. De Paris XI) apr\u00e8s un s\u00e9jour postdoctral \u00e0 l&rsquo;Universit\u00e9 Purdue, a rejoint le CNRS, France, comme attach\u00e9 puis charg\u00e9 de recherches en 1983. En 1987, il a rejoint le D\u00e9partement de g\u00e9nie \u00e9lectrique et informatique \u00e0 l&rsquo;Universit\u00e9 McGill, Canada, comme professeur assistant, professeur associ\u00e9, puis comme professeur en 2006. Il a \u00e9t\u00e9 directeur du Centre McGill pour les machines intelligentes de 2001 \u00e0 2004 et a occup\u00e9 la &laquo;&nbsp;chaire internationale d&rsquo;haptique&nbsp;&raquo; \u00e0 l&rsquo;Universit\u00e9 Pierre et Marie Curie de 2008 \u00e0 2010, ou il est maintenant professeur. Vincent Hayward s&rsquo;int\u00e9resse \u00e0 la conception des dispositifs haptiques et la perception. Il a co-fond\u00e9 plusieurs entreprises et a re\u00e7u des prix de recherche.\n<\/td>\n<\/tr>\n<\/table>\n","protected":false},"excerpt":{"rendered":"<p>R\u00e9sultats r\u00e9cents sur le fonctionnement et l&rsquo;utilisation du toucher R\u00e9sum\u00e9 Cette pr\u00e9sentation d\u00e9crira deux applications, en cours de d\u00e9veloppement, et qui sont directement issues de r\u00e9sultats th\u00e9oriques. En l&rsquo;absence de vision la perception de la distance des objets lointains est possible par l&rsquo;audition, mais laborieuse. On peut \u00e9valuer la distance d&rsquo;une source sonore par des &hellip; <\/p>\n<p><a class=\"more-link btn\" href=\"https:\/\/ifrath.fr\/handicap2016\/vincent-hayward-2\/\">Lire la suite<\/a><\/p>\n","protected":false},"author":7,"featured_media":0,"parent":0,"menu_order":0,"comment_status":"closed","ping_status":"closed","template":"","meta":{"footnotes":""},"class_list":["post-130","page","type-page","status-publish","hentry","nodate","item-wrap"],"_links":{"self":[{"href":"https:\/\/ifrath.fr\/handicap2016\/wp-json\/wp\/v2\/pages\/130","targetHints":{"allow":["GET"]}}],"collection":[{"href":"https:\/\/ifrath.fr\/handicap2016\/wp-json\/wp\/v2\/pages"}],"about":[{"href":"https:\/\/ifrath.fr\/handicap2016\/wp-json\/wp\/v2\/types\/page"}],"author":[{"embeddable":true,"href":"https:\/\/ifrath.fr\/handicap2016\/wp-json\/wp\/v2\/users\/7"}],"replies":[{"embeddable":true,"href":"https:\/\/ifrath.fr\/handicap2016\/wp-json\/wp\/v2\/comments?post=130"}],"version-history":[{"count":4,"href":"https:\/\/ifrath.fr\/handicap2016\/wp-json\/wp\/v2\/pages\/130\/revisions"}],"predecessor-version":[{"id":158,"href":"https:\/\/ifrath.fr\/handicap2016\/wp-json\/wp\/v2\/pages\/130\/revisions\/158"}],"wp:attachment":[{"href":"https:\/\/ifrath.fr\/handicap2016\/wp-json\/wp\/v2\/media?parent=130"}],"curies":[{"name":"wp","href":"https:\/\/api.w.org\/{rel}","templated":true}]}}