{"id":262,"date":"2013-09-26T10:50:35","date_gmt":"2013-09-26T09:50:35","guid":{"rendered":"http:\/\/ifrath.fr\/handicap2014\/?page_id=262"},"modified":"2016-07-22T18:42:10","modified_gmt":"2016-07-22T17:42:10","slug":"soumissions","status":"publish","type":"page","link":"https:\/\/ifrath.fr\/handicap2014\/soumissions\/","title":{"rendered":"Soumissions"},"content":{"rendered":"<h2>Format<\/h2>\n<p>Les articles soumis devront respecter le format et les styles utilis\u00e9s dans le mod\u00e8le disponible ci-dessous :<br \/>\n<strong><a href=\"http:\/\/ifrath.fr\/handicap2014\/wp-content\/uploads\/sites\/3\/2013\/10\/Mode%CC%80le_Handicap-2014_IEEEconf-template12.doc\">Mod\u00e8le_Handicap 2014_IEEEconf template.doc<\/a><\/strong> (mod\u00e8le bas\u00e9 sur ceux des conf\u00e9rences IEEE : <a href=\"http:\/\/www.ieee.org\/conferences_events\/conferences\/publishing\/templates.html\">http:\/\/www.ieee.org\/conferences_events\/conferences\/publishing\/templates.html<\/a>).<br \/>\nLa limite maximum de longueur est de 6 pages dans le format pr\u00e9c\u00e9demment d\u00e9crit. Les soumissions doivent \u00eatre r\u00e9dig\u00e9es en fran\u00e7ais. De mani\u00e8re exceptionnelle, une soumission r\u00e9dig\u00e9e en anglais, si le premier auteur n&rsquo;est pas francophone, pourra \u00eatre autoris\u00e9e.<\/p>\n<h2>Proc\u00e9dure de soumission et r\u00e8gle de publication<\/h2>\n<p>Les soumissions d&rsquo;articles se font uniquement par voie \u00e9lectronique, \u00e0 l&rsquo;adresse suivante :<br \/>\n<a href=\"https:\/\/www.easychair.org\/conferences\/?conf=handicap2014\">https:\/\/www.easychair.org\/conferences\/?conf=handicap2014<\/a><br \/>\nLa publication dans les actes d&rsquo;un article accept\u00e9 est subordonn\u00e9e \u00e0 l&rsquo;inscription d&rsquo;au moins un de ses auteurs \u00e0 la conf\u00e9rence HANDICAP 2014 et \u00e0 sa pr\u00e9sentation, selon la programmation \u00e9tablie.<\/p>\n","protected":false},"excerpt":{"rendered":"<p>Format Les articles soumis devront respecter le format et les styles utilis\u00e9s dans le mod\u00e8le disponible ci-dessous : Mod\u00e8le_Handicap 2014_IEEEconf template.doc (mod\u00e8le bas\u00e9 sur ceux des conf\u00e9rences IEEE : http:\/\/www.ieee.org\/conferences_events\/conferences\/publishing\/templates.html). La limite maximum de longueur est de 6 pages dans le format pr\u00e9c\u00e9demment d\u00e9crit. Les soumissions doivent \u00eatre r\u00e9dig\u00e9es en fran\u00e7ais. De mani\u00e8re exceptionnelle, une &hellip; <\/p>\n<p><a class=\"more-link btn\" href=\"https:\/\/ifrath.fr\/handicap2014\/soumissions\/\">Lire la suite<\/a><\/p>\n","protected":false},"author":4,"featured_media":0,"parent":0,"menu_order":0,"comment_status":"closed","ping_status":"open","template":"","meta":{"footnotes":""},"class_list":["post-262","page","type-page","status-publish","hentry","nodate","item-wrap"],"_links":{"self":[{"href":"https:\/\/ifrath.fr\/handicap2014\/wp-json\/wp\/v2\/pages\/262","targetHints":{"allow":["GET"]}}],"collection":[{"href":"https:\/\/ifrath.fr\/handicap2014\/wp-json\/wp\/v2\/pages"}],"about":[{"href":"https:\/\/ifrath.fr\/handicap2014\/wp-json\/wp\/v2\/types\/page"}],"author":[{"embeddable":true,"href":"https:\/\/ifrath.fr\/handicap2014\/wp-json\/wp\/v2\/users\/4"}],"replies":[{"embeddable":true,"href":"https:\/\/ifrath.fr\/handicap2014\/wp-json\/wp\/v2\/comments?post=262"}],"version-history":[{"count":14,"href":"https:\/\/ifrath.fr\/handicap2014\/wp-json\/wp\/v2\/pages\/262\/revisions"}],"predecessor-version":[{"id":423,"href":"https:\/\/ifrath.fr\/handicap2014\/wp-json\/wp\/v2\/pages\/262\/revisions\/423"}],"wp:attachment":[{"href":"https:\/\/ifrath.fr\/handicap2014\/wp-json\/wp\/v2\/media?parent=262"}],"curies":[{"name":"wp","href":"https:\/\/api.w.org\/{rel}","templated":true}]}}