{"id":255,"date":"2013-09-26T10:48:40","date_gmt":"2013-09-26T09:48:40","guid":{"rendered":"http:\/\/ifrath.fr\/handicap2014\/?page_id=255"},"modified":"2016-07-22T18:42:09","modified_gmt":"2016-07-22T17:42:09","slug":"comites","status":"publish","type":"page","link":"https:\/\/ifrath.fr\/handicap2014\/comites\/","title":{"rendered":"Comit\u00e9s"},"content":{"rendered":"<h2>Comit\u00e9 \u00e9ditorial (CE)<\/h2>\n<p><strong>Pr\u00e9sident : Guy BOURHIS [CE] (Universit\u00e9 de Lorraine)<\/strong><\/p>\n<p>Maryvonne ABRAHAM [CE] (Telecom-Bretagne)<br \/>\nDominique ARCHAMBAULT [CE] (Universit\u00e9 Paris 8)<br \/>\nChristian BERGER-VACHON [CE] (Universit\u00e9 Lyon 1)<br \/>\nFran\u00e7ois CABESTAING [CE] (Universit\u00e9 Lille 1)<br \/>\nEtienne COLLE [CE] (Universit\u00e9 d&rsquo;Evry)<br \/>\nJacques DUCHENE [CE] (U. T. de Troyes)<br \/>\nJ\u00e9r\u00f4me DUPIRE [CE] (CNAM)<br \/>\nPierre GAUCHER [CE] (Universit\u00e9 de Tours)<br \/>\nJaime LOPEZ KRAHE [CE] (Universit\u00e9 Paris 8)<br \/>\nNorbert NOURY [CE] (Universit\u00e9 Lyon 1)<br \/>\nAntonio PINTI [CE] (Universit\u00e9 de Valenciennes)<br \/>\nAlain PRUSKI [CE] (Universit\u00e9 de Lorraine)<br \/>\nAnne Catherine SCHERLEN [CE] (Essilor)<br \/>\nMohamed SLIMANE [CE] (Universit\u00e9 de Tours)<br \/>\nGuillaume THOMANN [CE] (Grenoble INP)<br \/>\nG\u00e9rard UZAN [CE] (Universit\u00e9 Paris 8)<\/p>\n<h2>Comit\u00e9 d\u2019organisation<\/h2>\n<p><strong>Pr\u00e9sident : Christian BERGER-VACHON [CE] (Universit\u00e9 Lyon 1)<\/strong><br \/>\n<strong>Vice-Pr\u00e9sident : Beno\u00eet ENCELLE (Universit\u00e9 Lyon1)<\/strong><\/p>\n<p>Dominique ARCHAMBAULT [CE] (Universit\u00e9 Paris 8)<br \/>\nAudrey BONJOUR (Universit\u00e9 d\u2019Aix-Marseille)<br \/>\nFran\u00e7ois CABESTAING [CE] (Universit\u00e9 Lille 1)<br \/>\nEtienne COLLE [CE] (Universit\u00e9 d\u2019Evry)<br \/>\nJ\u00e9r\u00f4me DUPIRE [CE] (CNAM)<br \/>\nYvan DUROC (Universit\u00e9 Lyon1)<br \/>\nKarine GROS (Universit\u00e9 Paris-Est-Cr\u00e9teil)<br \/>\nJaime LOPEZ KRAHE [CE] (Universit\u00e9 Paris 8)<br \/>\nBruno MASCRET (Universit\u00e9 Lyon1)<br \/>\nAlain MILLE (Universit\u00e9 Lyon1)<br \/>\nYann MORERE (Universit\u00e9 de Lorraine)<br \/>\nFabien MILLIOZ (Universit\u00e9 Lyon1)<br \/>\nNorbert NOURY (Universit\u00e9 Lyon1)<br \/>\nKarim SEHABA (Universit\u00e9 Lyon2)<br \/>\nHung THAI VAN (Universit\u00e9 Lyon1)<\/p>\n<h2>Comit\u00e9 scientifique<\/h2>\n<p><strong>Pr\u00e9sident : Guy BOURHIS [CE] (Universit\u00e9 de Lorraine, LCOMS)<\/strong><\/p>\n<div align=\"center\">\n<table width=\"471\" border=\"0\" cellspacing=\"0\" cellpadding=\"0\">\n<tbody>\n<tr>\n<td valign=\"bottom\" nowrap=\"nowrap\" width=\"111\">\n<p align=\"center\"><b>Nom<\/b><\/p>\n<\/td>\n<td valign=\"bottom\" nowrap=\"nowrap\" width=\"91\">\n<p align=\"center\"><b>Pr\u00e9nom<\/b><\/p>\n<\/td>\n<td valign=\"bottom\" nowrap=\"nowrap\" width=\"204\">\n<p align=\"center\"><b>Affiliation<\/b><\/p>\n<\/td>\n<td valign=\"bottom\" nowrap=\"nowrap\" width=\"65\">\n<p align=\"center\"><b>Comit\u00e9 \u00e9ditorial<\/b><\/p>\n<\/td>\n<\/tr>\n<tr>\n<td valign=\"bottom\" nowrap=\"nowrap\" width=\"111\">ABRAHAM<\/td>\n<td valign=\"bottom\" nowrap=\"nowrap\" width=\"91\">Maryvonne<\/td>\n<td valign=\"bottom\" nowrap=\"nowrap\" width=\"204\">Telecom-Bretagne<\/td>\n<td valign=\"bottom\" nowrap=\"nowrap\" width=\"65\">[CE]<\/td>\n<\/tr>\n<tr>\n<td valign=\"bottom\" nowrap=\"nowrap\" width=\"111\">ARAB<\/td>\n<td valign=\"bottom\" nowrap=\"nowrap\" width=\"91\">Farah<\/td>\n<td valign=\"bottom\" nowrap=\"nowrap\" width=\"204\">Universit\u00e9 de Sherbrooke, DOMUS<\/td>\n<td valign=\"bottom\" nowrap=\"nowrap\" width=\"65\"><\/td>\n<\/tr>\n<tr>\n<td valign=\"bottom\" nowrap=\"nowrap\" width=\"111\">ARCHAMBAULT<\/td>\n<td valign=\"bottom\" nowrap=\"nowrap\" width=\"91\">Dominique<\/td>\n<td valign=\"bottom\" nowrap=\"nowrap\" width=\"204\">Universit\u00e9 de Paris 8, CHArt\/THIM<\/td>\n<td valign=\"bottom\" nowrap=\"nowrap\" width=\"65\">[CE]<\/td>\n<\/tr>\n<tr>\n<td valign=\"bottom\" nowrap=\"nowrap\" width=\"111\">AUPETIT<\/td>\n<td valign=\"bottom\" nowrap=\"nowrap\" width=\"91\">S\u00e9bastien<\/td>\n<td valign=\"bottom\" nowrap=\"nowrap\" width=\"204\">Universit\u00e9 de Tours, LI<\/td>\n<td valign=\"bottom\" nowrap=\"nowrap\" width=\"65\"><\/td>\n<\/tr>\n<tr>\n<td valign=\"bottom\" nowrap=\"nowrap\" width=\"111\">BAPTISTE-JESSEL<\/td>\n<td valign=\"bottom\" nowrap=\"nowrap\" width=\"91\">Nadine<\/td>\n<td valign=\"bottom\" nowrap=\"nowrap\" width=\"204\">Universit\u00e9 de Toulouse II Le Mirail, IRIT CNRS\n<\/td>\n<td valign=\"bottom\" nowrap=\"nowrap\" width=\"65\"><\/td>\n<\/tr>\n<tr>\n<td valign=\"bottom\" nowrap=\"nowrap\" width=\"111\">BERGER-VACHON<\/td>\n<td valign=\"bottom\" nowrap=\"nowrap\" width=\"91\">Christian<\/td>\n<td valign=\"bottom\" nowrap=\"nowrap\" width=\"204\">Universit\u00e9 de Lyon 1, CRNL CNRS-INSERM<\/td>\n<td valign=\"bottom\" nowrap=\"nowrap\" width=\"65\">[CE]<\/td>\n<\/tr>\n<tr>\n<td valign=\"bottom\" nowrap=\"nowrap\" width=\"111\">BERNARD<\/td>\n<td valign=\"bottom\" nowrap=\"nowrap\" width=\"91\">Jean Baptiste<\/td>\n<td valign=\"bottom\" nowrap=\"nowrap\" width=\"204\">Universit\u00e9 Berkeley<\/td>\n<td valign=\"bottom\" nowrap=\"nowrap\" width=\"65\"><\/td>\n<\/tr>\n<tr>\n<td valign=\"bottom\" nowrap=\"nowrap\" width=\"111\">BONJOUR<\/td>\n<td valign=\"bottom\" nowrap=\"nowrap\" width=\"91\">Audrey<\/td>\n<td valign=\"bottom\" nowrap=\"nowrap\" width=\"204\">Aix-Marseille Universit\u00e9, IRSIC\n<\/td>\n<td valign=\"bottom\" nowrap=\"nowrap\" width=\"65\"><\/td>\n<\/tr>\n<tr>\n<td valign=\"bottom\" nowrap=\"nowrap\" width=\"111\">BOUDY<\/td>\n<td valign=\"bottom\" nowrap=\"nowrap\" width=\"91\">J\u00e9r\u00f4me<\/td>\n<td valign=\"bottom\" nowrap=\"nowrap\" width=\"204\">TELECOM &amp; Management SudParis<\/td>\n<td valign=\"bottom\" nowrap=\"nowrap\" width=\"65\"><\/td>\n<\/tr>\n<tr>\n<td valign=\"bottom\" nowrap=\"nowrap\" width=\"111\">CABESTAING<\/td>\n<td valign=\"bottom\" nowrap=\"nowrap\" width=\"91\">Fran\u00e7ois<\/td>\n<td valign=\"bottom\" nowrap=\"nowrap\" width=\"204\">Universit\u00e9 Lille 1, LAGIS CNRS<\/td>\n<td valign=\"bottom\" nowrap=\"nowrap\" width=\"65\">[CE]<\/td>\n<\/tr>\n<tr>\n<td valign=\"bottom\" nowrap=\"nowrap\" width=\"111\">CHEZE<\/td>\n<td valign=\"bottom\" nowrap=\"nowrap\" width=\"91\">Laurence<\/td>\n<td valign=\"bottom\" nowrap=\"nowrap\" width=\"204\">Universit\u00e9 de Lyon 1, LBMC, IFSTTAR<\/td>\n<td valign=\"bottom\" nowrap=\"nowrap\" width=\"65\"><\/td>\n<\/tr>\n<tr>\n<td valign=\"bottom\" nowrap=\"nowrap\" width=\"111\">COLLE<\/td>\n<td valign=\"bottom\" nowrap=\"nowrap\" width=\"91\">Etienne<\/td>\n<td valign=\"bottom\" nowrap=\"nowrap\" width=\"204\">Universit\u00e9 d\u2019Evry-Val d\u2019Essonne, IBISC<\/td>\n<td valign=\"bottom\" nowrap=\"nowrap\" width=\"65\">[CE]<\/td>\n<\/tr>\n<tr>\n<td valign=\"bottom\" nowrap=\"nowrap\" width=\"111\">DUCHENE<\/td>\n<td valign=\"bottom\" nowrap=\"nowrap\" width=\"91\">Jacques<\/td>\n<td valign=\"bottom\" nowrap=\"nowrap\" width=\"204\">U. T. de Troyes, Institut Charles Delaunay<\/td>\n<td valign=\"bottom\" nowrap=\"nowrap\" width=\"65\">[CE]<\/td>\n<\/tr>\n<tr>\n<td valign=\"bottom\" nowrap=\"nowrap\" width=\"111\">DUPIRE<\/td>\n<td valign=\"bottom\" nowrap=\"nowrap\" width=\"91\">J\u00e9r\u00f4me<\/td>\n<td valign=\"bottom\" nowrap=\"nowrap\" width=\"204\">CNAM Paris, CEDRIC<\/td>\n<td valign=\"bottom\" nowrap=\"nowrap\" width=\"65\">[CE]<\/td>\n<\/tr>\n<tr>\n<td valign=\"bottom\" nowrap=\"nowrap\" width=\"111\">DUROC<\/td>\n<td valign=\"bottom\" nowrap=\"nowrap\" width=\"91\">Yvan<\/td>\n<td valign=\"bottom\" nowrap=\"nowrap\" width=\"204\">Universit\u00e9 de Lyon 1, CRNL<\/td>\n<td valign=\"bottom\" nowrap=\"nowrap\" width=\"65\"><\/td>\n<\/tr>\n<tr>\n<td valign=\"bottom\" nowrap=\"nowrap\" width=\"111\">ENCELLE<\/td>\n<td valign=\"bottom\" nowrap=\"nowrap\" width=\"91\">Benoit<\/td>\n<td valign=\"bottom\" nowrap=\"nowrap\" width=\"204\">Universit\u00e9 de Lyon 1, LIRIS CNRS<\/td>\n<td valign=\"bottom\" nowrap=\"nowrap\" width=\"65\"><\/td>\n<\/tr>\n<tr>\n<td valign=\"bottom\" nowrap=\"nowrap\" width=\"111\">ENGELEN<\/td>\n<td valign=\"bottom\" nowrap=\"nowrap\" width=\"91\">Jan<\/td>\n<td valign=\"bottom\" nowrap=\"nowrap\" width=\"204\">Universit\u00e9 de Louvain (KU Leuven)<\/td>\n<td valign=\"bottom\" nowrap=\"nowrap\" width=\"65\"><\/td>\n<\/tr>\n<tr>\n<td valign=\"bottom\" nowrap=\"nowrap\" width=\"111\">FATTAL<\/td>\n<td valign=\"bottom\" nowrap=\"nowrap\" width=\"91\">Charles<\/td>\n<td valign=\"bottom\" nowrap=\"nowrap\" width=\"204\">C.M.R.N. PROPARA, APPROCHE<\/td>\n<td valign=\"bottom\" nowrap=\"nowrap\" width=\"65\"><\/td>\n<\/tr>\n<tr>\n<td valign=\"bottom\" nowrap=\"nowrap\" width=\"111\">FRACHET<\/td>\n<td valign=\"bottom\" nowrap=\"nowrap\" width=\"91\">Bruno<\/td>\n<td valign=\"bottom\" nowrap=\"nowrap\" width=\"204\">H\u00f4pital Rothschild<\/td>\n<td valign=\"bottom\" nowrap=\"nowrap\" width=\"65\"><\/td>\n<\/tr>\n<tr>\n<td valign=\"bottom\" nowrap=\"nowrap\" width=\"111\">GAUCHER<\/td>\n<td valign=\"bottom\" nowrap=\"nowrap\" width=\"91\">Pierre<\/td>\n<td valign=\"bottom\" nowrap=\"nowrap\" width=\"204\">Universit\u00e9 de Tours, LI<\/td>\n<td valign=\"bottom\" nowrap=\"nowrap\" width=\"65\">[CE]<\/td>\n<\/tr>\n<tr>\n<td valign=\"bottom\" nowrap=\"nowrap\" width=\"111\">GROS<\/td>\n<td valign=\"bottom\" nowrap=\"nowrap\" width=\"91\">Karine<\/td>\n<td valign=\"bottom\" nowrap=\"nowrap\" width=\"204\">Universit\u00e9 de Paris-Est-Cr\u00e9teil, LIS<\/td>\n<td valign=\"bottom\" nowrap=\"nowrap\" width=\"65\"><\/td>\n<\/tr>\n<tr>\n<td valign=\"bottom\" nowrap=\"nowrap\" width=\"111\">HADDAD<\/td>\n<td valign=\"bottom\" nowrap=\"nowrap\" width=\"91\">Zehira<\/td>\n<td valign=\"bottom\" nowrap=\"nowrap\" width=\"204\">Universit\u00e9 de Paris 8, CHArt\/THIM<\/td>\n<td valign=\"bottom\" nowrap=\"nowrap\" width=\"65\"><\/td>\n<\/tr>\n<tr>\n<td valign=\"bottom\" nowrap=\"nowrap\" width=\"111\">JOUFFRAIS<\/td>\n<td valign=\"bottom\" nowrap=\"nowrap\" width=\"91\">Christophe<\/td>\n<td valign=\"bottom\" nowrap=\"nowrap\" width=\"204\">IRIT-UMR CNRS &amp; Universit\u00e9 de Toulouse<\/td>\n<td valign=\"bottom\" nowrap=\"nowrap\" width=\"65\"><\/td>\n<\/tr>\n<tr>\n<td valign=\"bottom\" nowrap=\"nowrap\" width=\"111\">LEBORGNE-UGUEN<\/td>\n<td valign=\"bottom\" nowrap=\"nowrap\" width=\"91\">Fran\u00e7oise<\/td>\n<td valign=\"bottom\" nowrap=\"nowrap\" width=\"204\">Universit\u00e9 de Bretagne Occidentale, LABERS<\/td>\n<td valign=\"bottom\" nowrap=\"nowrap\" width=\"65\"><\/td>\n<\/tr>\n<tr>\n<td valign=\"bottom\" nowrap=\"nowrap\" width=\"111\">LEROUX<\/td>\n<td valign=\"bottom\" nowrap=\"nowrap\" width=\"91\">Christophe<\/td>\n<td valign=\"bottom\" nowrap=\"nowrap\" width=\"204\">CEA-LIST<\/td>\n<td valign=\"bottom\" nowrap=\"nowrap\" width=\"65\"><\/td>\n<\/tr>\n<tr>\n<td valign=\"bottom\" nowrap=\"nowrap\" width=\"111\">LEYBAERT<\/td>\n<td valign=\"bottom\" nowrap=\"nowrap\" width=\"91\">Jacqueline<\/td>\n<td valign=\"bottom\" nowrap=\"nowrap\" width=\"204\">Universit\u00e9 Libre de Bruxelles<\/td>\n<td valign=\"bottom\" nowrap=\"nowrap\" width=\"65\"><\/td>\n<\/tr>\n<tr>\n<td valign=\"bottom\" nowrap=\"nowrap\" width=\"111\">LOPEZ KRAHE<\/td>\n<td valign=\"bottom\" nowrap=\"nowrap\" width=\"91\">Jaime<\/td>\n<td valign=\"bottom\" nowrap=\"nowrap\" width=\"204\">Universit\u00e9 de Paris 8, CHArt\/THIM<\/td>\n<td valign=\"bottom\" nowrap=\"nowrap\" width=\"65\">[CE]<\/td>\n<\/tr>\n<tr>\n<td valign=\"bottom\" nowrap=\"nowrap\" width=\"111\">MARTIN<\/td>\n<td valign=\"bottom\" nowrap=\"nowrap\" width=\"91\">Annick<\/td>\n<td valign=\"bottom\" nowrap=\"nowrap\" width=\"204\">CNSA<\/td>\n<td valign=\"bottom\" nowrap=\"nowrap\" width=\"65\"><\/td>\n<\/tr>\n<tr>\n<td valign=\"bottom\" nowrap=\"nowrap\" width=\"111\">MEYER<\/td>\n<td valign=\"bottom\" nowrap=\"nowrap\" width=\"91\">Vincent<\/td>\n<td valign=\"bottom\" nowrap=\"nowrap\" width=\"204\">Universit\u00e9 de Nice Sophia Antipolis, I3M<\/td>\n<td valign=\"bottom\" nowrap=\"nowrap\" width=\"65\"><\/td>\n<\/tr>\n<tr>\n<td valign=\"bottom\" nowrap=\"nowrap\" width=\"111\">MILLE<\/td>\n<td valign=\"bottom\" nowrap=\"nowrap\" width=\"91\">Alain<\/td>\n<td valign=\"bottom\" nowrap=\"nowrap\" width=\"204\">Universit\u00e9 de Lyon 1, LIRIS CNRS<\/td>\n<td valign=\"bottom\" nowrap=\"nowrap\" width=\"65\"><\/td>\n<\/tr>\n<tr>\n<td valign=\"bottom\" nowrap=\"nowrap\" width=\"111\">MILLIOZ<\/td>\n<td valign=\"bottom\" nowrap=\"nowrap\" width=\"91\">Fabien<\/td>\n<td valign=\"bottom\" nowrap=\"nowrap\" width=\"204\">Universit\u00e9 de Lyon 1, LIRIS CNRS<\/td>\n<td valign=\"bottom\" nowrap=\"nowrap\" width=\"65\"><\/td>\n<\/tr>\n<tr>\n<td valign=\"bottom\" nowrap=\"nowrap\" width=\"111\">MONACELLI<\/td>\n<td valign=\"bottom\" nowrap=\"nowrap\" width=\"91\">Eric<\/td>\n<td valign=\"bottom\" nowrap=\"nowrap\" width=\"204\">Universit\u00e9 de Versailles St Quentin, LISV<\/td>\n<td valign=\"bottom\" nowrap=\"nowrap\" width=\"65\"><\/td>\n<\/tr>\n<tr>\n<td valign=\"bottom\" nowrap=\"nowrap\" width=\"111\">MONMARCHE<\/td>\n<td valign=\"bottom\" nowrap=\"nowrap\" width=\"91\">Nicolas<\/td>\n<td valign=\"bottom\" nowrap=\"nowrap\" width=\"204\">Universit\u00e9 de Tours, LI<\/td>\n<td valign=\"bottom\" nowrap=\"nowrap\" width=\"65\"><\/td>\n<\/tr>\n<tr>\n<td valign=\"bottom\" nowrap=\"nowrap\" width=\"111\">NOURY<\/td>\n<td valign=\"bottom\" nowrap=\"nowrap\" width=\"91\">Norbert<\/td>\n<td valign=\"bottom\" nowrap=\"nowrap\" width=\"204\">Universit\u00e9 de Lyon 1, INL CNRS<\/td>\n<td valign=\"bottom\" nowrap=\"nowrap\" width=\"65\">[CE]<\/td>\n<\/tr>\n<tr>\n<td valign=\"bottom\" nowrap=\"nowrap\" width=\"111\">PAIRE-FICOUT<\/td>\n<td valign=\"bottom\" nowrap=\"nowrap\" width=\"91\">Laurence<\/td>\n<td valign=\"bottom\" nowrap=\"nowrap\" width=\"204\">IFSTTAR<\/td>\n<td valign=\"bottom\" nowrap=\"nowrap\" width=\"65\"><\/td>\n<\/tr>\n<tr>\n<td valign=\"bottom\" nowrap=\"nowrap\" width=\"111\">PINTI<\/td>\n<td valign=\"bottom\" nowrap=\"nowrap\" width=\"91\">Antonio<\/td>\n<td valign=\"bottom\" nowrap=\"nowrap\" width=\"204\">Universit\u00e9 de Valenciennes<\/td>\n<td valign=\"bottom\" nowrap=\"nowrap\" width=\"65\">[CE]<\/td>\n<\/tr>\n<tr>\n<td valign=\"bottom\" nowrap=\"nowrap\" width=\"111\">PISSALOUX<\/td>\n<td valign=\"bottom\" nowrap=\"nowrap\" width=\"91\">Edwige<\/td>\n<td valign=\"bottom\" nowrap=\"nowrap\" width=\"204\">UPMC<\/td>\n<td valign=\"bottom\" nowrap=\"nowrap\" width=\"65\"><\/td>\n<\/tr>\n<tr>\n<td valign=\"bottom\" nowrap=\"nowrap\" width=\"111\">POIZAT<\/td>\n<td valign=\"bottom\" nowrap=\"nowrap\" width=\"91\">Denis<\/td>\n<td valign=\"bottom\" nowrap=\"nowrap\" width=\"204\">Universit\u00e9 de Lyon 2, ISPEF<\/td>\n<td valign=\"bottom\" nowrap=\"nowrap\" width=\"65\"><\/td>\n<\/tr>\n<tr>\n<td valign=\"bottom\" nowrap=\"nowrap\" width=\"111\">PRUSKI<\/td>\n<td valign=\"bottom\" nowrap=\"nowrap\" width=\"91\">Alain<\/td>\n<td valign=\"bottom\" nowrap=\"nowrap\" width=\"204\">Universit\u00e9 de Lorraine, LCOMS<\/td>\n<td valign=\"bottom\" nowrap=\"nowrap\" width=\"65\">[CE]<\/td>\n<\/tr>\n<tr>\n<td valign=\"bottom\" nowrap=\"nowrap\" width=\"111\">PUDLO<\/td>\n<td valign=\"bottom\" nowrap=\"nowrap\" width=\"91\">Philippe<\/td>\n<td valign=\"bottom\" nowrap=\"nowrap\" width=\"204\">Universit\u00e9 de Valenciennes, LAMIH CNRS<\/td>\n<td valign=\"bottom\" nowrap=\"nowrap\" width=\"65\"><\/td>\n<\/tr>\n<tr>\n<td valign=\"bottom\" nowrap=\"nowrap\" width=\"111\">PUUSTINEN<\/td>\n<td valign=\"bottom\" nowrap=\"nowrap\" width=\"91\">Minna<\/td>\n<td valign=\"bottom\" nowrap=\"nowrap\" width=\"204\">INSHEA<\/td>\n<td valign=\"bottom\" nowrap=\"nowrap\" width=\"65\"><\/td>\n<\/tr>\n<tr>\n<td valign=\"bottom\" nowrap=\"nowrap\" width=\"111\">RIALLE<\/td>\n<td valign=\"bottom\" nowrap=\"nowrap\" width=\"91\">Vincent<\/td>\n<td valign=\"bottom\" nowrap=\"nowrap\" width=\"204\">SFTAG \/ CHU Grenoble<\/td>\n<td valign=\"bottom\" nowrap=\"nowrap\" width=\"65\"><\/td>\n<\/tr>\n<tr>\n<td valign=\"bottom\" nowrap=\"nowrap\" width=\"111\">RIGAUD<\/td>\n<td valign=\"bottom\" nowrap=\"nowrap\" width=\"91\">Anne-Sophie<\/td>\n<td valign=\"bottom\" nowrap=\"nowrap\" width=\"204\">H\u00f4pital Broca<\/td>\n<td valign=\"bottom\" nowrap=\"nowrap\" width=\"65\"><\/td>\n<\/tr>\n<tr>\n<td valign=\"bottom\" nowrap=\"nowrap\" width=\"111\">SAGOT<\/td>\n<td valign=\"bottom\" nowrap=\"nowrap\" width=\"91\">Jack<\/td>\n<td valign=\"bottom\" nowrap=\"nowrap\" width=\"204\">INSHEA, Universit\u00e9 de Paris 8, CHArt\/THIM<\/td>\n<td valign=\"bottom\" nowrap=\"nowrap\" width=\"65\"><\/td>\n<\/tr>\n<tr>\n<td valign=\"bottom\" nowrap=\"nowrap\" width=\"111\">SCHERLEN<\/td>\n<td valign=\"bottom\" nowrap=\"nowrap\" width=\"91\">Anne Catherine<\/td>\n<td valign=\"bottom\" nowrap=\"nowrap\" width=\"204\">Essilor<\/td>\n<td valign=\"bottom\" nowrap=\"nowrap\" width=\"65\">[CE]<\/td>\n<\/tr>\n<tr>\n<td valign=\"bottom\" nowrap=\"nowrap\" width=\"111\">SEHABA<\/td>\n<td valign=\"bottom\" nowrap=\"nowrap\" width=\"91\">Karim<\/td>\n<td valign=\"bottom\" nowrap=\"nowrap\" width=\"204\">Universit\u00e9 de Lyon 2, LIRIS CNRS<\/td>\n<td valign=\"bottom\" nowrap=\"nowrap\" width=\"65\"><\/td>\n<\/tr>\n<tr>\n<td valign=\"bottom\" nowrap=\"nowrap\" width=\"111\">SLIMANE<\/td>\n<td valign=\"bottom\" nowrap=\"nowrap\" width=\"91\">Mohamed<\/td>\n<td valign=\"bottom\" nowrap=\"nowrap\" width=\"204\">Universit\u00e9 de Tours, LI<\/td>\n<td valign=\"bottom\" nowrap=\"nowrap\" width=\"65\">[CE]<\/td>\n<\/tr>\n<tr>\n<td valign=\"bottom\" nowrap=\"nowrap\" width=\"111\">THAI VAN<\/td>\n<td valign=\"bottom\" nowrap=\"nowrap\" width=\"91\">Hung<\/td>\n<td valign=\"bottom\" nowrap=\"nowrap\" width=\"204\">Universit\u00e9 de Lyon 1, CRNL CNRS-INSERM<\/td>\n<td valign=\"bottom\" nowrap=\"nowrap\" width=\"65\"><\/td>\n<\/tr>\n<tr>\n<td valign=\"bottom\" nowrap=\"nowrap\" width=\"111\">THOMANN<\/td>\n<td valign=\"bottom\" nowrap=\"nowrap\" width=\"91\">Guillaume<\/td>\n<td valign=\"bottom\" nowrap=\"nowrap\" width=\"204\">Grenoble INP, G-SCOP<\/td>\n<td valign=\"bottom\" nowrap=\"nowrap\" width=\"65\">[CE]<\/td>\n<\/tr>\n<tr>\n<td valign=\"bottom\" nowrap=\"nowrap\" width=\"111\">UZAN<\/td>\n<td valign=\"bottom\" nowrap=\"nowrap\" width=\"91\">G\u00e9rard<\/td>\n<td valign=\"bottom\" nowrap=\"nowrap\" width=\"204\">Universit\u00e9 de Paris 8, CHArt\/THIM<\/td>\n<td valign=\"bottom\" nowrap=\"nowrap\" width=\"65\">[CE]<\/td>\n<\/tr>\n<\/tbody>\n<\/table>\n<\/div>\n","protected":false},"excerpt":{"rendered":"<p>Comit\u00e9 \u00e9ditorial (CE) Pr\u00e9sident : Guy BOURHIS [CE] (Universit\u00e9 de Lorraine) Maryvonne ABRAHAM [CE] (Telecom-Bretagne) Dominique ARCHAMBAULT [CE] (Universit\u00e9 Paris 8) Christian BERGER-VACHON [CE] (Universit\u00e9 Lyon 1) Fran\u00e7ois CABESTAING [CE] (Universit\u00e9 Lille 1) Etienne COLLE [CE] (Universit\u00e9 d&rsquo;Evry) Jacques DUCHENE [CE] (U. T. de Troyes) J\u00e9r\u00f4me DUPIRE [CE] (CNAM) Pierre GAUCHER [CE] (Universit\u00e9 de Tours) &hellip; <\/p>\n<p><a class=\"more-link btn\" href=\"https:\/\/ifrath.fr\/handicap2014\/comites\/\">Lire la suite<\/a><\/p>\n","protected":false},"author":4,"featured_media":0,"parent":0,"menu_order":0,"comment_status":"closed","ping_status":"open","template":"","meta":{"footnotes":""},"class_list":["post-255","page","type-page","status-publish","hentry","nodate","item-wrap"],"_links":{"self":[{"href":"https:\/\/ifrath.fr\/handicap2014\/wp-json\/wp\/v2\/pages\/255","targetHints":{"allow":["GET"]}}],"collection":[{"href":"https:\/\/ifrath.fr\/handicap2014\/wp-json\/wp\/v2\/pages"}],"about":[{"href":"https:\/\/ifrath.fr\/handicap2014\/wp-json\/wp\/v2\/types\/page"}],"author":[{"embeddable":true,"href":"https:\/\/ifrath.fr\/handicap2014\/wp-json\/wp\/v2\/users\/4"}],"replies":[{"embeddable":true,"href":"https:\/\/ifrath.fr\/handicap2014\/wp-json\/wp\/v2\/comments?post=255"}],"version-history":[{"count":17,"href":"https:\/\/ifrath.fr\/handicap2014\/wp-json\/wp\/v2\/pages\/255\/revisions"}],"predecessor-version":[{"id":491,"href":"https:\/\/ifrath.fr\/handicap2014\/wp-json\/wp\/v2\/pages\/255\/revisions\/491"}],"wp:attachment":[{"href":"https:\/\/ifrath.fr\/handicap2014\/wp-json\/wp\/v2\/media?parent=255"}],"curies":[{"name":"wp","href":"https:\/\/api.w.org\/{rel}","templated":true}]}}